{"id":1055,"date":"2018-09-20T15:22:02","date_gmt":"2018-09-20T13:22:02","guid":{"rendered":"https:\/\/www.jeunessesmusicales.be\/brabantwallon\/?page_id=1055"},"modified":"2025-10-17T12:37:12","modified_gmt":"2025-10-17T10:37:12","slug":"kaleidoscope-de-la-guitare","status":"publish","type":"page","link":"https:\/\/www.jeunessesmusicales.be\/brabantwallon\/kaleidoscope-de-la-guitare\/","title":{"rendered":"Kal\u00e9idoscope de la guitare"},"content":{"rendered":"<h1><strong>Rendez-vous le 28 novembre 2025 \u00e0 19h30 <\/strong><strong>pour <\/strong><strong>le 35\u00e8me Kal\u00e9idoscope de la Guitare \u00e0 <\/strong><strong>Rixensart\u00a0<\/strong><\/h1>\n<h1>Centre Culturel de Rixensart<\/h1>\n<h2><a rel=\"fancybox[1055]\" href=\"https:\/\/www.jeunessesmusicales.be\/brabantwallon\/wp-content\/uploads\/sites\/8\/2025\/10\/25_Kal_Carre_CCR_petit.jpg\" class=\"fancybox\"><img loading=\"lazy\" decoding=\"async\" class=\"alignnone size-medium wp-image-2758\" src=\"https:\/\/www.jeunessesmusicales.be\/brabantwallon\/wp-content\/uploads\/sites\/8\/2025\/10\/25_Kal_Carre_CCR_petit-300x300.jpg\" alt=\"\" width=\"300\" height=\"300\" srcset=\"https:\/\/www.jeunessesmusicales.be\/brabantwallon\/wp-content\/uploads\/sites\/8\/2025\/10\/25_Kal_Carre_CCR_petit-300x300.jpg 300w, https:\/\/www.jeunessesmusicales.be\/brabantwallon\/wp-content\/uploads\/sites\/8\/2025\/10\/25_Kal_Carre_CCR_petit-150x150.jpg 150w, https:\/\/www.jeunessesmusicales.be\/brabantwallon\/wp-content\/uploads\/sites\/8\/2025\/10\/25_Kal_Carre_CCR_petit-105x105.jpg 105w, https:\/\/www.jeunessesmusicales.be\/brabantwallon\/wp-content\/uploads\/sites\/8\/2025\/10\/25_Kal_Carre_CCR_petit-200x200.jpg 200w, https:\/\/www.jeunessesmusicales.be\/brabantwallon\/wp-content\/uploads\/sites\/8\/2025\/10\/25_Kal_Carre_CCR_petit.jpg 500w\" sizes=\"auto, (max-width: 300px) 100vw, 300px\" \/><\/a><\/h2>\n<h2><a rel=\"fancybox[1055]\" href=\"https:\/\/www.jeunessesmusicales.be\/brabantwallon\/wp-content\/uploads\/sites\/8\/2025\/10\/Capture-decran-2025-10-10-a-11.56.22.png\" class=\"fancybox\"><img loading=\"lazy\" decoding=\"async\" class=\"alignnone size-full wp-image-2759\" src=\"https:\/\/www.jeunessesmusicales.be\/brabantwallon\/wp-content\/uploads\/sites\/8\/2025\/10\/Capture-decran-2025-10-10-a-11.56.22.png\" alt=\"\" width=\"244\" height=\"99\" srcset=\"https:\/\/www.jeunessesmusicales.be\/brabantwallon\/wp-content\/uploads\/sites\/8\/2025\/10\/Capture-decran-2025-10-10-a-11.56.22.png 244w, https:\/\/www.jeunessesmusicales.be\/brabantwallon\/wp-content\/uploads\/sites\/8\/2025\/10\/Capture-decran-2025-10-10-a-11.56.22-150x61.png 150w\" sizes=\"auto, (max-width: 244px) 100vw, 244px\" \/><\/a><\/h2>\n<h2><\/h2>\n<p>Musique &#8211; Tout public<\/p>\n<p>En partenariat avec les Jeunesses Musicales du Brabant Wallon<\/p>\n<p>&nbsp;<\/p>\n<div class=\"page__blocks blocks\">\n<div class=\"block block--textblock \">\n<p>Le Kal\u00e9idoscope de la Guitare est n\u00e9 en 1991 de l\u2019envie de susciter une rencontre entre jeunes musiciens passionn\u00e9s et professionnels aguerris, et de faire d\u00e9couvrir au public les multiples facettes de cet instrument.<\/p>\n<p>Cet \u00e9v\u00e8nement initi\u00e9 par les Jeunesse Musicale du Brabant Wallon est devenu une r\u00e9f\u00e9rence dans le monde de la guitare et vivra cette ann\u00e9e sa 35\u00e8me \u00e9dition.<\/p>\n<p>Il r\u00e9unira des projets vari\u00e9s avec des artistes de grand talent.<\/p>\n<p><strong>Quentin Dujardin &amp; <\/strong><a href=\"https:\/\/www.facebook.com\/BorisSchmidtMusic?__cft__%5b0%5d=AZWdcf8Xd_tVt3dm_akAzYlrCvwdVhsWd4NppAQun1xsWkvX2bCbEhpk3Gfcff0aPHS2--qYHj0_e8S3ORGVtR4iKCtAu6zELV-AAwop4Tti-3Oxo1pXHcltCEpubL5gfTuCcblLNgTOPa1jYwe7VYa7&amp;__tn__=-%5dK-R\" target=\"_blank\" rel=\"noopener\"><strong>Boris Schmidt Music<\/strong><\/a><strong> &#8211; Saison Orange<\/strong><\/p>\n<p>Avec Saison Orange, le guitariste et compositeur Quentin Dujardin d\u00e9voile un univers lumineux et sinc\u00e8re, centr\u00e9 sur le son de la guitare nylon. Accompagn\u00e9 du contrebassiste Boris Schmidt, il propose une musique libre et po\u00e9tique, entre jazz et world. Produit par Lee Townsend (Bill Frisell), Saison Orange \u00e9voque la nature, la libert\u00e9 et l&rsquo;introspection, dans une atmosph\u00e8re d\u2019une rare intensit\u00e9.<\/p>\n<p>\u00ab Une musique libre et solaire \u00bb \u2013 Jazz Magazine<\/p>\n<p><strong>IAMWILL<\/strong><br \/>\nArtiste \u00e9mergent de la sc\u00e8ne indie folk francophone, IAMWILL s\u2019impose par une \u00e9criture sinc\u00e8re et une sensibilit\u00e9 \u00e0 fleur de peau. Apr\u00e8s ses deux premiers singles remarqu\u00e9s, <em>Oceans bloom<\/em> et <em>Grass is green<\/em>, il pr\u00e9pare la sortie de son premier EP <em>1999<\/em>, pr\u00e9vu pour ce mois d\u2019octobre 2025. Sa folk contemporaine, \u00e9pur\u00e9e et \u00e9motive, explore les th\u00e8mes du doute, du renouveau et de la m\u00e9moire intime, dans une approche musicale profond\u00e9ment humaine.<\/p>\n<p><a href=\"https:\/\/www.facebook.com\/nathan.andrien.7?__cft__%5b0%5d=AZXdPTifux23xaso0irXtyTJf-ulcaC7BRYmmEgAVKS2wNPo21PiAFZ_INWkPMjRYqeQ4SuTYTD0m90hf74yHNETXETpOemucSojYr7KfNd34zCHwjw12yM5XNrn14jd-ExIdt-xxKWDOOWGhf-3ANKS&amp;__tn__=-%5dK-R\" target=\"_blank\" rel=\"noopener\"><strong>Nathan Andrien<\/strong><\/a><\/p>\n<p>Jeune guitariste belge, n\u00e9 en 2000, Nathan Andrien s\u2019est rapidement distingu\u00e9 sur la sc\u00e8ne internationale. Laur\u00e9at de plusieurs concours (Szeged, Coblence\u2026), il est dipl\u00f4m\u00e9 du Conservatoire Royal de Li\u00e8ge et poursuit actuellement un Master au Conservatoire de Maastricht. Passionn\u00e9 par la richesse sonore de la guitare classique, il explore un r\u00e9pertoire vari\u00e9, m\u00ealant tradition et modernit\u00e9 et se produit r\u00e9guli\u00e8rement en Belgique, en France et \u00e0 l\u2019\u00e9tranger.<\/p>\n<p><a href=\"https:\/\/www.facebook.com\/Taitamuki?__cft__%5b0%5d=AZXi03LMdpVQtao7Eso7u2KhdPkWLk-gVIUO_fd_9h87dzZLIYMmfU9OWLiKZDQ9yZxXKLvFdTVnj8FkdUn3MVYe8GvQ0t8DTH3UM04dkyOvYhR1TMvh_HYBvlU1zI6xuXyjO4HJiM2G9554Eq4ncQza&amp;__tn__=-%5dK-R\" target=\"_blank\" rel=\"noopener\"><strong>Taitamuki<\/strong><\/a><\/p>\n<p>Ce quartet international fusionne les traditions musicales d\u2019\u00c9quateur, d\u2019Am\u00e9rique latine et d\u2019Europe, avec des accents de jazz. Le r\u00e9sultat : un univers color\u00e9 et vibrant, entre rythmes envo\u00fbtants et m\u00e9lodies lumineuses. Compos\u00e9 de Jos\u00e9 Buc Ch\u00e1vez (\u00c9quateur), Sergio Carvajal del Salto (Chili), Osvaldo Hern\u00e1ndez Napoles (Mexique) et Kaspar Uljas (Estonie), le groupe pr\u00e9pare actuellement son premier album chez Homerecords, label belge reconnu pour sa qualit\u00e9 dans le domaine des musiques du monde.<\/p>\n<p><strong>Classe de guitare du <\/strong><a href=\"https:\/\/www.facebook.com\/ConservatoireLiege?__cft__%5b0%5d=AZVnKzVhPJMwV6ODTnUWdqt_zelj5JHHNpEUj8Yhlrg5cEqEgZIIOttl9Umq3GK5GTclWgZyx8VgCm1nHd0uWV7rLfa1baIY4oVoYv2byWoKREjHenzoHdt07wVldFEfxLNkEUXUPALIIz86zJntQKxU&amp;__tn__=-%5dK-R\" target=\"_blank\" rel=\"noopener\"><strong>Conservatoire royal de Li\u00e8ge<\/strong><\/a><strong> &#8211; Hommage \u00e0 Roland Dyens<\/strong><\/p>\n<p>Sous la direction de Hugues Kolp et Adrien Brogna, les \u00e9tudiants de la classe de guitare du Conservatoire Royal de Li\u00e8ge rendent hommage \u00e0 Roland Dyens, guitariste, compositeur et p\u00e9dagogue d\u2019exception, figure majeure de la guitare contemporaine. Ce programme met en lumi\u00e8re l\u2019esprit libre et inventif de son \u0153uvre, entre virtuosit\u00e9, \u00e9motion et humour. V\u00e9ritable laboratoire artistique, la classe du Conservatoire cultive cet h\u00e9ritage en explorant la guitare dans toute sa richesse, de la tradition \u00e0 la cr\u00e9ation.<\/p>\n<p><a rel=\"fancybox[1055]\" href=\"https:\/\/shop.utick.net\/?module=QUANTITY&amp;q=C69AC465-DCF1-A0F2-2157-466E39B74F67&amp;pos=CCRIXENSART\"><img loading=\"lazy\" decoding=\"async\" class=\"alignnone size-medium wp-image-2756\" src=\"https:\/\/www.jeunessesmusicales.be\/brabantwallon\/wp-content\/uploads\/sites\/8\/2025\/10\/Capture-decran-2025-10-10-a-11.52.00-300x47.png\" alt=\"\" width=\"300\" height=\"47\" \/ class=\"fancybox\" srcset=\"https:\/\/www.jeunessesmusicales.be\/brabantwallon\/wp-content\/uploads\/sites\/8\/2025\/10\/Capture-decran-2025-10-10-a-11.52.00-300x47.png 300w, https:\/\/www.jeunessesmusicales.be\/brabantwallon\/wp-content\/uploads\/sites\/8\/2025\/10\/Capture-decran-2025-10-10-a-11.52.00-768x120.png 768w, https:\/\/www.jeunessesmusicales.be\/brabantwallon\/wp-content\/uploads\/sites\/8\/2025\/10\/Capture-decran-2025-10-10-a-11.52.00-150x23.png 150w, https:\/\/www.jeunessesmusicales.be\/brabantwallon\/wp-content\/uploads\/sites\/8\/2025\/10\/Capture-decran-2025-10-10-a-11.52.00.png 892w\" sizes=\"auto, (max-width: 300px) 100vw, 300px\" \/><\/a><\/p>\n<\/div>\n<\/div>\n","protected":false},"excerpt":{"rendered":"<p>Rendez-vous le 28 novembre 2025 \u00e0 19h30 pour le 35\u00e8me Kal\u00e9idoscope de la Guitare \u00e0 Rixensart\u00a0 Centre Culturel de Rixensart &hellip; <a href=\"https:\/\/www.jeunessesmusicales.be\/brabantwallon\/kaleidoscope-de-la-guitare\/\" class=\"more-link\">Continue reading <span class=\"screen-reader-text\">Kal\u00e9idoscope de la guitare<\/span><\/a><\/p>\n","protected":false},"author":6,"featured_media":0,"parent":0,"menu_order":0,"comment_status":"closed","ping_status":"closed","template":"","meta":{"_acf_changed":false,"footnotes":""},"class_list":["post-1055","page","type-page","status-publish","hentry"],"acf":[],"_links":{"self":[{"href":"https:\/\/www.jeunessesmusicales.be\/brabantwallon\/wp-json\/wp\/v2\/pages\/1055","targetHints":{"allow":["GET"]}}],"collection":[{"href":"https:\/\/www.jeunessesmusicales.be\/brabantwallon\/wp-json\/wp\/v2\/pages"}],"about":[{"href":"https:\/\/www.jeunessesmusicales.be\/brabantwallon\/wp-json\/wp\/v2\/types\/page"}],"author":[{"embeddable":true,"href":"https:\/\/www.jeunessesmusicales.be\/brabantwallon\/wp-json\/wp\/v2\/users\/6"}],"replies":[{"embeddable":true,"href":"https:\/\/www.jeunessesmusicales.be\/brabantwallon\/wp-json\/wp\/v2\/comments?post=1055"}],"version-history":[{"count":66,"href":"https:\/\/www.jeunessesmusicales.be\/brabantwallon\/wp-json\/wp\/v2\/pages\/1055\/revisions"}],"predecessor-version":[{"id":2762,"href":"https:\/\/www.jeunessesmusicales.be\/brabantwallon\/wp-json\/wp\/v2\/pages\/1055\/revisions\/2762"}],"wp:attachment":[{"href":"https:\/\/www.jeunessesmusicales.be\/brabantwallon\/wp-json\/wp\/v2\/media?parent=1055"}],"curies":[{"name":"wp","href":"https:\/\/api.w.org\/{rel}","templated":true}]}}