{"id":33,"date":"2015-03-21T14:17:22","date_gmt":"2015-03-21T13:17:22","guid":{"rendered":"http:\/\/www.jeunessesmusicales.be\/brabantwallon\/?page_id=33"},"modified":"2023-05-05T14:01:00","modified_gmt":"2023-05-05T12:01:00","slug":"activites-tous-publics","status":"publish","type":"page","link":"https:\/\/www.jeunessesmusicales.be\/brabantwallon\/activites-tous-publics\/","title":{"rendered":"Activit\u00e9s tous publics"},"content":{"rendered":"<div dir=\"auto\">La <a class=\"x1i10hfl xjbqb8w x6umtig x1b1mbwd xaqea5y xav7gou x9f619 x1ypdohk xt0psk2 xe8uvvx xdj266r x11i5rnm xat24cr x1mh8g0r xexx8yu x4uap5 x18d9i69 xkhd6sd x16tdsg8 x1hl2dhg xggy1nq x1a2a7pz xt0b8zv x1qq9wsj xo1l8bm\" tabindex=\"0\" role=\"link\" href=\"https:\/\/www.facebook.com\/profile.php?id=100092186329434&amp;__cft__[0]=AZUyllkOKv6kAVpRaJ8icEXCA6RgudiBTMWjA5ON73Sb3L_IYXYJA67Xr20TgHjygBPgVfnI4KJNLebm4AsInoZ-cI08w6NyXBQTO478Z_Ogdze4H0BUEAEJwABoK3BVlwZrxQB21cjVeZ4HsiWZyLbPCZ6-B2YRT4jTqNYxr9AaDEF6VhqmEkIwP9TLL_91Xrw&amp;__tn__=-]K-R\"><span class=\"xt0psk2\">F\u00eate de la Musique \u00e0 Rixensart<\/span><\/a> revient le 24 juin pour l&rsquo;\u00e9dition 2023.<\/div>\n<div dir=\"auto\">Au programme : concerts, village associatif, animations pour toute la famille, bar, food trucks&#8230; Pop, classique, jazz, musique du monde&#8230; Il y en aura pour tous les go\u00fbts ! Rejoignez-nous \u00e0 cet \u00e9v\u00e9nement festif et <strong>gratuit<\/strong> !<\/div>\n<div dir=\"auto\"><\/div>\n<div dir=\"auto\"><a rel=\"fancybox[33]\" href=\"https:\/\/www.jeunessesmusicales.be\/brabantwallon\/wp-content\/uploads\/sites\/8\/2023\/05\/Save-the-date.png\" class=\"fancybox\"><img loading=\"lazy\" decoding=\"async\" class=\"alignnone wp-image-2162\" src=\"https:\/\/www.jeunessesmusicales.be\/brabantwallon\/wp-content\/uploads\/sites\/8\/2023\/05\/Save-the-date-212x300.png\" alt=\"\" width=\"289\" height=\"409\" srcset=\"https:\/\/www.jeunessesmusicales.be\/brabantwallon\/wp-content\/uploads\/sites\/8\/2023\/05\/Save-the-date-212x300.png 212w, https:\/\/www.jeunessesmusicales.be\/brabantwallon\/wp-content\/uploads\/sites\/8\/2023\/05\/Save-the-date-768x1087.png 768w, https:\/\/www.jeunessesmusicales.be\/brabantwallon\/wp-content\/uploads\/sites\/8\/2023\/05\/Save-the-date-724x1024.png 724w, https:\/\/www.jeunessesmusicales.be\/brabantwallon\/wp-content\/uploads\/sites\/8\/2023\/05\/Save-the-date-74x105.png 74w, https:\/\/www.jeunessesmusicales.be\/brabantwallon\/wp-content\/uploads\/sites\/8\/2023\/05\/Save-the-date.png 1357w\" sizes=\"auto, (max-width: 289px) 100vw, 289px\" \/><\/a><\/div>\n<div dir=\"auto\"><\/div>\n<div dir=\"auto\"><\/div>\n<div dir=\"auto\">\n<p class=\"_04xlpA direction-ltr align-center para-style-body\"><strong><span class=\"WdYUQQ\">FABRICE MUKUNA BAND<\/span><\/strong><\/p>\n<p class=\"_04xlpA direction-ltr align-center para-style-body\"><strong><span class=\"WdYUQQ\">MARIE WARNANT<\/span><\/strong><\/p>\n<p class=\"_04xlpA direction-ltr align-center para-style-body\"><strong><span class=\"WdYUQQ\">NATANI \u00a0<\/span><\/strong><\/p>\n<p class=\"_04xlpA direction-ltr align-center para-style-body\"><strong><span class=\"WdYUQQ\">AUREL<\/span><\/strong><\/p>\n<p class=\"_04xlpA direction-ltr align-center para-style-body\"><strong><span class=\"WdYUQQ\">LIZCO<\/span><\/strong><\/p>\n<p class=\"_04xlpA direction-ltr align-center para-style-body\"><strong><span class=\"WdYUQQ\">STEAM MACHINE<\/span><\/strong><\/p>\n<p class=\"_04xlpA direction-ltr align-center para-style-body\"><strong><span class=\"WdYUQQ\">SARAH LAULAN &amp; ELODIE VIGNON<\/span><\/strong><\/p>\n<p class=\"_04xlpA direction-ltr align-center para-style-body\"><strong><span class=\"WdYUQQ\">ELSA DE LACERDA &amp; PIERRE SOLOT<\/span><\/strong><\/p>\n<p class=\"_04xlpA direction-ltr align-center para-style-body\"><strong><span class=\"WdYUQQ\">LE BAYA TRIO <\/span><\/strong><\/p>\n<p class=\"_04xlpA direction-ltr align-center para-style-body\"><strong><span class=\"WdYUQQ\">ENSEMBLE ALIZ\u00c9<\/span><\/strong><\/p>\n<p><strong>SPECTACLE DE MARIONNETTES<\/strong><\/p>\n<p class=\"_04xlpA direction-ltr align-center para-style-body\"><strong><span class=\"WdYUQQ\">VILLAGE ASSOCIATIF<\/span><\/strong><\/p>\n<p class=\"_04xlpA direction-ltr align-center para-style-body\"><strong><span class=\"WdYUQQ\">ATELIERS MUSICAUX POUR ENFANTS &amp; B\u00c9B\u00c9S<\/span><\/strong><\/p>\n<\/div>\n<p>&nbsp;<\/p>\n<div dir=\"auto\"><\/div>\n","protected":false},"excerpt":{"rendered":"<p>La F\u00eate de la Musique \u00e0 Rixensart revient le 24 juin pour l&rsquo;\u00e9dition 2023. Au programme : concerts, village associatif, &hellip; <a href=\"https:\/\/www.jeunessesmusicales.be\/brabantwallon\/activites-tous-publics\/\" class=\"more-link\">Continue reading <span class=\"screen-reader-text\">Activit\u00e9s tous publics<\/span><\/a><\/p>\n","protected":false},"author":9,"featured_media":992,"parent":0,"menu_order":0,"comment_status":"closed","ping_status":"closed","template":"","meta":{"_acf_changed":false,"footnotes":""},"class_list":["post-33","page","type-page","status-publish","has-post-thumbnail","hentry"],"acf":[],"_links":{"self":[{"href":"https:\/\/www.jeunessesmusicales.be\/brabantwallon\/wp-json\/wp\/v2\/pages\/33","targetHints":{"allow":["GET"]}}],"collection":[{"href":"https:\/\/www.jeunessesmusicales.be\/brabantwallon\/wp-json\/wp\/v2\/pages"}],"about":[{"href":"https:\/\/www.jeunessesmusicales.be\/brabantwallon\/wp-json\/wp\/v2\/types\/page"}],"author":[{"embeddable":true,"href":"https:\/\/www.jeunessesmusicales.be\/brabantwallon\/wp-json\/wp\/v2\/users\/9"}],"replies":[{"embeddable":true,"href":"https:\/\/www.jeunessesmusicales.be\/brabantwallon\/wp-json\/wp\/v2\/comments?post=33"}],"version-history":[{"count":14,"href":"https:\/\/www.jeunessesmusicales.be\/brabantwallon\/wp-json\/wp\/v2\/pages\/33\/revisions"}],"predecessor-version":[{"id":2164,"href":"https:\/\/www.jeunessesmusicales.be\/brabantwallon\/wp-json\/wp\/v2\/pages\/33\/revisions\/2164"}],"wp:featuredmedia":[{"embeddable":true,"href":"https:\/\/www.jeunessesmusicales.be\/brabantwallon\/wp-json\/wp\/v2\/media\/992"}],"wp:attachment":[{"href":"https:\/\/www.jeunessesmusicales.be\/brabantwallon\/wp-json\/wp\/v2\/media?parent=33"}],"curies":[{"name":"wp","href":"https:\/\/api.w.org\/{rel}","templated":true}]}}