{"id":839,"date":"2017-11-10T16:46:17","date_gmt":"2017-11-10T15:46:17","guid":{"rendered":"https:\/\/www.jeunessesmusicales.be\/brabantwallon\/?page_id=839"},"modified":"2020-10-06T10:46:20","modified_gmt":"2020-10-06T08:46:20","slug":"just-in-time","status":"publish","type":"page","link":"https:\/\/www.jeunessesmusicales.be\/brabantwallon\/just-in-time\/","title":{"rendered":"Just in Time ( outil num\u00e9rique\/ cr\u00e9atif\/ danse)"},"content":{"rendered":"<h2>Qu&rsquo;est-ce que Just in Time?<\/h2>\n<p>Parce que sentir la musique c&rsquo;est souvent la danser, l&rsquo;\u00e9prouver, la ressentir dans son corps et dans l&rsquo;espace, nous portons une attention toute particuli\u00e8re \u00e0 la pratique de la danse.<\/p>\n<p>Mettant en avant des qualit\u00e9s telles que le respect, la cr\u00e9ativit\u00e9 et l&rsquo;esprit d&rsquo;entraide, notre souci est de la rendre accessible \u00e0 tous sans aucun pr\u00e9 requis.<\/p>\n<p><strong>Just in Time est un site p\u00e9dagogique interactif qui permet \u00e0 tous de cr\u00e9er en toute simplicit\u00e9 un spectacle de danse avec des enfants et des jeunes \u00e0 partir de 5 ans.<\/strong><\/p>\n<p><a rel=\"fancybox[839]\" href=\"https:\/\/www.jeunessesmusicales.be\/brabantwallon\/wp-content\/uploads\/sites\/8\/2020\/04\/JustInTime_14062015_7608.jpg\" class=\"fancybox\"><img loading=\"lazy\" decoding=\"async\" class=\"alignnone wp-image-1461\" src=\"https:\/\/www.jeunessesmusicales.be\/brabantwallon\/wp-content\/uploads\/sites\/8\/2020\/04\/JustInTime_14062015_7608-300x200.jpg\" alt=\"\" width=\"431\" height=\"287\" srcset=\"https:\/\/www.jeunessesmusicales.be\/brabantwallon\/wp-content\/uploads\/sites\/8\/2020\/04\/JustInTime_14062015_7608-300x200.jpg 300w, https:\/\/www.jeunessesmusicales.be\/brabantwallon\/wp-content\/uploads\/sites\/8\/2020\/04\/JustInTime_14062015_7608-768x512.jpg 768w, https:\/\/www.jeunessesmusicales.be\/brabantwallon\/wp-content\/uploads\/sites\/8\/2020\/04\/JustInTime_14062015_7608-1024x683.jpg 1024w, https:\/\/www.jeunessesmusicales.be\/brabantwallon\/wp-content\/uploads\/sites\/8\/2020\/04\/JustInTime_14062015_7608-150x100.jpg 150w, https:\/\/www.jeunessesmusicales.be\/brabantwallon\/wp-content\/uploads\/sites\/8\/2020\/04\/JustInTime_14062015_7608.jpg 1920w\" sizes=\"auto, (max-width: 431px) 100vw, 431px\" \/><\/a><\/p>\n<h2>Pour qui?<\/h2>\n<p>Cet outil est principalement con\u00e7u pour les enseignants, animateurs et \u00e9ducateurs qui ne sont pas danseurs professionnels mais qui pratiquent la danse avec des enfants ou jeunes \u00e0 partir de 5 ans.<\/p>\n<p><strong>Vous qui cr\u00e9ez chaque ann\u00e9e le spectacle de votre \u00e9cole, de votre foyer, de votre troupe scoute, cet outil est pour vous.<\/strong><\/p>\n<p>Ce site est con\u00e7u par des professionnels de la danse ayant enseign\u00e9 la danse au sein d&rsquo;\u00e9coles primaires, en \u00e9troite collaboration avec les instituteurs\/trices pendant plusieurs ann\u00e9es. Ils ont mis toutes leurs comp\u00e9tences de danseurs, mais aussi toute leur exp\u00e9rience du milieu scolaire, \u00e0 votre service.<\/p>\n<p><strong>Vous n&rsquo;\u00eates pas enseignants? Vous n&rsquo;\u00eates pas animateurs? Vous ne travaillez pas avec des enfants mais vous aimez danser?<\/strong><\/p>\n<p><strong>Just in Time vous sera aussi utile lorsque:<\/strong><\/p>\n<ul>\n<li>Vous organisez l&rsquo;anniversaire de votre enfant et cherchez une activit\u00e9 ludique et originale?<\/li>\n<li>Votre meilleure amie se marie? Que \u00a0faire d&rsquo;original pour c\u00e9l\u00e9brer l&rsquo;\u00e9v\u00e9nement?<\/li>\n<li>Votre troupe de th\u00e9\u00e2tre aimerait utiliser la danse dans sa prochaine mise en sc\u00e8ne?<\/li>\n<li>Votre coll\u00e8gue pr\u00e9f\u00e9r\u00e9 part \u00e0 la pension et vous aimeriez le surprendre lors de son pot de d\u00e9part?<\/li>\n<\/ul>\n<p><strong>Les occasions de danser ne manquent pas et nous sommes l\u00e0 pour vous y aider.<\/strong><\/p>\n<p>Le site &gt;&gt;&gt; <a href=\"https:\/\/www.justintime.network\">www.justintime.network<\/a><\/p>\n<p>Charg\u00e9e de projet:<\/p>\n<p>Nancy Verleyen<\/p>\n<p>\u260f 0496\/89.67.79<\/p>\n<p>&#x2709;\u00a0justintime@jeunessesmusicales.be<\/p>\n<div id=\"ConnectiveDocSignExtentionInstalled\" data-extension-version=\"1.0.4\"><\/div>\n<div id=\"ConnectiveDocSignExtentionInstalled\" data-extension-version=\"1.0.4\"><\/div>\n","protected":false},"excerpt":{"rendered":"<p>Qu&rsquo;est-ce que Just in Time? Parce que sentir la musique c&rsquo;est souvent la danser, l&rsquo;\u00e9prouver, la ressentir dans son corps &hellip; <a href=\"https:\/\/www.jeunessesmusicales.be\/brabantwallon\/just-in-time\/\" class=\"more-link\">Continue reading <span class=\"screen-reader-text\">Just in Time ( outil num\u00e9rique\/ cr\u00e9atif\/ danse)<\/span><\/a><\/p>\n","protected":false},"author":6,"featured_media":0,"parent":0,"menu_order":0,"comment_status":"closed","ping_status":"closed","template":"","meta":{"_acf_changed":false,"footnotes":""},"class_list":["post-839","page","type-page","status-publish","hentry"],"acf":[],"_links":{"self":[{"href":"https:\/\/www.jeunessesmusicales.be\/brabantwallon\/wp-json\/wp\/v2\/pages\/839","targetHints":{"allow":["GET"]}}],"collection":[{"href":"https:\/\/www.jeunessesmusicales.be\/brabantwallon\/wp-json\/wp\/v2\/pages"}],"about":[{"href":"https:\/\/www.jeunessesmusicales.be\/brabantwallon\/wp-json\/wp\/v2\/types\/page"}],"author":[{"embeddable":true,"href":"https:\/\/www.jeunessesmusicales.be\/brabantwallon\/wp-json\/wp\/v2\/users\/6"}],"replies":[{"embeddable":true,"href":"https:\/\/www.jeunessesmusicales.be\/brabantwallon\/wp-json\/wp\/v2\/comments?post=839"}],"version-history":[{"count":8,"href":"https:\/\/www.jeunessesmusicales.be\/brabantwallon\/wp-json\/wp\/v2\/pages\/839\/revisions"}],"predecessor-version":[{"id":1605,"href":"https:\/\/www.jeunessesmusicales.be\/brabantwallon\/wp-json\/wp\/v2\/pages\/839\/revisions\/1605"}],"wp:attachment":[{"href":"https:\/\/www.jeunessesmusicales.be\/brabantwallon\/wp-json\/wp\/v2\/media?parent=839"}],"curies":[{"name":"wp","href":"https:\/\/api.w.org\/{rel}","templated":true}]}}