{"id":11032,"date":"2024-07-16T12:52:25","date_gmt":"2024-07-16T10:52:25","guid":{"rendered":"https:\/\/www.jeunessesmusicales.be\/bruxelles\/ateliers-musicaux-a-lecole\/big-bang-melody-ateliers-de-musique-assistee-par-ordinateur-mao-copy\/"},"modified":"2025-08-19T17:30:52","modified_gmt":"2025-08-19T15:30:52","slug":"muziek-is-tof","status":"publish","type":"page","link":"https:\/\/www.jeunessesmusicales.be\/bruxelles\/ateliers-musicaux-a-lecole\/muziek-is-tof\/","title":{"rendered":"MUZIEK IS TOF !"},"content":{"rendered":"<h2>De 6 \u00e0 18 ans \/ P1 \u00e0 S6<\/h2>\n<p style=\"text-align: justify;\"><a rel=\"fancybox[11032]\" href=\"https:\/\/www.jeunessesmusicales.be\/bruxelles\/wp-content\/uploads\/sites\/7\/2024\/07\/Muziek-is-tof.png\" class=\"fancybox\"><img loading=\"lazy\" decoding=\"async\" class=\"alignleft wp-image-11033 size-medium\" src=\"https:\/\/www.jeunessesmusicales.be\/bruxelles\/wp-content\/uploads\/sites\/7\/2024\/07\/Muziek-is-tof-300x214.png\" alt=\"\" width=\"300\" height=\"214\" srcset=\"https:\/\/www.jeunessesmusicales.be\/bruxelles\/wp-content\/uploads\/sites\/7\/2024\/07\/Muziek-is-tof-300x214.png 300w, https:\/\/www.jeunessesmusicales.be\/bruxelles\/wp-content\/uploads\/sites\/7\/2024\/07\/Muziek-is-tof-1024x731.png 1024w, https:\/\/www.jeunessesmusicales.be\/bruxelles\/wp-content\/uploads\/sites\/7\/2024\/07\/Muziek-is-tof-768x548.png 768w, https:\/\/www.jeunessesmusicales.be\/bruxelles\/wp-content\/uploads\/sites\/7\/2024\/07\/Muziek-is-tof-147x105.png 147w, https:\/\/www.jeunessesmusicales.be\/bruxelles\/wp-content\/uploads\/sites\/7\/2024\/07\/Muziek-is-tof.png 1040w\" sizes=\"auto, (max-width: 300px) 100vw, 300px\" \/><\/a><\/p>\n<p class=\"cvGsUA direction-ltr align-justify para-style-body\"><span class=\"a_GcMg font-feature-liga-off font-feature-clig-off font-feature-calt-off text-decoration-none text-strikethrough-none\">Et si la musique devenait une passerelle ludique et vivante vers l\u2019apprentissage du n\u00e9erlandais ? Ce cycle d\u2019ateliers propose une immersion douce dans la langue, \u00e0 travers l\u2019exploration musicale. Anim\u00e9s en n\u00e9erlandais, avec un niveau de langue adapt\u00e9 \u00e0 l\u2019\u00e2ge des participants, les ateliers permettent aux \u00e9l\u00e8ves d\u2019enrichir leur vocabulaire, de d\u00e9velopper leur oreille linguistique et de vivre la langue comme un outil de communication et de cr\u00e9ation.<\/span><\/p>\n<p class=\"cvGsUA direction-ltr align-justify para-style-body\"><span class=\"a_GcMg font-feature-liga-off font-feature-clig-off font-feature-calt-off text-decoration-none text-strikethrough-none\">En chantant, en \u00e9coutant, en jouant, les \u00e9l\u00e8ves d\u00e9couvrent la langue du voisin tout en explorant des sonorit\u00e9s, des rythmes et des chansons issus de cultures belges et n\u00e9erlandophones. Cette approche sensible et concr\u00e8te suscite leur curiosit\u00e9, d\u00e9sinhibe l\u2019usage du n\u00e9erlandais, et ouvre \u00e0 la richesse culturelle partag\u00e9e.<\/span><\/p>\n<p style=\"text-align: justify;\"><strong><u>Pour aller plus loin en classe <\/u>:<\/strong><\/p>\n<ul>\n<li><span class=\"a_GcMg font-feature-liga-off font-feature-clig-off font-feature-calt-off text-decoration-none text-strikethrough-none\">Travailler la compr\u00e9hension orale et l\u2019expression spontan\u00e9e du n\u00e9erlandais \u00e0 travers des chansons, jeux vocaux, refrains<\/span><\/li>\n<li><span class=\"a_GcMg font-feature-liga-off font-feature-clig-off font-feature-calt-off text-decoration-none text-strikethrough-none\">Travailler des chants en n\u00e9erlandais comme supports d\u2019apprentissage linguistique et musical. Analyser des morceaux n\u00e9erlandophones pour d\u00e9couvrir la diversit\u00e9 musicale en Belgique.<\/span><\/li>\n<li><span class=\"a_GcMg font-feature-liga-off font-feature-clig-off font-feature-calt-off text-decoration-none text-strikethrough-none\">Proposer des activit\u00e9s cr\u00e9atives bilingues, comme la r\u00e9\u00e9criture de paroles.<\/span><\/li>\n<li><span class=\"a_GcMg font-feature-liga-off font-feature-clig-off font-feature-calt-off text-decoration-none text-strikethrough-none\">Construire des s\u00e9quences sur les f\u00eates, traditions ou personnages de la culture n\u00e9erlandophone \u00e0 partir de chansons.<\/span><\/li>\n<\/ul>\n<table style=\"border-collapse: collapse; width: 100%; height: 43px;\">\n<tbody>\n<tr style=\"height: 43px;\">\n<td style=\"width: 457px; height: 43px; border-color: #ee4000; border-style: solid;\">\n<p style=\"text-align: center;\"><strong><span style=\"color: #ef3740;\">CONDITIONS<\/span><br \/>\n<\/strong>6 s\u00e9ances minimum<br \/>\n2 groupes\/classes minimum<\/p>\n<p>&nbsp;<\/p>\n<p style=\"text-align: center;\"><strong><span style=\"color: #ef3740;\">TARIF<\/span><br \/>\n<\/strong>70\u20ac par s\u00e9ance soit 3,5 \u20ac par enfant pour une classe de 20 \u00e9l\u00e8ves <em>(le tarif de nos ateliers reste le m\u00eame quel que soit le nombre d&rsquo;\u00e9l\u00e8ves dans la classe)<\/em><\/p>\n<\/td>\n<\/tr>\n<\/tbody>\n<\/table>\n<h5 class=\"p1\" style=\"text-align: center;\"><strong><span style=\"color: #ef3740;\">Pour commander des ateliers, \u00e9crivez-nous \u00e0 <\/span><a href=\"mailto:jmbxl@jeunessesmusicales.be\"><span style=\"color: #ef3740;\">jmbxl@jeunessesmusicales.be<\/span><\/a><\/strong><\/h5>\n<p>&nbsp;<\/p>\n<p style=\"text-align: center;\"><span style=\"color: #ef3740;\"><em>\u00a0<\/em><\/span><\/p>\n","protected":false},"excerpt":{"rendered":"<p>De 6 \u00e0 18 ans \/ P1 \u00e0 S6 Et si la musique devenait une passerelle ludique et vivante vers &hellip; <a href=\"https:\/\/www.jeunessesmusicales.be\/bruxelles\/ateliers-musicaux-a-lecole\/muziek-is-tof\/\" class=\"more-link\">Continue reading <span class=\"screen-reader-text\">MUZIEK IS TOF !<\/span><\/a><\/p>\n","protected":false},"author":38,"featured_media":0,"parent":54,"menu_order":0,"comment_status":"closed","ping_status":"closed","template":"","meta":{"_acf_changed":false,"footnotes":""},"class_list":["post-11032","page","type-page","status-publish","hentry"],"acf":[],"aioseo_notices":[],"_links":{"self":[{"href":"https:\/\/www.jeunessesmusicales.be\/bruxelles\/wp-json\/wp\/v2\/pages\/11032","targetHints":{"allow":["GET"]}}],"collection":[{"href":"https:\/\/www.jeunessesmusicales.be\/bruxelles\/wp-json\/wp\/v2\/pages"}],"about":[{"href":"https:\/\/www.jeunessesmusicales.be\/bruxelles\/wp-json\/wp\/v2\/types\/page"}],"author":[{"embeddable":true,"href":"https:\/\/www.jeunessesmusicales.be\/bruxelles\/wp-json\/wp\/v2\/users\/38"}],"replies":[{"embeddable":true,"href":"https:\/\/www.jeunessesmusicales.be\/bruxelles\/wp-json\/wp\/v2\/comments?post=11032"}],"version-history":[{"count":4,"href":"https:\/\/www.jeunessesmusicales.be\/bruxelles\/wp-json\/wp\/v2\/pages\/11032\/revisions"}],"predecessor-version":[{"id":11828,"href":"https:\/\/www.jeunessesmusicales.be\/bruxelles\/wp-json\/wp\/v2\/pages\/11032\/revisions\/11828"}],"up":[{"embeddable":true,"href":"https:\/\/www.jeunessesmusicales.be\/bruxelles\/wp-json\/wp\/v2\/pages\/54"}],"wp:attachment":[{"href":"https:\/\/www.jeunessesmusicales.be\/bruxelles\/wp-json\/wp\/v2\/media?parent=11032"}],"curies":[{"name":"wp","href":"https:\/\/api.w.org\/{rel}","templated":true}]}}