{"id":11202,"date":"2024-09-11T12:06:56","date_gmt":"2024-09-11T10:06:56","guid":{"rendered":"https:\/\/www.jeunessesmusicales.be\/bruxelles\/sorties-scolaires\/sorties-scolaires-chateau-du-karreveld-copy\/"},"modified":"2026-01-23T15:04:18","modified_gmt":"2026-01-23T14:04:18","slug":"concerts-en-famille-bozar","status":"publish","type":"page","link":"https:\/\/www.jeunessesmusicales.be\/bruxelles\/concerts\/concerts-en-famille-bozar\/","title":{"rendered":"Concerts en famille @Bozar"},"content":{"rendered":"<h3 data-start=\"214\" data-end=\"282\">Des concerts pour petits et grands\u2026 \u00e0 vivre en famille \u00e0 Bozar !<\/h3>\n<p data-start=\"284\" data-end=\"869\">Envie de partager un moment musical unique avec votre enfant dans un cadre prestigieux ? Les Jeunesses Musicales de Bruxelles vous donnent rendez-vous \u00e0 Bozar pour une s\u00e9rie de concerts pens\u00e9s sp\u00e9cialement pour les familles. Qu\u2019il s\u2019agisse de d\u00e9couvrir un orchestre adapt\u00e9 aux plus jeunes (d\u00e8s 5 ans), de vivre ensemble des spectacles captivants, ou de c\u00e9l\u00e9brer les grands moments des Jeunesses Musicales, ces sorties sont autant d\u2019occasions de faire vibrer petits et grands au rythme de la musique. Une belle mani\u00e8re de cultiver la curiosit\u00e9, l\u2019\u00e9coute\u2026 et le plaisir d\u2019\u00eatre ensemble !<\/p>\n<h2><a href=\"https:\/\/www.jeunessesmusicales.be\/bruxelles\/les-4-elements-le-feu-bozar\/\"><span style=\"color: #ef3740;\">Les 4 \u00e9l\u00e9ments &#8211; Le feu<\/span> <\/a>(1er f\u00e9vrier 2026) \u00e0 15h<\/h2>\n<p><a rel=\"fancybox[11202]\" href=\"https:\/\/www.jeunessesmusicales.be\/bruxelles\/les-4-elements-le-feu-bozar\/\"><img loading=\"lazy\" decoding=\"async\" class=\"alignleft wp-image-11673 size-medium\" src=\"https:\/\/www.jeunessesmusicales.be\/bruxelles\/wp-content\/uploads\/sites\/7\/2025\/08\/Vuur7-2-300x208.jpg\" alt=\"\" width=\"300\" height=\"208\" \/ class=\"fancybox\" srcset=\"https:\/\/www.jeunessesmusicales.be\/bruxelles\/wp-content\/uploads\/sites\/7\/2025\/08\/Vuur7-2-300x208.jpg 300w, https:\/\/www.jeunessesmusicales.be\/bruxelles\/wp-content\/uploads\/sites\/7\/2025\/08\/Vuur7-2-1024x711.jpg 1024w, https:\/\/www.jeunessesmusicales.be\/bruxelles\/wp-content\/uploads\/sites\/7\/2025\/08\/Vuur7-2-768x534.jpg 768w, https:\/\/www.jeunessesmusicales.be\/bruxelles\/wp-content\/uploads\/sites\/7\/2025\/08\/Vuur7-2-1536x1067.jpg 1536w, https:\/\/www.jeunessesmusicales.be\/bruxelles\/wp-content\/uploads\/sites\/7\/2025\/08\/Vuur7-2-150x105.jpg 150w, https:\/\/www.jeunessesmusicales.be\/bruxelles\/wp-content\/uploads\/sites\/7\/2025\/08\/Vuur7-2.jpg 1920w\" sizes=\"auto, (max-width: 300px) 100vw, 300px\" \/><\/a><\/p>\n<p><strong>Incandescence symphonique\u00a0<\/strong><\/p>\n<p>Le feu est symbole de chaleur, de joie, de c\u00e9l\u00e9bration, de passion\u2026 mais aussi de destruction et de mort ! Tout au long de ce concert interactif, nous vous proposons d\u2019explorer le lien entre l\u2019\u00e9l\u00e9ment feu et la musique, en r\u00e9v\u00e9lant comment il a inspir\u00e9\u00a0une grande diversit\u00e9 d\u2019\u0153uvres symphoniques. Pour mieux vous immerger dans les flammes, des cr\u00e9ations visuelles de l\u2019artiste\u00a0Nele Fack, projet\u00e9es dans la magnifique salle Henry Le B\u0153uf, se marieront harmonieusement avec les notes de\u00a0l\u2019Orchestre Philharmonique Royal de Li\u00e8ge. Pr\u00e9parez-vous \u00e0 une explosion de sons vibrants, d\u2019\u00e9motions puissantes et de rythmes \u00e9tincelants !<\/p>\n<p>Ce concert interactif permet au public d\u2019accompagner l\u2019orchestre : les coachs musicaux de Jeugd en Muziek Brussel et des Jeunesses Musicales de Bruxelles guideront le public en amont et pendant le concert pour apprendre et jouer de petites chor\u00e9graphies et chansons en rythme avec les musiciens.<\/p>\n<ul>\n<li>Jeugd En Muziek Brussel\u00a0: concept &amp; r\u00e9alisation<\/li>\n<li>Jeunesses Musicales de Bruxelles\u00a0: concept &amp; r\u00e9alisation<\/li>\n<li>Studio Sandy\u00a0: video installation &amp; performance<\/li>\n<\/ul>\n<p><strong>Programme musical :\u00a0<\/strong><\/p>\n<ul>\n<li>Georg Friedrich H\u00e4ndel, Music for the Royal Fireworks<\/li>\n<li>Richard Wagner, Siegfried idyll<\/li>\n<li>Manuel de Falla, El Amor Brujo<\/li>\n<li>Georges Bizet, Carmen Suite No. 1 \u2013 Les dragons d\u2019Alcala<\/li>\n<li>Sergei Prokofiev, Cendrillon, suite n\u00b01 \u2013 Valse de Cendrillon<\/li>\n<li>Camille Saint-Sa\u00ebns, Danse macabre<\/li>\n<li>Aram Khachaturian, Sabre Dance<\/li>\n<li>Franz Liszt, Liebestraum No. 3<\/li>\n<li>Astor Piazzolla, Libertango<\/li>\n<li>Arturo M\u00e1rquez, Conga del Fuego Nuevo<\/li>\n<\/ul>\n<p style=\"text-align: center;\"><a class=\"btn btn-primary\" style=\"min-width: 100px;\" href=\"https:\/\/www.bozar.be\/fr\/calendrier\/bozar-sunday-oprl-kids\" target=\"_blank\" rel=\"noopener noreferrer\">R\u00e9servations<\/a><\/p>\n<h2><a href=\"https:\/\/www.jeunessesmusicales.be\/bruxelles\/lorchestre-a-la-portee-des-enfants-peter-pan-bozar-2\/\"><span style=\"color: #ef3740;\">Peter Pan<\/span><\/a> (22 novembre 2025) \u00e0 17h et 19h<\/h2>\n<p><a rel=\"fancybox[11202]\" href=\"https:\/\/www.jeunessesmusicales.be\/bruxelles\/lorchestre-a-la-portee-des-enfants-peter-pan-bozar-2\/\"><img loading=\"lazy\" decoding=\"async\" class=\"alignleft wp-image-11504 size-medium\" src=\"https:\/\/www.jeunessesmusicales.be\/bruxelles\/wp-content\/uploads\/sites\/7\/2025\/06\/Peter-pan-300x133.jpeg\" alt=\"\" width=\"300\" height=\"133\" \/ class=\"fancybox\" srcset=\"https:\/\/www.jeunessesmusicales.be\/bruxelles\/wp-content\/uploads\/sites\/7\/2025\/06\/Peter-pan-300x133.jpeg 300w, https:\/\/www.jeunessesmusicales.be\/bruxelles\/wp-content\/uploads\/sites\/7\/2025\/06\/Peter-pan-1024x455.jpeg 1024w, https:\/\/www.jeunessesmusicales.be\/bruxelles\/wp-content\/uploads\/sites\/7\/2025\/06\/Peter-pan-768x341.jpeg 768w, https:\/\/www.jeunessesmusicales.be\/bruxelles\/wp-content\/uploads\/sites\/7\/2025\/06\/Peter-pan-1536x683.jpeg 1536w, https:\/\/www.jeunessesmusicales.be\/bruxelles\/wp-content\/uploads\/sites\/7\/2025\/06\/Peter-pan-150x67.jpeg 150w, https:\/\/www.jeunessesmusicales.be\/bruxelles\/wp-content\/uploads\/sites\/7\/2025\/06\/Peter-pan.jpeg 1800w\" sizes=\"auto, (max-width: 300px) 100vw, 300px\" \/><\/a>S\u2019il est un enfant qui refuse de grandir, c\u2019est bien Peter Pan ! R\u00eaver sa vie en couleur, c\u2019est son credo, et avec une pinc\u00e9e de poussi\u00e8re de f\u00e9e, c\u2019est tout l\u2019Orchestre qu\u2019il emm\u00e8ne au Pays imaginaire. Sir\u00e8nes, enfants perdus et indiens vous y attendent, pr\u00eats \u00e0 se rebeller contre le Capitaine Crochet et sa bande de vieux pirates qui ont oubli\u00e9 de garder leurs c\u0153urs d\u2019enfants. Tic, Tac, Tic, Tac (comme dirait le croco, le croco, le crocodile !), envolez-vous vite, et suivez la deuxi\u00e8me \u00e9toile \u00e0 droite, puis tout droit jusqu\u2019au matin.<\/p>\n<p>Et tous \u00e0 la file indienne, s\u2019il vous pla\u00eet !\u00a0Que l&rsquo;aventure commence !<\/p>\n<ul>\n<li style=\"list-style-type: none;\">\n<ul>\n<li style=\"list-style-type: none;\">\n<ul>\n<li><span style=\"color: #ef3740;\">Orchestre Philharmonique Royal de Li\u00e8ge<\/span><\/li>\n<li><span style=\"color: #ef3740;\">Direction<\/span> : Roos Jamie COLLINS<\/li>\n<li><span style=\"color: #ef3740;\">Mise en sc\u00e8ne<\/span>\u00a0: Emmanuel Guillaume<\/li>\n<li><span style=\"color: #ef3740;\">Sc\u00e9nographie et costumes<\/span>\u00a0: Satu Peltoniemi et Sarah Brunori<\/li>\n<\/ul>\n<\/li>\n<\/ul>\n<\/li>\n<\/ul>\n<p><strong>Programme musical :\u00a0<\/strong><\/p>\n<ul>\n<li>DUKAS, L&rsquo;apprenti sorcier, extrait<\/li>\n<li>JONGEN, Petite Suite op. 75<\/li>\n<li>WARLOCK Capriol, Suite<\/li>\n<\/ul>\n<p><span style=\"color: #ffffff;\">.es<\/span><\/p>\n<p><span style=\"color: #ffffff;\">.<\/span><\/p>\n<p style=\"text-align: right;\">En partenariat avec :<\/p>\n<p><a rel=\"fancybox[11202]\" href=\"https:\/\/www.jeunessesmusicales.be\/bruxelles\/wp-content\/uploads\/sites\/7\/2024\/09\/Bozar-e1756219025713.jpg\" class=\"fancybox\"><img loading=\"lazy\" decoding=\"async\" class=\"wp-image-11916 alignright\" src=\"https:\/\/www.jeunessesmusicales.be\/bruxelles\/wp-content\/uploads\/sites\/7\/2024\/09\/Bozar-e1756219025713-300x88.jpg\" alt=\"\" width=\"136\" height=\"40\" srcset=\"https:\/\/www.jeunessesmusicales.be\/bruxelles\/wp-content\/uploads\/sites\/7\/2024\/09\/Bozar-e1756219025713-300x88.jpg 300w, https:\/\/www.jeunessesmusicales.be\/bruxelles\/wp-content\/uploads\/sites\/7\/2024\/09\/Bozar-e1756219025713-768x225.jpg 768w, https:\/\/www.jeunessesmusicales.be\/bruxelles\/wp-content\/uploads\/sites\/7\/2024\/09\/Bozar-e1756219025713-150x44.jpg 150w, https:\/\/www.jeunessesmusicales.be\/bruxelles\/wp-content\/uploads\/sites\/7\/2024\/09\/Bozar-e1756219025713.jpg 1024w\" sizes=\"auto, (max-width: 136px) 100vw, 136px\" \/><\/a><\/p>\n<p>&nbsp;<\/p>\n<p>&nbsp;<\/p>\n","protected":false},"excerpt":{"rendered":"<p>Des concerts pour petits et grands\u2026 \u00e0 vivre en famille \u00e0 Bozar ! Envie de partager un moment musical unique &hellip; <a href=\"https:\/\/www.jeunessesmusicales.be\/bruxelles\/concerts\/concerts-en-famille-bozar\/\" class=\"more-link\">Continue reading <span class=\"screen-reader-text\">Concerts en famille @Bozar<\/span><\/a><\/p>\n","protected":false},"author":38,"featured_media":0,"parent":50,"menu_order":0,"comment_status":"closed","ping_status":"closed","template":"","meta":{"_acf_changed":false,"footnotes":""},"class_list":["post-11202","page","type-page","status-publish","hentry"],"acf":[],"aioseo_notices":[],"_links":{"self":[{"href":"https:\/\/www.jeunessesmusicales.be\/bruxelles\/wp-json\/wp\/v2\/pages\/11202","targetHints":{"allow":["GET"]}}],"collection":[{"href":"https:\/\/www.jeunessesmusicales.be\/bruxelles\/wp-json\/wp\/v2\/pages"}],"about":[{"href":"https:\/\/www.jeunessesmusicales.be\/bruxelles\/wp-json\/wp\/v2\/types\/page"}],"author":[{"embeddable":true,"href":"https:\/\/www.jeunessesmusicales.be\/bruxelles\/wp-json\/wp\/v2\/users\/38"}],"replies":[{"embeddable":true,"href":"https:\/\/www.jeunessesmusicales.be\/bruxelles\/wp-json\/wp\/v2\/comments?post=11202"}],"version-history":[{"count":14,"href":"https:\/\/www.jeunessesmusicales.be\/bruxelles\/wp-json\/wp\/v2\/pages\/11202\/revisions"}],"predecessor-version":[{"id":12151,"href":"https:\/\/www.jeunessesmusicales.be\/bruxelles\/wp-json\/wp\/v2\/pages\/11202\/revisions\/12151"}],"up":[{"embeddable":true,"href":"https:\/\/www.jeunessesmusicales.be\/bruxelles\/wp-json\/wp\/v2\/pages\/50"}],"wp:attachment":[{"href":"https:\/\/www.jeunessesmusicales.be\/bruxelles\/wp-json\/wp\/v2\/media?parent=11202"}],"curies":[{"name":"wp","href":"https:\/\/api.w.org\/{rel}","templated":true}]}}