{"id":12120,"date":"2025-11-25T18:14:04","date_gmt":"2025-11-25T17:14:04","guid":{"rendered":"https:\/\/www.jeunessesmusicales.be\/bruxelles\/?page_id=12120"},"modified":"2025-11-25T18:24:34","modified_gmt":"2025-11-25T17:24:34","slug":"kidzik-festival","status":"publish","type":"page","link":"https:\/\/www.jeunessesmusicales.be\/bruxelles\/concerts\/kidzik-festival\/","title":{"rendered":"Kidzik Festival"},"content":{"rendered":"<p>Cette ann\u00e9e encore, les Jeunesses Musicales de Bruxelles s&rsquo;associent au Festival Kidzik pour vous proposer des concerts et ateliers destin\u00e9s au public familial.<\/p>\n<p><strong>D\u00e9couvrez ci-dessous nos \u00e9v\u00e9nements et offrez-vous des moments pr\u00e9cieux en famille !<\/strong><\/p>\n<p>&nbsp;<\/p>\n<h2 class=\"entry-title\"><a href=\"https:\/\/www.jeunessesmusicales.be\/bruxelles\/kidzik-nourrissons-concert-parents-bebes-stephanie-salmin-lezards-615\/\">Nourris\u2019sons concerts &#8211; St\u00e9phanie Salmin<\/a> (28 mars 2026) \u00e0 10h et 11h<\/h2>\n<p><a rel=\"fancybox[12120]\" href=\"https:\/\/www.jeunessesmusicales.be\/bruxelles\/kidzik-nourrissons-concert-parents-bebes-stephanie-salmin-lezards-615\/\"><img loading=\"lazy\" decoding=\"async\" class=\"alignleft wp-image-11857 size-medium\" src=\"https:\/\/www.jeunessesmusicales.be\/bruxelles\/wp-content\/uploads\/sites\/7\/2025\/08\/Stephanie-Salmin-Weezevent-300x185.png\" alt=\"\" width=\"300\" height=\"185\" \/ class=\"fancybox\" srcset=\"https:\/\/www.jeunessesmusicales.be\/bruxelles\/wp-content\/uploads\/sites\/7\/2025\/08\/Stephanie-Salmin-Weezevent-300x185.png 300w, https:\/\/www.jeunessesmusicales.be\/bruxelles\/wp-content\/uploads\/sites\/7\/2025\/08\/Stephanie-Salmin-Weezevent-768x475.png 768w, https:\/\/www.jeunessesmusicales.be\/bruxelles\/wp-content\/uploads\/sites\/7\/2025\/08\/Stephanie-Salmin-Weezevent-150x93.png 150w, https:\/\/www.jeunessesmusicales.be\/bruxelles\/wp-content\/uploads\/sites\/7\/2025\/08\/Stephanie-Salmin-Weezevent.png 825w\" sizes=\"auto, (max-width: 300px) 100vw, 300px\" \/><\/a><\/p>\n<p><strong>Les classiques du Classique pour les tout petits par St\u00e9phanie Salmin, pianiste<\/strong><\/p>\n<p data-start=\"160\" data-end=\"386\">Deux mains virtuoses sur les touches d\u2019un piano et c\u2019est toute la magie de la musique classique qui se fraye un chemin jusqu\u2019aux oreilles des tout-petits, allong\u00e9s confortablement sur des coussins sp\u00e9cialement con\u00e7us pour eux. C\u2019est dans une atmosph\u00e8re intime et d\u00e9tendue que\u00a0<strong data-start=\"437\" data-end=\"450\">St\u00e9phanie<\/strong>\u00a0propose ici un programme adapt\u00e9 aux b\u00e9b\u00e9s, pour (re)d\u00e9couvrir tout en douceur les grands airs de notre belle musique classique.<\/p>\n<p data-start=\"580\" data-end=\"644\">Un moment musical privil\u00e9gi\u00e9 et relaxant pour toute la famille !<\/p>\n<p data-start=\"646\" data-end=\"934\"><strong data-start=\"646\" data-end=\"673\">Pianiste belge renomm\u00e9e<\/strong>\u00a0et laur\u00e9ate de concours internationaux, St\u00e9phanie se produit en r\u00e9cital et avec divers orchestres en Europe et dans le monde. Elle obtient de nombreuses distinctions avec le\u00a0<strong data-start=\"848\" data-end=\"861\">Duo Solot<\/strong>\u00a0et a \u00e0 son actif\u00a0<strong data-start=\"879\" data-end=\"900\">5 enregistrements<\/strong>\u00a0sous le label\u00a0<strong data-start=\"915\" data-end=\"933\">Pavane Records<\/strong>.<\/p>\n<p>Public\u00a0: parents (2 accompagnateurs maximum par enfant) et enfants de 0 \u00e0 3 ans<\/p>\n<p>Jauge : l\u2019acc\u00e8s \u00e0 chacun des deux concerts est limit\u00e9 \u00e0 13 enfants et 17 adultes<\/p>\n<p style=\"text-align: justify;\"><strong>ARTISTES<\/strong><\/p>\n<p style=\"padding-left: 40px;\"><span style=\"color: #ef3740;\"><strong data-start=\"1116\" data-end=\"1132\">St\u00e9phanie Salmin<\/strong><\/span>\u00a0\u2013 Piano<\/p>\n<p style=\"text-align: center;\"><a class=\"btn btn-primary\" style=\"min-width: 100px;\" href=\"https:\/\/www.jeunessesmusicales.be\/bruxelles\/kidzik-nourrissons-concert-parents-bebes-stephanie-salmin-lezards-615\/\" target=\"_blank\" rel=\"noopener noreferrer\">Infos &amp; R\u00e9servations<\/a><\/p>\n<h2><\/h2>\n<p>&nbsp;<\/p>\n<h2><a href=\"https:\/\/my.weezevent.com\/kidzik-2026-graines-de-notes-ateliers-musicaux-parents-bebes?_gl=1*1xb83bd*_gcl_au*NDY3NjQ5NTIwLjE3NjM0NTU0NjUuMTM1NTE4MzA2LjE3NjQwNzY4MzQuMTc2NDA3NjgzNQ..*_ga*MTU2NzY1MzQ5MS4xNzYzNDU1NDY1*_ga_39H9VBFX7G*czE3NjQwNzY4MzMkbzMkZzEkdDE3NjQwNzY4NDckajQ2JGwwJGg1Njk0MTM4MTI.\"><span style=\"color: #ef3740;\">Ateliers \u00ab Graines de son \u00bb <\/span><\/a>\u00a0(28 mars 2026) \u00e0 14h30 et 15h30<\/h2>\n<p><a rel=\"fancybox[12120]\" href=\"https:\/\/my.weezevent.com\/kidzik-2026-graines-de-notes-ateliers-musicaux-parents-bebes?_gl=1*1xb83bd*_gcl_au*NDY3NjQ5NTIwLjE3NjM0NTU0NjUuMTM1NTE4MzA2LjE3NjQwNzY4MzQuMTc2NDA3NjgzNQ..*_ga*MTU2NzY1MzQ5MS4xNzYzNDU1NDY1*_ga_39H9VBFX7G*czE3NjQwNzY4MzMkbzMkZzEkdDE3NjQwNzY4NDckajQ2JGwwJGg1Njk0MTM4MTI.\"><img loading=\"lazy\" decoding=\"async\" class=\"alignleft wp-image-11739 size-full\" src=\"https:\/\/www.jeunessesmusicales.be\/bruxelles\/wp-content\/uploads\/sites\/7\/2025\/10\/photo-atelier-parent-bebe.jpg\" alt=\"\" width=\"300\" height=\"225\" \/ class=\"fancybox\" srcset=\"https:\/\/www.jeunessesmusicales.be\/bruxelles\/wp-content\/uploads\/sites\/7\/2025\/10\/photo-atelier-parent-bebe.jpg 300w, https:\/\/www.jeunessesmusicales.be\/bruxelles\/wp-content\/uploads\/sites\/7\/2025\/10\/photo-atelier-parent-bebe-140x105.jpg 140w\" sizes=\"auto, (max-width: 300px) 100vw, 300px\" \/><\/a><\/p>\n<p><strong>Ateliers d\u2019\u00e9veil musical parents-b\u00e9b\u00e9s<\/strong><\/p>\n<p>Durant ces ateliers, les sens de l\u2019enfant s\u2019\u00e9veillent\u2026 toucher, bouger, chantonner et \u00e9couter. Les Jeunesses Musicales proposent une bulle musicale aux familles pour partager un moment de douceur et d\u00e9couvrir ensemble une palette d\u2019\u00e9motions et de sensations par la musique.<br \/>\nDe petites activit\u00e9s ludiques, comptines, jeux, r\u00e9p\u00e9tition de mouvements, petits rythmes sans oublier la danse sont propos\u00e9es aux familles durant ce temps de pause, loin du monde et de ses tumultes.<\/p>\n<p>Tour \u00e0 tour, joueur d\u2019instruments, chanteur, marionnettiste,\u00a0Thierry Decours\u00a0vous invite \u00e0 planter<br \/>\nune petite graine de musique dans vos oreilles. N\u2019utilisant aucun intrant, ni chimiques ni \u00e9lectriques,<br \/>\nni m\u00eame num\u00e9riques, il est expert en permaculture musicale !<\/p>\n<p>Public\u00a0: parents (2 accompagnateurs maximum par enfant) et enfants de 0 \u00e0 3 ans<\/p>\n<p>Jauge\u00a0: l\u2019acc\u00e8s \u00e0 chaque atelier est imit\u00e9 \u00e0 10 enfants et 15 adultes<\/p>\n<p style=\"text-align: center;\"><a class=\"btn btn-primary\" style=\"min-width: 100px;\" href=\"https:\/\/my.weezevent.com\/kidzik-2026-graines-de-notes-ateliers-musicaux-parents-bebes?_gl=1*1xb83bd*_gcl_au*NDY3NjQ5NTIwLjE3NjM0NTU0NjUuMTM1NTE4MzA2LjE3NjQwNzY4MzQuMTc2NDA3NjgzNQ..*_ga*MTU2NzY1MzQ5MS4xNzYzNDU1NDY1*_ga_39H9VBFX7G*czE3NjQwNzY4MzMkbzMkZzEkdDE3NjQwNzY4NDckajQ2JGwwJGg1Njk0MTM4MTI.\" target=\"_blank\" rel=\"noopener noreferrer\">Infos &amp; R\u00e9servations<\/a><\/p>\n<p>&nbsp;<\/p>\n<p>&nbsp;<\/p>\n<p style=\"text-align: right;\">En partenariat avec :<\/p>\n<p><a rel=\"fancybox[12120]\" href=\"https:\/\/www.jeunessesmusicales.be\/bruxelles\/wp-content\/uploads\/sites\/7\/2025\/03\/Logo-Kidzik-nouille.png\" class=\"fancybox\"><img loading=\"lazy\" decoding=\"async\" class=\"wp-image-11279 alignright\" src=\"https:\/\/www.jeunessesmusicales.be\/bruxelles\/wp-content\/uploads\/sites\/7\/2025\/03\/Logo-Kidzik-nouille-300x300.png\" alt=\"\" width=\"141\" height=\"141\" \/><\/a><\/p>\n","protected":false},"excerpt":{"rendered":"<p>Cette ann\u00e9e encore, les Jeunesses Musicales de Bruxelles s&rsquo;associent au Festival Kidzik pour vous proposer des concerts et ateliers destin\u00e9s &hellip; <a href=\"https:\/\/www.jeunessesmusicales.be\/bruxelles\/concerts\/kidzik-festival\/\" class=\"more-link\">Continue reading <span class=\"screen-reader-text\">Kidzik Festival<\/span><\/a><\/p>\n","protected":false},"author":38,"featured_media":0,"parent":50,"menu_order":0,"comment_status":"closed","ping_status":"closed","template":"","meta":{"_acf_changed":false,"footnotes":""},"class_list":["post-12120","page","type-page","status-publish","hentry"],"acf":[],"aioseo_notices":[],"_links":{"self":[{"href":"https:\/\/www.jeunessesmusicales.be\/bruxelles\/wp-json\/wp\/v2\/pages\/12120","targetHints":{"allow":["GET"]}}],"collection":[{"href":"https:\/\/www.jeunessesmusicales.be\/bruxelles\/wp-json\/wp\/v2\/pages"}],"about":[{"href":"https:\/\/www.jeunessesmusicales.be\/bruxelles\/wp-json\/wp\/v2\/types\/page"}],"author":[{"embeddable":true,"href":"https:\/\/www.jeunessesmusicales.be\/bruxelles\/wp-json\/wp\/v2\/users\/38"}],"replies":[{"embeddable":true,"href":"https:\/\/www.jeunessesmusicales.be\/bruxelles\/wp-json\/wp\/v2\/comments?post=12120"}],"version-history":[{"count":7,"href":"https:\/\/www.jeunessesmusicales.be\/bruxelles\/wp-json\/wp\/v2\/pages\/12120\/revisions"}],"predecessor-version":[{"id":12129,"href":"https:\/\/www.jeunessesmusicales.be\/bruxelles\/wp-json\/wp\/v2\/pages\/12120\/revisions\/12129"}],"up":[{"embeddable":true,"href":"https:\/\/www.jeunessesmusicales.be\/bruxelles\/wp-json\/wp\/v2\/pages\/50"}],"wp:attachment":[{"href":"https:\/\/www.jeunessesmusicales.be\/bruxelles\/wp-json\/wp\/v2\/media?parent=12120"}],"curies":[{"name":"wp","href":"https:\/\/api.w.org\/{rel}","templated":true}]}}