{"id":278,"date":"2023-07-13T09:40:16","date_gmt":"2023-07-13T07:40:16","guid":{"rendered":"http:\/\/www.jeunessesmusicales.be\/bruxelles\/?page_id=278"},"modified":"2025-08-28T12:40:06","modified_gmt":"2025-08-28T10:40:06","slug":"journees-musicales","status":"publish","type":"page","link":"https:\/\/www.jeunessesmusicales.be\/bruxelles\/journees-musicales\/","title":{"rendered":"Journ\u00e9es musicales"},"content":{"rendered":"<h2>\u00c0 partir de 3 ans \/ \u00c0 partir de la M1<\/h2>\n<p style=\"text-align: left;\"><a rel=\"fancybox[278]\" href=\"https:\/\/www.jeunessesmusicales.be\/bruxelles\/wp-content\/uploads\/sites\/7\/2022\/08\/Ateliers-21.jpeg\" class=\"fancybox\"><img loading=\"lazy\" decoding=\"async\" class=\"alignleft size-medium wp-image-8763\" src=\"https:\/\/www.jeunessesmusicales.be\/bruxelles\/wp-content\/uploads\/sites\/7\/2022\/08\/Ateliers-21-300x300.jpeg\" alt=\"\" width=\"300\" height=\"300\" srcset=\"https:\/\/www.jeunessesmusicales.be\/bruxelles\/wp-content\/uploads\/sites\/7\/2022\/08\/Ateliers-21-300x300.jpeg 300w, https:\/\/www.jeunessesmusicales.be\/bruxelles\/wp-content\/uploads\/sites\/7\/2022\/08\/Ateliers-21-150x150.jpeg 150w, https:\/\/www.jeunessesmusicales.be\/bruxelles\/wp-content\/uploads\/sites\/7\/2022\/08\/Ateliers-21-768x768.jpeg 768w, https:\/\/www.jeunessesmusicales.be\/bruxelles\/wp-content\/uploads\/sites\/7\/2022\/08\/Ateliers-21-1024x1024.jpeg 1024w, https:\/\/www.jeunessesmusicales.be\/bruxelles\/wp-content\/uploads\/sites\/7\/2022\/08\/Ateliers-21-105x105.jpeg 105w, https:\/\/www.jeunessesmusicales.be\/bruxelles\/wp-content\/uploads\/sites\/7\/2022\/08\/Ateliers-21-200x200.jpeg 200w, https:\/\/www.jeunessesmusicales.be\/bruxelles\/wp-content\/uploads\/sites\/7\/2022\/08\/Ateliers-21.jpeg 1920w\" sizes=\"auto, (max-width: 300px) 100vw, 300px\" \/><\/a><\/p>\n<p class=\"cvGsUA direction-ltr align-center para-style-body\"><strong><span class=\"a_GcMg font-feature-liga-off font-feature-clig-off font-feature-calt-off text-decoration-none text-strikethrough-none\">Et si votre \u00e9cole se transformait, le temps d\u2019une journ\u00e9e, en v\u00e9ritable sc\u00e8ne musicale ?<\/span><\/strong><\/p>\n<p class=\"cvGsUA direction-ltr align-justify para-style-body\"><span class=\"a_GcMg font-feature-liga-off font-feature-clig-off font-feature-calt-off text-decoration-none text-strikethrough-none\">Nous vous invitons \u00e0 vivre une exp\u00e9rience immersive alliant ateliers musicaux participatifs et concerts ou spectacles vivants, pour une d\u00e9couverte joyeuse et sensible des arts sonores.<\/span><\/p>\n<p class=\"cvGsUA direction-ltr align-justify para-style-body\"><span class=\"a_GcMg font-feature-liga-off font-feature-clig-off font-feature-calt-off text-decoration-none text-strikethrough-none\">Pens\u00e9es comme une v\u00e9ritable f\u00eate de la musique \u00e0 l\u2019\u00e9cole, ces journ\u00e9es permettent aux \u00e9l\u00e8ves d\u2019explorer diff\u00e9rentes formes artistiques \u00e0 travers la pratique, l\u2019\u00e9coute et l\u2019\u00e9change. Le contenu des ateliers est construit en lien avec le spectacle ou concert choisi (voir programmation 2025-26) et adapt\u00e9 au nombre de classes participantes.<\/span><\/p>\n<p class=\"cvGsUA direction-ltr align-justify para-style-body\"><span class=\"a_GcMg font-feature-liga-off font-feature-clig-off font-feature-calt-off text-decoration-none text-strikethrough-none\">Une fa\u00e7on concr\u00e8te, vivante et inclusive de tisser des ponts entre apprentissage artistique, ouverture culturelle et plaisir de cr\u00e9er ensemble.<\/span><\/p>\n<table style=\"width: 100%; border-collapse: collapse; border-style: outset; border-color: #71757e;\">\n<tbody>\n<tr>\n<td style=\"width: 100%; text-align: center;\"><span style=\"color: #ef3740;\"><strong><a style=\"color: #ef3740;\" href=\"https:\/\/www.youtube.com\/watch?v=H0Lxz9m5PN4\">D\u00c9COUVREZ NOS JOURN\u00c9ES MUSICALES EN IMAGES<\/a> <\/strong><\/span><\/td>\n<\/tr>\n<\/tbody>\n<\/table>\n<p class=\"p1\"><span style=\"color: #344149;\"><strong>EN PRATIQUE<\/strong><\/span><\/p>\n<p class=\"p1\" style=\"padding-left: 40px; text-align: justify;\"><span style=\"color: #344149;\">\u2192 Les deux activit\u00e9s (s\u00e9rie d\u2019ateliers et concerts\/spectacles) sont organis\u00e9es sur une journ\u00e9e compl\u00e8te pour plusieurs classes ;<\/span><br \/>\n<span style=\"color: #344149;\">\u2192 Les ateliers sont g\u00e9n\u00e9ralement dispens\u00e9s en amont des concerts\/spectacle (le matin) afin de favoriser l\u2019\u00e9coute des \u00e9l\u00e8ves et d\u00e9velopper leur esprit critique avant le concert\/spectacle (qui se tient alors l\u2019apr\u00e8s-midi).<\/span><br \/>\n<span style=\"color: #344149;\">\u2192 En concertation avec les professeurs, un planning est \u00e9labor\u00e9 pour que les ateliers soient dispens\u00e9s en parall\u00e8le aux diff\u00e9rentes classes et que chaque \u00e9l\u00e8ve exp\u00e9rimente l\u2019ensemble des ateliers propos\u00e9s.<\/span><br \/>\n<span style=\"color: #344149;\">\u2192 Pour le concert\/spectacle, les \u00e9l\u00e8ves sont rassembl\u00e9s par groupes de 4 ou 5 classes pour assister \u00e0 un ou plusieurs concerts\/spectacles, propos\u00e9s sur base de la brochure de la programmation 2023-24 des Jeunesses Musicales.<\/span><\/p>\n<table style=\"border-collapse: collapse; width: 100%; height: 10px;\">\n<tbody>\n<tr style=\"height: 43px;\">\n<td style=\"width: 457px; height: 10px; border-color: #ee4000; border-style: solid; text-align: center;\">\n<p class=\"p1\"><strong><span style=\"color: #ef3740;\">TARIF<\/span><\/strong><br \/>\n71\u20ac par s\u00e9ance d\u2019atelier soit 3,55 \u20ac par enfant pour une classe de 20 \u00e9l\u00e8ves <em>(le tarif de nos ateliers reste le m\u00eame quel que soit le nombre d&rsquo;\u00e9l\u00e8ves dans la classe)<\/em><\/p>\n<p class=\"p2\">Prix des concerts\/spectacles indiqu\u00e9s dans la\u00a0<a href=\"https:\/\/www.jeunessesmusicales.be\/bruxelles\/wp-content\/uploads\/sites\/7\/2025\/08\/Brochure-JM-25-26-Light.pdf\">brochure de la programmation 2025-26 <\/a>ou en <a href=\"https:\/\/jeunessesmusicales.be\/blog\/category\/artistes\/saisons\/saison-25-26\/\">ligne sur notre site internet<\/a><\/p>\n<\/td>\n<\/tr>\n<\/tbody>\n<\/table>\n<h5 class=\"p1\" style=\"text-align: center;\"><strong><span style=\"color: #ef3740;\">Pour organiser une journ\u00e9e musicale, \u00e9crivez-nous \u00e0 <\/span><a href=\"mailto:jmbxl@jeunessesmusicales.be\"><span style=\"color: #ef3740;\">jmbxl@jeunessesmusicales.be<\/span><\/a><\/strong><\/h5>\n<p style=\"text-align: center;\"><span style=\"color: #ef3740;\"><em>\u00a0<\/em><\/span><\/p>\n","protected":false},"excerpt":{"rendered":"<p>\u00c0 partir de 3 ans \/ \u00c0 partir de la M1 Et si votre \u00e9cole se transformait, le temps d\u2019une &hellip; <a href=\"https:\/\/www.jeunessesmusicales.be\/bruxelles\/journees-musicales\/\" class=\"more-link\">Continue reading <span class=\"screen-reader-text\">Journ\u00e9es musicales<\/span><\/a><\/p>\n","protected":false},"author":38,"featured_media":0,"parent":0,"menu_order":0,"comment_status":"closed","ping_status":"closed","template":"","meta":{"_acf_changed":false,"footnotes":""},"class_list":["post-278","page","type-page","status-publish","hentry"],"acf":[],"aioseo_notices":[],"_links":{"self":[{"href":"https:\/\/www.jeunessesmusicales.be\/bruxelles\/wp-json\/wp\/v2\/pages\/278","targetHints":{"allow":["GET"]}}],"collection":[{"href":"https:\/\/www.jeunessesmusicales.be\/bruxelles\/wp-json\/wp\/v2\/pages"}],"about":[{"href":"https:\/\/www.jeunessesmusicales.be\/bruxelles\/wp-json\/wp\/v2\/types\/page"}],"author":[{"embeddable":true,"href":"https:\/\/www.jeunessesmusicales.be\/bruxelles\/wp-json\/wp\/v2\/users\/38"}],"replies":[{"embeddable":true,"href":"https:\/\/www.jeunessesmusicales.be\/bruxelles\/wp-json\/wp\/v2\/comments?post=278"}],"version-history":[{"count":57,"href":"https:\/\/www.jeunessesmusicales.be\/bruxelles\/wp-json\/wp\/v2\/pages\/278\/revisions"}],"predecessor-version":[{"id":11968,"href":"https:\/\/www.jeunessesmusicales.be\/bruxelles\/wp-json\/wp\/v2\/pages\/278\/revisions\/11968"}],"wp:attachment":[{"href":"https:\/\/www.jeunessesmusicales.be\/bruxelles\/wp-json\/wp\/v2\/media?parent=278"}],"curies":[{"name":"wp","href":"https:\/\/api.w.org\/{rel}","templated":true}]}}