{"id":2832,"date":"2023-07-17T11:00:05","date_gmt":"2023-07-17T09:00:05","guid":{"rendered":"http:\/\/www.jeunessesmusicales.be\/bruxelles\/activites-publiques\/evenements-et-partenariats\/festival-musiq-3-copy\/"},"modified":"2025-11-13T09:51:20","modified_gmt":"2025-11-13T08:51:20","slug":"concerts-en-famille-lorchestre-a-la-portee-des-enfants","status":"publish","type":"page","link":"https:\/\/www.jeunessesmusicales.be\/bruxelles\/concerts-en-famille-lorchestre-a-la-portee-des-enfants\/","title":{"rendered":"Concerts en famille &#8211; L&rsquo;Orchestre \u00e0 la Port\u00e9e des Enfants"},"content":{"rendered":"<p style=\"text-align: justify;\">Avec une mise en sc\u00e8ne et une sc\u00e9nographie originales, les spectacles de \u201cL\u2019Orchestre \u00e0 la Port\u00e9e des Enfants\u201d sont pr\u00e9sent\u00e9s par un ou plusieurs com\u00e9diens de renom, avec la complicit\u00e9 de l\u2019Orchestre Philharmonique Royal de Li\u00e8ge, et proposent au jeune public de d\u00e9couvrir en famille des \u0153uvres du r\u00e9pertoire symphonique (d\u00e8s 5 ans).<\/p>\n<p>&nbsp;<\/p>\n<h2><a href=\"https:\/\/www.jeunessesmusicales.be\/bruxelles\/lorchestre-a-la-portee-des-enfants-peter-pan-bozar-2\/\"><span style=\"color: #ef3740;\">Peter Pan @Bozar<\/span><\/a> (22 novembre 2025) \u00e0 17h et 19h<\/h2>\n<p><a rel=\"fancybox[2832]\" href=\"https:\/\/www.jeunessesmusicales.be\/bruxelles\/lorchestre-a-la-portee-des-enfants-peter-pan-bozar-2\/\"><img loading=\"lazy\" decoding=\"async\" class=\"alignleft wp-image-11504 size-medium\" src=\"https:\/\/www.jeunessesmusicales.be\/bruxelles\/wp-content\/uploads\/sites\/7\/2025\/06\/Peter-pan-300x133.jpeg\" alt=\"\" width=\"300\" height=\"133\" \/ class=\"fancybox\" srcset=\"https:\/\/www.jeunessesmusicales.be\/bruxelles\/wp-content\/uploads\/sites\/7\/2025\/06\/Peter-pan-300x133.jpeg 300w, https:\/\/www.jeunessesmusicales.be\/bruxelles\/wp-content\/uploads\/sites\/7\/2025\/06\/Peter-pan-1024x455.jpeg 1024w, https:\/\/www.jeunessesmusicales.be\/bruxelles\/wp-content\/uploads\/sites\/7\/2025\/06\/Peter-pan-768x341.jpeg 768w, https:\/\/www.jeunessesmusicales.be\/bruxelles\/wp-content\/uploads\/sites\/7\/2025\/06\/Peter-pan-1536x683.jpeg 1536w, https:\/\/www.jeunessesmusicales.be\/bruxelles\/wp-content\/uploads\/sites\/7\/2025\/06\/Peter-pan-150x67.jpeg 150w, https:\/\/www.jeunessesmusicales.be\/bruxelles\/wp-content\/uploads\/sites\/7\/2025\/06\/Peter-pan.jpeg 1800w\" sizes=\"auto, (max-width: 300px) 100vw, 300px\" \/><\/a>S\u2019il est un enfant qui refuse de grandir, c\u2019est bien Peter Pan ! R\u00eaver sa vie en couleur, c\u2019est son credo, et avec une pinc\u00e9e de poussi\u00e8re de f\u00e9e, c\u2019est tout l\u2019Orchestre qu\u2019il emm\u00e8ne au Pays imaginaire. Sir\u00e8nes, enfants perdus et indiens vous y attendent, pr\u00eats \u00e0 se rebeller contre le Capitaine Crochet et sa bande de vieux pirates qui ont oubli\u00e9 de garder leurs c\u0153urs d\u2019enfants. Tic, Tac, Tic, Tac (comme dirait le croco, le croco, le crocodile !), envolez-vous vite, et suivez la deuxi\u00e8me \u00e9toile \u00e0 droite, puis tout droit jusqu\u2019au matin.<\/p>\n<p>Et tous \u00e0 la file indienne, s\u2019il vous pla\u00eet !\u00a0Que l&rsquo;aventure commence !<\/p>\n<ul>\n<li style=\"list-style-type: none;\">\n<ul>\n<li style=\"list-style-type: none;\">\n<ul>\n<li><span style=\"color: #ef3740;\">Orchestre Philharmonique Royal de Li\u00e8ge<\/span><\/li>\n<li><span style=\"color: #ef3740;\">Direction<\/span> : Roos Jamie COLLINS<\/li>\n<li><span style=\"color: #ef3740;\">Mise en sc\u00e8ne<\/span>\u00a0: Emmanuel Guillaume<\/li>\n<li><span style=\"color: #ef3740;\">Avec :<\/span> Etienne Van der Belen, Nicolas Ossowski et Camille Ras\u00e9ra<\/li>\n<li><span style=\"color: #ef3740;\">Sc\u00e9nographie et costumes<\/span> : Satu Peltoniemi<\/li>\n<\/ul>\n<\/li>\n<\/ul>\n<\/li>\n<\/ul>\n<p><strong>Programme musical :\u00a0<\/strong><\/p>\n<ul>\n<li>DUKAS, L&rsquo;apprenti sorcier, extrait<\/li>\n<li>JONGEN, Petite Suite op. 75<\/li>\n<li>WARLOCK Capriol, Suite<\/li>\n<\/ul>\n<p style=\"text-align: center;\"><a class=\"btn btn-primary\" style=\"min-width: 100px;\" href=\"https:\/\/www.bozar.be\/fr\/calendrier\/peter-pan-0\" target=\"_blank\" rel=\"noopener noreferrer\">R\u00e9servations<\/a><\/p>\n<p><span style=\"color: #ffffff;\">.<\/span><\/p>\n<h2><span style=\"color: #ef3740;\"><a href=\"https:\/\/www.jeunessesmusicales.be\/bruxelles\/lorchestre-a-la-portee-des-enfants-carmen-loiseau-rebelle-flagey\/\">Carmen, l\u2019oiseau rebelle @Flagey<\/a> <span style=\"color: #2d353a;\">(14<\/span><\/span><span style=\"color: #2d353a;\"> mars<\/span> 2026) \u00e0 11h et 14h<\/h2>\n<p><a rel=\"fancybox[2832]\" href=\"https:\/\/www.jeunessesmusicales.be\/bruxelles\/lorchestre-a-la-portee-des-enfants-carmen-loiseau-rebelle-flagey\/\"><img loading=\"lazy\" decoding=\"async\" class=\"alignleft wp-image-11697 size-medium\" src=\"https:\/\/www.jeunessesmusicales.be\/bruxelles\/wp-content\/uploads\/sites\/7\/2025\/08\/Carmen_V2-1-300x100.jpeg\" alt=\"\" width=\"300\" height=\"100\" \/ class=\"fancybox\" srcset=\"https:\/\/www.jeunessesmusicales.be\/bruxelles\/wp-content\/uploads\/sites\/7\/2025\/08\/Carmen_V2-1-300x100.jpeg 300w, https:\/\/www.jeunessesmusicales.be\/bruxelles\/wp-content\/uploads\/sites\/7\/2025\/08\/Carmen_V2-1-1024x341.jpeg 1024w, https:\/\/www.jeunessesmusicales.be\/bruxelles\/wp-content\/uploads\/sites\/7\/2025\/08\/Carmen_V2-1-768x256.jpeg 768w, https:\/\/www.jeunessesmusicales.be\/bruxelles\/wp-content\/uploads\/sites\/7\/2025\/08\/Carmen_V2-1-150x50.jpeg 150w, https:\/\/www.jeunessesmusicales.be\/bruxelles\/wp-content\/uploads\/sites\/7\/2025\/08\/Carmen_V2-1.jpeg 1152w\" sizes=\"auto, (max-width: 300px) 100vw, 300px\" \/><\/a><\/p>\n<p>Connaissez-vous l\u2019histoire de Carmen, cette boh\u00e9mienne libre et intr\u00e9pide\u00a0? Courtis\u00e9e par Don Jos\u00e9, l\u2019officier \u00e9perdument amoureux, et par le fier tor\u00e9ador Escamillo, elle fait tourner bien des t\u00eates\u2026 Ce n\u2019est pourtant pas de sa faute si sa beaut\u00e9 enivre ceux qui la croisent\u00a0: Carmen veut simplement vivre libre, m\u00eame hors-la-loi, comme elle l\u2019entend.\u00a0Entre amour, jalousie et drame cruel\u00a0: vibrez au son de la c\u00e9l\u00e8bre\u00a0<em>Habanera<\/em>\u00a0et de la\u00a0<em>Chanson du Tor\u00e9ador<\/em> de Bizet, et accompagnez l\u2019OPRL dans cette aventure \u00e0\u00a0la fois flamboyante et tragique. Un spectacle vivant, plein de surprises, qui traverse l\u2019incroyable destin de cette h\u00e9ro\u00efne d\u2019op\u00e9ra devenue l\u00e9gende.<\/p>\n<ul>\n<li style=\"list-style-type: none;\">\n<ul>\n<li style=\"list-style-type: none;\">\n<ul>\n<li><span style=\"color: #ef3740;\">Orchestre Philharmonique Royal de Li\u00e8ge<\/span><\/li>\n<li><span style=\"color: #ef3740;\">Direction<\/span>\u00a0: S\u00e9bastien Lemaire<\/li>\n<li><span style=\"color: #ef3740;\">Dramaturgie et mise en sc\u00e8ne<\/span> : Sophie van der Stegen (Cie Artichoke)<\/li>\n<li><span style=\"color: #ef3740;\">Dramaturgie et \u0153il ext\u00e9rieur<\/span> : Michael Hottier et Aur\u00e9lien Oudot (Cie Back Pocket)<\/li>\n<li><span style=\"color: #ef3740;\">Interpr\u00e8tes<\/span> : Aur\u00e9lien Oudot, Catarinal Vilas Boas et Jay Lorenzo<\/li>\n<li><span style=\"color: #ef3740;\">Sc\u00e9nographie et costumes<\/span>\u00a0: Sarah Brunori<\/li>\n<\/ul>\n<\/li>\n<\/ul>\n<\/li>\n<\/ul>\n<p style=\"text-align: center;\"><a class=\"btn btn-primary\" style=\"min-width: 100px;\" href=\"https:\/\/www.flagey.be\/fr\/activity\/12716-carmen-l-oiseau-rebelle-l-orchestre-a-la-portee-des-enfants-junior-5\" target=\"_blank\" rel=\"noopener noreferrer\">R\u00e9servations<\/a><\/p>\n<p>&nbsp;<\/p>\n<p><strong>Une coproduction de l\u2019Orchestre Philharmonique Royal de Li\u00e8ge et des Jeunesses Musicales de Li\u00e8ge et de Bruxelles.<\/strong><\/p>\n<p style=\"text-align: center;\">\n","protected":false},"excerpt":{"rendered":"<p>Avec une mise en sc\u00e8ne et une sc\u00e9nographie originales, les spectacles de \u201cL\u2019Orchestre \u00e0 la Port\u00e9e des Enfants\u201d sont pr\u00e9sent\u00e9s &hellip; <a href=\"https:\/\/www.jeunessesmusicales.be\/bruxelles\/concerts-en-famille-lorchestre-a-la-portee-des-enfants\/\" class=\"more-link\">Continue reading <span class=\"screen-reader-text\">Concerts en famille &#8211; L&rsquo;Orchestre \u00e0 la Port\u00e9e des Enfants<\/span><\/a><\/p>\n","protected":false},"author":38,"featured_media":0,"parent":0,"menu_order":0,"comment_status":"closed","ping_status":"closed","template":"","meta":{"_acf_changed":false,"footnotes":""},"class_list":["post-2832","page","type-page","status-publish","hentry"],"acf":[],"aioseo_notices":[],"_links":{"self":[{"href":"https:\/\/www.jeunessesmusicales.be\/bruxelles\/wp-json\/wp\/v2\/pages\/2832","targetHints":{"allow":["GET"]}}],"collection":[{"href":"https:\/\/www.jeunessesmusicales.be\/bruxelles\/wp-json\/wp\/v2\/pages"}],"about":[{"href":"https:\/\/www.jeunessesmusicales.be\/bruxelles\/wp-json\/wp\/v2\/types\/page"}],"author":[{"embeddable":true,"href":"https:\/\/www.jeunessesmusicales.be\/bruxelles\/wp-json\/wp\/v2\/users\/38"}],"replies":[{"embeddable":true,"href":"https:\/\/www.jeunessesmusicales.be\/bruxelles\/wp-json\/wp\/v2\/comments?post=2832"}],"version-history":[{"count":151,"href":"https:\/\/www.jeunessesmusicales.be\/bruxelles\/wp-json\/wp\/v2\/pages\/2832\/revisions"}],"predecessor-version":[{"id":12103,"href":"https:\/\/www.jeunessesmusicales.be\/bruxelles\/wp-json\/wp\/v2\/pages\/2832\/revisions\/12103"}],"wp:attachment":[{"href":"https:\/\/www.jeunessesmusicales.be\/bruxelles\/wp-json\/wp\/v2\/media?parent=2832"}],"curies":[{"name":"wp","href":"https:\/\/api.w.org\/{rel}","templated":true}]}}