{"id":4333,"date":"2023-07-20T10:28:05","date_gmt":"2023-07-20T08:28:05","guid":{"rendered":"https:\/\/www.jeunessesmusicales.be\/bruxelles\/?page_id=4333"},"modified":"2025-08-28T12:50:25","modified_gmt":"2025-08-28T10:50:25","slug":"reservations","status":"publish","type":"page","link":"https:\/\/www.jeunessesmusicales.be\/bruxelles\/reservations\/","title":{"rendered":"R\u00e9servations"},"content":{"rendered":"<p style=\"text-align: justify;\"><strong>Vous pouvez r\u00e9servez ci-dessous vos places pour plusieurs de nos activit\u00e9s. <\/strong><\/p>\n<p style=\"text-align: justify;\"><strong><em>Si certaines r\u00e9servations n&rsquo;apparaissent pas ci-dessous, c&rsquo;est que les achats de places se font sur les sites de nos partenaires, rendez-vous alors sur la page de l&rsquo;\u00e9v\u00e9nement et le lien pour les r\u00e9servations sera indiqu\u00e9 dedans.<\/em><br \/>\n<\/strong><\/p>\n<p style=\"text-align: center;\">Possibilit\u00e9 d\u2019achat de places Art.27 (1,25 \u20ac par personne) : contactez-nous par mail \u00e0 <a href=\"mailto:jmbxl@jeunessesmusicales.be\">jmbxl@jeunessesmusicales.be<\/a> ou par t\u00e9l\u00e9phone au 02 897 01 70.<\/p>\n<p style=\"text-align: center;\"><span style=\"color: #9d9d9d;\"><em>Le navigateur \u00ab\u00a0Chrome\u00a0\u00bb semble poser probl\u00e8me pour les r\u00e9servations. Nous vous conseillons d&rsquo;utiliser un autre browser.<\/em><\/span><\/p>\n<p style=\"text-align: center;\">Veuillez noter que des frais de billetterie (0,99\u20ac ou plus) s&rsquo;appliqueront pour chaque billet achet\u00e9.<br \/>\nLes billets ne sont ni \u00e9changeables ni remboursables sauf en cas d&rsquo;annulation du concert ou de l&rsquo;\u00e9v\u00e9nement par l&rsquo;organisateur.<\/p>\n<p style=\"text-align: center;\"><a href=\"https:\/\/www.jeunessesmusicales.be\/bruxelles\/wp-content\/uploads\/sites\/7\/2025\/08\/Programmation-JMBXL-25-26.pdf\">Consultez ou t\u00e9l\u00e9chargez <span style=\"color: #ef3740;\">ICI<\/span> notre programmation compl\u00e8te pour la saison 2025-26<\/a><\/p>\n<p>&nbsp;<\/p>\n<p><span style=\"color: #ef3740;\"><strong>PROCHAINS EVENEMENTS<\/strong><\/span><\/p>\n<p><iframe loading=\"lazy\" id=\"weezmulti\" class=\"weezmulticlass\" src=\"https:\/\/www.weezevent.com\/widget_multi.php?149753.1.1\" width=\"100%\" height=\"100%\" frameborder=\"0\" scrolling=\"auto\"><\/iframe><script type=\"text\/javascript\" src=\"https:\/\/www.weezevent.com\/js\/multi\/multi.js\"><\/script><\/p>\n<div id=\"ConnectiveDocSignExtentionInstalled\" data-extension-version=\"1.0.4\"><\/div>\n","protected":false},"excerpt":{"rendered":"<p>Vous pouvez r\u00e9servez ci-dessous vos places pour plusieurs de nos activit\u00e9s. Si certaines r\u00e9servations n&rsquo;apparaissent pas ci-dessous, c&rsquo;est que les &hellip; <a href=\"https:\/\/www.jeunessesmusicales.be\/bruxelles\/reservations\/\" class=\"more-link\">Continue reading <span class=\"screen-reader-text\">R\u00e9servations<\/span><\/a><\/p>\n","protected":false},"author":38,"featured_media":0,"parent":0,"menu_order":0,"comment_status":"closed","ping_status":"closed","template":"","meta":{"_acf_changed":false,"footnotes":""},"class_list":["post-4333","page","type-page","status-publish","hentry"],"acf":[],"aioseo_notices":[],"_links":{"self":[{"href":"https:\/\/www.jeunessesmusicales.be\/bruxelles\/wp-json\/wp\/v2\/pages\/4333","targetHints":{"allow":["GET"]}}],"collection":[{"href":"https:\/\/www.jeunessesmusicales.be\/bruxelles\/wp-json\/wp\/v2\/pages"}],"about":[{"href":"https:\/\/www.jeunessesmusicales.be\/bruxelles\/wp-json\/wp\/v2\/types\/page"}],"author":[{"embeddable":true,"href":"https:\/\/www.jeunessesmusicales.be\/bruxelles\/wp-json\/wp\/v2\/users\/38"}],"replies":[{"embeddable":true,"href":"https:\/\/www.jeunessesmusicales.be\/bruxelles\/wp-json\/wp\/v2\/comments?post=4333"}],"version-history":[{"count":28,"href":"https:\/\/www.jeunessesmusicales.be\/bruxelles\/wp-json\/wp\/v2\/pages\/4333\/revisions"}],"predecessor-version":[{"id":11972,"href":"https:\/\/www.jeunessesmusicales.be\/bruxelles\/wp-json\/wp\/v2\/pages\/4333\/revisions\/11972"}],"wp:attachment":[{"href":"https:\/\/www.jeunessesmusicales.be\/bruxelles\/wp-json\/wp\/v2\/media?parent=4333"}],"curies":[{"name":"wp","href":"https:\/\/api.w.org\/{rel}","templated":true}]}}