{"id":4453,"date":"2023-07-13T09:25:11","date_gmt":"2023-07-13T07:25:11","guid":{"rendered":"https:\/\/www.jeunessesmusicales.be\/bruxelles\/?page_id=4453"},"modified":"2025-08-09T18:38:34","modified_gmt":"2025-08-09T16:38:34","slug":"sorties-scolaires-musee-charlier","status":"publish","type":"page","link":"https:\/\/www.jeunessesmusicales.be\/bruxelles\/sorties-scolaires\/sorties-scolaires-musee-charlier\/","title":{"rendered":"Sorties scolaires @Mus\u00e9e Charlier"},"content":{"rendered":"<p style=\"text-align: justify;\">Les Jeunesses Musicales de Bruxelles et le Mus\u00e9e Charlier travaillent en collaboration depuis de nombreuses ann\u00e9es pour offrir aux \u00e9l\u00e8ves de la commune de Saint-Josse des spectacles de qualit\u00e9 qui font le bonheur des petits et des grands.<\/p>\n<p style=\"text-align: justify;\">Une s\u00e9rie de concerts des Jeunesses Musicales sont programm\u00e9s chaque saison au Mus\u00e9e. La programmation est choisie pour qu\u2019une grande vari\u00e9t\u00e9 de styles et de cultures musicaux soient pr\u00e9sent\u00e9s.<\/p>\n<p>&nbsp;<\/p>\n<p><a rel=\"fancybox[4453]\" href=\"https:\/\/www.jeunessesmusicales.be\/bruxelles\/le-ba-ya-trio-pas-de-trois-musee-charlier\/\" target=\"_blank\" rel=\"noopener\"><img loading=\"lazy\" decoding=\"async\" class=\"wp-image-11655 size-full alignnone\" src=\"https:\/\/www.jeunessesmusicales.be\/bruxelles\/wp-content\/uploads\/sites\/7\/2025\/12\/Ba-ya-Charlier-scolaire.png\" alt=\"\" width=\"300\" height=\"271\" \/ class=\"fancybox\" srcset=\"https:\/\/www.jeunessesmusicales.be\/bruxelles\/wp-content\/uploads\/sites\/7\/2025\/12\/Ba-ya-Charlier-scolaire.png 300w, https:\/\/www.jeunessesmusicales.be\/bruxelles\/wp-content\/uploads\/sites\/7\/2025\/12\/Ba-ya-Charlier-scolaire-116x105.png 116w\" sizes=\"auto, (max-width: 300px) 100vw, 300px\" \/><\/a><a rel=\"fancybox[4453]\" href=\"https:\/\/www.jeunessesmusicales.be\/bruxelles\/victor-somma-minimal-dreams-musee-charlier\/\" target=\"_blank\" rel=\"noopener\"><img loading=\"lazy\" decoding=\"async\" class=\"alignnone wp-image-11650 size-full\" src=\"https:\/\/www.jeunessesmusicales.be\/bruxelles\/wp-content\/uploads\/sites\/7\/2025\/08\/Victor-Somma-Charlier-scolaire.png\" alt=\"\" width=\"300\" height=\"271\" \/ class=\"fancybox\" srcset=\"https:\/\/www.jeunessesmusicales.be\/bruxelles\/wp-content\/uploads\/sites\/7\/2025\/08\/Victor-Somma-Charlier-scolaire.png 300w, https:\/\/www.jeunessesmusicales.be\/bruxelles\/wp-content\/uploads\/sites\/7\/2025\/08\/Victor-Somma-Charlier-scolaire-116x105.png 116w\" sizes=\"auto, (max-width: 300px) 100vw, 300px\" \/><\/a><\/p>\n<p><a rel=\"fancybox[4453]\" href=\"https:\/\/www.jeunessesmusicales.be\/bruxelles\/les-grandes-moustaches-musiques-bavardes-musee-charlier\/\" target=\"_blank\" rel=\"noopener\"><img loading=\"lazy\" decoding=\"async\" class=\"wp-image-11656 size-full alignnone\" src=\"https:\/\/www.jeunessesmusicales.be\/bruxelles\/wp-content\/uploads\/sites\/7\/2025\/12\/Grandes-moustaches-Charlier-scolaire.png\" alt=\"\" width=\"300\" height=\"271\" \/ class=\"fancybox\" srcset=\"https:\/\/www.jeunessesmusicales.be\/bruxelles\/wp-content\/uploads\/sites\/7\/2025\/12\/Grandes-moustaches-Charlier-scolaire.png 300w, https:\/\/www.jeunessesmusicales.be\/bruxelles\/wp-content\/uploads\/sites\/7\/2025\/12\/Grandes-moustaches-Charlier-scolaire-116x105.png 116w\" sizes=\"auto, (max-width: 300px) 100vw, 300px\" \/><\/a><a rel=\"fancybox[4453]\" href=\"https:\/\/www.jeunessesmusicales.be\/bruxelles\/entre-2-silences-musee-charlier\/\" target=\"_blank\" rel=\"noopener\"><img loading=\"lazy\" decoding=\"async\" class=\"alignnone wp-image-11658 size-full\" src=\"https:\/\/www.jeunessesmusicales.be\/bruxelles\/wp-content\/uploads\/sites\/7\/2025\/08\/Entre-2-silences-charlier-scolaire.png\" alt=\"\" width=\"300\" height=\"271\" \/ class=\"fancybox\" srcset=\"https:\/\/www.jeunessesmusicales.be\/bruxelles\/wp-content\/uploads\/sites\/7\/2025\/08\/Entre-2-silences-charlier-scolaire.png 300w, https:\/\/www.jeunessesmusicales.be\/bruxelles\/wp-content\/uploads\/sites\/7\/2025\/08\/Entre-2-silences-charlier-scolaire-116x105.png 116w\" sizes=\"auto, (max-width: 300px) 100vw, 300px\" \/><\/a><\/p>\n<p><a rel=\"fancybox[4453]\" href=\"https:\/\/www.jeunessesmusicales.be\/bruxelles\/zouratie-kone-waati-musee-charlier\/\" target=\"_blank\" rel=\"noopener\"><img loading=\"lazy\" decoding=\"async\" class=\"alignnone wp-image-11661 size-full\" src=\"https:\/\/www.jeunessesmusicales.be\/bruxelles\/wp-content\/uploads\/sites\/7\/2025\/08\/Zouratie-Charlier-scolaire.png\" alt=\"\" width=\"300\" height=\"271\" \/ class=\"fancybox\" srcset=\"https:\/\/www.jeunessesmusicales.be\/bruxelles\/wp-content\/uploads\/sites\/7\/2025\/08\/Zouratie-Charlier-scolaire.png 300w, https:\/\/www.jeunessesmusicales.be\/bruxelles\/wp-content\/uploads\/sites\/7\/2025\/08\/Zouratie-Charlier-scolaire-116x105.png 116w\" sizes=\"auto, (max-width: 300px) 100vw, 300px\" \/><\/a><a rel=\"fancybox[4453]\" href=\"https:\/\/www.jeunessesmusicales.be\/bruxelles\/piwi-leman-le-ptit-bal-des-orignals-musee-charlier\/\" target=\"_blank\" rel=\"noopener\"><img loading=\"lazy\" decoding=\"async\" class=\"wp-image-11664 size-full alignnone\" src=\"https:\/\/www.jeunessesmusicales.be\/bruxelles\/wp-content\/uploads\/sites\/7\/2025\/08\/Piwi-Charlier-scolaire.png\" alt=\"\" width=\"300\" height=\"271\" \/ class=\"fancybox\" srcset=\"https:\/\/www.jeunessesmusicales.be\/bruxelles\/wp-content\/uploads\/sites\/7\/2025\/08\/Piwi-Charlier-scolaire.png 300w, https:\/\/www.jeunessesmusicales.be\/bruxelles\/wp-content\/uploads\/sites\/7\/2025\/08\/Piwi-Charlier-scolaire-116x105.png 116w\" sizes=\"auto, (max-width: 300px) 100vw, 300px\" \/><\/a><\/p>\n<p>&nbsp;<\/p>\n<p>&nbsp;<\/p>\n<p style=\"text-align: right;\">En partenariat avec :<\/p>\n<p style=\"text-align: right;\"><a rel=\"fancybox[4453]\" href=\"http:\/\/www.charliermuseum.be\/fr\/\" target=\"_blank\" rel=\"noopener\"><img loading=\"lazy\" decoding=\"async\" class=\"alignright wp-image-8541\" src=\"https:\/\/www.jeunessesmusicales.be\/bruxelles\/wp-content\/uploads\/sites\/7\/2022\/08\/Muse\u0301e_Charlier_logo-removebg-preview-300x109.png\" alt=\"\" width=\"97\" height=\"35\" \/ class=\"fancybox\" srcset=\"https:\/\/www.jeunessesmusicales.be\/bruxelles\/wp-content\/uploads\/sites\/7\/2022\/08\/Muse\u0301e_Charlier_logo-removebg-preview-300x109.png 300w, https:\/\/www.jeunessesmusicales.be\/bruxelles\/wp-content\/uploads\/sites\/7\/2022\/08\/Muse\u0301e_Charlier_logo-removebg-preview-150x54.png 150w, https:\/\/www.jeunessesmusicales.be\/bruxelles\/wp-content\/uploads\/sites\/7\/2022\/08\/Muse\u0301e_Charlier_logo-removebg-preview.png 763w\" sizes=\"auto, (max-width: 97px) 100vw, 97px\" \/><\/a><\/p>\n","protected":false},"excerpt":{"rendered":"<p>Les Jeunesses Musicales de Bruxelles et le Mus\u00e9e Charlier travaillent en collaboration depuis de nombreuses ann\u00e9es pour offrir aux \u00e9l\u00e8ves &hellip; <a href=\"https:\/\/www.jeunessesmusicales.be\/bruxelles\/sorties-scolaires\/sorties-scolaires-musee-charlier\/\" class=\"more-link\">Continue reading <span class=\"screen-reader-text\">Sorties scolaires @Mus\u00e9e Charlier<\/span><\/a><\/p>\n","protected":false},"author":38,"featured_media":0,"parent":120,"menu_order":0,"comment_status":"closed","ping_status":"closed","template":"","meta":{"_acf_changed":false,"footnotes":""},"class_list":["post-4453","page","type-page","status-publish","hentry"],"acf":[],"aioseo_notices":[],"_links":{"self":[{"href":"https:\/\/www.jeunessesmusicales.be\/bruxelles\/wp-json\/wp\/v2\/pages\/4453","targetHints":{"allow":["GET"]}}],"collection":[{"href":"https:\/\/www.jeunessesmusicales.be\/bruxelles\/wp-json\/wp\/v2\/pages"}],"about":[{"href":"https:\/\/www.jeunessesmusicales.be\/bruxelles\/wp-json\/wp\/v2\/types\/page"}],"author":[{"embeddable":true,"href":"https:\/\/www.jeunessesmusicales.be\/bruxelles\/wp-json\/wp\/v2\/users\/38"}],"replies":[{"embeddable":true,"href":"https:\/\/www.jeunessesmusicales.be\/bruxelles\/wp-json\/wp\/v2\/comments?post=4453"}],"version-history":[{"count":46,"href":"https:\/\/www.jeunessesmusicales.be\/bruxelles\/wp-json\/wp\/v2\/pages\/4453\/revisions"}],"predecessor-version":[{"id":11669,"href":"https:\/\/www.jeunessesmusicales.be\/bruxelles\/wp-json\/wp\/v2\/pages\/4453\/revisions\/11669"}],"up":[{"embeddable":true,"href":"https:\/\/www.jeunessesmusicales.be\/bruxelles\/wp-json\/wp\/v2\/pages\/120"}],"wp:attachment":[{"href":"https:\/\/www.jeunessesmusicales.be\/bruxelles\/wp-json\/wp\/v2\/media?parent=4453"}],"curies":[{"name":"wp","href":"https:\/\/api.w.org\/{rel}","templated":true}]}}