{"id":4459,"date":"2023-07-18T16:05:20","date_gmt":"2023-07-18T14:05:20","guid":{"rendered":"https:\/\/www.jeunessesmusicales.be\/bruxelles\/sorties-scolaires-musee-charlier-copy\/"},"modified":"2025-08-26T16:31:30","modified_gmt":"2025-08-26T14:31:30","slug":"concerts-en-famille-theatre-mercelis","status":"publish","type":"page","link":"https:\/\/www.jeunessesmusicales.be\/bruxelles\/concerts\/concerts-en-famille-theatre-mercelis\/","title":{"rendered":"Concerts en famille @Th\u00e9\u00e2tre Mercelis"},"content":{"rendered":"<p style=\"text-align: justify;\">Les Jeunesses Musicales de Bruxelles et le Service Culture d\u2019Ixelles travaillent en collaboration pour offrir aux familles et aux jeunes de la commune et de tout Bruxelles une s\u00e9rie de concerts des Jeunesses Musicales s\u00e9lectionn\u00e9s pour qu\u2019une grande vari\u00e9t\u00e9 de styles et de cultures musicaux soient pr\u00e9sent\u00e9s.<\/p>\n<p style=\"text-align: justify;\">Pour la saison 2025-26, les Jeunesses Musicales ont s\u00e9lectionn\u00e9 6 spectacles\/concerts accessibles \u00e0 des enfants d\u2019\u00e2ges vari\u00e9s et permettant de d\u00e9couvrir une grande diversit\u00e9 de styles musicaux.<\/p>\n<p>&nbsp;<\/p>\n<p style=\"text-align: justify;\"><strong>Ce lieu embl\u00e9matique de Bruxelles accueillera ainsi cette ann\u00e9e :<\/strong><\/p>\n<p><a rel=\"fancybox[4459]\" href=\"https:\/\/www.jeunessesmusicales.be\/bruxelles\/le-ba-ya-trio-pas-de-trois-theatre-mercelis\/\"><img loading=\"lazy\" decoding=\"async\" class=\"wp-image-11531 size-full alignnone\" src=\"https:\/\/www.jeunessesmusicales.be\/bruxelles\/wp-content\/uploads\/sites\/7\/2025\/08\/Ba-ya-public.png\" alt=\"\" width=\"300\" height=\"271\" \/ class=\"fancybox\" srcset=\"https:\/\/www.jeunessesmusicales.be\/bruxelles\/wp-content\/uploads\/sites\/7\/2025\/08\/Ba-ya-public.png 300w, https:\/\/www.jeunessesmusicales.be\/bruxelles\/wp-content\/uploads\/sites\/7\/2025\/08\/Ba-ya-public-116x105.png 116w\" sizes=\"auto, (max-width: 300px) 100vw, 300px\" \/><\/a><a rel=\"fancybox[4459]\" href=\"https:\/\/www.jeunessesmusicales.be\/bruxelles\/olivier-richard-anne-dethier-le-secret-de-larbre-theatre-mercelis\/\" target=\"_blank\" rel=\"noopener\">\u00a0 \u00a0 \u00a0<img loading=\"lazy\" decoding=\"async\" class=\"alignnone wp-image-11606 size-full\" src=\"https:\/\/www.jeunessesmusicales.be\/bruxelles\/wp-content\/uploads\/sites\/7\/2025\/08\/le-secret-de-larbre-public.png\" alt=\"\" width=\"300\" height=\"271\" \/ class=\"fancybox\" srcset=\"https:\/\/www.jeunessesmusicales.be\/bruxelles\/wp-content\/uploads\/sites\/7\/2025\/08\/le-secret-de-larbre-public.png 300w, https:\/\/www.jeunessesmusicales.be\/bruxelles\/wp-content\/uploads\/sites\/7\/2025\/08\/le-secret-de-larbre-public-116x105.png 116w\" sizes=\"auto, (max-width: 300px) 100vw, 300px\" \/><\/a><\/p>\n<p><a rel=\"fancybox[4459]\" href=\"https:\/\/www.jeunessesmusicales.be\/bruxelles\/entre-2-silences-theatre-mercelis\/\" target=\"_blank\" rel=\"noopener\"><img loading=\"lazy\" decoding=\"async\" class=\"wp-image-11614 size-full alignnone\" src=\"https:\/\/www.jeunessesmusicales.be\/bruxelles\/wp-content\/uploads\/sites\/7\/2025\/08\/Entre-2-silences-public.png\" alt=\"\" width=\"300\" height=\"271\" \/ class=\"fancybox\" srcset=\"https:\/\/www.jeunessesmusicales.be\/bruxelles\/wp-content\/uploads\/sites\/7\/2025\/08\/Entre-2-silences-public.png 300w, https:\/\/www.jeunessesmusicales.be\/bruxelles\/wp-content\/uploads\/sites\/7\/2025\/08\/Entre-2-silences-public-116x105.png 116w\" sizes=\"auto, (max-width: 300px) 100vw, 300px\" \/><\/a><a rel=\"fancybox[4459]\" href=\"https:\/\/www.jeunessesmusicales.be\/bruxelles\/ensemble-tropismes-le-voyage-de-charlie-theatre-mercelis-2\/\" target=\"_blank\" rel=\"noopener\">\u00a0 \u00a0 \u00a0<img loading=\"lazy\" decoding=\"async\" class=\"wp-image-11620 size-full alignnone\" src=\"https:\/\/www.jeunessesmusicales.be\/bruxelles\/wp-content\/uploads\/sites\/7\/2025\/08\/Charlie-public.png\" alt=\"\" width=\"300\" height=\"271\" \/ class=\"fancybox\" srcset=\"https:\/\/www.jeunessesmusicales.be\/bruxelles\/wp-content\/uploads\/sites\/7\/2025\/08\/Charlie-public.png 300w, https:\/\/www.jeunessesmusicales.be\/bruxelles\/wp-content\/uploads\/sites\/7\/2025\/08\/Charlie-public-116x105.png 116w\" sizes=\"auto, (max-width: 300px) 100vw, 300px\" \/><\/a><\/p>\n<p><a rel=\"fancybox[4459]\" href=\"https:\/\/www.jeunessesmusicales.be\/bruxelles\/rachel-ponsonby-tic-tac-tock-theatre-mercelis\/\" target=\"_blank\" rel=\"noopener\"><img loading=\"lazy\" decoding=\"async\" class=\"wp-image-11631 size-full alignnone\" src=\"https:\/\/www.jeunessesmusicales.be\/bruxelles\/wp-content\/uploads\/sites\/7\/2025\/08\/Rachel-public.png\" alt=\"\" width=\"300\" height=\"271\" \/ class=\"fancybox\" srcset=\"https:\/\/www.jeunessesmusicales.be\/bruxelles\/wp-content\/uploads\/sites\/7\/2025\/08\/Rachel-public.png 300w, https:\/\/www.jeunessesmusicales.be\/bruxelles\/wp-content\/uploads\/sites\/7\/2025\/08\/Rachel-public-116x105.png 116w\" sizes=\"auto, (max-width: 300px) 100vw, 300px\" \/><\/a><a rel=\"fancybox[4459]\" href=\"https:\/\/www.jeunessesmusicales.be\/bruxelles\/clap-duo-cie-du-simorgh-lamour-des-3-oranges-theatre-mercelis\/\" target=\"_blank\" rel=\"noopener\">\u00a0 \u00a0 \u00a0<img loading=\"lazy\" decoding=\"async\" class=\"wp-image-11637 size-full alignnone\" src=\"https:\/\/www.jeunessesmusicales.be\/bruxelles\/wp-content\/uploads\/sites\/7\/2025\/08\/3-oranges-public.png\" alt=\"\" width=\"300\" height=\"271\" \/ class=\"fancybox\" srcset=\"https:\/\/www.jeunessesmusicales.be\/bruxelles\/wp-content\/uploads\/sites\/7\/2025\/08\/3-oranges-public.png 300w, https:\/\/www.jeunessesmusicales.be\/bruxelles\/wp-content\/uploads\/sites\/7\/2025\/08\/3-oranges-public-116x105.png 116w\" sizes=\"auto, (max-width: 300px) 100vw, 300px\" \/><\/a><\/p>\n<p>&nbsp;<\/p>\n<p>&nbsp;<\/p>\n<p>&nbsp;<\/p>\n<p>&nbsp;<\/p>\n<p>&nbsp;<\/p>\n<p>&nbsp;<\/p>\n<p>&nbsp;<\/p>\n<p>&nbsp;<\/p>\n<p>&nbsp;<\/p>\n<p>&nbsp;<\/p>\n<p style=\"text-align: right;\"><span style=\"text-align: justify;\">Avec le soutien du Bourgmestre, de l&rsquo;\u00c9chevin de la Culture, du Coll\u00e8ge des Bourgmestre et \u00c9chevins et du Service Culture de la Commune d&rsquo;Ixelles.<\/span><\/p>\n<p><a rel=\"fancybox[4459]\" href=\"https:\/\/www.ixelles.be\/site\/index.php\"><img loading=\"lazy\" decoding=\"async\" class=\"wp-image-6612 alignright\" src=\"https:\/\/www.jeunessesmusicales.be\/bruxelles\/wp-content\/uploads\/sites\/7\/2021\/08\/logo-ixelles.png\" alt=\"\" width=\"100\" height=\"46\" \/ class=\"fancybox\" srcset=\"https:\/\/www.jeunessesmusicales.be\/bruxelles\/wp-content\/uploads\/sites\/7\/2021\/08\/logo-ixelles.png 174w, https:\/\/www.jeunessesmusicales.be\/bruxelles\/wp-content\/uploads\/sites\/7\/2021\/08\/logo-ixelles-150x69.png 150w\" sizes=\"auto, (max-width: 100px) 100vw, 100px\" \/><\/a><\/p>\n<p>&nbsp;<\/p>\n","protected":false},"excerpt":{"rendered":"<p>Les Jeunesses Musicales de Bruxelles et le Service Culture d\u2019Ixelles travaillent en collaboration pour offrir aux familles et aux jeunes &hellip; <a href=\"https:\/\/www.jeunessesmusicales.be\/bruxelles\/concerts\/concerts-en-famille-theatre-mercelis\/\" class=\"more-link\">Continue reading <span class=\"screen-reader-text\">Concerts en famille @Th\u00e9\u00e2tre Mercelis<\/span><\/a><\/p>\n","protected":false},"author":38,"featured_media":0,"parent":50,"menu_order":0,"comment_status":"closed","ping_status":"closed","template":"","meta":{"_acf_changed":false,"footnotes":""},"class_list":["post-4459","page","type-page","status-publish","hentry"],"acf":[],"aioseo_notices":[],"_links":{"self":[{"href":"https:\/\/www.jeunessesmusicales.be\/bruxelles\/wp-json\/wp\/v2\/pages\/4459","targetHints":{"allow":["GET"]}}],"collection":[{"href":"https:\/\/www.jeunessesmusicales.be\/bruxelles\/wp-json\/wp\/v2\/pages"}],"about":[{"href":"https:\/\/www.jeunessesmusicales.be\/bruxelles\/wp-json\/wp\/v2\/types\/page"}],"author":[{"embeddable":true,"href":"https:\/\/www.jeunessesmusicales.be\/bruxelles\/wp-json\/wp\/v2\/users\/38"}],"replies":[{"embeddable":true,"href":"https:\/\/www.jeunessesmusicales.be\/bruxelles\/wp-json\/wp\/v2\/comments?post=4459"}],"version-history":[{"count":50,"href":"https:\/\/www.jeunessesmusicales.be\/bruxelles\/wp-json\/wp\/v2\/pages\/4459\/revisions"}],"predecessor-version":[{"id":11913,"href":"https:\/\/www.jeunessesmusicales.be\/bruxelles\/wp-json\/wp\/v2\/pages\/4459\/revisions\/11913"}],"up":[{"embeddable":true,"href":"https:\/\/www.jeunessesmusicales.be\/bruxelles\/wp-json\/wp\/v2\/pages\/50"}],"wp:attachment":[{"href":"https:\/\/www.jeunessesmusicales.be\/bruxelles\/wp-json\/wp\/v2\/media?parent=4459"}],"curies":[{"name":"wp","href":"https:\/\/api.w.org\/{rel}","templated":true}]}}