{"id":46,"date":"2023-07-17T13:41:13","date_gmt":"2023-07-17T11:41:13","guid":{"rendered":"http:\/\/www.jeunessesmusicales.be\/bruxelles\/?page_id=46"},"modified":"2026-01-20T11:18:56","modified_gmt":"2026-01-20T10:18:56","slug":"ateliers-en-famille","status":"publish","type":"page","link":"https:\/\/www.jeunessesmusicales.be\/bruxelles\/ateliers-en-famille\/","title":{"rendered":"Ateliers musicaux en famille"},"content":{"rendered":"<p style=\"text-align: justify;\">Les ateliers des Jeunesses Musicales sont des activit\u00e9s participatives durant lesquelles les enfants sont invit\u00e9s, avec ou sans leurs parents, \u00e0 d\u00e9couvrir, sous une forme p\u00e9dagogique et ludique, une esth\u00e9tique artistique.<\/p>\n<p style=\"text-align: justify;\">Propos\u00e9s g\u00e9n\u00e9ralement par s\u00e9ances de 50 minutes, en cycles, \u00e0 l\u2019occasion d\u2019\u00e9v\u00e8nements sp\u00e9cifiques ou en combinaison avec des concerts, nos ateliers se composent de temps de d\u00e9couverte et de temps d\u2019expression musicale et\/ou artistique.<\/p>\n<p style=\"text-align: justify;\">Anim\u00e9s par des musicien\u00b7ne\u00b7s intervenant\u00b7e\u00b7s rigoureusement s\u00e9lectionn\u00e9\u00b7e\u00b7s par les Jeunesses Musicales de Bruxelles, les ateliers propos\u00e9s abordent une grande diversit\u00e9 de th\u00e9matiques s\u00e9lectionn\u00e9es en fonction de l\u2019\u00e2ge des enfants et des lieux dans lesquels ils sont organis\u00e9s.<\/p>\n<h5><strong>Ateliers parents-b\u00e9b\u00e9, KIDZIK EDITION PRINTEMPS (0-3 ans)<\/strong><\/h5>\n<ul>\n<li style=\"list-style-type: none;\"><a href=\"https:\/\/my.weezevent.com\/kidzik-2026-graines-de-notes-ateliers-musicaux-parents-bebes\"><span style=\"color: #ef3740;\"><strong>28 Mars 2026 : \u00ab\u00a0Graines de son\u00a0\u00bb @L\u00e9zards 615 (Schaerbeek<\/strong><\/span><span style=\"color: #ef3740;\"><strong>)<\/strong><\/span><\/a>\n<ul>\n<li style=\"list-style-type: none;\">\n<ul>\n<li style=\"list-style-type: none;\">\n<ul>\n<li><span style=\"color: #2d353a;\">Parents-b\u00e9b\u00e9 de 0 \u00e0 3 ans : Atelier 1 \u00e0 14h30 \/ Atelier 2 \u00e0 15h30 (dur\u00e9e 50&prime;)<\/span><\/li>\n<\/ul>\n<\/li>\n<\/ul>\n<\/li>\n<\/ul>\n<\/li>\n<\/ul>\n<ul>\n<li style=\"list-style-type: none;\">\n<ul>\n<li style=\"list-style-type: none;\">\n<ul>\n<li style=\"list-style-type: none;\"><\/li>\n<\/ul>\n<\/li>\n<\/ul>\n<\/li>\n<\/ul>\n<h5><strong>Ateliers ponctuels<\/strong><\/h5>\n<ul>\n<li style=\"list-style-type: none;\"><span style=\"color: #ef3740;\"><a style=\"color: #ef3740;\" href=\"https:\/\/www.jeunessesmusicales.be\/bruxelles\/atelier-parents-enfants-initiation-au-flamenco-la-venerie-watermael-boitsfort\/\"><strong>07 F\u00e9vrier 2026 : \u201cInitiation au flamenco\u201d @La V\u00e9nerie (Watermael-Boitsfort)<\/strong><\/a><\/span>\n<ul>\n<li style=\"list-style-type: none;\">\n<ul>\n<li style=\"list-style-type: none;\">\n<ul>\n<li><span style=\"color: #2d353a;\">Parent-enfant \u00e0 partir de 6 ans : Atelier 1 \u00e0 10h00 \/ Atelier 2 \u00e0 13h30 (dur\u00e9e 1h30)<\/span><\/li>\n<\/ul>\n<\/li>\n<\/ul>\n<\/li>\n<\/ul>\n<\/li>\n<\/ul>\n<ul>\n<li style=\"list-style-type: none;\"><span style=\"color: #ef3740;\"><a style=\"color: #ef3740;\" href=\"https:\/\/www.jeunessesmusicales.be\/bruxelles\/orchestre-ephemere-la-venerie-watermael-boitsfort\/\"><strong>13 D\u00e9cembre 2025 : \u201cOrchestre \u00e9ph\u00e9m\u00e8re\u201d @La V\u00e9nerie (Watermael-Boitsfort)<\/strong><\/a><\/span>\n<ul>\n<li style=\"list-style-type: none;\">\n<ul>\n<li style=\"list-style-type: none;\">\n<ul>\n<li><span style=\"color: #2d353a;\">Parent-enfant (en duo) \u00e0 partir de 6 ans : Atelier 1 \u00e0 10h00 \/ Atelier 2 \u00e0 13h30 (dur\u00e9e 1h30)<\/span><\/li>\n<\/ul>\n<\/li>\n<\/ul>\n<\/li>\n<\/ul>\n<\/li>\n<\/ul>\n<h5><strong>CYCLES D&rsquo;ATELIERS<br \/>\n<\/strong><\/h5>\n<p><span style=\"color: #ef3740;\"><a style=\"color: #ef3740;\" href=\"https:\/\/www.jeunessesmusicales.be\/bruxelles\/ateliers-en-famille\/mini-melomanes-ateliers-deveil-musical-parent-bebe-cc-de-jette-horaire-selon-lage\/\"><strong>Samedis matins : \u201cMini-M\u00e9lomanes\u201d @Centre culturel de Jette<\/strong><\/a><\/span><\/p>\n<ul>\n<li style=\"list-style-type: none;\">\n<ul>\n<li style=\"list-style-type: none;\">\n<ul>\n<li><span style=\"color: #2d353a;\">Parent-b\u00e9b\u00e9 (0-18 mois) : 09h00<\/span><\/li>\n<li><span style=\"color: #2d353a;\">Parent-b\u00e9b\u00e9 (18-36 mois) : 10h00<\/span><\/li>\n<li><span style=\"color: #2d353a;\">Parent-b\u00e9b\u00e9 (18-36 mois) : 11h00<\/span><\/li>\n<\/ul>\n<\/li>\n<\/ul>\n<\/li>\n<\/ul>\n<p><span style=\"color: #ef3740;\"><a style=\"color: #ef3740;\" href=\"https:\/\/www.jeunessesmusicales.be\/bruxelles\/ateliers-en-famille\/parenthese-musicale-ateliers-deveil-musical-parent-bebe-enfant-la-villa-ganshoren-horaire-selon-lage\/\"><strong>Samedis matins : \u201cParenth\u00e8se musicale\u201d @La Villa (Ganshoren)<\/strong><\/a><\/span><\/p>\n<ul>\n<li style=\"list-style-type: none;\">\n<ul>\n<li style=\"list-style-type: none;\">\n<ul>\n<li><span style=\"color: #2d353a;\">Parent-b\u00e9b\u00e9 (0-3 ans) : 10h00<\/span><\/li>\n<li><span style=\"color: #2d353a;\">Enfants (3-5 ans) : 11h00<\/span><\/li>\n<\/ul>\n<\/li>\n<\/ul>\n<\/li>\n<\/ul>\n<p><span style=\"color: #ef3740;\"><a style=\"color: #ef3740;\" href=\"https:\/\/www.jeunessesmusicales.be\/bruxelles\/eveil-musical-la-venerie-watermael-boitsfort\/\"><strong>Samedis matins : \u201cAteliers d&rsquo;\u00e9veil musical\u201d @La V\u00e9nerie (Watermael-Boitsfort)<\/strong><\/a><\/span><\/p>\n<ul>\n<li style=\"list-style-type: none;\">\n<ul>\n<li style=\"list-style-type: none;\">\n<ul>\n<li><span style=\"color: #2d353a;\">Parent-enfant de 9 mois \u00e0 2 ans et demi : 10h00<\/span><\/li>\n<li><span style=\"color: #2d353a;\">Parent-enfant de 2 ans et demi \u00e0 5 ans : 11h00<\/span><\/li>\n<\/ul>\n<\/li>\n<\/ul>\n<\/li>\n<\/ul>\n<p><span style=\"color: #ef3740;\"><a style=\"color: #ef3740;\" href=\"https:\/\/www.jeunessesmusicales.be\/bruxelles\/petites-notes-en-famille-ateliers-parents-enfants-wolubilis-0-5-ans\/\"><strong>Samedis matins : <\/strong><\/a><strong><a style=\"color: #ef3740;\" href=\"https:\/\/www.jeunessesmusicales.be\/bruxelles\/petites-notes-en-famille-ateliers-parents-enfants-wolubilis-0-5-ans\/\">\u201cPetites notes en famille\u00a0\u00bb @Wolubilis (Woluwe-Saint-Lambert)<\/a><\/strong><\/span><\/p>\n<ul>\n<li style=\"list-style-type: none;\">\n<ul>\n<li style=\"list-style-type: none;\">\n<ul>\n<li>Parent-b\u00e9b\u00e9 (0-18 mois) : 09h00 \u00e0 10h00<\/li>\n<li>Parent-b\u00e9b\u00e9 (18-36 mois) : 10h00 \u00e0 11h00<\/li>\n<li>Parent-enfant (3 \u00e0 5 ans) : 11h00 \u00e0 12h00<\/li>\n<\/ul>\n<\/li>\n<\/ul>\n<\/li>\n<\/ul>\n<ul>\n<li style=\"list-style-type: none;\">\n<ul>\n<li style=\"list-style-type: none;\"><\/li>\n<\/ul>\n<\/li>\n<\/ul>\n","protected":false},"excerpt":{"rendered":"<p>Les ateliers des Jeunesses Musicales sont des activit\u00e9s participatives durant lesquelles les enfants sont invit\u00e9s, avec ou sans leurs parents, &hellip; <a href=\"https:\/\/www.jeunessesmusicales.be\/bruxelles\/ateliers-en-famille\/\" class=\"more-link\">Continue reading <span class=\"screen-reader-text\">Ateliers musicaux en famille<\/span><\/a><\/p>\n","protected":false},"author":38,"featured_media":0,"parent":0,"menu_order":0,"comment_status":"closed","ping_status":"closed","template":"","meta":{"_acf_changed":false,"footnotes":""},"class_list":["post-46","page","type-page","status-publish","hentry"],"acf":[],"aioseo_notices":[],"_links":{"self":[{"href":"https:\/\/www.jeunessesmusicales.be\/bruxelles\/wp-json\/wp\/v2\/pages\/46","targetHints":{"allow":["GET"]}}],"collection":[{"href":"https:\/\/www.jeunessesmusicales.be\/bruxelles\/wp-json\/wp\/v2\/pages"}],"about":[{"href":"https:\/\/www.jeunessesmusicales.be\/bruxelles\/wp-json\/wp\/v2\/types\/page"}],"author":[{"embeddable":true,"href":"https:\/\/www.jeunessesmusicales.be\/bruxelles\/wp-json\/wp\/v2\/users\/38"}],"replies":[{"embeddable":true,"href":"https:\/\/www.jeunessesmusicales.be\/bruxelles\/wp-json\/wp\/v2\/comments?post=46"}],"version-history":[{"count":178,"href":"https:\/\/www.jeunessesmusicales.be\/bruxelles\/wp-json\/wp\/v2\/pages\/46\/revisions"}],"predecessor-version":[{"id":12140,"href":"https:\/\/www.jeunessesmusicales.be\/bruxelles\/wp-json\/wp\/v2\/pages\/46\/revisions\/12140"}],"wp:attachment":[{"href":"https:\/\/www.jeunessesmusicales.be\/bruxelles\/wp-json\/wp\/v2\/media?parent=46"}],"curies":[{"name":"wp","href":"https:\/\/api.w.org\/{rel}","templated":true}]}}