{"id":50,"date":"2023-07-17T13:50:16","date_gmt":"2023-07-17T11:50:16","guid":{"rendered":"http:\/\/www.jeunessesmusicales.be\/bruxelles\/?page_id=50"},"modified":"2025-08-28T12:33:44","modified_gmt":"2025-08-28T10:33:44","slug":"concerts","status":"publish","type":"page","link":"https:\/\/www.jeunessesmusicales.be\/bruxelles\/concerts\/","title":{"rendered":"Concerts en famille"},"content":{"rendered":"<p style=\"text-align: justify;\">Chaque ann\u00e9e, une cinquantaine de projets musicaux belges et internationaux sont s\u00e9lectionn\u00e9s par nos \u00e9quipes pour \u00eatre programm\u00e9s par les 8 centres des Jeunesses Musicales Wallonie-Bruxelles, dont celui de Bruxelles-Capitale. Chaque projet est programm\u00e9 pendant deux ans, la moiti\u00e9 de la programmation est renouvel\u00e9e chaque ann\u00e9e.<\/p>\n<p style=\"text-align: justify;\">Les projets sont bien \u00e9videmment s\u00e9lectionn\u00e9s pour leur originalit\u00e9, la qualit\u00e9 artistique et d\u2019interpr\u00e9tation mais aussi pour la combinaison que les artistes proposent entre concert\/spectacle et\u00a0m\u00e9diation culturelle. Ainsi les projets choisis visent \u00e0 faire \u00e9couter de la musique mais \u00e9galement \u00e0 susciter la curiosit\u00e9 pour des styles musicaux, la composition, les musiciens, la culture d\u2019un ou de plusieurs pays, des sujets de soci\u00e9t\u00e9, les instruments etc. Dans ces spectacles, la musique existe pour elle-m\u00eame mais aussi comme vecteur d\u2019ouverture intellectuelle et culturelle.<\/p>\n<p style=\"text-align: justify;\">Les concerts s\u2019adressent aux enfants de 0 \u00e0 18 ans, l\u2019\u00e2ge du public cible est pr\u00e9cis\u00e9 pour chacun d\u2019entre eux.<\/p>\n","protected":false},"excerpt":{"rendered":"<p>Chaque ann\u00e9e, une cinquantaine de projets musicaux belges et internationaux sont s\u00e9lectionn\u00e9s par nos \u00e9quipes pour \u00eatre programm\u00e9s par les &hellip; <a href=\"https:\/\/www.jeunessesmusicales.be\/bruxelles\/concerts\/\" class=\"more-link\">Continue reading <span class=\"screen-reader-text\">Concerts en famille<\/span><\/a><\/p>\n","protected":false},"author":38,"featured_media":0,"parent":0,"menu_order":0,"comment_status":"closed","ping_status":"closed","template":"","meta":{"_acf_changed":false,"footnotes":""},"class_list":["post-50","page","type-page","status-publish","hentry"],"acf":[],"aioseo_notices":[],"_links":{"self":[{"href":"https:\/\/www.jeunessesmusicales.be\/bruxelles\/wp-json\/wp\/v2\/pages\/50","targetHints":{"allow":["GET"]}}],"collection":[{"href":"https:\/\/www.jeunessesmusicales.be\/bruxelles\/wp-json\/wp\/v2\/pages"}],"about":[{"href":"https:\/\/www.jeunessesmusicales.be\/bruxelles\/wp-json\/wp\/v2\/types\/page"}],"author":[{"embeddable":true,"href":"https:\/\/www.jeunessesmusicales.be\/bruxelles\/wp-json\/wp\/v2\/users\/38"}],"replies":[{"embeddable":true,"href":"https:\/\/www.jeunessesmusicales.be\/bruxelles\/wp-json\/wp\/v2\/comments?post=50"}],"version-history":[{"count":14,"href":"https:\/\/www.jeunessesmusicales.be\/bruxelles\/wp-json\/wp\/v2\/pages\/50\/revisions"}],"predecessor-version":[{"id":11967,"href":"https:\/\/www.jeunessesmusicales.be\/bruxelles\/wp-json\/wp\/v2\/pages\/50\/revisions\/11967"}],"wp:attachment":[{"href":"https:\/\/www.jeunessesmusicales.be\/bruxelles\/wp-json\/wp\/v2\/media?parent=50"}],"curies":[{"name":"wp","href":"https:\/\/api.w.org\/{rel}","templated":true}]}}