{"id":7504,"date":"2023-07-13T09:41:48","date_gmt":"2023-07-13T07:41:48","guid":{"rendered":"https:\/\/www.jeunessesmusicales.be\/bruxelles\/infos-pratiques\/jobs-copy\/"},"modified":"2025-08-28T12:31:25","modified_gmt":"2025-08-28T10:31:25","slug":"acteurs-culturels","status":"publish","type":"page","link":"https:\/\/www.jeunessesmusicales.be\/bruxelles\/acteurs-culturels\/","title":{"rendered":"Acteurs culturels"},"content":{"rendered":"<div>\n<div class=\"texte tarticle surlignable\" style=\"text-align: justify;\"><a rel=\"fancybox[7504]\" href=\"https:\/\/www.jeunessesmusicales.be\/bruxelles\/wp-content\/uploads\/sites\/7\/2022\/08\/2018-01-29-12.04.20.jpg\" class=\"fancybox\"><img loading=\"lazy\" decoding=\"async\" class=\"alignleft size-medium wp-image-8737\" src=\"https:\/\/www.jeunessesmusicales.be\/bruxelles\/wp-content\/uploads\/sites\/7\/2022\/08\/2018-01-29-12.04.20-300x225.jpg\" alt=\"\" width=\"300\" height=\"225\" srcset=\"https:\/\/www.jeunessesmusicales.be\/bruxelles\/wp-content\/uploads\/sites\/7\/2022\/08\/2018-01-29-12.04.20-300x225.jpg 300w, https:\/\/www.jeunessesmusicales.be\/bruxelles\/wp-content\/uploads\/sites\/7\/2022\/08\/2018-01-29-12.04.20-768x576.jpg 768w, https:\/\/www.jeunessesmusicales.be\/bruxelles\/wp-content\/uploads\/sites\/7\/2022\/08\/2018-01-29-12.04.20-1024x768.jpg 1024w, https:\/\/www.jeunessesmusicales.be\/bruxelles\/wp-content\/uploads\/sites\/7\/2022\/08\/2018-01-29-12.04.20-140x105.jpg 140w, https:\/\/www.jeunessesmusicales.be\/bruxelles\/wp-content\/uploads\/sites\/7\/2022\/08\/2018-01-29-12.04.20.jpg 1920w\" sizes=\"auto, (max-width: 300px) 100vw, 300px\" \/><\/a><\/div>\n<div class=\"texte tarticle surlignable\" style=\"text-align: justify;\">Les Jeunesses Musicales de Bruxelles proposent des ateliers et des concerts, sp\u00e9cialement con\u00e7us pour le jeune public.<\/div>\n<div><\/div>\n<\/div>\n<p style=\"text-align: justify;\">Nos activit\u00e9s s\u2019adressent aux enfants de 0 \u00e0 18 ans.<\/p>\n<p style=\"text-align: justify;\">Pour chaque atelier et chaque concert, une tranche d\u2019\u00e2ge est d\u00e9termin\u00e9e. Ainsi, nous nous assurons que les styles musicaux, le niveau de vocabulaire et les sujets artistiques, culturels et soci\u00e9taux qui sont abord\u00e9s durant nos activit\u00e9s sont adapt\u00e9s au public et permettent r\u00e9ellement aux enfants de d\u00e9velopper leur sensibilit\u00e9 artistique, leur curiosit\u00e9 et leur ouverture d\u2019esprit.<\/p>\n<h5 style=\"text-align: center;\"><strong><em>Vous souhaitez collaborer avec nous pour d\u00e9velopper des projets destin\u00e9s au jeune public, enrichir votre programmation avec des concerts ou des ateliers\u00a0?<\/em><\/strong><br \/>\n<strong><em>Contactez-nous\u00a0sur <a href=\"mailto:jmbxl@jeunessesmusicales.be\">jmbxl@jeunessesmusicales.be<\/a>.<\/em><\/strong><\/h5>\n<h5 style=\"text-align: justify;\"><span style=\"color: #ef3740;\"><strong>ATELIERS MUSICAUX<\/strong><\/span><\/h5>\n<p style=\"text-align: justify;\">La musique est un outil merveilleux pour accompagner le d\u00e9veloppement des enfants. Les Jeunesses Musicales de Bruxelles vous proposent diff\u00e9rents ateliers musicaux adapt\u00e9s aux \u00e2ges, niveaux et app\u00e9tences des enfants, des jeunes et des personnes qui travaillent \u00e0 leur contact.<\/p>\n<p style=\"text-align: justify;\">Les ateliers sont anim\u00e9s par des musicien\u00b7ne\u00b7s et artistes professionnel\u00b7le\u00b7s recrut\u00e9\u00b7e\u00b7s avec soin par notre association pour leur connaissance des disciplines artistiques abord\u00e9es et leurs qualit\u00e9s p\u00e9dagogiques.<\/p>\n<p style=\"text-align: justify;\"><a href=\"https:\/\/www.jeunessesmusicales.be\/bruxelles\/ateliers-musicaux-a-lecole\/\"><strong>D\u00e9couvrez le catalogue de nos ateliers ICI.<\/strong><\/a><\/p>\n<h5 style=\"text-align: justify;\"><span style=\"color: #ef3740;\"><strong>CONCERTS P\u00c9DAGOGIQUES<\/strong><\/span><\/h5>\n<p style=\"text-align: justify;\">Chaque ann\u00e9e, une cinquantaine de projets musicaux belges et internationaux sont s\u00e9lectionn\u00e9s par les Jeunesses Musicales.<\/p>\n<p style=\"text-align: justify;\">Les projets sont s\u00e9lectionn\u00e9s pour leur originalit\u00e9, la qualit\u00e9 artistique et d\u2019interpr\u00e9tation mais aussi pour la combinaison que les artistes proposent entre concert\/spectacle et m\u00e9diation culturelle. Ainsi les projets choisis visent \u00e0 faire \u00e9couter de la musique mais \u00e9galement \u00e0 susciter la curiosit\u00e9 pour des styles musicaux, la composition, les musicien\u00b7ne\u00b7s, la culture d\u2019un ou de plusieurs pays, des sujets de soci\u00e9t\u00e9, les instruments etc. Dans ces concerts\/spectacles, la musique existe pour elle-m\u00eame mais aussi comme vecteur d\u2019ouverture intellectuelle et culturelle.<\/p>\n<p style=\"text-align: justify;\"><strong><a href=\"https:\/\/jeunessesmusicales.be\/blog\/category\/artistes\/saisons\/saison-25-26\/\">D\u00e9couvrir notre programmation 2025-26<\/a>.<\/strong><\/p>\n<p>&nbsp;<\/p>\n<p style=\"text-align: justify;\">Le Centre des Jeunesses Musicales de Bruxelles collabore d\u00e9j\u00e0 avec plusieurs acteurs incontournables de la vie culturelle r\u00e9gionale (par ordre alphab\u00e9tique): <strong><a href=\"https:\/\/archipel19.be\/\">Archipel 19<\/a><\/strong>, <a href=\"https:\/\/www.arsmusica.be\/\"><strong>Ars Musica<\/strong><\/a>, <strong><a href=\"https:\/\/www.bozar.be\/fr\">Bozar<\/a>, <a href=\"https:\/\/www.brummfestival.be\/\">BruMM,<\/a> <\/strong><strong>le <a href=\"https:\/\/shop.utick.net\/?module=CATALOGUE&amp;pos=CCJETTE\">Centre culturel de Jette<\/a><\/strong>, le <a href=\"https:\/\/www.civa.brussels\/fr\"><strong>CIVA<\/strong><\/a>, le <strong><a href=\"https:\/\/concoursreineelisabeth.be\/\">CMIREB<\/a><\/strong>, <a href=\"https:\/\/escaledunord.brussels\/\"><strong>l&rsquo;Escale du Nord<\/strong><\/a>, <a href=\"https:\/\/www.espacemagh.be\/\"><strong>l\u2019Espace Magh<\/strong><\/a>, l\u2019<strong>Espace Toots \u00e0 Evere<\/strong>, <a href=\"https:\/\/www.flagey.be\/fr\/\"><strong>Flagey<\/strong><\/a>, <a href=\"https:\/\/www.lejacquesfranck.be\/\"><strong>le <\/strong><\/a><strong><a href=\"https:\/\/www.kidzik.be\/\">Kidzik<\/a><\/strong><strong>, <\/strong><a href=\"https:\/\/www.lejacquesfranck.be\/\"><strong>Le Jacques Franck<\/strong><\/a>, <a href=\"https:\/\/jeugdenmuziek.be\/\"><strong>Jeugd en Muziek Brussel<\/strong><\/a>, la <a href=\"http:\/\/www.lamaison1080hethuis.be\/\"><strong>Maison des Cultures et de la Coh\u00e9sion Sociale de Molenbeek<\/strong><\/a>, <a href=\"https:\/\/www.lamaisonquichante.be\/\"><strong>La Maison Qui Chante<\/strong><\/a>, <a href=\"https:\/\/www.nationalorchestra.be\/fr\"><strong>l&rsquo;Orchestre national de Belgique<\/strong><\/a>, l\u2019<a href=\"https:\/\/www.oprl.be\/fr\"><strong>Orchestre Philharmonique Royal de Li\u00e8ge<\/strong><\/a>, le <a href=\"http:\/\/www.charliermuseum.be\/\"><strong>Mus\u00e9e Charlier<\/strong><\/a>, <a href=\"https:\/\/muziekpublique.be\/\"><strong>Muziekpublique<\/strong><\/a>, <a href=\"https:\/\/www.mediatheque.be\/\"><strong>M\u00e9diath\u00e8que Nouvelle<\/strong><\/a>, <a href=\"https:\/\/www.senghor.be\/\"><strong>Le Senghor<\/strong><\/a>, les services culturels et de jeunesse des communes d\u2019<strong>Anderlecht<\/strong>, d\u2019<strong>Etterbeek<\/strong>, d\u2019<strong>Ixelles<\/strong>, de <strong>Molenbeek-Saint-Jean<\/strong>, de <strong>Saint-Gilles<\/strong>, le <a href=\"https:\/\/www.ixelles.be\/site\/628-Petit-theatre-Mercelis\"><strong>Th\u00e9\u00e2tre Mercelis<\/strong><\/a>, <a href=\"https:\/\/www.lavenerie.be\/\"><strong>La V\u00e8nerie<\/strong><\/a>, <a href=\"https:\/\/lavillaculture.be\/\"><strong>La Villa<\/strong><\/a>.<\/p>\n","protected":false},"excerpt":{"rendered":"<p>Les Jeunesses Musicales de Bruxelles proposent des ateliers et des concerts, sp\u00e9cialement con\u00e7us pour le jeune public. Nos activit\u00e9s s\u2019adressent &hellip; <a href=\"https:\/\/www.jeunessesmusicales.be\/bruxelles\/acteurs-culturels\/\" class=\"more-link\">Continue reading <span class=\"screen-reader-text\">Acteurs culturels<\/span><\/a><\/p>\n","protected":false},"author":38,"featured_media":0,"parent":0,"menu_order":0,"comment_status":"closed","ping_status":"closed","template":"","meta":{"_acf_changed":false,"footnotes":""},"class_list":["post-7504","page","type-page","status-publish","hentry"],"acf":[],"aioseo_notices":[],"_links":{"self":[{"href":"https:\/\/www.jeunessesmusicales.be\/bruxelles\/wp-json\/wp\/v2\/pages\/7504","targetHints":{"allow":["GET"]}}],"collection":[{"href":"https:\/\/www.jeunessesmusicales.be\/bruxelles\/wp-json\/wp\/v2\/pages"}],"about":[{"href":"https:\/\/www.jeunessesmusicales.be\/bruxelles\/wp-json\/wp\/v2\/types\/page"}],"author":[{"embeddable":true,"href":"https:\/\/www.jeunessesmusicales.be\/bruxelles\/wp-json\/wp\/v2\/users\/38"}],"replies":[{"embeddable":true,"href":"https:\/\/www.jeunessesmusicales.be\/bruxelles\/wp-json\/wp\/v2\/comments?post=7504"}],"version-history":[{"count":32,"href":"https:\/\/www.jeunessesmusicales.be\/bruxelles\/wp-json\/wp\/v2\/pages\/7504\/revisions"}],"predecessor-version":[{"id":11966,"href":"https:\/\/www.jeunessesmusicales.be\/bruxelles\/wp-json\/wp\/v2\/pages\/7504\/revisions\/11966"}],"wp:attachment":[{"href":"https:\/\/www.jeunessesmusicales.be\/bruxelles\/wp-json\/wp\/v2\/media?parent=7504"}],"curies":[{"name":"wp","href":"https:\/\/api.w.org\/{rel}","templated":true}]}}