{"id":7553,"date":"2023-07-20T15:44:47","date_gmt":"2023-07-20T13:44:47","guid":{"rendered":"https:\/\/www.jeunessesmusicales.be\/bruxelles\/pour-les-creches-et-les-ecoles\/ateliers-copy\/"},"modified":"2025-08-29T14:51:17","modified_gmt":"2025-08-29T12:51:17","slug":"concerts-interactifs","status":"publish","type":"page","link":"https:\/\/www.jeunessesmusicales.be\/bruxelles\/creches-et-ecoles-menu\/concerts-interactifs\/","title":{"rendered":"Concerts Interactifs"},"content":{"rendered":"<p style=\"text-align: justify;\">Chaque ann\u00e9e, les Jeunesses Musicales de Bruxelles-Capitale collaborent avec Bozar et les grands orchestres philharmoniques pour proposer des exp\u00e9riences musicales uniques aux \u00e9l\u00e8ves et aux enseignants.<\/p>\n<table style=\"border-collapse: collapse; width: 100%; height: 153px;\">\n<tbody>\n<tr style=\"height: 153px;\">\n<td style=\"width: 100%; height: 153px;\"><strong>EN PRATIQUE<\/strong><\/p>\n<ul>\n<li style=\"list-style-type: none;\">\n<ul>\n<li>Des ateliers et\/ou des dossiers p\u00e9dagogiques pour pr\u00e9parer les concerts en classe<\/li>\n<li>Des concerts organis\u00e9s dans la salle Henry Le Boeuf \u00e0 Bozar<\/li>\n<li>1 000 \u00e9l\u00e8ves rassembl\u00e9s \u00e0 chaque concert, un moment inoubliable!<\/li>\n<\/ul>\n<\/li>\n<\/ul>\n<\/td>\n<\/tr>\n<\/tbody>\n<\/table>\n<p style=\"text-align: center;\"><em><strong><span style=\"color: #2d353a;\">Certains de ces projets affichent d\u00e9j\u00e0 complets sur le service de r\u00e9servation de Bozar, mais nous <\/span><span style=\"color: #ef3740;\"><span style=\"color: #2d353a;\">avons \u00e0 disposition un contingent de places (payantes) r\u00e9serv\u00e9es pour nos \u00e9coles partenaires.<\/span> <\/span><\/strong><\/em><\/p>\n<h4 style=\"text-align: center;\"><span style=\"color: #ef3740;\"><strong>Si vous souhaitez y participer, \u00e9crivez-nous \u00e0 <\/strong><\/span><a href=\"mailto:jmbxl@jeunessesmusicales.be\"><span style=\"color: #ef3740;\"><strong>jmbxl@jeunessesmusicales.be<\/strong><\/span><\/a><\/h4>\n<p>&nbsp;<\/p>\n<p><a rel=\"fancybox[7553]\" href=\"https:\/\/www.jeunessesmusicales.be\/bruxelles\/85-ans-des-jeunesses-musicales-music-connects-bozar\/\"><img loading=\"lazy\" decoding=\"async\" class=\"size-full wp-image-12026 alignleft\" src=\"https:\/\/www.jeunessesmusicales.be\/bruxelles\/wp-content\/uploads\/sites\/7\/2025\/08\/Music-connects-2.png\" alt=\"\" width=\"300\" height=\"271\" \/ class=\"fancybox\" srcset=\"https:\/\/www.jeunessesmusicales.be\/bruxelles\/wp-content\/uploads\/sites\/7\/2025\/08\/Music-connects-2.png 300w, https:\/\/www.jeunessesmusicales.be\/bruxelles\/wp-content\/uploads\/sites\/7\/2025\/08\/Music-connects-2-116x105.png 116w\" sizes=\"auto, (max-width: 300px) 100vw, 300px\" \/><\/a><a rel=\"fancybox[7553]\" href=\"https:\/\/www.jeunessesmusicales.be\/bruxelles\/concert-interactif-le-feu-bozar\/\" target=\"_blank\" rel=\"noopener\"><img loading=\"lazy\" decoding=\"async\" class=\"alignleft wp-image-12028 size-full\" src=\"https:\/\/www.jeunessesmusicales.be\/bruxelles\/wp-content\/uploads\/sites\/7\/2025\/08\/le-feu-interactif-2.png\" alt=\"\" width=\"300\" height=\"271\" \/ class=\"fancybox\" srcset=\"https:\/\/www.jeunessesmusicales.be\/bruxelles\/wp-content\/uploads\/sites\/7\/2025\/08\/le-feu-interactif-2.png 300w, https:\/\/www.jeunessesmusicales.be\/bruxelles\/wp-content\/uploads\/sites\/7\/2025\/08\/le-feu-interactif-2-116x105.png 116w\" sizes=\"auto, (max-width: 300px) 100vw, 300px\" \/><\/a><a rel=\"fancybox[7553]\" href=\"https:\/\/www.jeunessesmusicales.be\/bruxelles\/concert-interactif-sing-bozar-2\/\"><img loading=\"lazy\" decoding=\"async\" class=\"alignleft wp-image-12027 size-full\" src=\"https:\/\/www.jeunessesmusicales.be\/bruxelles\/wp-content\/uploads\/sites\/7\/2025\/08\/sing-interactif-2.png\" alt=\"\" width=\"300\" height=\"271\" \/ class=\"fancybox\" srcset=\"https:\/\/www.jeunessesmusicales.be\/bruxelles\/wp-content\/uploads\/sites\/7\/2025\/08\/sing-interactif-2.png 300w, https:\/\/www.jeunessesmusicales.be\/bruxelles\/wp-content\/uploads\/sites\/7\/2025\/08\/sing-interactif-2-116x105.png 116w\" sizes=\"auto, (max-width: 300px) 100vw, 300px\" \/> <\/a><\/p>\n","protected":false},"excerpt":{"rendered":"<p>Chaque ann\u00e9e, les Jeunesses Musicales de Bruxelles-Capitale collaborent avec Bozar et les grands orchestres philharmoniques pour proposer des exp\u00e9riences musicales &hellip; <a href=\"https:\/\/www.jeunessesmusicales.be\/bruxelles\/creches-et-ecoles-menu\/concerts-interactifs\/\" class=\"more-link\">Continue reading <span class=\"screen-reader-text\">Concerts Interactifs<\/span><\/a><\/p>\n","protected":false},"author":9,"featured_media":0,"parent":7764,"menu_order":0,"comment_status":"closed","ping_status":"closed","template":"","meta":{"_acf_changed":false,"footnotes":""},"class_list":["post-7553","page","type-page","status-publish","hentry"],"acf":[],"aioseo_notices":[],"_links":{"self":[{"href":"https:\/\/www.jeunessesmusicales.be\/bruxelles\/wp-json\/wp\/v2\/pages\/7553","targetHints":{"allow":["GET"]}}],"collection":[{"href":"https:\/\/www.jeunessesmusicales.be\/bruxelles\/wp-json\/wp\/v2\/pages"}],"about":[{"href":"https:\/\/www.jeunessesmusicales.be\/bruxelles\/wp-json\/wp\/v2\/types\/page"}],"author":[{"embeddable":true,"href":"https:\/\/www.jeunessesmusicales.be\/bruxelles\/wp-json\/wp\/v2\/users\/9"}],"replies":[{"embeddable":true,"href":"https:\/\/www.jeunessesmusicales.be\/bruxelles\/wp-json\/wp\/v2\/comments?post=7553"}],"version-history":[{"count":26,"href":"https:\/\/www.jeunessesmusicales.be\/bruxelles\/wp-json\/wp\/v2\/pages\/7553\/revisions"}],"predecessor-version":[{"id":12030,"href":"https:\/\/www.jeunessesmusicales.be\/bruxelles\/wp-json\/wp\/v2\/pages\/7553\/revisions\/12030"}],"up":[{"embeddable":true,"href":"https:\/\/www.jeunessesmusicales.be\/bruxelles\/wp-json\/wp\/v2\/pages\/7764"}],"wp:attachment":[{"href":"https:\/\/www.jeunessesmusicales.be\/bruxelles\/wp-json\/wp\/v2\/media?parent=7553"}],"curies":[{"name":"wp","href":"https:\/\/api.w.org\/{rel}","templated":true}]}}