{"id":7602,"date":"2022-08-04T12:48:44","date_gmt":"2022-08-04T10:48:44","guid":{"rendered":"https:\/\/www.jeunessesmusicales.be\/bruxelles\/en-famille-copy\/"},"modified":"2025-08-11T13:03:50","modified_gmt":"2025-08-11T11:03:50","slug":"tous-les-concerts-en-famille","status":"publish","type":"page","link":"https:\/\/www.jeunessesmusicales.be\/bruxelles\/tous-les-concerts-en-famille\/","title":{"rendered":"Tous les concerts en famille"},"content":{"rendered":"<p style=\"text-align: center;\"><strong>Parce que les meilleurs souvenirs se partagent en famille, d\u00e9couvrez tous nos \u00e9v\u00e9nements pour petits et grands !<\/strong><\/p>\n<p style=\"text-align: center;\">L\u2019\u00e2ge du public cible est pr\u00e9cis\u00e9 pour chaque spectacle.<\/p>\n","protected":false},"excerpt":{"rendered":"<p>Parce que les meilleurs souvenirs se partagent en famille, d\u00e9couvrez tous nos \u00e9v\u00e9nements pour petits et grands ! L\u2019\u00e2ge du &hellip; <a href=\"https:\/\/www.jeunessesmusicales.be\/bruxelles\/tous-les-concerts-en-famille\/\" class=\"more-link\">Continue reading <span class=\"screen-reader-text\">Tous les concerts en famille<\/span><\/a><\/p>\n","protected":false},"author":32,"featured_media":0,"parent":0,"menu_order":0,"comment_status":"closed","ping_status":"closed","template":"","meta":{"_acf_changed":false,"footnotes":""},"class_list":["post-7602","page","type-page","status-publish","hentry"],"acf":[],"aioseo_notices":[],"_links":{"self":[{"href":"https:\/\/www.jeunessesmusicales.be\/bruxelles\/wp-json\/wp\/v2\/pages\/7602","targetHints":{"allow":["GET"]}}],"collection":[{"href":"https:\/\/www.jeunessesmusicales.be\/bruxelles\/wp-json\/wp\/v2\/pages"}],"about":[{"href":"https:\/\/www.jeunessesmusicales.be\/bruxelles\/wp-json\/wp\/v2\/types\/page"}],"author":[{"embeddable":true,"href":"https:\/\/www.jeunessesmusicales.be\/bruxelles\/wp-json\/wp\/v2\/users\/32"}],"replies":[{"embeddable":true,"href":"https:\/\/www.jeunessesmusicales.be\/bruxelles\/wp-json\/wp\/v2\/comments?post=7602"}],"version-history":[{"count":12,"href":"https:\/\/www.jeunessesmusicales.be\/bruxelles\/wp-json\/wp\/v2\/pages\/7602\/revisions"}],"predecessor-version":[{"id":11780,"href":"https:\/\/www.jeunessesmusicales.be\/bruxelles\/wp-json\/wp\/v2\/pages\/7602\/revisions\/11780"}],"wp:attachment":[{"href":"https:\/\/www.jeunessesmusicales.be\/bruxelles\/wp-json\/wp\/v2\/media?parent=7602"}],"curies":[{"name":"wp","href":"https:\/\/api.w.org\/{rel}","templated":true}]}}