{"id":7761,"date":"2023-07-13T09:23:50","date_gmt":"2023-07-13T07:23:50","guid":{"rendered":"https:\/\/www.jeunessesmusicales.be\/bruxelles\/?page_id=7761"},"modified":"2024-07-16T15:39:25","modified_gmt":"2024-07-16T13:39:25","slug":"familles-menu","status":"publish","type":"page","link":"https:\/\/www.jeunessesmusicales.be\/bruxelles\/familles-menu\/","title":{"rendered":"Familles"},"content":{"rendered":"<h4 style=\"text-align: left;\"><em>D\u00e9couvrez ci-dessous toutes nos activit\u00e9s \u00e0 partager en famille.<\/em><\/h4>\n<ul>\n<li>\n<h4><strong><span style=\"color: #ef3740;\"><a style=\"color: #ef3740;\" href=\"https:\/\/www.jeunessesmusicales.be\/bruxelles\/en-famille\/ateliers-en-famille\/\">Ateliers musicaux en famille<\/a><\/span><\/strong><\/h4>\n<\/li>\n<li style=\"text-align: left;\">\n<h4><span style=\"color: #ef3740;\"><strong><a style=\"color: #ef3740;\" href=\"https:\/\/www.jeunessesmusicales.be\/bruxelles\/en-famille\/tous-les-concerts-en-famille\/\">Concerts en famille<\/a><\/strong><\/span><\/h4>\n<p><a href=\"https:\/\/www.jeunessesmusicales.be\/bruxelles\/concerts-en-famille-bozar-lorchestre-a-la-portee-des-enfants\/\"><span style=\"color: #ef3740;\">@Bozar &#8211; L&rsquo;Orchestre \u00e0 la Port\u00e9e des Enfants<\/span><\/a><br \/>\n<a href=\"https:\/\/www.jeunessesmusicales.be\/bruxelles\/concerts\/flagey\/\"><span style=\"color: #ef3740;\">@Flagey<\/span><\/a><br \/>\n<a href=\"https:\/\/www.jeunessesmusicales.be\/bruxelles\/concerts\/concerts-en-famille-theatre-mercelis\/\"><span style=\"color: #ef3740;\">@Th\u00e9\u00e2tre Mercelis<\/span><\/a><\/li>\n<li>\n<h4><strong><a href=\"https:\/\/www.jeunessesmusicales.be\/bruxelles\/en-famille\/stages-musicaux\/\"><span style=\"color: #ef3740;\">Stages musicaux<\/span><\/a><\/strong><\/h4>\n<\/li>\n<\/ul>\n","protected":false},"excerpt":{"rendered":"<p>D\u00e9couvrez ci-dessous toutes nos activit\u00e9s \u00e0 partager en famille. Ateliers musicaux en famille Concerts en famille @Bozar &#8211; L&rsquo;Orchestre \u00e0 &hellip; <a href=\"https:\/\/www.jeunessesmusicales.be\/bruxelles\/familles-menu\/\" class=\"more-link\">Continue reading <span class=\"screen-reader-text\">Familles<\/span><\/a><\/p>\n","protected":false},"author":38,"featured_media":0,"parent":0,"menu_order":0,"comment_status":"closed","ping_status":"closed","template":"","meta":{"_acf_changed":false,"footnotes":""},"class_list":["post-7761","page","type-page","status-publish","hentry"],"acf":[],"aioseo_notices":[],"_links":{"self":[{"href":"https:\/\/www.jeunessesmusicales.be\/bruxelles\/wp-json\/wp\/v2\/pages\/7761","targetHints":{"allow":["GET"]}}],"collection":[{"href":"https:\/\/www.jeunessesmusicales.be\/bruxelles\/wp-json\/wp\/v2\/pages"}],"about":[{"href":"https:\/\/www.jeunessesmusicales.be\/bruxelles\/wp-json\/wp\/v2\/types\/page"}],"author":[{"embeddable":true,"href":"https:\/\/www.jeunessesmusicales.be\/bruxelles\/wp-json\/wp\/v2\/users\/38"}],"replies":[{"embeddable":true,"href":"https:\/\/www.jeunessesmusicales.be\/bruxelles\/wp-json\/wp\/v2\/comments?post=7761"}],"version-history":[{"count":23,"href":"https:\/\/www.jeunessesmusicales.be\/bruxelles\/wp-json\/wp\/v2\/pages\/7761\/revisions"}],"predecessor-version":[{"id":11054,"href":"https:\/\/www.jeunessesmusicales.be\/bruxelles\/wp-json\/wp\/v2\/pages\/7761\/revisions\/11054"}],"wp:attachment":[{"href":"https:\/\/www.jeunessesmusicales.be\/bruxelles\/wp-json\/wp\/v2\/media?parent=7761"}],"curies":[{"name":"wp","href":"https:\/\/api.w.org\/{rel}","templated":true}]}}