{"id":7764,"date":"2023-07-13T09:25:50","date_gmt":"2023-07-13T07:25:50","guid":{"rendered":"https:\/\/www.jeunessesmusicales.be\/bruxelles\/en-famille-menu-copy\/"},"modified":"2024-09-12T13:55:09","modified_gmt":"2024-09-12T11:55:09","slug":"creches-et-ecoles-menu","status":"publish","type":"page","link":"https:\/\/www.jeunessesmusicales.be\/bruxelles\/creches-et-ecoles-menu\/","title":{"rendered":"Cr\u00e8ches et \u00e9coles"},"content":{"rendered":"<ul>\n<li>\n<h4 style=\"text-align: left;\"><a href=\"https:\/\/www.jeunessesmusicales.be\/bruxelles\/ateliers-musicaux-a-lecole\/\"><strong><span style=\"color: #ef3740;\">Ateliers musicaux \u00e0 l&rsquo;\u00e9cole<\/span><\/strong><\/a><\/h4>\n<\/li>\n<li style=\"text-align: left;\">\n<h4><strong><a href=\"https:\/\/www.jeunessesmusicales.be\/bruxelles\/concerts-a-lecole-cle-sur-porte\/\"><span style=\"color: #ef3740;\">Concerts \u00e0 l&rsquo;\u00e9cole \u00ab\u00a0cl\u00e9 sur porte\u00a0\u00bb<\/span><\/a><\/strong><\/h4>\n<\/li>\n<li style=\"text-align: left;\">\n<h4><strong><a href=\"https:\/\/www.jeunessesmusicales.be\/bruxelles\/pour-les-creches-et-les-ecoles\/journees-musicales\/\"><span style=\"color: #ef3740;\">Journ\u00e9es musicales<\/span><\/a><\/strong><\/h4>\n<\/li>\n<li>\n<h4><a href=\"https:\/\/www.jeunessesmusicales.be\/bruxelles\/sorties-scolaires\/toutes-les-sorties-scolaires\/\"><span style=\"color: #ef3740;\"><strong>Sorties scolaires<\/strong><\/span><\/a><\/h4>\n<\/li>\n<\/ul>\n<p style=\"padding-left: 40px;\"><a href=\"https:\/\/www.jeunessesmusicales.be\/bruxelles\/sorties-scolaires\/sorties-scolaires-cc-de-jette\/\"><span style=\"color: #ef3740;\">@CC de Jette<\/span><\/a><br \/>\n<a href=\"https:\/\/www.jeunessesmusicales.be\/bruxelles\/sorties-scolaires\/sorties-scolaires-chateau-du-karreveld\/\"><span style=\"color: #ef3740;\">@Ch\u00e2teau du Karreveld<\/span><\/a><br \/>\n<a href=\"https:\/\/www.jeunessesmusicales.be\/bruxelles\/sorties-scolaires\/sorties-scolaires-espace-toots-evere\/\"><span style=\"color: #ef3740;\">@Espace Toots (Evere)<\/span><\/a><br \/>\n<a href=\"https:\/\/www.jeunessesmusicales.be\/bruxelles\/sorties-scolaires\/sorties-scolaires-flagey\/\"><span style=\"color: #ef3740;\">@Flagey<\/span><\/a><br \/>\n<a href=\"https:\/\/www.jeunessesmusicales.be\/bruxelles\/sorties-scolaires\/sorties-scolaires-musee-charlier\/\"><span style=\"color: #ef3740;\">@Mus\u00e9e Charlier<\/span><\/a><br \/>\n<a href=\"https:\/\/www.jeunessesmusicales.be\/bruxelles\/sorties-scolaires\/sorties-scolaires-senghor\/\"><span style=\"color: #ef3740;\">@Senghor<\/span><\/a><br \/>\n<a href=\"https:\/\/www.jeunessesmusicales.be\/bruxelles\/sorties-scolaires\/sorties-scolaires-dans-le-cadre-du-festival-ars-musica\/\"><span style=\"color: #ef3740;\">Sorties scolaires dans le cadre du festival Ars Musica<\/span><\/a><br \/>\n<a href=\"https:\/\/www.jeunessesmusicales.be\/bruxelles\/sorties-scolaires\/theatre-mercelis\/\"><span style=\"color: #ef3740;\">@Th\u00e9\u00e2tre Mercelis<\/span><\/a><\/p>\n<ul>\n<li>\n<h4><a href=\"https:\/\/www.jeunessesmusicales.be\/bruxelles\/creches-et-ecoles-menu\/concerts-interactifs\/\"><strong><span style=\"color: #ef3740;\">Concerts interactifs<\/span><\/strong><\/a><\/h4>\n<\/li>\n<\/ul>\n","protected":false},"excerpt":{"rendered":"<p>Ateliers musicaux \u00e0 l&rsquo;\u00e9cole Concerts \u00e0 l&rsquo;\u00e9cole \u00ab\u00a0cl\u00e9 sur porte\u00a0\u00bb Journ\u00e9es musicales Sorties scolaires @CC de Jette @Ch\u00e2teau du Karreveld &hellip; <a href=\"https:\/\/www.jeunessesmusicales.be\/bruxelles\/creches-et-ecoles-menu\/\" class=\"more-link\">Continue reading <span class=\"screen-reader-text\">Cr\u00e8ches et \u00e9coles<\/span><\/a><\/p>\n","protected":false},"author":38,"featured_media":0,"parent":0,"menu_order":0,"comment_status":"closed","ping_status":"closed","template":"","meta":{"_acf_changed":false,"footnotes":""},"class_list":["post-7764","page","type-page","status-publish","hentry"],"acf":[],"aioseo_notices":[],"_links":{"self":[{"href":"https:\/\/www.jeunessesmusicales.be\/bruxelles\/wp-json\/wp\/v2\/pages\/7764","targetHints":{"allow":["GET"]}}],"collection":[{"href":"https:\/\/www.jeunessesmusicales.be\/bruxelles\/wp-json\/wp\/v2\/pages"}],"about":[{"href":"https:\/\/www.jeunessesmusicales.be\/bruxelles\/wp-json\/wp\/v2\/types\/page"}],"author":[{"embeddable":true,"href":"https:\/\/www.jeunessesmusicales.be\/bruxelles\/wp-json\/wp\/v2\/users\/38"}],"replies":[{"embeddable":true,"href":"https:\/\/www.jeunessesmusicales.be\/bruxelles\/wp-json\/wp\/v2\/comments?post=7764"}],"version-history":[{"count":33,"href":"https:\/\/www.jeunessesmusicales.be\/bruxelles\/wp-json\/wp\/v2\/pages\/7764\/revisions"}],"predecessor-version":[{"id":11228,"href":"https:\/\/www.jeunessesmusicales.be\/bruxelles\/wp-json\/wp\/v2\/pages\/7764\/revisions\/11228"}],"wp:attachment":[{"href":"https:\/\/www.jeunessesmusicales.be\/bruxelles\/wp-json\/wp\/v2\/media?parent=7764"}],"curies":[{"name":"wp","href":"https:\/\/api.w.org\/{rel}","templated":true}]}}