{"id":78,"date":"2023-07-19T13:49:20","date_gmt":"2023-07-19T11:49:20","guid":{"rendered":"http:\/\/www.jeunessesmusicales.be\/bruxelles\/?page_id=78"},"modified":"2023-08-23T16:08:30","modified_gmt":"2023-08-23T14:08:30","slug":"presentation","status":"publish","type":"page","link":"https:\/\/www.jeunessesmusicales.be\/bruxelles\/presentation\/","title":{"rendered":"Histoire des Jeunesses Musicales"},"content":{"rendered":"<div>\n<div class=\"texte tarticle surlignable\"><span style=\"font-family: Arial, sans-serif; font-size: 11pt; text-align: justify;\"><a rel=\"fancybox[78]\" href=\"https:\/\/www.jeunessesmusicales.be\/bruxelles\/wp-content\/uploads\/sites\/7\/2023\/08\/Photo2-Oran-JM.jpg\" class=\"fancybox\"><img loading=\"lazy\" decoding=\"async\" class=\"alignleft wp-image-10174 size-medium\" src=\"https:\/\/www.jeunessesmusicales.be\/bruxelles\/wp-content\/uploads\/sites\/7\/2023\/08\/Photo2-Oran-JM-300x200.jpg\" alt=\"\" width=\"300\" height=\"200\" srcset=\"https:\/\/www.jeunessesmusicales.be\/bruxelles\/wp-content\/uploads\/sites\/7\/2023\/08\/Photo2-Oran-JM-300x200.jpg 300w, https:\/\/www.jeunessesmusicales.be\/bruxelles\/wp-content\/uploads\/sites\/7\/2023\/08\/Photo2-Oran-JM-1024x683.jpg 1024w, https:\/\/www.jeunessesmusicales.be\/bruxelles\/wp-content\/uploads\/sites\/7\/2023\/08\/Photo2-Oran-JM-768x512.jpg 768w, https:\/\/www.jeunessesmusicales.be\/bruxelles\/wp-content\/uploads\/sites\/7\/2023\/08\/Photo2-Oran-JM-1536x1024.jpg 1536w, https:\/\/www.jeunessesmusicales.be\/bruxelles\/wp-content\/uploads\/sites\/7\/2023\/08\/Photo2-Oran-JM-150x100.jpg 150w, https:\/\/www.jeunessesmusicales.be\/bruxelles\/wp-content\/uploads\/sites\/7\/2023\/08\/Photo2-Oran-JM.jpg 1920w\" sizes=\"auto, (max-width: 300px) 100vw, 300px\" \/><\/a>C\u2019est le 17 octobre 1940, \u00e0 l\u2019occasion du 1er \u00abConcert pour la Jeunesse\u00bb, donn\u00e9 par l\u2019Orchestre National de Belgique au Palais des Beaux-Arts de Bruxelles, que Marcel Cuvelier, alors Directeur de la Soci\u00e9t\u00e9 Philharmonique de Bruxelles, cr\u00e9e les Jeunesses Musicales.<\/span><\/div>\n<div><\/div>\n<\/div>\n<p style=\"text-align: justify;\"><span style=\"font-size: 11.0pt; font-family: 'Arial',sans-serif;\">\u00c0 cette \u00e9poque, la Belgique subit l\u2019occupation. Aussi a-t-il pour ambition de<i> \u00ab soustraire la jeunesse aux entreprises insidieuses de l\u2019occupant et de l\u2019aider \u00e0 se maintenir dans un \u00e9tat de gr\u00e2ce et d\u2019esp\u00e9rance \u00bb.<\/i><\/span><\/p>\n<p style=\"text-align: justify;\"><span style=\"font-size: 11.0pt; font-family: 'Arial',sans-serif;\">L\u2019objectif de Marcel Cuvelier est tout d\u2019abord d\u2019int\u00e9resser les jeunes \u00e0 la musique et de former leur go\u00fbt \u00e0 la culture musicale en leur permettant d\u2019assister \u00e0 des concerts symphoniques \u00e0 un prix accessible. Il est aussi de soustraire ces m\u00eames jeunes \u00e0 l\u2019emprise de la propagande nazie qui, depuis le 10 mai 1940, propose \u00e0 la jeunesse belge l\u2019exemple de la \u00ab jugendbewegungen \u00bb.<\/span><\/p>\n<p style=\"text-align: justify;\"><span style=\"font-size: 11.0pt; font-family: 'Arial',sans-serif;\">\u00c0 la fin de l\u2019ann\u00e9e 1940, ce sont quelque 2.000 jeunes spectateurs qui ont ainsi pu participer aux premi\u00e8res activit\u00e9s des Jeunesses Musicales.<\/span><\/p>\n<p style=\"text-align: justify;\"><span style=\"font-size: 11.0pt; font-family: 'Arial',sans-serif;\">Depuis 1940, les Jeunesses Musicales n\u2019ont cess\u00e9 de se d\u00e9velopper, en Belgique et dans le monde. <\/span><\/p>\n<p style=\"text-align: justify;\"><span style=\"font-size: 11.0pt; font-family: 'Arial',sans-serif;\">Reconnue aujourd\u2019hui par l\u2019Unesco comme la plus grande organisation de jeunesse du monde, les Jeunesses Musicales existent dans une soixantaine de pays aujourd\u2019hui et permettent ainsi aux enfants et aux jeunes partout dans le monde d\u2019acc\u00e9der \u00e0 la musique et \u00e0 ses bienfaits.<\/span><\/p>\n<h5 style=\"text-align: center;\"><strong><a href=\"https:\/\/www.jeunessesmusicales.be\/bruxelles\/wp-content\/uploads\/sites\/7\/2023\/08\/HISTOIRE-DES-JEUNESSES-MUSICALES.pdf\">TELECHARGEZ L&rsquo;HISTOIRE DES JEUNESSES MUSICALES<\/a><\/strong><\/h5>\n<p>&nbsp;<\/p>\n","protected":false},"excerpt":{"rendered":"<p>C\u2019est le 17 octobre 1940, \u00e0 l\u2019occasion du 1er \u00abConcert pour la Jeunesse\u00bb, donn\u00e9 par l\u2019Orchestre National de Belgique au &hellip; <a href=\"https:\/\/www.jeunessesmusicales.be\/bruxelles\/presentation\/\" class=\"more-link\">Continue reading <span class=\"screen-reader-text\">Histoire des Jeunesses Musicales<\/span><\/a><\/p>\n","protected":false},"author":38,"featured_media":354,"parent":0,"menu_order":0,"comment_status":"closed","ping_status":"closed","template":"","meta":{"_acf_changed":false,"footnotes":""},"class_list":["post-78","page","type-page","status-publish","has-post-thumbnail","hentry"],"acf":[],"aioseo_notices":[],"_links":{"self":[{"href":"https:\/\/www.jeunessesmusicales.be\/bruxelles\/wp-json\/wp\/v2\/pages\/78","targetHints":{"allow":["GET"]}}],"collection":[{"href":"https:\/\/www.jeunessesmusicales.be\/bruxelles\/wp-json\/wp\/v2\/pages"}],"about":[{"href":"https:\/\/www.jeunessesmusicales.be\/bruxelles\/wp-json\/wp\/v2\/types\/page"}],"author":[{"embeddable":true,"href":"https:\/\/www.jeunessesmusicales.be\/bruxelles\/wp-json\/wp\/v2\/users\/38"}],"replies":[{"embeddable":true,"href":"https:\/\/www.jeunessesmusicales.be\/bruxelles\/wp-json\/wp\/v2\/comments?post=78"}],"version-history":[{"count":48,"href":"https:\/\/www.jeunessesmusicales.be\/bruxelles\/wp-json\/wp\/v2\/pages\/78\/revisions"}],"predecessor-version":[{"id":10443,"href":"https:\/\/www.jeunessesmusicales.be\/bruxelles\/wp-json\/wp\/v2\/pages\/78\/revisions\/10443"}],"wp:featuredmedia":[{"embeddable":true,"href":"https:\/\/www.jeunessesmusicales.be\/bruxelles\/wp-json\/wp\/v2\/media\/354"}],"wp:attachment":[{"href":"https:\/\/www.jeunessesmusicales.be\/bruxelles\/wp-json\/wp\/v2\/media?parent=78"}],"curies":[{"name":"wp","href":"https:\/\/api.w.org\/{rel}","templated":true}]}}