{"id":7851,"date":"2022-08-05T12:22:42","date_gmt":"2022-08-05T10:22:42","guid":{"rendered":"https:\/\/www.jeunessesmusicales.be\/bruxelles\/creches-et-ecoles\/ateliers-scolaires\/ateliers-de-danse-copy\/"},"modified":"2025-08-19T17:27:55","modified_gmt":"2025-08-19T15:27:55","slug":"hip-hop","status":"publish","type":"page","link":"https:\/\/www.jeunessesmusicales.be\/bruxelles\/ateliers-musicaux-a-lecole\/hip-hop\/","title":{"rendered":"FLOW, DECOUVERTE DU HIP HOP"},"content":{"rendered":"<h2>De 6 \u00e0 18 ans \/ P1 \u00e0 S6<\/h2>\n<p style=\"text-align: justify;\"><a rel=\"fancybox[7851]\" href=\"https:\/\/www.jeunessesmusicales.be\/bruxelles\/wp-content\/uploads\/sites\/7\/2023\/07\/IMG_20230614_090810.jpg\" class=\"fancybox\"><img loading=\"lazy\" decoding=\"async\" class=\"alignleft wp-image-9529 size-medium\" src=\"https:\/\/www.jeunessesmusicales.be\/bruxelles\/wp-content\/uploads\/sites\/7\/2023\/07\/IMG_20230614_090810-300x225.jpg\" alt=\"\" width=\"300\" height=\"225\" srcset=\"https:\/\/www.jeunessesmusicales.be\/bruxelles\/wp-content\/uploads\/sites\/7\/2023\/07\/IMG_20230614_090810-300x225.jpg 300w, https:\/\/www.jeunessesmusicales.be\/bruxelles\/wp-content\/uploads\/sites\/7\/2023\/07\/IMG_20230614_090810-1024x768.jpg 1024w, https:\/\/www.jeunessesmusicales.be\/bruxelles\/wp-content\/uploads\/sites\/7\/2023\/07\/IMG_20230614_090810-768x576.jpg 768w, https:\/\/www.jeunessesmusicales.be\/bruxelles\/wp-content\/uploads\/sites\/7\/2023\/07\/IMG_20230614_090810-1536x1152.jpg 1536w, https:\/\/www.jeunessesmusicales.be\/bruxelles\/wp-content\/uploads\/sites\/7\/2023\/07\/IMG_20230614_090810-140x105.jpg 140w, https:\/\/www.jeunessesmusicales.be\/bruxelles\/wp-content\/uploads\/sites\/7\/2023\/07\/IMG_20230614_090810.jpg 1920w\" sizes=\"auto, (max-width: 300px) 100vw, 300px\" \/><\/a><\/p>\n<p class=\"cvGsUA direction-ltr align-justify para-style-body\"><span class=\"a_GcMg font-feature-liga-off font-feature-clig-off font-feature-calt-off text-decoration-none text-strikethrough-none\">Explorez l&rsquo;univers vibrant et cr\u00e9atif du Hip-Hop ! Du rap \u00e0 la danse en passant par le beatbox et le DJing, cet atelier immersif permet aux \u00e9l\u00e8ves de d\u00e9couvrir et d&rsquo;exp\u00e9rimenter les diff\u00e9rentes facettes de la culture hip-hop. \u00c0 travers des s\u00e9ances pratiques et dynamiques, les participants apprendront les bases de l&rsquo;\u00e9criture de texte (rap, slam), des mouvements de breakdance, du beatmaking num\u00e9rique, ainsi que des techniques de beatbox.<\/span><\/p>\n<p class=\"cvGsUA direction-ltr align-justify para-style-body\"><span class=\"a_GcMg font-feature-liga-off font-feature-clig-off font-feature-calt-off text-decoration-none text-strikethrough-none\">L\u2019objectif de ce cycle d\u2019ateliers est de donner aux \u00e9l\u00e8ves les cl\u00e9s de la cr\u00e9ativit\u00e9 et de l\u2019expression \u00e0 travers ces pratiques artistiques vari\u00e9es. Un v\u00e9ritable parcours initiatique dans un univers musical qui r\u00e9sonne avec l\u2019\u00e9nergie des jeunes d\u2019aujourd\u2019hui, tout en cultivant leur sens du collectif et de la performance.<\/span><\/p>\n<p class=\"cvGsUA direction-ltr align-justify para-style-body\"><span class=\"a_GcMg font-feature-liga-off font-feature-clig-off font-feature-calt-off text-decoration-none text-strikethrough-none\">Les \u00e9l\u00e8ves auront l\u2019opportunit\u00e9 de se familiariser avec 4 disciplines phares du hip-hop :<\/span><\/p>\n<ul>\n<li><span class=\"a_GcMg font-feature-liga-off font-feature-clig-off font-feature-calt-off text-decoration-none text-strikethrough-none\">Le rap : de l&rsquo;\u00e9criture des textes \u00e0 l&rsquo;art de la rime, en passant par le d\u00e9veloppement du flow.<\/span><\/li>\n<li><span class=\"a_GcMg font-feature-liga-off font-feature-clig-off font-feature-calt-off text-decoration-none text-strikethrough-none\">Le beatbox : l\u2019art de remplacer le DJ avec sa bouche et son corps en guise d\u2019instrument.<\/span><\/li>\n<li><span class=\"a_GcMg font-feature-liga-off font-feature-clig-off font-feature-calt-off text-decoration-none text-strikethrough-none\">Le DJing : d\u00e9couverte des techniques de mix et de scratch.<\/span><\/li>\n<li><span class=\"a_GcMg font-feature-liga-off font-feature-clig-off font-feature-calt-off text-decoration-none text-strikethrough-none\">Le breakdance : apprendre \u00e0 se mouvoir sur des rythmes puissants.<\/span><\/li>\n<\/ul>\n<p class=\"cvGsUA direction-ltr align-justify para-style-body\"><span class=\"a_GcMg font-feature-liga-off font-feature-clig-off font-feature-calt-off text-decoration-none text-strikethrough-none\">Les disciplines peuvent \u00eatre propos\u00e9es de mani\u00e8re combin\u00e9e dans un cycle d\u2019ateliers ou bien individuellement pour permettre aux \u00e9l\u00e8ves d\u2019approfondir une pratique et des comp\u00e9tences.<\/span><\/p>\n<p style=\"text-align: justify;\"><strong><span style=\"text-align: justify;\"><u>Pour aller plus loin en classe <\/u>:<\/span><\/strong><\/p>\n<ul>\n<li><span class=\"a_GcMg font-feature-liga-off font-feature-clig-off font-feature-calt-off text-decoration-none text-strikethrough-none\">\u00c9crire un texte de rap ou de slam sur un th\u00e8me sp\u00e9cifique abord\u00e9 en classe. Identifier et utiliser les techniques de jeu de mots, de rimes et de figures de style dans les paroles de chansons.<\/span><\/li>\n<li><span class=\"a_GcMg font-feature-liga-off font-feature-clig-off font-feature-calt-off text-decoration-none text-strikethrough-none\">Analyse de textes : \u00c9tudier les paroles de rap et de slam, en analyser le sens, la structure et la force po\u00e9tique.<\/span><\/li>\n<li><span class=\"a_GcMg font-feature-liga-off font-feature-clig-off font-feature-calt-off text-decoration-none text-strikethrough-none\">Travailler sur la synchronisation du rythme et la percussion vocale \u00e0 travers le beatbox.<\/span><\/li>\n<li><span class=\"a_GcMg font-feature-liga-off font-feature-clig-off font-feature-calt-off text-decoration-none text-strikethrough-none\">\u00c9tudier l\u2019histoire du hip-hop en lien avec les mouvements sociaux des ann\u00e9es 1970 \u00e0 1990. Identifier et comprendre les valeurs culturelles v\u00e9hicul\u00e9es par le hip-hop : libert\u00e9 d\u2019expression, r\u00e9sistance, solidarit\u00e9.<\/span><\/li>\n<li><span class=\"a_GcMg font-feature-liga-off font-feature-clig-off font-feature-calt-off text-decoration-none text-strikethrough-none\">Cr\u00e9ation de contenu multim\u00e9dia : Apprendre \u00e0 cr\u00e9er une vid\u00e9o de performance ou une pr\u00e9sentation d\u2019un morceau. Manipuler des logiciels pour exp\u00e9rimenter la cr\u00e9ation musicale et sonore.<\/span><\/li>\n<\/ul>\n<table style=\"border-collapse: collapse; width: 100%; height: 43px;\">\n<tbody>\n<tr style=\"height: 43px;\">\n<td style=\"width: 457px; height: 43px; border-color: #ee4000; border-style: solid;\">\n<p style=\"text-align: center;\"><strong><span style=\"color: #ef3740;\">CONDITIONS<\/span><br \/>\n<\/strong>6 s\u00e9ances minimum<br \/>\n2 groupes\/classes minimum<\/p>\n<p>&nbsp;<\/p>\n<p style=\"text-align: center;\"><strong><span style=\"color: #ef3740;\">TARIF<\/span><br \/>\n<\/strong>70\u20ac par s\u00e9ance soit 3,5\u20ac par enfant pour une classe de 20 \u00e9l\u00e8ves <em>(le tarif de nos ateliers reste le m\u00eame quel que soit le nombre d&rsquo;\u00e9l\u00e8ves dans la classe)<\/em><\/p>\n<\/td>\n<\/tr>\n<\/tbody>\n<\/table>\n<h5 class=\"p1\" style=\"text-align: center;\"><strong><span style=\"color: #ef3740;\">Pour commander des ateliers, \u00e9crivez-nous \u00e0 <\/span><a href=\"mailto:jmbxl@jeunessesmusicales.be\"><span style=\"color: #ef3740;\">jmbxl@jeunessesmusicales.be<\/span><\/a><\/strong><\/h5>\n<p>&nbsp;<\/p>\n<p>&nbsp;<\/p>\n","protected":false},"excerpt":{"rendered":"<p>De 6 \u00e0 18 ans \/ P1 \u00e0 S6 Explorez l&rsquo;univers vibrant et cr\u00e9atif du Hip-Hop ! Du rap \u00e0 &hellip; <a href=\"https:\/\/www.jeunessesmusicales.be\/bruxelles\/ateliers-musicaux-a-lecole\/hip-hop\/\" class=\"more-link\">Continue reading <span class=\"screen-reader-text\">FLOW, DECOUVERTE DU HIP HOP<\/span><\/a><\/p>\n","protected":false},"author":32,"featured_media":0,"parent":54,"menu_order":0,"comment_status":"closed","ping_status":"closed","template":"","meta":{"_acf_changed":false,"footnotes":""},"class_list":["post-7851","page","type-page","status-publish","hentry"],"acf":[],"aioseo_notices":[],"_links":{"self":[{"href":"https:\/\/www.jeunessesmusicales.be\/bruxelles\/wp-json\/wp\/v2\/pages\/7851","targetHints":{"allow":["GET"]}}],"collection":[{"href":"https:\/\/www.jeunessesmusicales.be\/bruxelles\/wp-json\/wp\/v2\/pages"}],"about":[{"href":"https:\/\/www.jeunessesmusicales.be\/bruxelles\/wp-json\/wp\/v2\/types\/page"}],"author":[{"embeddable":true,"href":"https:\/\/www.jeunessesmusicales.be\/bruxelles\/wp-json\/wp\/v2\/users\/32"}],"replies":[{"embeddable":true,"href":"https:\/\/www.jeunessesmusicales.be\/bruxelles\/wp-json\/wp\/v2\/comments?post=7851"}],"version-history":[{"count":20,"href":"https:\/\/www.jeunessesmusicales.be\/bruxelles\/wp-json\/wp\/v2\/pages\/7851\/revisions"}],"predecessor-version":[{"id":11826,"href":"https:\/\/www.jeunessesmusicales.be\/bruxelles\/wp-json\/wp\/v2\/pages\/7851\/revisions\/11826"}],"up":[{"embeddable":true,"href":"https:\/\/www.jeunessesmusicales.be\/bruxelles\/wp-json\/wp\/v2\/pages\/54"}],"wp:attachment":[{"href":"https:\/\/www.jeunessesmusicales.be\/bruxelles\/wp-json\/wp\/v2\/media?parent=7851"}],"curies":[{"name":"wp","href":"https:\/\/api.w.org\/{rel}","templated":true}]}}