{"id":7858,"date":"2022-08-05T12:37:08","date_gmt":"2022-08-05T10:37:08","guid":{"rendered":"https:\/\/www.jeunessesmusicales.be\/bruxelles\/creches-et-ecoles\/ateliers-scolaires\/atelier-chant-et-creation-de-chansons-copy\/"},"modified":"2025-08-19T17:29:11","modified_gmt":"2025-08-19T15:29:11","slug":"big-bang-melody-ateliers-de-musique-assistee-par-ordinateur-mao","status":"publish","type":"page","link":"https:\/\/www.jeunessesmusicales.be\/bruxelles\/ateliers-musicaux-a-lecole\/big-bang-melody-ateliers-de-musique-assistee-par-ordinateur-mao\/","title":{"rendered":"BIG BANG MELODY, ateliers de Musique Assist\u00e9e par Ordinateur"},"content":{"rendered":"<h2>De 6 \u00e0 18 ans \/ P1 \u00e0 S6<\/h2>\n<p style=\"text-align: justify;\"><a rel=\"fancybox[7858]\" href=\"https:\/\/www.jeunessesmusicales.be\/bruxelles\/wp-content\/uploads\/sites\/7\/2023\/07\/IMG_20230614_092013.jpg\" class=\"fancybox\"><img loading=\"lazy\" decoding=\"async\" class=\"alignleft wp-image-9535 size-medium\" src=\"https:\/\/www.jeunessesmusicales.be\/bruxelles\/wp-content\/uploads\/sites\/7\/2023\/07\/IMG_20230614_092013-300x225.jpg\" alt=\"\" width=\"300\" height=\"225\" srcset=\"https:\/\/www.jeunessesmusicales.be\/bruxelles\/wp-content\/uploads\/sites\/7\/2023\/07\/IMG_20230614_092013-300x225.jpg 300w, https:\/\/www.jeunessesmusicales.be\/bruxelles\/wp-content\/uploads\/sites\/7\/2023\/07\/IMG_20230614_092013-1024x768.jpg 1024w, https:\/\/www.jeunessesmusicales.be\/bruxelles\/wp-content\/uploads\/sites\/7\/2023\/07\/IMG_20230614_092013-768x576.jpg 768w, https:\/\/www.jeunessesmusicales.be\/bruxelles\/wp-content\/uploads\/sites\/7\/2023\/07\/IMG_20230614_092013-1536x1152.jpg 1536w, https:\/\/www.jeunessesmusicales.be\/bruxelles\/wp-content\/uploads\/sites\/7\/2023\/07\/IMG_20230614_092013-140x105.jpg 140w, https:\/\/www.jeunessesmusicales.be\/bruxelles\/wp-content\/uploads\/sites\/7\/2023\/07\/IMG_20230614_092013.jpg 1920w\" sizes=\"auto, (max-width: 300px) 100vw, 300px\" \/><\/a><\/p>\n<p class=\"cvGsUA direction-ltr align-justify para-style-body\"><span class=\"a_GcMg font-feature-liga-off font-feature-clig-off font-feature-calt-off text-decoration-none text-strikethrough-none\">Cet atelier invite les \u00e9l\u00e8ves \u00e0 plonger dans l\u2019univers passionnant de la cr\u00e9ation musicale num\u00e9rique. \u00c0 travers une initiation \u00e0 la Musique Assist\u00e9e par Ordinateur (MAO), ils d\u00e9couvriront comment la technologie permet aujourd\u2019hui de composer, structurer et transformer la musique : cr\u00e9er une ambiance, produire un morceau, faire danser une foule ou encore \u00e9veiller des \u00e9motions.<\/span><\/p>\n<p class=\"cvGsUA direction-ltr align-justify para-style-body\"><span class=\"a_GcMg font-feature-liga-off font-feature-clig-off font-feature-calt-off text-decoration-none text-strikethrough-none\">Les participants apprendront les bases du langage et des outils de la MAO, tout en comprenant les enjeux cr\u00e9atifs et techniques de ce domaine. Loin du simple \u00ab click\u00bb, la MAO mobilise \u00e0 la fois la sensibilit\u00e9 artistique et la rigueur technique. Les \u00e9l\u00e8ves seront amen\u00e9s \u00e0 composer leur propre morceau, \u00e0 cr\u00e9er des rythmes, ou encore \u00e0 s\u2019initier aux techniques de DJing, dans un cadre \u00e0 la fois ludique, exp\u00e9rimental et collaboratif.<\/span><\/p>\n<p style=\"text-align: justify;\"><strong><u>Pour aller plus loin en classe<\/u>\u00a0:<\/strong><\/p>\n<ul>\n<li><span class=\"a_GcMg font-feature-liga-off font-feature-clig-off font-feature-calt-off text-decoration-none text-strikethrough-none\">Int\u00e9grer la MAO dans un projet STEAM, en croisant comp\u00e9tences techniques et cr\u00e9ativit\u00e9.<\/span><\/li>\n<li><span class=\"a_GcMg font-feature-liga-off font-feature-clig-off font-feature-calt-off text-decoration-none text-strikethrough-none\">Faire le lien entre acoustique, codage, traitement du signal, et interfaces num\u00e9riques.<\/span><\/li>\n<li><span class=\"a_GcMg font-feature-liga-off font-feature-clig-off font-feature-calt-off text-decoration-none text-strikethrough-none\">Approfondir l\u2019usage d\u2019outils num\u00e9riques cr\u00e9atifs pour diversifier les pratiques p\u00e9dagogiques.<\/span><\/li>\n<li><span class=\"a_GcMg font-feature-liga-off font-feature-clig-off font-feature-calt-off text-decoration-none text-strikethrough-none\">Travailler sur les notions de mesure, proportion, fr\u00e9quence, p\u00e9riodicit\u00e9, \u00e0 partir de supports concrets. Exploiter les logiciels de MAO pour visualiser des ph\u00e9nom\u00e8nes physiques (ondes, spectres, intensit\u00e9).<\/span><\/li>\n<li><span class=\"a_GcMg font-feature-liga-off font-feature-clig-off font-feature-calt-off text-decoration-none text-strikethrough-none\">Proposer des activit\u00e9s d\u2019\u00e9criture cr\u00e9ative. Cr\u00e9er des capsules audio ou des podcasts avec une mise en musique des textes produits.<\/span><\/li>\n<li><span class=\"a_GcMg font-feature-liga-off font-feature-clig-off font-feature-calt-off text-decoration-none text-strikethrough-none\">Explorer l\u2019histoire de la musique \u00e9lectronique et son lien avec l\u2019\u00e9volution technologique et sociale. Travailler la r\u00e9flexion critique sur les technologies cr\u00e9atives et la place de l\u2019artiste dans la soci\u00e9t\u00e9 num\u00e9rique.<\/span><\/li>\n<\/ul>\n<table style=\"border-collapse: collapse; width: 100%; height: 43px;\">\n<tbody>\n<tr style=\"height: 43px;\">\n<td style=\"width: 457px; height: 43px; border-color: #ee4000; border-style: solid;\">\n<p style=\"text-align: center;\"><strong><span style=\"color: #ef3740;\">CONDITIONS<\/span><br \/>\n<\/strong>6 s\u00e9ances minimum<br \/>\n2 groupes\/classes minimum<\/p>\n<p>&nbsp;<\/p>\n<p style=\"text-align: center;\"><strong><span style=\"color: #ef3740;\">TARIF<\/span><br \/>\n<\/strong>70\u20ac par s\u00e9ance soit 3,5 \u20ac par enfant pour une classe de 20 \u00e9l\u00e8ves <em>(le tarif de nos ateliers reste le m\u00eame quel que soit le nombre d&rsquo;\u00e9l\u00e8ves dans la classe)<\/em><\/p>\n<\/td>\n<\/tr>\n<\/tbody>\n<\/table>\n<h5 class=\"p1\" style=\"text-align: center;\"><strong><span style=\"color: #ef3740;\">Pour commander des ateliers, \u00e9crivez-nous \u00e0 <\/span><a href=\"mailto:jmbxl@jeunessesmusicales.be\"><span style=\"color: #ef3740;\">jmbxl@jeunessesmusicales.be<\/span><\/a><\/strong><\/h5>\n<p>&nbsp;<\/p>\n<p style=\"text-align: center;\"><span style=\"color: #ef3740;\"><em>\u00a0<\/em><\/span><\/p>\n","protected":false},"excerpt":{"rendered":"<p>De 6 \u00e0 18 ans \/ P1 \u00e0 S6 Cet atelier invite les \u00e9l\u00e8ves \u00e0 plonger dans l\u2019univers passionnant de &hellip; <a href=\"https:\/\/www.jeunessesmusicales.be\/bruxelles\/ateliers-musicaux-a-lecole\/big-bang-melody-ateliers-de-musique-assistee-par-ordinateur-mao\/\" class=\"more-link\">Continue reading <span class=\"screen-reader-text\">BIG BANG MELODY, ateliers de Musique Assist\u00e9e par Ordinateur<\/span><\/a><\/p>\n","protected":false},"author":32,"featured_media":0,"parent":54,"menu_order":0,"comment_status":"closed","ping_status":"closed","template":"","meta":{"_acf_changed":false,"footnotes":""},"class_list":["post-7858","page","type-page","status-publish","hentry"],"acf":[],"aioseo_notices":[],"_links":{"self":[{"href":"https:\/\/www.jeunessesmusicales.be\/bruxelles\/wp-json\/wp\/v2\/pages\/7858","targetHints":{"allow":["GET"]}}],"collection":[{"href":"https:\/\/www.jeunessesmusicales.be\/bruxelles\/wp-json\/wp\/v2\/pages"}],"about":[{"href":"https:\/\/www.jeunessesmusicales.be\/bruxelles\/wp-json\/wp\/v2\/types\/page"}],"author":[{"embeddable":true,"href":"https:\/\/www.jeunessesmusicales.be\/bruxelles\/wp-json\/wp\/v2\/users\/32"}],"replies":[{"embeddable":true,"href":"https:\/\/www.jeunessesmusicales.be\/bruxelles\/wp-json\/wp\/v2\/comments?post=7858"}],"version-history":[{"count":18,"href":"https:\/\/www.jeunessesmusicales.be\/bruxelles\/wp-json\/wp\/v2\/pages\/7858\/revisions"}],"predecessor-version":[{"id":11827,"href":"https:\/\/www.jeunessesmusicales.be\/bruxelles\/wp-json\/wp\/v2\/pages\/7858\/revisions\/11827"}],"up":[{"embeddable":true,"href":"https:\/\/www.jeunessesmusicales.be\/bruxelles\/wp-json\/wp\/v2\/pages\/54"}],"wp:attachment":[{"href":"https:\/\/www.jeunessesmusicales.be\/bruxelles\/wp-json\/wp\/v2\/media?parent=7858"}],"curies":[{"name":"wp","href":"https:\/\/api.w.org\/{rel}","templated":true}]}}