{"id":7864,"date":"2022-08-05T12:45:06","date_gmt":"2022-08-05T10:45:06","guid":{"rendered":"https:\/\/www.jeunessesmusicales.be\/bruxelles\/creches-et-ecoles\/ateliers-scolaires\/atelier-chant-et-creation-de-chansons-copy\/"},"modified":"2025-08-19T17:33:53","modified_gmt":"2025-08-19T15:33:53","slug":"ateliers-de-preparation-de-la-fete-de-lecole","status":"publish","type":"page","link":"https:\/\/www.jeunessesmusicales.be\/bruxelles\/ateliers-musicaux-a-lecole\/ateliers-de-preparation-de-la-fete-de-lecole\/","title":{"rendered":"ATELIERS DE PR\u00c9PARATION DE LA \u00ab F\u00caTE DE L\u2019\u00c9COLE \u00bb"},"content":{"rendered":"<h2>Tous niveaux \u00e0 partir de la M1<\/h2>\n<p style=\"text-align: justify;\"><a rel=\"fancybox[7864]\" href=\"https:\/\/www.jeunessesmusicales.be\/bruxelles\/wp-content\/uploads\/sites\/7\/2022\/08\/Ateliers-26.jpg\" class=\"fancybox\"><img loading=\"lazy\" decoding=\"async\" class=\"alignleft wp-image-8761\" src=\"https:\/\/www.jeunessesmusicales.be\/bruxelles\/wp-content\/uploads\/sites\/7\/2022\/08\/Ateliers-26-300x225.jpg\" alt=\"\" width=\"316\" height=\"237\" srcset=\"https:\/\/www.jeunessesmusicales.be\/bruxelles\/wp-content\/uploads\/sites\/7\/2022\/08\/Ateliers-26-300x225.jpg 300w, https:\/\/www.jeunessesmusicales.be\/bruxelles\/wp-content\/uploads\/sites\/7\/2022\/08\/Ateliers-26-768x576.jpg 768w, https:\/\/www.jeunessesmusicales.be\/bruxelles\/wp-content\/uploads\/sites\/7\/2022\/08\/Ateliers-26-1024x768.jpg 1024w, https:\/\/www.jeunessesmusicales.be\/bruxelles\/wp-content\/uploads\/sites\/7\/2022\/08\/Ateliers-26-140x105.jpg 140w, https:\/\/www.jeunessesmusicales.be\/bruxelles\/wp-content\/uploads\/sites\/7\/2022\/08\/Ateliers-26.jpg 1920w\" sizes=\"auto, (max-width: 316px) 100vw, 316px\" \/><\/a><\/p>\n<p class=\"cvGsUA direction-ltr align-justify para-style-body\"><strong><span class=\"a_GcMg font-feature-liga-off font-feature-clig-off font-feature-calt-off text-decoration-none text-strikethrough-none\">Envie de cl\u00f4turer l\u2019ann\u00e9e scolaire en beaut\u00e9 ?<\/span><\/strong><\/p>\n<p class=\"cvGsUA direction-ltr align-justify para-style-body\"><span class=\"a_GcMg font-feature-liga-off font-feature-clig-off font-feature-calt-off text-decoration-none text-strikethrough-none\">Nous vous proposons un accompagnement sur mesure pour pr\u00e9parer, avec vos \u00e9l\u00e8ves, un spectacle festif et musical.<\/span><\/p>\n<p class=\"cvGsUA direction-ltr align-justify para-style-body\"><span class=\"a_GcMg font-feature-liga-off font-feature-clig-off font-feature-calt-off text-decoration-none text-strikethrough-none\">En collaboration \u00e9troite avec des musicien\u00b7ne\u00b7s-animateur\u00b7rice\u00b7s professionnel\u00b7le\u00b7s, les enseignant\u00b7e\u00b7s construisent un projet de fin d\u2019ann\u00e9e m\u00ealant chants, percussions, danses ou chor\u00e9graphies, selon les envies et les comp\u00e9tences des \u00e9l\u00e8ves.<\/span><\/p>\n<p class=\"cvGsUA direction-ltr align-justify para-style-body\"><span class=\"a_GcMg font-feature-liga-off font-feature-clig-off font-feature-calt-off text-decoration-none text-strikethrough-none\">D\u00e8s la premi\u00e8re rencontre, l\u2019\u00e9quipe enseignante et les intervenant\u00b7e\u00b7s choisissent ensemble une th\u00e9matique, des morceaux et\/ou des danses, pour cr\u00e9er un spectacle original, f\u00e9d\u00e9rateur et joyeux, qui fera vibrer petits et grands.<\/span><\/p>\n<p class=\"cvGsUA direction-ltr align-justify para-style-body\"><span class=\"a_GcMg font-feature-liga-off font-feature-clig-off font-feature-calt-off text-decoration-none text-strikethrough-none\">Un projet artistique qui stimule la cr\u00e9ativit\u00e9, renforce la coh\u00e9sion de classe, et valorise le travail collectif, pour terminer l\u2019ann\u00e9e sur une belle note de musique !<\/span><\/p>\n<table style=\"border-collapse: collapse; width: 100%; height: 16px;\">\n<tbody>\n<tr style=\"height: 43px;\">\n<td style=\"width: 457px; height: 16px; border-color: #ee4000; border-style: solid; text-align: center;\">\n<p class=\"p1\"><span style=\"color: #ef3740;\"><strong>CONDITIONS<\/strong><\/span><br \/>\n4 heures de r\u00e9union en amont et pendant la pr\u00e9paration<br \/>\n6 s\u00e9ances d\u2019ateliers\/r\u00e9p\u00e9titions minimum par classe<br \/>\n1 r\u00e9p\u00e9tition g\u00e9n\u00e9rale<\/p>\n<p>&nbsp;<\/p>\n<p class=\"p1\"><span style=\"color: #ef3740;\"><strong>TARIF<br \/>\n<\/strong><\/span>70\u20ac par heure de pr\u00e9paration ou par s\u00e9ance<\/p>\n<\/td>\n<\/tr>\n<\/tbody>\n<\/table>\n<h5 class=\"p1\" style=\"text-align: center;\"><strong><span style=\"color: #ef3740;\">Pour organiser avec nous la f\u00eate de l&rsquo;\u00e9cole, \u00e9crivez-nous \u00e0 <\/span><a href=\"mailto:jmbxl@jeunessesmusicales.be\"><span style=\"color: #ef3740;\">jmbxl@jeunessesmusicales.be<\/span><\/a><\/strong><\/h5>\n<p>&nbsp;<\/p>\n<p style=\"text-align: center;\"><span style=\"color: #ef3740;\"><em>\u00a0<\/em><\/span><\/p>\n","protected":false},"excerpt":{"rendered":"<p>Tous niveaux \u00e0 partir de la M1 Envie de cl\u00f4turer l\u2019ann\u00e9e scolaire en beaut\u00e9 ? Nous vous proposons un accompagnement &hellip; <a href=\"https:\/\/www.jeunessesmusicales.be\/bruxelles\/ateliers-musicaux-a-lecole\/ateliers-de-preparation-de-la-fete-de-lecole\/\" class=\"more-link\">Continue reading <span class=\"screen-reader-text\">ATELIERS DE PR\u00c9PARATION DE LA \u00ab F\u00caTE DE L\u2019\u00c9COLE \u00bb<\/span><\/a><\/p>\n","protected":false},"author":32,"featured_media":0,"parent":54,"menu_order":0,"comment_status":"closed","ping_status":"closed","template":"","meta":{"_acf_changed":false,"footnotes":""},"class_list":["post-7864","page","type-page","status-publish","hentry"],"acf":[],"aioseo_notices":[],"_links":{"self":[{"href":"https:\/\/www.jeunessesmusicales.be\/bruxelles\/wp-json\/wp\/v2\/pages\/7864","targetHints":{"allow":["GET"]}}],"collection":[{"href":"https:\/\/www.jeunessesmusicales.be\/bruxelles\/wp-json\/wp\/v2\/pages"}],"about":[{"href":"https:\/\/www.jeunessesmusicales.be\/bruxelles\/wp-json\/wp\/v2\/types\/page"}],"author":[{"embeddable":true,"href":"https:\/\/www.jeunessesmusicales.be\/bruxelles\/wp-json\/wp\/v2\/users\/32"}],"replies":[{"embeddable":true,"href":"https:\/\/www.jeunessesmusicales.be\/bruxelles\/wp-json\/wp\/v2\/comments?post=7864"}],"version-history":[{"count":16,"href":"https:\/\/www.jeunessesmusicales.be\/bruxelles\/wp-json\/wp\/v2\/pages\/7864\/revisions"}],"predecessor-version":[{"id":11830,"href":"https:\/\/www.jeunessesmusicales.be\/bruxelles\/wp-json\/wp\/v2\/pages\/7864\/revisions\/11830"}],"up":[{"embeddable":true,"href":"https:\/\/www.jeunessesmusicales.be\/bruxelles\/wp-json\/wp\/v2\/pages\/54"}],"wp:attachment":[{"href":"https:\/\/www.jeunessesmusicales.be\/bruxelles\/wp-json\/wp\/v2\/media?parent=7864"}],"curies":[{"name":"wp","href":"https:\/\/api.w.org\/{rel}","templated":true}]}}