{"id":8268,"date":"2023-07-12T14:40:53","date_gmt":"2023-07-12T12:40:53","guid":{"rendered":"https:\/\/www.jeunessesmusicales.be\/bruxelles\/creches-et-ecoles\/sorties-scolaires-copy\/"},"modified":"2025-09-04T15:44:54","modified_gmt":"2025-09-04T13:44:54","slug":"toutes-les-sorties-scolaires","status":"publish","type":"page","link":"https:\/\/www.jeunessesmusicales.be\/bruxelles\/toutes-les-sorties-scolaires\/","title":{"rendered":"Toutes les sorties scolaires"},"content":{"rendered":"<p style=\"text-align: justify;\">Ayant \u00e0 c\u0153ur l\u2019ouverture culturelle des \u00e9l\u00e8ves, les Jeunesses Musicales de Bruxelles, outre leurs activit\u00e9s musicales et p\u00e9dagogiques organis\u00e9es au sein des \u00e9tablissements scolaires, proposent aux \u00e9l\u00e8ves et \u00e0 leurs enseignant\u00b7es d\u2019exp\u00e9rimenter la musique autrement en investissant les lieux culturels bruxellois.<\/p>\n<h4 style=\"text-align: center;\"><a href=\"https:\/\/www.jeunessesmusicales.be\/bruxelles\/paroles-de-profs\/\">D\u00e9couvrez les retours des enseignant\u00b7es sur nos sorties scolaires !<\/a><\/h4>\n<p style=\"text-align: justify;\">Gr\u00e2ce \u00e0 des partenariats forts, les Jeunesses Musicales de Bruxelles proposent ainsi chaque ann\u00e9e aux \u00e9coles de la R\u00e9gion une s\u00e9rie de sorties scolaires : concerts p\u00e9dagogiques organis\u00e9s dans des lieux embl\u00e9matiques tels que Flagey, le Th\u00e9\u00e2tre Mercelis, Bozar, le Centre culturel d&rsquo;Uccle, le Mus\u00e9e Charlier, Le Senghor ou l\u2019Espace Toots et propos\u00e9s \u00e0 des tarifs pr\u00e9f\u00e9rentiels.<\/p>\n<p style=\"text-align: justify;\">Ces sorties sont une occasion unique de rencontre, de d\u00e9couverte et de partage.<\/p>\n<p style=\"text-align: center;\"><strong><span style=\"color: #ef3740;\">Les informations sur les tarifs, les horaires et les modalit\u00e9s de r\u00e9servation sont disponibles sur la page de chaque \u00e9v\u00e9nement (voir ci-dessous)<\/span><br \/>\n<\/strong><\/p>\n<h4><strong>NOS SORTIES SCOLAIRES 2025-26<\/strong><\/h4>\n<p style=\"text-align: center;\"><strong><a href=\"https:\/\/www.jeunessesmusicales.be\/bruxelles\/wp-content\/uploads\/sites\/7\/2025\/09\/Sorties-scolaires-JMBXL-25-26.pdf\"><span style=\"text-decoration: underline;\">T\u00e9l\u00e9chargez ICI le catalogue complet de nos sorties scolaires 25-26<\/span><\/a><\/strong><\/p>\n<p>&nbsp;<\/p>\n","protected":false},"excerpt":{"rendered":"<p>Ayant \u00e0 c\u0153ur l\u2019ouverture culturelle des \u00e9l\u00e8ves, les Jeunesses Musicales de Bruxelles, outre leurs activit\u00e9s musicales et p\u00e9dagogiques organis\u00e9es au &hellip; <a href=\"https:\/\/www.jeunessesmusicales.be\/bruxelles\/toutes-les-sorties-scolaires\/\" class=\"more-link\">Continue reading <span class=\"screen-reader-text\">Toutes les sorties scolaires<\/span><\/a><\/p>\n","protected":false},"author":38,"featured_media":0,"parent":0,"menu_order":0,"comment_status":"closed","ping_status":"closed","template":"","meta":{"_acf_changed":false,"footnotes":""},"class_list":["post-8268","page","type-page","status-publish","hentry"],"acf":[],"aioseo_notices":[],"_links":{"self":[{"href":"https:\/\/www.jeunessesmusicales.be\/bruxelles\/wp-json\/wp\/v2\/pages\/8268","targetHints":{"allow":["GET"]}}],"collection":[{"href":"https:\/\/www.jeunessesmusicales.be\/bruxelles\/wp-json\/wp\/v2\/pages"}],"about":[{"href":"https:\/\/www.jeunessesmusicales.be\/bruxelles\/wp-json\/wp\/v2\/types\/page"}],"author":[{"embeddable":true,"href":"https:\/\/www.jeunessesmusicales.be\/bruxelles\/wp-json\/wp\/v2\/users\/38"}],"replies":[{"embeddable":true,"href":"https:\/\/www.jeunessesmusicales.be\/bruxelles\/wp-json\/wp\/v2\/comments?post=8268"}],"version-history":[{"count":20,"href":"https:\/\/www.jeunessesmusicales.be\/bruxelles\/wp-json\/wp\/v2\/pages\/8268\/revisions"}],"predecessor-version":[{"id":12036,"href":"https:\/\/www.jeunessesmusicales.be\/bruxelles\/wp-json\/wp\/v2\/pages\/8268\/revisions\/12036"}],"wp:attachment":[{"href":"https:\/\/www.jeunessesmusicales.be\/bruxelles\/wp-json\/wp\/v2\/media?parent=8268"}],"curies":[{"name":"wp","href":"https:\/\/api.w.org\/{rel}","templated":true}]}}