{"id":8956,"date":"2023-08-08T16:58:55","date_gmt":"2023-08-08T14:58:55","guid":{"rendered":"https:\/\/www.jeunessesmusicales.be\/bruxelles\/creches-et-ecoles\/sorties-scolaires\/sorties-scolaires-flagey-copy\/"},"modified":"2025-11-13T09:53:39","modified_gmt":"2025-11-13T08:53:39","slug":"85-ans-des-jeunesses-musicales","status":"publish","type":"page","link":"https:\/\/www.jeunessesmusicales.be\/bruxelles\/concerts\/85-ans-des-jeunesses-musicales\/","title":{"rendered":"85 ans des Jeunesses Musicales"},"content":{"rendered":"<p><a rel=\"fancybox[8956]\" href=\"https:\/\/www.jeunessesmusicales.be\/bruxelles\/wp-content\/uploads\/sites\/7\/2025\/08\/85-ans-JM-300x300-1-e1755872457727.png\" class=\"fancybox\"><img loading=\"lazy\" decoding=\"async\" class=\"alignleft size-full wp-image-11833\" src=\"https:\/\/www.jeunessesmusicales.be\/bruxelles\/wp-content\/uploads\/sites\/7\/2025\/08\/85-ans-JM-300x300-1-e1755872457727.png\" alt=\"\" width=\"200\" height=\"200\" \/><\/a><\/p>\n<p>&nbsp;<\/p>\n<p>&nbsp;<\/p>\n<p>En pleine Seconde Guerre mondiale, Marcel Cuvelier initie le premier \u00ab Concert pour la Jeunesse \u00bb au Palais des Beaux-Arts de Bruxelles. Un acte de r\u00e9sistance : face \u00e0 l\u2019occupant, la musique devient un rempart, un souffle de libert\u00e9. D\u00e8s la fin de l\u2019ann\u00e9e 1940, pr\u00e8s de 2.000 jeunes ont rejoint ce mouvement naissant. Au fil des d\u00e9cennies, il d\u00e9passe rapidement les fronti\u00e8res. Aujourd\u2019hui, 85 ans plus tard, ce r\u00e9seau international est reconnu par l\u2019UNESCO comme la plus grande organisation mondiale d\u00e9di\u00e9e \u00e0 l\u2019initiation musicale des jeunes.<\/p>\n<p>Pour c\u00e9l\u00e9brer cet h\u00e9ritage, nous vous donnons des rendez-vous incontournables pour plonger au c\u0153ur de l\u2019histoire et de la musique !<\/p>\n<h3><span style=\"color: #ffffff;\">.<\/span><span style=\"color: #ef3740;\"><a href=\"https:\/\/www.jeunessesmusicales.be\/bruxelles\/85-ans-des-jeunesses-musicales-ode-aux-lendemains-flagey\/\">Ode aux lendemains @Flagey <\/a><span style=\"color: #2d353a;\">(12 d\u00e9cembre 2025<\/span><\/span>) \u00e0 18h30<\/h3>\n<p><a rel=\"fancybox[8956]\" href=\"https:\/\/www.jeunessesmusicales.be\/bruxelles\/85-ans-des-jeunesses-musicales-ode-aux-lendemains-flagey\/\"><img loading=\"lazy\" decoding=\"async\" class=\"alignleft wp-image-11843 size-medium\" src=\"https:\/\/www.jeunessesmusicales.be\/bruxelles\/wp-content\/uploads\/sites\/7\/2025\/12\/Banksy-site-300x185.png\" alt=\"\" width=\"300\" height=\"185\" \/ class=\"fancybox\" srcset=\"https:\/\/www.jeunessesmusicales.be\/bruxelles\/wp-content\/uploads\/sites\/7\/2025\/12\/Banksy-site-300x185.png 300w, https:\/\/www.jeunessesmusicales.be\/bruxelles\/wp-content\/uploads\/sites\/7\/2025\/12\/Banksy-site-768x475.png 768w, https:\/\/www.jeunessesmusicales.be\/bruxelles\/wp-content\/uploads\/sites\/7\/2025\/12\/Banksy-site-150x93.png 150w, https:\/\/www.jeunessesmusicales.be\/bruxelles\/wp-content\/uploads\/sites\/7\/2025\/12\/Banksy-site.png 825w\" sizes=\"auto, (max-width: 300px) 100vw, 300px\" \/><\/a><\/p>\n<p>En 1940, en pleine p\u00e9riode d\u2019occupation, les Jeunesses Musicales sont cr\u00e9\u00e9es \u00e0 Bruxelles afin de permettre \u00e0 des jeunes de venir au Palais des Beaux-Arts assister \u00e0 des concerts de musique symphonique, et ainsi leur permettre d\u2019\u00e9chapper \u00e0 l\u2019emprise de l\u2019occupant. A l\u2019occasion de leur 85\u00e8me anniversaire, les Jeunesses Musicales Wallonie-Bruxelles s\u2019associent avec l\u2019Orchestre Philharmonique Royal de Li\u00e8ge (OPRL) autour d\u2019un projet unique, construit autour de cette id\u00e9e essentielle de r\u00e9sistance par la musique et l\u2019art.<\/p>\n<p>Une centaine \u00e9l\u00e8ves de secondaire, issus de partout en Wallonie et de Bruxelles, ont \u00e9crit 8 textes sur le concert de r\u00e9sistance. Accompagn\u00e9s par l\u2019OPRL, ils les interpr\u00e9teront sur sc\u00e8ne sur des morceaux choisis du r\u00e9pertoire symphonique.<\/p>\n<p>Que signifie le concert de r\u00e9sistance pour les jeunes d\u2019aujourd\u2019hui ? Droits des femmes, lutte contre le racisme, discriminations, lutte climatique, nous les avons accompagn\u00e9s durant plusieurs mois pour qu\u2019ils expriment leurs id\u00e9es, leurs r\u00e9voltes et leurs espoirs. Ce projet est ainsi avant tout une rencontre : celle de jeunes issus de divers horizons, de l\u2019Orchestre Philharmonique Royal de Li\u00e8ge et d\u2019un concept traversant les \u00e9poques.<br \/>\nVenez assister \u00e0 ce concert unique !<\/p>\n<p><span style=\"color: #ef3740;\">&#8211; Orchestre Philharmonique Royal de Li\u00e8ge<\/span><br \/>\n<span style=\"color: #ef3740;\">&#8211; Direction<\/span> : Lars Corijn<br \/>\n<span style=\"color: #ef3740;\">&#8211; Arrangements<\/span> : Gwena\u00ebl Mario Grisi<br \/>\n<span style=\"color: #ef3740;\">&#8211; Dramaturgie et mise en sc\u00e8ne<\/span> : Fabrice Murgia<\/p>\n<p><strong>R\u00e9pertoire :<\/strong><br \/>\n&#8211; <span style=\"color: #ef3740;\">Ludwig van Beethoven<\/span> \u2013 9e symphonie, 4e mvt \u2013 Hymne \u00e0 la joie<br \/>\n&#8211; <span style=\"color: #ef3740;\">Giuseppe Verdi<\/span> \u2013 Nabucco, Ch\u0153ur des esclaves<br \/>\n&#8211; <span style=\"color: #ef3740;\">Louise Farrenc<\/span> \u2013 3e symphonie, extrait 3e mvt<br \/>\n&#8211; <span style=\"color: #ef3740;\">C\u00e9sar Franck<\/span> \u2013 Ch\u0153ur des Hommes \u00ab\u00a0O\u00f9 sommes-nous ?\u00a0\u00bb \u2013 R\u00e9demption<br \/>\n&#8211;<span style=\"color: #ef3740;\"> Camille Saint-Sa\u00ebns<\/span> \u2013 Danse macabre<br \/>\n&#8211; <span style=\"color: #ef3740;\">Georges Bizet<\/span> \u2013 Carmen, Habanera<br \/>\n&#8211; <span style=\"color: #ef3740;\">Sergue\u00ef Prokofiev<\/span> \u2013 Rom\u00e9o et Juliette, Danse des Chevaliers<br \/>\n&#8211; <span style=\"color: #ef3740;\">Samuel Barber<\/span> \u2013 Adagio for Strings<\/p>\n<p>&nbsp;<\/p>\n<p style=\"text-align: center;\"><a class=\"btn btn-primary\" style=\"min-width: 100px;\" href=\"https:\/\/www.flagey.be\/en\/activity\/12786-ode-aux-lendemains-oprl-x-85-ans-de-jeunesses-musicales\" target=\"_blank\" rel=\"noopener noreferrer\">R\u00e9servations<\/a><\/p>\n<p>&nbsp;<\/p>\n","protected":false},"excerpt":{"rendered":"<p>&nbsp; &nbsp; En pleine Seconde Guerre mondiale, Marcel Cuvelier initie le premier \u00ab Concert pour la Jeunesse \u00bb au Palais &hellip; <a href=\"https:\/\/www.jeunessesmusicales.be\/bruxelles\/concerts\/85-ans-des-jeunesses-musicales\/\" class=\"more-link\">Continue reading <span class=\"screen-reader-text\">85 ans des Jeunesses Musicales<\/span><\/a><\/p>\n","protected":false},"author":38,"featured_media":0,"parent":50,"menu_order":0,"comment_status":"closed","ping_status":"closed","template":"","meta":{"_acf_changed":false,"footnotes":""},"class_list":["post-8956","page","type-page","status-publish","hentry"],"acf":[],"aioseo_notices":[],"_links":{"self":[{"href":"https:\/\/www.jeunessesmusicales.be\/bruxelles\/wp-json\/wp\/v2\/pages\/8956","targetHints":{"allow":["GET"]}}],"collection":[{"href":"https:\/\/www.jeunessesmusicales.be\/bruxelles\/wp-json\/wp\/v2\/pages"}],"about":[{"href":"https:\/\/www.jeunessesmusicales.be\/bruxelles\/wp-json\/wp\/v2\/types\/page"}],"author":[{"embeddable":true,"href":"https:\/\/www.jeunessesmusicales.be\/bruxelles\/wp-json\/wp\/v2\/users\/38"}],"replies":[{"embeddable":true,"href":"https:\/\/www.jeunessesmusicales.be\/bruxelles\/wp-json\/wp\/v2\/comments?post=8956"}],"version-history":[{"count":25,"href":"https:\/\/www.jeunessesmusicales.be\/bruxelles\/wp-json\/wp\/v2\/pages\/8956\/revisions"}],"predecessor-version":[{"id":12104,"href":"https:\/\/www.jeunessesmusicales.be\/bruxelles\/wp-json\/wp\/v2\/pages\/8956\/revisions\/12104"}],"up":[{"embeddable":true,"href":"https:\/\/www.jeunessesmusicales.be\/bruxelles\/wp-json\/wp\/v2\/pages\/50"}],"wp:attachment":[{"href":"https:\/\/www.jeunessesmusicales.be\/bruxelles\/wp-json\/wp\/v2\/media?parent=8956"}],"curies":[{"name":"wp","href":"https:\/\/api.w.org\/{rel}","templated":true}]}}