{"id":9709,"date":"2025-09-19T11:49:14","date_gmt":"2025-09-19T09:49:14","guid":{"rendered":"https:\/\/www.jeunessesmusicales.be\/bruxelles\/ateliers-en-famille\/eveil-musical-parent-bebe-10h00-centre-culturel-de-jette-copy\/"},"modified":"2025-09-19T14:45:34","modified_gmt":"2025-09-19T12:45:34","slug":"mini-melomanes-ateliers-deveil-musical-parent-bebe-cc-de-jette-horaire-selon-lage","status":"publish","type":"page","link":"https:\/\/www.jeunessesmusicales.be\/bruxelles\/ateliers-en-famille\/mini-melomanes-ateliers-deveil-musical-parent-bebe-cc-de-jette-horaire-selon-lage\/","title":{"rendered":"\u201cMini-M\u00e9lomanes\u201d Ateliers d\u2019\u00e9veil musical parent-b\u00e9b\u00e9 @CC de Jette (horaire selon l&rsquo;\u00e2ge)"},"content":{"rendered":"<p style=\"text-align: justify;\"><a rel=\"fancybox[9709]\" href=\"https:\/\/www.jeunessesmusicales.be\/bruxelles\/wp-content\/uploads\/sites\/7\/2023\/08\/IMG_20230714_154358.jpg\" class=\"fancybox\"><img loading=\"lazy\" decoding=\"async\" class=\"alignleft size-medium wp-image-10273\" src=\"https:\/\/www.jeunessesmusicales.be\/bruxelles\/wp-content\/uploads\/sites\/7\/2023\/08\/IMG_20230714_154358-300x225.jpg\" alt=\"\" width=\"300\" height=\"225\" srcset=\"https:\/\/www.jeunessesmusicales.be\/bruxelles\/wp-content\/uploads\/sites\/7\/2023\/08\/IMG_20230714_154358-300x225.jpg 300w, https:\/\/www.jeunessesmusicales.be\/bruxelles\/wp-content\/uploads\/sites\/7\/2023\/08\/IMG_20230714_154358-1024x768.jpg 1024w, https:\/\/www.jeunessesmusicales.be\/bruxelles\/wp-content\/uploads\/sites\/7\/2023\/08\/IMG_20230714_154358-768x576.jpg 768w, https:\/\/www.jeunessesmusicales.be\/bruxelles\/wp-content\/uploads\/sites\/7\/2023\/08\/IMG_20230714_154358-1536x1152.jpg 1536w, https:\/\/www.jeunessesmusicales.be\/bruxelles\/wp-content\/uploads\/sites\/7\/2023\/08\/IMG_20230714_154358-140x105.jpg 140w, https:\/\/www.jeunessesmusicales.be\/bruxelles\/wp-content\/uploads\/sites\/7\/2023\/08\/IMG_20230714_154358.jpg 1920w\" sizes=\"auto, (max-width: 300px) 100vw, 300px\" \/><\/a>Rejoignez-nous pour des matin\u00e9es musicales pleines de joie et de d\u00e9couvertes avec <span style=\"color: #ef3740;\">Thierry Decours<\/span>, notre musicien animateur passionn\u00e9 ! Chaque samedi matin, vivez des moments uniques de complicit\u00e9 et de partage avec votre b\u00e9b\u00e9 \u00e0 travers nos ateliers d\u2019\u00e9veil musical.<\/p>\n<p style=\"text-align: justify;\">Une respiration hebdomadaire pour renforcer les liens parent-enfant favoriser la communication et offrir une occasion pr\u00e9coce de socialisation aux tout-petits dans une atmosph\u00e8re conviviale. Par impr\u00e9gnation, avec douceur, humour et constance, Thierry s\u2019emploie \u00e0 satisfaire la curiosit\u00e9, l\u2019envie de conna\u00eetre et d\u2019exp\u00e9rimenter qui habitent les enfants d\u00e8s leurs premiers jours.<\/p>\n<p style=\"text-align: justify;\">Tour \u00e0 tour, joueur d\u2019instruments, chanteur, marionnettiste, il vous invite \u00e0 planter une petite graine de musique dans vos oreilles. N\u2019utilisant aucun intrant, ni chimiques ni \u00e9lectriques, ni m\u00eame num\u00e9riques, il est expert en permaculture musicale !<\/p>\n<table style=\"border-collapse: collapse; width: 100%; height: 43px;\">\n<tbody>\n<tr style=\"height: 43px;\">\n<td style=\"width: 575px; height: 43px; border-color: #ee4000; border-style: solid;\">\n<h4 class=\"p1\" style=\"text-align: center;\"><span style=\"color: #ef3740;\"><strong>INFOS PRATIQUES<\/strong><br \/>\n<\/span><\/h4>\n<p style=\"text-align: justify; padding-left: 40px;\"><span style=\"color: #ef3740;\">PUBLIC<br \/>\n<\/span>Parent-b\u00e9b\u00e9 de 0 \u00e0 18 mois<br \/>\nParent-b\u00e9b\u00e9 de 18 \u00e0 36 mois<\/p>\n<p style=\"text-align: justify; padding-left: 40px;\"><span style=\"color: #ef3740;\">DATES<br \/>\n<\/span>Chaque samedi matin du 20\/09\/2025 au 30\/05\/2026 (hors cong\u00e9s scolaires)<span style=\"color: #ef3740;\"><br \/>\n<\/span><\/p>\n<p style=\"text-align: justify; padding-left: 40px;\"><span style=\"color: #ef3740;\">HORAIRES<\/span><strong><br \/>\n<\/strong>De 09h00 \u00e0 09h50 : Parent-b\u00e9b\u00e9 de 0 \u00e0 18 mois<br \/>\nDe 10h00 \u00e0 10h50 : Parent-b\u00e9b\u00e9 de 18 \u00e0 36 mois<br \/>\nDe 11h00 \u00e0 11h50 : Parent-b\u00e9b\u00e9 de 18 \u00e0 36 mois<\/p>\n<p style=\"text-align: justify; padding-left: 40px;\"><span style=\"color: #ef3740;\">TARIFS<\/span><strong><br \/>\n<\/strong>Prix libre :<br \/>\nVert (plein tarif) = 210 euros pour l\u2019ann\u00e9e<br \/>\nBleu (plein tarif) = 180 euros pour l\u2019ann\u00e9e<br \/>\nOrange (BIM, b\u00e9n\u00e9ficiaire RIS, GRAPA) = 115 euros pour l\u2019ann\u00e9e<\/p>\n<p><span style=\"color: #ef3740;\">\u00a0\u00a0\u00a0\u00a0\u00a0\u00a0\u00a0\u00a0\u00a0 RESERVATIONS : <a href=\"https:\/\/ccjette.be\/a-faire\/\">Billetterie du Centre Culturel de Jette (cliquez ICI)<\/a><\/span><\/p>\n<p style=\"padding-left: 40px;\"><span style=\"color: #ef3740;\">ADRESSE<\/span><strong><br \/>\n<\/strong>Centre Culturel de Jette &#8211; Boulevard de Smet de Naeyer 145 &#8211;\u00a0 1090 Jette<\/p>\n<\/td>\n<\/tr>\n<\/tbody>\n<\/table>\n<p>&nbsp;<\/p>\n<p style=\"text-align: right;\">En partenariat avec :<\/p>\n<p style=\"text-align: right;\"><a rel=\"fancybox[9709]\" href=\"https:\/\/ccjette.be\/\" target=\"_blank\" rel=\"noopener\"><img loading=\"lazy\" decoding=\"async\" class=\"wp-image-9692 alignright\" src=\"https:\/\/www.jeunessesmusicales.be\/bruxelles\/wp-content\/uploads\/sites\/7\/2023\/07\/logo_CC_Jette-300x300.png\" alt=\"\" width=\"153\" height=\"153\" \/ class=\"fancybox\" srcset=\"https:\/\/www.jeunessesmusicales.be\/bruxelles\/wp-content\/uploads\/sites\/7\/2023\/07\/logo_CC_Jette-300x300.png 300w, https:\/\/www.jeunessesmusicales.be\/bruxelles\/wp-content\/uploads\/sites\/7\/2023\/07\/logo_CC_Jette-150x150.png 150w, https:\/\/www.jeunessesmusicales.be\/bruxelles\/wp-content\/uploads\/sites\/7\/2023\/07\/logo_CC_Jette-105x105.png 105w, https:\/\/www.jeunessesmusicales.be\/bruxelles\/wp-content\/uploads\/sites\/7\/2023\/07\/logo_CC_Jette-200x200.png 200w, https:\/\/www.jeunessesmusicales.be\/bruxelles\/wp-content\/uploads\/sites\/7\/2023\/07\/logo_CC_Jette.png 500w\" sizes=\"auto, (max-width: 153px) 100vw, 153px\" \/><\/a><\/p>\n","protected":false},"excerpt":{"rendered":"<p>Rejoignez-nous pour des matin\u00e9es musicales pleines de joie et de d\u00e9couvertes avec Thierry Decours, notre musicien animateur passionn\u00e9 ! Chaque &hellip; <a href=\"https:\/\/www.jeunessesmusicales.be\/bruxelles\/ateliers-en-famille\/mini-melomanes-ateliers-deveil-musical-parent-bebe-cc-de-jette-horaire-selon-lage\/\" class=\"more-link\">Continue reading <span class=\"screen-reader-text\">\u201cMini-M\u00e9lomanes\u201d Ateliers d\u2019\u00e9veil musical parent-b\u00e9b\u00e9 @CC de Jette (horaire selon l&rsquo;\u00e2ge)<\/span><\/a><\/p>\n","protected":false},"author":38,"featured_media":11723,"parent":46,"menu_order":0,"comment_status":"closed","ping_status":"closed","template":"","meta":{"_acf_changed":false,"footnotes":""},"class_list":["post-9709","page","type-page","status-publish","has-post-thumbnail","hentry"],"acf":[],"aioseo_notices":[],"_links":{"self":[{"href":"https:\/\/www.jeunessesmusicales.be\/bruxelles\/wp-json\/wp\/v2\/pages\/9709","targetHints":{"allow":["GET"]}}],"collection":[{"href":"https:\/\/www.jeunessesmusicales.be\/bruxelles\/wp-json\/wp\/v2\/pages"}],"about":[{"href":"https:\/\/www.jeunessesmusicales.be\/bruxelles\/wp-json\/wp\/v2\/types\/page"}],"author":[{"embeddable":true,"href":"https:\/\/www.jeunessesmusicales.be\/bruxelles\/wp-json\/wp\/v2\/users\/38"}],"replies":[{"embeddable":true,"href":"https:\/\/www.jeunessesmusicales.be\/bruxelles\/wp-json\/wp\/v2\/comments?post=9709"}],"version-history":[{"count":25,"href":"https:\/\/www.jeunessesmusicales.be\/bruxelles\/wp-json\/wp\/v2\/pages\/9709\/revisions"}],"predecessor-version":[{"id":12073,"href":"https:\/\/www.jeunessesmusicales.be\/bruxelles\/wp-json\/wp\/v2\/pages\/9709\/revisions\/12073"}],"up":[{"embeddable":true,"href":"https:\/\/www.jeunessesmusicales.be\/bruxelles\/wp-json\/wp\/v2\/pages\/46"}],"wp:featuredmedia":[{"embeddable":true,"href":"https:\/\/www.jeunessesmusicales.be\/bruxelles\/wp-json\/wp\/v2\/media\/11723"}],"wp:attachment":[{"href":"https:\/\/www.jeunessesmusicales.be\/bruxelles\/wp-json\/wp\/v2\/media?parent=9709"}],"curies":[{"name":"wp","href":"https:\/\/api.w.org\/{rel}","templated":true}]}}