{"id":9782,"date":"2025-09-01T15:34:38","date_gmt":"2025-09-01T13:34:38","guid":{"rendered":"https:\/\/www.jeunessesmusicales.be\/bruxelles\/ateliers-en-famille\/eveil-musical-enfant-3-5-ans-10h30-la-villa-ganshoren-copy\/"},"modified":"2025-09-19T14:45:56","modified_gmt":"2025-09-19T12:45:56","slug":"parenthese-musicale-ateliers-deveil-musical-parent-bebe-enfant-la-villa-ganshoren-horaire-selon-lage","status":"publish","type":"page","link":"https:\/\/www.jeunessesmusicales.be\/bruxelles\/ateliers-en-famille\/parenthese-musicale-ateliers-deveil-musical-parent-bebe-enfant-la-villa-ganshoren-horaire-selon-lage\/","title":{"rendered":"\u201cParenth\u00e8se musicale\u201d Ateliers d\u2019\u00e9veil musical parent-b\u00e9b\u00e9\/enfant @La Villa Ganshoren (horaire selon l&rsquo;\u00e2ge)"},"content":{"rendered":"<p style=\"text-align: justify;\"><img loading=\"lazy\" decoding=\"async\" class=\"alignleft wp-image-187 size-medium\" src=\"https:\/\/www.jeunessesmusicales.be\/bruxelles\/wp-content\/uploads\/sites\/7\/2015\/11\/stages2-300x200.jpg\" alt=\"\" width=\"300\" height=\"200\" srcset=\"https:\/\/www.jeunessesmusicales.be\/bruxelles\/wp-content\/uploads\/sites\/7\/2015\/11\/stages2-300x200.jpg 300w, https:\/\/www.jeunessesmusicales.be\/bruxelles\/wp-content\/uploads\/sites\/7\/2015\/11\/stages2-1024x683.jpg 1024w, https:\/\/www.jeunessesmusicales.be\/bruxelles\/wp-content\/uploads\/sites\/7\/2015\/11\/stages2-150x100.jpg 150w\" sizes=\"auto, (max-width: 300px) 100vw, 300px\" \/>Chaque s\u00e9ance de Parenth\u00e8se Musicale est soigneusement planifi\u00e9e pour inclure des activit\u00e9s vari\u00e9es et adapt\u00e9es aux tout-petits :<br \/>\n\u2023 Chansons et Comptines : interpr\u00e9tation de chansons douces et entra\u00eenantes, accompagn\u00e9es de gestes pour capter l\u2019attention des b\u00e9b\u00e9s.<br \/>\n\u2023 Exploration Sonore : utilisation d\u2019instruments de musique simples (hochets, tambourins, xylophones) pour explorer les diff\u00e9rents sons.<br \/>\n\u2023 Moments de D\u00e9tente : s\u00e9quences de relaxation musicale pour apaiser et rassurer les b\u00e9b\u00e9s.<br \/>\n\u2023 Jeux Musicaux : activit\u00e9s interactives qui encouragent le mouvement et la coordination, tout en introduisant des concepts rythmiques de base.<\/p>\n<p style=\"text-align: justify;\">Chaque samedi, partagez une parenth\u00e8se de douceur musicale avec vos tout petits pour cr\u00e9er des souvenirs inoubliables.<\/p>\n<table style=\"border-collapse: collapse; width: 100%; height: 43px;\">\n<tbody>\n<tr style=\"height: 43px;\">\n<td style=\"width: 575px; height: 43px; border-color: #ee4000; border-style: solid;\">\n<h5 class=\"p1\" style=\"text-align: center;\"><span style=\"color: #ef3740;\"><strong>INFOS PRATIQUES<\/strong><br \/>\n<\/span><\/h5>\n<p style=\"text-align: justify; padding-left: 40px;\"><span style=\"color: #ef3740;\">PUBLIC<br \/>\n<\/span>Parent-b\u00e9b\u00e9 de 0 \u00e0 3 ans<br \/>\nEnfants de 3 \u00e0 5 ans<\/p>\n<p style=\"text-align: justify; padding-left: 40px;\"><span style=\"color: #ef3740;\">DATES<br \/>\n<\/span>Chaque samedi matin du 01\/10\/2025 \u00e0 juin 2026<span style=\"color: #ef3740;\"><br \/>\n<\/span><\/p>\n<p style=\"text-align: justify; padding-left: 40px;\"><span style=\"color: #ef3740;\">HORAIRES<\/span><br \/>\nDe 10h00 \u00e0 11h00 : Parent-b\u00e9b\u00e9 de 0 \u00e0 3 ans<br \/>\nDe 11h00 \u00e0 12h00 : Enfants de 3 \u00e0 5 ans<\/p>\n<p style=\"text-align: justify; padding-left: 40px;\"><span style=\"color: #ef3740;\">TARIFS<\/span><strong><br \/>\n<\/strong>Ann\u00e9e compl\u00e8te (23 s\u00e9ances) : 130 \u20ac<br \/>\nTrimestre sept-d\u00e9c (cycle de 7 s\u00e9ances) : 35\u20ac<br \/>\nS\u00e9ance d\u2019essai : 8\u20ac<\/p>\n<p style=\"padding-left: 40px;\"><span style=\"color: #ef3740;\">R\u00c9SERVATIONS<br \/>\n<\/span>02 420 37 27<br \/>\n<a href=\"mailto:info@lavillaculture.be\">info@lavillaculture.be<\/a><\/p>\n<p style=\"padding-left: 40px;\"><span style=\"color: #ef3740;\">ADRESSE<\/span><strong><br \/>\n<\/strong>La Villa, Centre Culturel de Ganshoren &#8211; Place Guido Gezelle, 26 &#8211; 1083 Ganshoren<\/p>\n<\/td>\n<\/tr>\n<\/tbody>\n<\/table>\n<p style=\"text-align: right;\">En partenariat avec :<\/p>\n<p><a rel=\"fancybox[9782]\" href=\"https:\/\/lavillaculture.be\/\" target=\"_blank\" rel=\"noopener\"><img loading=\"lazy\" decoding=\"async\" class=\"wp-image-8535 alignright\" src=\"https:\/\/www.jeunessesmusicales.be\/bruxelles\/wp-content\/uploads\/sites\/7\/2022\/08\/Villa-removebg-preview-255x300.png\" alt=\"\" width=\"88\" height=\"104\" data-pagespeed-url-hash=\"2587197555\" \/ class=\"fancybox\" srcset=\"https:\/\/www.jeunessesmusicales.be\/bruxelles\/wp-content\/uploads\/sites\/7\/2022\/08\/Villa-removebg-preview-255x300.png 255w, https:\/\/www.jeunessesmusicales.be\/bruxelles\/wp-content\/uploads\/sites\/7\/2022\/08\/Villa-removebg-preview-89x105.png 89w, https:\/\/www.jeunessesmusicales.be\/bruxelles\/wp-content\/uploads\/sites\/7\/2022\/08\/Villa-removebg-preview.png 461w\" sizes=\"auto, (max-width: 88px) 100vw, 88px\" \/><\/a><\/p>\n<p style=\"text-align: center;\">\n","protected":false},"excerpt":{"rendered":"<p>Chaque s\u00e9ance de Parenth\u00e8se Musicale est soigneusement planifi\u00e9e pour inclure des activit\u00e9s vari\u00e9es et adapt\u00e9es aux tout-petits : \u2023 Chansons &hellip; <a href=\"https:\/\/www.jeunessesmusicales.be\/bruxelles\/ateliers-en-famille\/parenthese-musicale-ateliers-deveil-musical-parent-bebe-enfant-la-villa-ganshoren-horaire-selon-lage\/\" class=\"more-link\">Continue reading <span class=\"screen-reader-text\">\u201cParenth\u00e8se musicale\u201d Ateliers d\u2019\u00e9veil musical parent-b\u00e9b\u00e9\/enfant @La Villa Ganshoren (horaire selon l&rsquo;\u00e2ge)<\/span><\/a><\/p>\n","protected":false},"author":38,"featured_media":187,"parent":46,"menu_order":0,"comment_status":"closed","ping_status":"closed","template":"","meta":{"_acf_changed":false,"footnotes":""},"class_list":["post-9782","page","type-page","status-publish","has-post-thumbnail","hentry"],"acf":[],"aioseo_notices":[],"_links":{"self":[{"href":"https:\/\/www.jeunessesmusicales.be\/bruxelles\/wp-json\/wp\/v2\/pages\/9782","targetHints":{"allow":["GET"]}}],"collection":[{"href":"https:\/\/www.jeunessesmusicales.be\/bruxelles\/wp-json\/wp\/v2\/pages"}],"about":[{"href":"https:\/\/www.jeunessesmusicales.be\/bruxelles\/wp-json\/wp\/v2\/types\/page"}],"author":[{"embeddable":true,"href":"https:\/\/www.jeunessesmusicales.be\/bruxelles\/wp-json\/wp\/v2\/users\/38"}],"replies":[{"embeddable":true,"href":"https:\/\/www.jeunessesmusicales.be\/bruxelles\/wp-json\/wp\/v2\/comments?post=9782"}],"version-history":[{"count":10,"href":"https:\/\/www.jeunessesmusicales.be\/bruxelles\/wp-json\/wp\/v2\/pages\/9782\/revisions"}],"predecessor-version":[{"id":11726,"href":"https:\/\/www.jeunessesmusicales.be\/bruxelles\/wp-json\/wp\/v2\/pages\/9782\/revisions\/11726"}],"up":[{"embeddable":true,"href":"https:\/\/www.jeunessesmusicales.be\/bruxelles\/wp-json\/wp\/v2\/pages\/46"}],"wp:featuredmedia":[{"embeddable":true,"href":"https:\/\/www.jeunessesmusicales.be\/bruxelles\/wp-json\/wp\/v2\/media\/187"}],"wp:attachment":[{"href":"https:\/\/www.jeunessesmusicales.be\/bruxelles\/wp-json\/wp\/v2\/media?parent=9782"}],"curies":[{"name":"wp","href":"https:\/\/api.w.org\/{rel}","templated":true}]}}