{"id":1618,"date":"2021-03-25T14:10:35","date_gmt":"2021-03-25T13:10:35","guid":{"rendered":"https:\/\/www.jeunessesmusicales.be\/charleroimetropole\/?page_id=1618"},"modified":"2022-06-21T13:48:49","modified_gmt":"2022-06-21T11:48:49","slug":"henri","status":"publish","type":"page","link":"https:\/\/www.jeunessesmusicales.be\/charleroimetropole\/henri\/","title":{"rendered":"Le th\u00e9\u00e2tre de Mr Henri"},"content":{"rendered":"<p style=\"text-align: center;\"><iframe loading=\"lazy\" title=\"YouTube video player\" src=\"https:\/\/www.youtube.com\/embed\/tO3npA2MQp8\" width=\"560\" height=\"315\" frameborder=\"0\" allowfullscreen=\"allowfullscreen\"><\/iframe><\/p>\n<h3><span style=\"color: #ef3740;\"><strong>Le poisson Bavard <\/strong>(Accueil &#8211; M1 &#8211; M2)<\/span><\/h3>\n<p><a rel=\"fancybox[1618]\" href=\"https:\/\/www.jeunessesmusicales.be\/charleroimetropole\/wp-content\/uploads\/sites\/6\/2022\/06\/poisson.png\" class=\"fancybox\"><img loading=\"lazy\" decoding=\"async\" class=\" wp-image-2181 alignleft\" src=\"https:\/\/www.jeunessesmusicales.be\/charleroimetropole\/wp-content\/uploads\/sites\/6\/2022\/06\/poisson-278x300.png\" alt=\"\" width=\"187\" height=\"202\" srcset=\"https:\/\/www.jeunessesmusicales.be\/charleroimetropole\/wp-content\/uploads\/sites\/6\/2022\/06\/poisson-278x300.png 278w, https:\/\/www.jeunessesmusicales.be\/charleroimetropole\/wp-content\/uploads\/sites\/6\/2022\/06\/poisson-97x105.png 97w, https:\/\/www.jeunessesmusicales.be\/charleroimetropole\/wp-content\/uploads\/sites\/6\/2022\/06\/poisson.png 330w\" sizes=\"auto, (max-width: 187px) 100vw, 187px\" \/><\/a>D\u2019habitude, les poissons sont plut\u00f4t silencieux, mais celui-ci c\u2019est tout le contraire. Chaque fois qu\u2019il sort la t\u00eate de l\u2019eau, c\u2019est pour ouvrir une bouche \u00e9norme qui nous chante des chansons extravagantes ou nous raconte des histoires.<\/p>\n<p>Dans ce th\u00e9\u00e2tre, tu regardes, tu \u00e9coutes, tu chantes, tu joues avec des instruments et tu manipules des petites marionnettes pour accompagner l\u2019orchestre marin.<\/p>\n<p>&nbsp;<\/p>\n<p>&nbsp;<\/p>\n<p>&nbsp;<\/p>\n<p><span style=\"color: #ef3740;\">\u2022 <strong>Dur\u00e9e<\/strong> : 50 minutes<\/span><br \/>\n<span style=\"color: #ef3740;\">\u2022 <strong>1 repr\u00e9sentation scolaire<\/strong> : 240 \u20ac<\/span><br \/>\n<span style=\"color: #ef3740;\">\u2022 <strong>Jauge<\/strong> : 100 enfants maximum<\/span><\/p>\n<h3><span style=\"color: #ef3740;\"><strong>Monsieur et Madame H\u00e9risson <\/strong>(Accueil &#8211; M1 &#8211; M2)<\/span><\/h3>\n<p><a rel=\"fancybox[1618]\" href=\"https:\/\/www.jeunessesmusicales.be\/charleroimetropole\/wp-content\/uploads\/sites\/6\/2022\/06\/Herisson.png\" class=\"fancybox\"><img loading=\"lazy\" decoding=\"async\" class=\"size-medium wp-image-2177 alignleft\" src=\"https:\/\/www.jeunessesmusicales.be\/charleroimetropole\/wp-content\/uploads\/sites\/6\/2022\/06\/Herisson-300x113.png\" alt=\"\" width=\"300\" height=\"113\" srcset=\"https:\/\/www.jeunessesmusicales.be\/charleroimetropole\/wp-content\/uploads\/sites\/6\/2022\/06\/Herisson-300x113.png 300w, https:\/\/www.jeunessesmusicales.be\/charleroimetropole\/wp-content\/uploads\/sites\/6\/2022\/06\/Herisson-150x56.png 150w, https:\/\/www.jeunessesmusicales.be\/charleroimetropole\/wp-content\/uploads\/sites\/6\/2022\/06\/Herisson.png 330w\" sizes=\"auto, (max-width: 300px) 100vw, 300px\" \/><\/a>Au milieu des bois, sous le plus grand des ch\u00eanes, Monsieur et Madame H\u00e9risson installent leur petit nid douillet. Apr\u00e8s avoir soup\u00e9 de quelques d\u00e9licieuses limaces, araign\u00e9es et autres insectes, Madame H\u00e9risson s\u2019endort pour une sieste bien m\u00e9rit\u00e9e. \u00c0 cet instant, les oiseaux de la for\u00eat chantent, sifflent, caquettent, roucoulent et hululent, comment les faire taire ? Tout ce vacarme va finir par r\u00e9veiller Madame h\u00e9risson !<\/p>\n<p>&nbsp;<\/p>\n<p><span style=\"color: #ef3740;\">\u2022 <strong>Dur\u00e9e<\/strong> : 50 minutes<\/span><br \/>\n<span style=\"color: #ef3740;\">\u2022 <strong>1 repr\u00e9sentation scolaire<\/strong> : 240 \u20ac<\/span><br \/>\n<span style=\"color: #ef3740;\">\u2022 <strong>Jauge<\/strong> : 100 enfants maximum<\/span><\/p>\n<h3><span style=\"color: #ef3740;\"><strong>Gaston sous la terre <\/strong>(<\/span><span style=\"color: #ef3740;\">Accueil &#8211; M1 &#8211; M2<\/span><span style=\"color: #ef3740;\">)<\/span><\/h3>\n<p><a rel=\"fancybox[1618]\" href=\"https:\/\/www.jeunessesmusicales.be\/charleroimetropole\/wp-content\/uploads\/sites\/6\/2022\/06\/gaston.png\" class=\"fancybox\"><img loading=\"lazy\" decoding=\"async\" class=\"wp-image-2176 alignleft\" src=\"https:\/\/www.jeunessesmusicales.be\/charleroimetropole\/wp-content\/uploads\/sites\/6\/2022\/06\/gaston-300x215.png\" alt=\"\" width=\"234\" height=\"168\" srcset=\"https:\/\/www.jeunessesmusicales.be\/charleroimetropole\/wp-content\/uploads\/sites\/6\/2022\/06\/gaston-300x215.png 300w, https:\/\/www.jeunessesmusicales.be\/charleroimetropole\/wp-content\/uploads\/sites\/6\/2022\/06\/gaston-147x105.png 147w, https:\/\/www.jeunessesmusicales.be\/charleroimetropole\/wp-content\/uploads\/sites\/6\/2022\/06\/gaston.png 330w\" sizes=\"auto, (max-width: 234px) 100vw, 234px\" \/><\/a>Gaston joue dans le jardin, mais il est tr\u00e8s maladroit. Quand il grimpe aux arbres, il s\u2019arrange toujours pour d\u00e9gringoler ou alors il se penche au-dessus de la marre et il tombe dedans. S\u2019il joue au foot, il est capable d\u2019envoyer la balle sur sa propre t\u00eate.<\/p>\n<p>Un jour, Gaston aper\u00e7oit une taupe au-dessus d\u2019un monticule. La taupe dispara\u00eet, Gaston se penche au-dessus de l\u2019ouverture et bien s\u00fbr, il tombe dans le trou&#8230;<\/p>\n<p>&nbsp;<\/p>\n<p>&nbsp;<\/p>\n<p><span style=\"color: #ef3740;\">\u2022 <strong>Dur\u00e9e<\/strong> : 50 minutes<\/span><br \/>\n<span style=\"color: #ef3740;\">\u2022 <strong>1 repr\u00e9sentation scolaire<\/strong> : 240 \u20ac<\/span><br \/>\n<span style=\"color: #ef3740;\">\u2022 <strong>Jauge<\/strong> : 100 enfants maximum<\/span><\/p>\n<h3><span style=\"color: #ef3740;\"><strong>La poule qui voulait apprendre \u00e0 nager <\/strong>(<\/span><span style=\"color: #ef3740;\">Accueil &#8211; M1 &#8211; M2<\/span><span style=\"color: #ef3740;\">)<\/span><\/h3>\n<p>Aujourd&rsquo;hui, la poule Nicole a d\u00e9cid\u00e9 d&rsquo;apprendre \u00e0 nager. Elle est gonfl\u00e9e, ce n&rsquo;est pas une poule mouill\u00e9e&#8230; Tandis que ses copines sont sur le mur et picorent du pain dur, Nicole met son bonnet de bain et s&rsquo;en va \u00e0 la piscine.<\/p>\n<p><span style=\"color: #ef3740;\">\u2022 <strong>Dur\u00e9e<\/strong> : 50 minutes<\/span><br \/>\n<span style=\"color: #ef3740;\">\u2022 <strong>1 repr\u00e9sentation scolaire<\/strong> : 240 \u20ac<\/span><br \/>\n<span style=\"color: #ef3740;\">\u2022 <strong>Jauge<\/strong> : 100 enfants maximum<\/span><\/p>\n<h3><span style=\"color: #ef3740;\"><strong>Mr Henri et les fant\u00f4mes <\/strong>(M3 &#8211; P1 &#8211; P2)<\/span><\/h3>\n<p><a rel=\"fancybox[1618]\" href=\"https:\/\/www.jeunessesmusicales.be\/charleroimetropole\/wp-content\/uploads\/sites\/6\/2022\/06\/Fantome.png\" class=\"fancybox\"><img loading=\"lazy\" decoding=\"async\" class=\"wp-image-2175 alignleft\" src=\"https:\/\/www.jeunessesmusicales.be\/charleroimetropole\/wp-content\/uploads\/sites\/6\/2022\/06\/Fantome-278x300.png\" alt=\"\" width=\"181\" height=\"195\" srcset=\"https:\/\/www.jeunessesmusicales.be\/charleroimetropole\/wp-content\/uploads\/sites\/6\/2022\/06\/Fantome-278x300.png 278w, https:\/\/www.jeunessesmusicales.be\/charleroimetropole\/wp-content\/uploads\/sites\/6\/2022\/06\/Fantome-97x105.png 97w, https:\/\/www.jeunessesmusicales.be\/charleroimetropole\/wp-content\/uploads\/sites\/6\/2022\/06\/Fantome.png 330w\" sizes=\"auto, (max-width: 181px) 100vw, 181px\" \/><\/a>Mr Henri vous invite \u00e0 partager son souper, mais mis\u00e8re ! Pas moyen de cuisiner tranquillement. Dans la cuisine, il y a ces trois fant\u00f4mes et ils sont tr\u00e8s \u00e9nervants. Ils apparaissent de tous les c\u00f4t\u00e9s. Il y a dans les armoires, le frigo et les tiroirs. Il y en a m\u00eame un cach\u00e9 dans une casserole.<\/p>\n<p>Nous on essaie de chanter des chansons et de jouer de la musique avec nos ustensiles de cuisine, mais les trois fant\u00f4mes n\u2019arr\u00eatent pas de nous faire sursauter.<\/p>\n<p>&nbsp;<\/p>\n<p>&nbsp;<\/p>\n<p>&nbsp;<\/p>\n<p><span style=\"color: #ef3740;\">\u2022 <strong>Dur\u00e9e<\/strong> : 50 minutes<\/span><br \/>\n<span style=\"color: #ef3740;\">\u2022 <strong>1 repr\u00e9sentation scolaire<\/strong> : 240 \u20ac<\/span><br \/>\n<span style=\"color: #ef3740;\">\u2022 <strong>Jauge<\/strong> : 100 enfants maximum<\/span><\/p>\n<h3><span style=\"color: #ef3740;\"><strong>Mariette la vachette <\/strong>(M3 &#8211; P1 &#8211; P2)<\/span><\/h3>\n<p>Mariette la vachette voudrait bien retrouver sa s\u0153ur, mais comme elle a une tr\u00e8s mauvaise m\u00e9moire, elle ne se souvient plus \u00e0 quoi elle ressemble. Alors elle fouille, elle va dans la for\u00eat, court dans la campagne, elle emprunte m\u00eame un bateau sur la rivi\u00e8re. Va-t-elle la retrouver gr\u00e2ce \u00e0 toi ?<\/p>\n<p>Un th\u00e9\u00e2tre de marionnettes en compagnies desquelles tu chantes des chansons de b\u00eates \u00e0 cornes. Tu d\u00e9couvres des animaux rares et merveilleux, tous cornus, tous \u00e9tranges qui t&rsquo;entrainent dans un univers v\u00e9g\u00e9tal et musical.<\/p>\n<p><span style=\"color: #ef3740;\">\u2022 <strong>Dur\u00e9e<\/strong> : 50 minutes<\/span><br \/>\n<span style=\"color: #ef3740;\">\u2022 <strong>1 repr\u00e9sentation scolaire<\/strong> : 240 \u20ac<\/span><br \/>\n<span style=\"color: #ef3740;\">\u2022 <strong>Jauge<\/strong> : 100 enfants maximum<\/span><\/p>\n<p>Plus d&rsquo;informations ? Remplissez ce formulaire :<\/p>\n\n<div class=\"wpcf7 no-js\" id=\"wpcf7-f1745-o1\" lang=\"fr-FR\" dir=\"ltr\" data-wpcf7-id=\"1745\">\n<div class=\"screen-reader-response\"><p role=\"status\" aria-live=\"polite\" aria-atomic=\"true\"><\/p> <ul><\/ul><\/div>\n<form action=\"\/charleroimetropole\/wp-json\/wp\/v2\/pages\/1618#wpcf7-f1745-o1\" method=\"post\" class=\"wpcf7-form init\" aria-label=\"Formulaire de contact\" novalidate=\"novalidate\" data-status=\"init\">\n<fieldset class=\"hidden-fields-container\"><input type=\"hidden\" name=\"_wpcf7\" value=\"1745\" \/><input type=\"hidden\" name=\"_wpcf7_version\" value=\"6.1.5\" \/><input type=\"hidden\" name=\"_wpcf7_locale\" value=\"fr_FR\" \/><input type=\"hidden\" name=\"_wpcf7_unit_tag\" value=\"wpcf7-f1745-o1\" \/><input type=\"hidden\" name=\"_wpcf7_container_post\" value=\"0\" \/><input type=\"hidden\" name=\"_wpcf7_posted_data_hash\" value=\"\" \/>\n<\/fieldset>\n<p><label> Type d'\u00e9tablissement<br \/>\n<span class=\"wpcf7-form-control-wrap\" data-name=\"typedetablissement\"><select class=\"wpcf7-form-control wpcf7-select wpcf7-validates-as-required\" aria-required=\"true\" aria-invalid=\"false\" name=\"typedetablissement\"><option value=\"-\">-<\/option><option value=\"\u00c9cole\">\u00c9cole<\/option><option value=\"Centre Culturel\">Centre Culturel<\/option><option value=\"ASBL\">ASBL<\/option><option value=\"Autre\">Autre<\/option><\/select><\/span> <\/label>\n<\/p>\n<p><label> Nom de l'\u00e9tablissement<br \/>\n<span class=\"wpcf7-form-control-wrap\" data-name=\"nomecole\"><input size=\"40\" maxlength=\"400\" class=\"wpcf7-form-control wpcf7-text wpcf7-validates-as-required\" aria-required=\"true\" aria-invalid=\"false\" value=\"\" type=\"text\" name=\"nomecole\" \/><\/span> <\/label>\n<\/p>\n<p><label> Rue & num\u00e9ro<br \/>\n<span class=\"wpcf7-form-control-wrap\" data-name=\"ruenumero\"><input size=\"40\" maxlength=\"400\" class=\"wpcf7-form-control wpcf7-text wpcf7-validates-as-required\" aria-required=\"true\" aria-invalid=\"false\" value=\"\" type=\"text\" name=\"ruenumero\" \/><\/span> <\/label>\n<\/p>\n<p><label> Code postal<br \/>\n<span class=\"wpcf7-form-control-wrap\" data-name=\"codepostal\"><input size=\"40\" maxlength=\"400\" class=\"wpcf7-form-control wpcf7-text wpcf7-validates-as-required\" aria-required=\"true\" aria-invalid=\"false\" value=\"\" type=\"text\" name=\"codepostal\" \/><\/span> <\/label>\n<\/p>\n<p><label> Commune<br \/>\n<span class=\"wpcf7-form-control-wrap\" data-name=\"commune\"><input size=\"40\" maxlength=\"400\" class=\"wpcf7-form-control wpcf7-text wpcf7-validates-as-required\" aria-required=\"true\" aria-invalid=\"false\" value=\"\" type=\"text\" name=\"commune\" \/><\/span> <\/label>\n<\/p>\n<p><label> Personne de contact<br \/>\n<span class=\"wpcf7-form-control-wrap\" data-name=\"perscontact\"><input size=\"40\" maxlength=\"400\" class=\"wpcf7-form-control wpcf7-text wpcf7-validates-as-required\" aria-required=\"true\" aria-invalid=\"false\" value=\"\" type=\"text\" name=\"perscontact\" \/><\/span> <\/label>\n<\/p>\n<p><label> Adresse mail contact<br \/>\n<span class=\"wpcf7-form-control-wrap\" data-name=\"emailcontact\"><input size=\"40\" maxlength=\"400\" class=\"wpcf7-form-control wpcf7-email wpcf7-validates-as-required wpcf7-text wpcf7-validates-as-email\" aria-required=\"true\" aria-invalid=\"false\" value=\"\" type=\"email\" name=\"emailcontact\" \/><\/span> <\/label>\n<\/p>\n<p><label> Num\u00e9ro de t\u00e9l\u00e9phone\/GSM<br \/>\n<span class=\"wpcf7-form-control-wrap\" data-name=\"tel1\"><input size=\"40\" maxlength=\"400\" class=\"wpcf7-form-control wpcf7-tel wpcf7-validates-as-required wpcf7-text wpcf7-validates-as-tel\" aria-required=\"true\" aria-invalid=\"false\" value=\"\" type=\"tel\" name=\"tel1\" \/><\/span> <\/label>\n<\/p>\n<p><label> P\u00e9riode souhait\u00e9e<br \/>\n<span class=\"wpcf7-form-control-wrap\" data-name=\"periode\"><input size=\"40\" maxlength=\"400\" class=\"wpcf7-form-control wpcf7-text\" aria-invalid=\"false\" value=\"\" type=\"text\" name=\"periode\" \/><\/span> <\/label>\n<\/p>\n<p><label> Nom du spectacle<br \/>\n<span class=\"wpcf7-form-control-wrap\" data-name=\"spectacle\"><select class=\"wpcf7-form-control wpcf7-select wpcf7-validates-as-required\" aria-required=\"true\" aria-invalid=\"false\" name=\"spectacle\"><option value=\"-\">-<\/option><option value=\"Le poisson Bavard (Accueil - M1 - M2)\">Le poisson Bavard (Accueil - M1 - M2)<\/option><option value=\"Monsieur et Madame H\u00e9risson (Accueil - M1 - M2)\">Monsieur et Madame H\u00e9risson (Accueil - M1 - M2)<\/option><option value=\"Gaston sous la terre (Accueil - M1 - M2)\">Gaston sous la terre (Accueil - M1 - M2)<\/option><option value=\"La poule qui voulait apprendre \u00e0 nager (Accueil - M1 - M2)\">La poule qui voulait apprendre \u00e0 nager (Accueil - M1 - M2)<\/option><option value=\"Mr Henri et les fant\u00f4mes (M3 - P1 - P2)\">Mr Henri et les fant\u00f4mes (M3 - P1 - P2)<\/option><option value=\"Mariette la vachette (M3 - P1 - P2)\">Mariette la vachette (M3 - P1 - P2)<\/option><\/select><\/span> <\/label>\n<\/p>\n<p><label> Questions<br \/>\n<span class=\"wpcf7-form-control-wrap\" data-name=\"remarques\"><textarea cols=\"40\" rows=\"10\" maxlength=\"2000\" class=\"wpcf7-form-control wpcf7-textarea\" aria-invalid=\"false\" name=\"remarques\"><\/textarea><\/span> <\/label>\n<\/p>\n<p><input class=\"wpcf7-form-control wpcf7-submit has-spinner\" type=\"submit\" value=\"Envoyer\" \/>\n<\/p><div class=\"wpcf7-response-output\" aria-hidden=\"true\"><\/div>\n<\/form>\n<\/div>\n\n","protected":false},"excerpt":{"rendered":"<p>Le poisson Bavard (Accueil &#8211; M1 &#8211; M2) D\u2019habitude, les poissons sont plut\u00f4t silencieux, mais celui-ci c\u2019est tout le contraire. &hellip; <a href=\"https:\/\/www.jeunessesmusicales.be\/charleroimetropole\/henri\/\" class=\"more-link\">Continue reading <span class=\"screen-reader-text\">Le th\u00e9\u00e2tre de Mr Henri<\/span><\/a><\/p>\n","protected":false},"author":16,"featured_media":0,"parent":0,"menu_order":0,"comment_status":"closed","ping_status":"closed","template":"","meta":{"_acf_changed":false,"footnotes":""},"class_list":["post-1618","page","type-page","status-publish","hentry"],"acf":[],"_links":{"self":[{"href":"https:\/\/www.jeunessesmusicales.be\/charleroimetropole\/wp-json\/wp\/v2\/pages\/1618","targetHints":{"allow":["GET"]}}],"collection":[{"href":"https:\/\/www.jeunessesmusicales.be\/charleroimetropole\/wp-json\/wp\/v2\/pages"}],"about":[{"href":"https:\/\/www.jeunessesmusicales.be\/charleroimetropole\/wp-json\/wp\/v2\/types\/page"}],"author":[{"embeddable":true,"href":"https:\/\/www.jeunessesmusicales.be\/charleroimetropole\/wp-json\/wp\/v2\/users\/16"}],"replies":[{"embeddable":true,"href":"https:\/\/www.jeunessesmusicales.be\/charleroimetropole\/wp-json\/wp\/v2\/comments?post=1618"}],"version-history":[{"count":38,"href":"https:\/\/www.jeunessesmusicales.be\/charleroimetropole\/wp-json\/wp\/v2\/pages\/1618\/revisions"}],"predecessor-version":[{"id":2194,"href":"https:\/\/www.jeunessesmusicales.be\/charleroimetropole\/wp-json\/wp\/v2\/pages\/1618\/revisions\/2194"}],"wp:attachment":[{"href":"https:\/\/www.jeunessesmusicales.be\/charleroimetropole\/wp-json\/wp\/v2\/media?parent=1618"}],"curies":[{"name":"wp","href":"https:\/\/api.w.org\/{rel}","templated":true}]}}