{"id":1790,"date":"2021-11-05T12:17:03","date_gmt":"2021-11-05T11:17:03","guid":{"rendered":"https:\/\/www.jeunessesmusicales.be\/charleroimetropole\/?page_id=1790"},"modified":"2021-11-10T10:37:50","modified_gmt":"2021-11-10T09:37:50","slug":"noel2021","status":"publish","type":"page","link":"https:\/\/www.jeunessesmusicales.be\/charleroimetropole\/noel2021\/","title":{"rendered":"Stage de No\u00ebl 2021"},"content":{"rendered":"<p><a rel=\"fancybox[1790]\" href=\"https:\/\/www.jeunessesmusicales.be\/charleroimetropole\/wp-content\/uploads\/sites\/6\/2021\/11\/Stage-de-Noel-2021-Verti-2-1.jpg\" class=\"fancybox\"><img loading=\"lazy\" decoding=\"async\" class=\"aligncenter wp-image-1794\" src=\"https:\/\/www.jeunessesmusicales.be\/charleroimetropole\/wp-content\/uploads\/sites\/6\/2021\/11\/Stage-de-Noel-2021-Verti-2-1-300x169.jpg\" alt=\"\" width=\"600\" height=\"338\" srcset=\"https:\/\/www.jeunessesmusicales.be\/charleroimetropole\/wp-content\/uploads\/sites\/6\/2021\/11\/Stage-de-Noel-2021-Verti-2-1-300x169.jpg 300w, https:\/\/www.jeunessesmusicales.be\/charleroimetropole\/wp-content\/uploads\/sites\/6\/2021\/11\/Stage-de-Noel-2021-Verti-2-1-768x432.jpg 768w, https:\/\/www.jeunessesmusicales.be\/charleroimetropole\/wp-content\/uploads\/sites\/6\/2021\/11\/Stage-de-Noel-2021-Verti-2-1-1024x576.jpg 1024w, https:\/\/www.jeunessesmusicales.be\/charleroimetropole\/wp-content\/uploads\/sites\/6\/2021\/11\/Stage-de-Noel-2021-Verti-2-1-150x84.jpg 150w, https:\/\/www.jeunessesmusicales.be\/charleroimetropole\/wp-content\/uploads\/sites\/6\/2021\/11\/Stage-de-Noel-2021-Verti-2-1.jpg 1920w\" sizes=\"auto, (max-width: 600px) 100vw, 600px\" \/><\/a><\/p>\n<p style=\"text-align: center;\"><em>\u00a0\u00bb Des contes magiques et de la musique sur des percussions voici la formule parfaite pour vivre<\/em><br \/>\n<em>un stage f\u00e9\u00e9rique dans une ambiance de No\u00ebl. Avec Henri, Patrick et Hadrien <strong><span style=\"color: #ef3740;\">venez<\/span><\/strong><\/em><br \/>\n<em><strong><span style=\"color: #ef3740;\">\u00e9couter, chanter, danser, vous amuser<\/span><\/strong> au pays du P\u00e8re du No\u00ebl. \u00ab\u00a0<\/em><\/p>\n<p>Des plus petits aux plus grands, <strong>ce stage est accessible \u00e0 toutes et tous.<\/p>\n<p><span style=\"color: #ef3740;\">Et GRANDE nouveaut\u00e9 !<\/span> Les parents peuvent accompagner leurs enfants et participer aux stages avec eux.<br \/>\n<\/strong><\/p>\n<p><span style=\"color: #ef3740;\"><strong>Prix :<br \/>\n<\/strong><\/span>20\u20ac \/ 1 jour \/ 1 personne<br \/>\n55\u20ac \/ 3 jours \/ 1 personne<br \/>\n50\u20ac \/ 3 jours \u00e0 partir de 2 personnes<\/p>\n<p><span style=\"color: #ef3740;\"><strong>Lieu :<\/strong><\/span>\u00a0Rue L\u00e9opold 46 6041 Gosselies (GPS mettre rue des \u00e9coles 6041)<\/p>\n<p><span style=\"color: #ef3740;\"><strong>Horaire :<\/strong> <\/span>Les 27, 28 et 29 d\u00e9cembre de 9h \u00e0 16h (Accueil \u00e0 partir de 8h30)<\/p>\n<p><strong><span style=\"color: #ef3740;\">Garderie\u00a0:<\/span>\u00a0<\/strong>De 16h \u00e0 17h | 1.50\u20ac\/jour \u00e0 payer le premier jour de stage.<\/p>\n<p><span style=\"color: #ef3740;\"><strong>Paiement :<\/strong><\/span> Merci de payer la somme totale sur le compte BE16 7320 3795 8474 <strong>Attestation pour d\u00e9duction fiscale et remboursement mutuelle.<\/strong><\/p>\n<p><span style=\"color: #ef3740;\"><strong>Inscriptions :<\/strong><\/span><\/p>\n<p>&nbsp;<\/p>\n\n<div class=\"wpcf7 no-js\" id=\"wpcf7-f1789-o1\" lang=\"fr-FR\" dir=\"ltr\" data-wpcf7-id=\"1789\">\n<div class=\"screen-reader-response\"><p role=\"status\" aria-live=\"polite\" aria-atomic=\"true\"><\/p> <ul><\/ul><\/div>\n<form action=\"\/charleroimetropole\/wp-json\/wp\/v2\/pages\/1790#wpcf7-f1789-o1\" method=\"post\" class=\"wpcf7-form init\" aria-label=\"Formulaire de contact\" novalidate=\"novalidate\" data-status=\"init\">\n<fieldset class=\"hidden-fields-container\"><input type=\"hidden\" name=\"_wpcf7\" value=\"1789\" \/><input type=\"hidden\" name=\"_wpcf7_version\" value=\"6.1.5\" \/><input type=\"hidden\" name=\"_wpcf7_locale\" value=\"fr_FR\" \/><input type=\"hidden\" name=\"_wpcf7_unit_tag\" value=\"wpcf7-f1789-o1\" \/><input type=\"hidden\" name=\"_wpcf7_container_post\" value=\"0\" \/><input type=\"hidden\" name=\"_wpcf7_posted_data_hash\" value=\"\" \/>\n<\/fieldset>\n<p>Votre nom\n<\/p>\n<p><span class=\"wpcf7-form-control-wrap\" data-name=\"Nom-parent\"><input size=\"40\" maxlength=\"400\" class=\"wpcf7-form-control wpcf7-text wpcf7-validates-as-required\" aria-required=\"true\" aria-invalid=\"false\" value=\"\" type=\"text\" name=\"Nom-parent\" \/><\/span>\n<\/p>\n<p>Votre e-mail\n<\/p>\n<p><span class=\"wpcf7-form-control-wrap\" data-name=\"email-parent\"><input size=\"40\" maxlength=\"400\" class=\"wpcf7-form-control wpcf7-email wpcf7-validates-as-required wpcf7-text wpcf7-validates-as-email\" aria-required=\"true\" aria-invalid=\"false\" value=\"\" type=\"email\" name=\"email-parent\" \/><\/span>\n<\/p>\n<p>Rue & num\u00e9ro\n<\/p>\n<p><span class=\"wpcf7-form-control-wrap\" data-name=\"adresse\"><input size=\"40\" maxlength=\"400\" class=\"wpcf7-form-control wpcf7-text wpcf7-validates-as-required\" aria-required=\"true\" aria-invalid=\"false\" value=\"\" type=\"text\" name=\"adresse\" \/><\/span>\n<\/p>\n<p>Code postal\n<\/p>\n<p><span class=\"wpcf7-form-control-wrap\" data-name=\"adresse2\"><input size=\"40\" maxlength=\"400\" class=\"wpcf7-form-control wpcf7-text wpcf7-validates-as-required\" aria-required=\"true\" aria-invalid=\"false\" value=\"\" type=\"text\" name=\"adresse2\" \/><\/span>\n<\/p>\n<p>Commune\n<\/p>\n<p><span class=\"wpcf7-form-control-wrap\" data-name=\"adresse3\"><input size=\"40\" maxlength=\"400\" class=\"wpcf7-form-control wpcf7-text wpcf7-validates-as-required\" aria-required=\"true\" aria-invalid=\"false\" value=\"\" type=\"text\" name=\"adresse3\" \/><\/span>\n<\/p>\n<p>Votre num\u00e9ro de t\u00e9l\u00e9phone\n<\/p>\n<p><span class=\"wpcf7-form-control-wrap\" data-name=\"telephone\"><input size=\"40\" maxlength=\"400\" class=\"wpcf7-form-control wpcf7-tel wpcf7-validates-as-required wpcf7-text wpcf7-validates-as-tel\" aria-required=\"true\" aria-invalid=\"false\" value=\"\" type=\"tel\" name=\"telephone\" \/><\/span>\n<\/p>\n<p>S\u00e9lectionnez une ou plusieurs date(s) d'inscription :\n<\/p>\n<p><span class=\"wpcf7-form-control-wrap\" data-name=\"Dates\"><span class=\"wpcf7-form-control wpcf7-checkbox\"><span class=\"wpcf7-list-item first\"><input type=\"checkbox\" name=\"Dates[]\" value=\"27\/12 Henri\" \/><span class=\"wpcf7-list-item-label\">27\/12 Henri<\/span><\/span><span class=\"wpcf7-list-item\"><input type=\"checkbox\" name=\"Dates[]\" value=\"28\/12 - Patrick\" \/><span class=\"wpcf7-list-item-label\">28\/12 - Patrick<\/span><\/span><span class=\"wpcf7-list-item last\"><input type=\"checkbox\" name=\"Dates[]\" value=\"29\/12 - Hadrien\" \/><span class=\"wpcf7-list-item-label\">29\/12 - Hadrien<\/span><\/span><\/span><\/span>\n<\/p>\n<p>Nom et pr\u00e9nom de l'enfant\/la personne \u00e0 inscrire\n<\/p>\n<p><span class=\"wpcf7-form-control-wrap\" data-name=\"Nom-prenom-enfant\"><input size=\"40\" maxlength=\"400\" class=\"wpcf7-form-control wpcf7-text wpcf7-validates-as-required\" aria-required=\"true\" aria-invalid=\"false\" value=\"\" type=\"text\" name=\"Nom-prenom-enfant\" \/><\/span>\n<\/p>\n<p>Date de naissance de l'enfant\/la personne \u00e0 inscrire\n<\/p>\n<p><span class=\"wpcf7-form-control-wrap\" data-name=\"date-798\"><input size=\"40\" maxlength=\"400\" class=\"wpcf7-form-control wpcf7-text wpcf7-validates-as-required\" aria-required=\"true\" aria-invalid=\"false\" value=\"\" type=\"text\" name=\"date-798\" \/><\/span>\n<\/p>\n<p>Garderie <span class=\"wpcf7-form-control-wrap\" data-name=\"Garderie\"><span class=\"wpcf7-form-control wpcf7-checkbox wpcf7-exclusive-checkbox\"><span class=\"wpcf7-list-item first\"><span class=\"wpcf7-list-item-label\">Oui<\/span><input type=\"checkbox\" name=\"Garderie\" value=\"Oui\" \/><\/span><span class=\"wpcf7-list-item\"><span class=\"wpcf7-list-item-label\">Non<\/span><input type=\"checkbox\" name=\"Garderie\" value=\"Non\" \/><\/span><span class=\"wpcf7-list-item last\"><span class=\"wpcf7-list-item-label\">Ne sais pas<\/span><input type=\"checkbox\" name=\"Garderie\" value=\"Ne sais pas\" \/><\/span><\/span><\/span>\n<\/p>\n<p>Classe de l'enfant\n<\/p>\n<p><span class=\"wpcf7-form-control-wrap\" data-name=\"Classe\"><select class=\"wpcf7-form-control wpcf7-select wpcf7-validates-as-required\" aria-required=\"true\" aria-invalid=\"false\" name=\"Classe\"><option value=\"\">&#8212;Veuillez choisir une option&#8212;<\/option><option value=\"Accueil\">Accueil<\/option><option value=\"1ere maternelle\">1ere maternelle<\/option><option value=\"2eme maternelle\">2eme maternelle<\/option><option value=\"3eme maternelle\">3eme maternelle<\/option><option value=\"1ere primaire\">1ere primaire<\/option><option value=\"2eme primaire\">2eme primaire<\/option><option value=\"3eme primaire\">3eme primaire<\/option><option value=\"4eme primaire\">4eme primaire<\/option><option value=\"5eme primaire\">5eme primaire<\/option><option value=\"6eme primaire\">6eme primaire<\/option><option value=\"1ere secondaire\">1ere secondaire<\/option><\/select><\/span>\n<\/p>\n<p>Question \u00e9ventuelle\n<\/p>\n<p><span class=\"wpcf7-form-control-wrap\" data-name=\"question\"><textarea cols=\"40\" rows=\"10\" maxlength=\"2000\" class=\"wpcf7-form-control wpcf7-textarea\" aria-invalid=\"false\" name=\"question\"><\/textarea><\/span>\n<\/p>\n<p><span class=\"wpcf7-form-control-wrap\" data-name=\"Droitimage\"><span class=\"wpcf7-form-control wpcf7-checkbox\"><span class=\"wpcf7-list-item first last\"><input type=\"checkbox\" name=\"Droitimage[]\" value=\"J&#039;autorise les Jeunesses Musicales de Charleroi \u00e0 utiliser l\u2019image de mon enfant sur leur site, page Facebook ou sur des prospectus, flyers ayant pour but de promouvoir l&#039;ASBL.\" \/><span class=\"wpcf7-list-item-label\">J&#039;autorise les Jeunesses Musicales de Charleroi \u00e0 utiliser l\u2019image de mon enfant sur leur site, page Facebook ou sur des prospectus, flyers ayant pour but de promouvoir l&#039;ASBL.<\/span><\/span><\/span><\/span>\n<\/p>\n<p><span class=\"wpcf7-form-control-wrap\" data-name=\"Mailinglist\"><span class=\"wpcf7-form-control wpcf7-checkbox\"><span class=\"wpcf7-list-item first last\"><input type=\"checkbox\" name=\"Mailinglist[]\" value=\"J&#039;accepte de recevoir par mail les informations des Jeunesses Musicales de Charleroi au sujet des stages et des activit\u00e9s.\" \/><span class=\"wpcf7-list-item-label\">J&#039;accepte de recevoir par mail les informations des Jeunesses Musicales de Charleroi au sujet des stages et des activit\u00e9s.<\/span><\/span><\/span><\/span>\n<\/p>\n<p><input class=\"wpcf7-form-control wpcf7-submit has-spinner\" type=\"submit\" value=\"Envoyer\" \/>\n<\/p><div class=\"wpcf7-response-output\" aria-hidden=\"true\"><\/div>\n<\/form>\n<\/div>\n\n","protected":false},"excerpt":{"rendered":"<p>\u00a0\u00bb Des contes magiques et de la musique sur des percussions voici la formule parfaite pour vivre un stage f\u00e9\u00e9rique &hellip; <a href=\"https:\/\/www.jeunessesmusicales.be\/charleroimetropole\/noel2021\/\" class=\"more-link\">Continue reading <span class=\"screen-reader-text\">Stage de No\u00ebl 2021<\/span><\/a><\/p>\n","protected":false},"author":16,"featured_media":0,"parent":0,"menu_order":0,"comment_status":"closed","ping_status":"closed","template":"","meta":{"_acf_changed":false,"footnotes":""},"class_list":["post-1790","page","type-page","status-publish","hentry"],"acf":[],"_links":{"self":[{"href":"https:\/\/www.jeunessesmusicales.be\/charleroimetropole\/wp-json\/wp\/v2\/pages\/1790","targetHints":{"allow":["GET"]}}],"collection":[{"href":"https:\/\/www.jeunessesmusicales.be\/charleroimetropole\/wp-json\/wp\/v2\/pages"}],"about":[{"href":"https:\/\/www.jeunessesmusicales.be\/charleroimetropole\/wp-json\/wp\/v2\/types\/page"}],"author":[{"embeddable":true,"href":"https:\/\/www.jeunessesmusicales.be\/charleroimetropole\/wp-json\/wp\/v2\/users\/16"}],"replies":[{"embeddable":true,"href":"https:\/\/www.jeunessesmusicales.be\/charleroimetropole\/wp-json\/wp\/v2\/comments?post=1790"}],"version-history":[{"count":17,"href":"https:\/\/www.jeunessesmusicales.be\/charleroimetropole\/wp-json\/wp\/v2\/pages\/1790\/revisions"}],"predecessor-version":[{"id":1815,"href":"https:\/\/www.jeunessesmusicales.be\/charleroimetropole\/wp-json\/wp\/v2\/pages\/1790\/revisions\/1815"}],"wp:attachment":[{"href":"https:\/\/www.jeunessesmusicales.be\/charleroimetropole\/wp-json\/wp\/v2\/media?parent=1790"}],"curies":[{"name":"wp","href":"https:\/\/api.w.org\/{rel}","templated":true}]}}