{"id":1928,"date":"2022-03-04T13:55:21","date_gmt":"2022-03-04T12:55:21","guid":{"rendered":"https:\/\/www.jeunessesmusicales.be\/charleroimetropole\/stagesprintempstourdumonde-copy\/"},"modified":"2022-03-04T14:36:04","modified_gmt":"2022-03-04T13:36:04","slug":"stagesprintemps","status":"publish","type":"page","link":"https:\/\/www.jeunessesmusicales.be\/charleroimetropole\/stagesprintemps\/","title":{"rendered":"Stage de Printemps | 2022"},"content":{"rendered":"<p><a rel=\"fancybox[1928]\" href=\"https:\/\/www.jeunessesmusicales.be\/charleroimetropole\/wp-content\/uploads\/sites\/6\/2022\/03\/Stages-regroup\u00e9s-2.jpg\" class=\"fancybox\"><img loading=\"lazy\" decoding=\"async\" class=\"aligncenter wp-image-1933 \" src=\"https:\/\/www.jeunessesmusicales.be\/charleroimetropole\/wp-content\/uploads\/sites\/6\/2022\/03\/Stages-regroup\u00e9s-2-300x224.jpg\" alt=\"\" width=\"841\" height=\"628\" srcset=\"https:\/\/www.jeunessesmusicales.be\/charleroimetropole\/wp-content\/uploads\/sites\/6\/2022\/03\/Stages-regroup\u00e9s-2-300x224.jpg 300w, https:\/\/www.jeunessesmusicales.be\/charleroimetropole\/wp-content\/uploads\/sites\/6\/2022\/03\/Stages-regroup\u00e9s-2-768x573.jpg 768w, https:\/\/www.jeunessesmusicales.be\/charleroimetropole\/wp-content\/uploads\/sites\/6\/2022\/03\/Stages-regroup\u00e9s-2-1024x764.jpg 1024w, https:\/\/www.jeunessesmusicales.be\/charleroimetropole\/wp-content\/uploads\/sites\/6\/2022\/03\/Stages-regroup\u00e9s-2-141x105.jpg 141w, https:\/\/www.jeunessesmusicales.be\/charleroimetropole\/wp-content\/uploads\/sites\/6\/2022\/03\/Stages-regroup\u00e9s-2.jpg 1920w\" sizes=\"auto, (max-width: 841px) 100vw, 841px\" \/><\/a><\/p>\n<p style=\"text-align: center;\"><em><span style=\"color: #ef3740;\">Semaine 1 : <strong>Le tour du monde musical<\/strong><\/span><br \/>\n\u00ab\u00a0\u00c1 la d\u00e9couverte de la musique \u00e0 travers le monde !<br \/>\n<\/em><em>De la danse country, aux percussions br\u00e9siliennes<br \/>\nen passant par le rythme des Gilles de Binche et les Djemb\u00e9s de l\u2019Afrique.\u201d<\/em><\/p>\n<p style=\"text-align: center;\"><span style=\"color: #ef3740;\">Semaine 2 :<strong> Henri et ses potes<\/strong><\/span><br \/>\n\u201cEntrez dans le monde d\u2019Harry Potter<br \/>\net venez vivre une semaine magique au travers<br \/>\nde la musique, des chants et des percussions.\u201d<\/p>\n<p><span style=\"color: #ef3740;\"><strong>Prix :<br \/>\n<\/strong><\/span>90\u20ac \/ 1 semaine pour 1 enfant<br \/>\n75\u20ac \/ 1 semaine \u00e0 partir de 2 enfants<br \/>\n75\u20ac \/ semaine si vous inscrivez votre enfant pour les deux semaines se stages.<\/p>\n<p><span style=\"color: #ef3740;\"><strong>Lieu : <\/strong><\/span><strong>Rue L\u00e9opold 46 6041 Gosselies<\/strong> (GPS mettre rue des \u00e9coles 6041)<br \/>\n<span style=\"color: #ef3740;\"><strong><br \/>\nHoraire :<br \/>\n<\/strong><\/span>Semaine 1<strong><span style=\"color: #2d353a;\"><em> \u00ab\u00a0Le tour du monde musical\u00a0\u00bb<\/em><\/span>\u00a0 : <\/strong>Du 04\/04 au 08\/04 de 9h \u00e0 16h (Accueil \u00e0 partir de 8h30)<br \/>\n<span style=\"color: #ef3740;\"><span style=\"color: #2d353a;\">Semaine 2<\/span><\/span><strong><span style=\"color: #ef3740;\"><span style=\"color: #2d353a;\"><em> \u00ab\u00a0Henri et ses potes\u00a0\u00bb<\/em> : <\/span><\/span><\/strong><span style=\"color: #ef3740;\"><span style=\"color: #2d353a;\">Du 11\/04 au 15\/04 de 9h \u00e0 16h <\/span><\/span><span style=\"color: #ef3740;\"><span style=\"color: #2d353a;\">(Accueil \u00e0 partir de 8h30)<br \/>\n<\/span><\/span><strong><span style=\"color: #ef3740;\"><br \/>\nGarderie : <\/span>De 16h \u00e0 17h du lundi au jeudi (pas le vendredi)<\/strong><br \/>\n1.50\u20ac\/jour \u00e0 payer le premier jour de stage.<\/p>\n<p><span style=\"color: #ef3740;\"><strong>Paiement :<\/strong><\/span> Merci de payer la somme totale <strong>avant le 30\/03<\/strong> sur le compte BE16 7320 3795 8474<br \/>\n<strong>\u00a0 \u00a0 \u00a0 \u00a0 \u00a0 \u00a0 \u00a0 \u00a0 \u00a0 \u00a0 (Attestation pour d\u00e9duction fiscale et remboursement mutuelle.)<\/strong><\/p>\n<p><span style=\"color: #ef3740;\"><strong>Inscriptions :<\/strong><\/span><\/p>\n\n<div class=\"wpcf7 no-js\" id=\"wpcf7-f1931-o1\" lang=\"fr-FR\" dir=\"ltr\" data-wpcf7-id=\"1931\">\n<div class=\"screen-reader-response\"><p role=\"status\" aria-live=\"polite\" aria-atomic=\"true\"><\/p> <ul><\/ul><\/div>\n<form action=\"\/charleroimetropole\/wp-json\/wp\/v2\/pages\/1928#wpcf7-f1931-o1\" method=\"post\" class=\"wpcf7-form init\" aria-label=\"Formulaire de contact\" novalidate=\"novalidate\" data-status=\"init\">\n<fieldset class=\"hidden-fields-container\"><input type=\"hidden\" name=\"_wpcf7\" value=\"1931\" \/><input type=\"hidden\" name=\"_wpcf7_version\" value=\"6.1.5\" \/><input type=\"hidden\" name=\"_wpcf7_locale\" value=\"fr_FR\" \/><input type=\"hidden\" name=\"_wpcf7_unit_tag\" value=\"wpcf7-f1931-o1\" \/><input type=\"hidden\" name=\"_wpcf7_container_post\" value=\"0\" \/><input type=\"hidden\" name=\"_wpcf7_posted_data_hash\" value=\"\" \/>\n<\/fieldset>\n<p>\u2022 Votre nom\n<\/p>\n<p><span class=\"wpcf7-form-control-wrap\" data-name=\"Nom-parent\"><input size=\"40\" maxlength=\"400\" class=\"wpcf7-form-control wpcf7-text wpcf7-validates-as-required\" aria-required=\"true\" aria-invalid=\"false\" value=\"\" type=\"text\" name=\"Nom-parent\" \/><\/span>\n<\/p>\n<p>\u2022 Votre e-mail\n<\/p>\n<p><span class=\"wpcf7-form-control-wrap\" data-name=\"email-parent\"><input size=\"40\" maxlength=\"400\" class=\"wpcf7-form-control wpcf7-email wpcf7-validates-as-required wpcf7-text wpcf7-validates-as-email\" aria-required=\"true\" aria-invalid=\"false\" value=\"\" type=\"email\" name=\"email-parent\" \/><\/span>\n<\/p>\n<p>\u2022 Rue & num\u00e9ro\n<\/p>\n<p><span class=\"wpcf7-form-control-wrap\" data-name=\"adresse\"><input size=\"40\" maxlength=\"400\" class=\"wpcf7-form-control wpcf7-text wpcf7-validates-as-required\" aria-required=\"true\" aria-invalid=\"false\" value=\"\" type=\"text\" name=\"adresse\" \/><\/span>\n<\/p>\n<p>\u2022 Code postal\n<\/p>\n<p><span class=\"wpcf7-form-control-wrap\" data-name=\"adresse2\"><input size=\"40\" maxlength=\"400\" class=\"wpcf7-form-control wpcf7-text wpcf7-validates-as-required\" aria-required=\"true\" aria-invalid=\"false\" value=\"\" type=\"text\" name=\"adresse2\" \/><\/span>\n<\/p>\n<p>\u2022 Commune\n<\/p>\n<p><span class=\"wpcf7-form-control-wrap\" data-name=\"adresse3\"><input size=\"40\" maxlength=\"400\" class=\"wpcf7-form-control wpcf7-text wpcf7-validates-as-required\" aria-required=\"true\" aria-invalid=\"false\" value=\"\" type=\"text\" name=\"adresse3\" \/><\/span>\n<\/p>\n<p>\u2022 Votre num\u00e9ro de t\u00e9l\u00e9phone\n<\/p>\n<p><span class=\"wpcf7-form-control-wrap\" data-name=\"telephone\"><input size=\"40\" maxlength=\"400\" class=\"wpcf7-form-control wpcf7-tel wpcf7-validates-as-required wpcf7-text wpcf7-validates-as-tel\" aria-required=\"true\" aria-invalid=\"false\" value=\"\" type=\"tel\" name=\"telephone\" \/><\/span>\n<\/p>\n<p>\u2022 Nom et pr\u00e9nom de l'enfant\n<\/p>\n<p><span class=\"wpcf7-form-control-wrap\" data-name=\"Nom-prenom-enfant\"><input size=\"40\" maxlength=\"400\" class=\"wpcf7-form-control wpcf7-text wpcf7-validates-as-required\" aria-required=\"true\" aria-invalid=\"false\" value=\"\" type=\"text\" name=\"Nom-prenom-enfant\" \/><\/span>\n<\/p>\n<p>\u2022 Date de naissance de l'enfant\n<\/p>\n<p><span class=\"wpcf7-form-control-wrap\" data-name=\"date-798\"><input size=\"40\" maxlength=\"400\" class=\"wpcf7-form-control wpcf7-text wpcf7-validates-as-required\" aria-required=\"true\" aria-invalid=\"false\" value=\"\" type=\"text\" name=\"date-798\" \/><\/span>\n<\/p>\n<p>\u2022 Garderie <span class=\"wpcf7-form-control-wrap\" data-name=\"Garderie\"><span class=\"wpcf7-form-control wpcf7-checkbox wpcf7-exclusive-checkbox\"><span class=\"wpcf7-list-item first\"><span class=\"wpcf7-list-item-label\">Oui<\/span><input type=\"checkbox\" name=\"Garderie\" value=\"Oui\" \/><\/span><span class=\"wpcf7-list-item\"><span class=\"wpcf7-list-item-label\">Non<\/span><input type=\"checkbox\" name=\"Garderie\" value=\"Non\" \/><\/span><span class=\"wpcf7-list-item last\"><span class=\"wpcf7-list-item-label\">Ne sais pas<\/span><input type=\"checkbox\" name=\"Garderie\" value=\"Ne sais pas\" \/><\/span><\/span><\/span>\n<\/p>\n<p>\u2022 S\u00e9lectionnez la ou les semaines (possibilit\u00e9 de cocher les 2 semaines)\n<\/p>\n<p><span class=\"wpcf7-form-control-wrap\" data-name=\"semaine-stage\"><span class=\"wpcf7-form-control wpcf7-checkbox wpcf7-validates-as-required\"><span class=\"wpcf7-list-item first\"><input type=\"checkbox\" name=\"semaine-stage[]\" value=\"Semaine 1 &quot;Le tour du monde musical&quot;\" \/><span class=\"wpcf7-list-item-label\">Semaine 1 &quot;Le tour du monde musical&quot;<\/span><\/span><span class=\"wpcf7-list-item last\"><input type=\"checkbox\" name=\"semaine-stage[]\" value=\"Semaine 2 &quot;Henri et ses potes&quot;\" \/><span class=\"wpcf7-list-item-label\">Semaine 2 &quot;Henri et ses potes&quot;<\/span><\/span><\/span><\/span>\n<\/p>\n<p>\u2022 Classe de l'enfant\n<\/p>\n<p><span class=\"wpcf7-form-control-wrap\" data-name=\"Classe\"><select class=\"wpcf7-form-control wpcf7-select wpcf7-validates-as-required\" aria-required=\"true\" aria-invalid=\"false\" name=\"Classe\"><option value=\"\">&#8212;Veuillez choisir une option&#8212;<\/option><option value=\"Accueil\">Accueil<\/option><option value=\"1ere maternelle\">1ere maternelle<\/option><option value=\"2eme maternelle\">2eme maternelle<\/option><option value=\"3eme maternelle\">3eme maternelle<\/option><option value=\"1ere primaire\">1ere primaire<\/option><option value=\"2eme primaire\">2eme primaire<\/option><option value=\"3eme primaire\">3eme primaire<\/option><option value=\"4eme primaire\">4eme primaire<\/option><option value=\"5eme primaire\">5eme primaire<\/option><option value=\"6eme primaire\">6eme primaire<\/option><option value=\"1ere secondaire\">1ere secondaire<\/option><\/select><\/span>\n<\/p>\n<p>\u2022 Question \u00e9ventuelle\n<\/p>\n<p><span class=\"wpcf7-form-control-wrap\" data-name=\"question\"><textarea cols=\"40\" rows=\"10\" maxlength=\"2000\" class=\"wpcf7-form-control wpcf7-textarea\" aria-invalid=\"false\" name=\"question\"><\/textarea><\/span>\n<\/p>\n<p><span class=\"wpcf7-form-control-wrap\" data-name=\"Droitimage\"><span class=\"wpcf7-form-control wpcf7-checkbox\"><span class=\"wpcf7-list-item first last\"><input type=\"checkbox\" name=\"Droitimage[]\" value=\"J&#039;autorise les Jeunesses Musicales de Charleroi \u00e0 utiliser l\u2019image de mon enfant sur leur site, page Facebook ou sur des prospectus, flyers ayant pour but de promouvoir l&#039;ASBL.\" \/><span class=\"wpcf7-list-item-label\">J&#039;autorise les Jeunesses Musicales de Charleroi \u00e0 utiliser l\u2019image de mon enfant sur leur site, page Facebook ou sur des prospectus, flyers ayant pour but de promouvoir l&#039;ASBL.<\/span><\/span><\/span><\/span>\n<\/p>\n<p><span class=\"wpcf7-form-control-wrap\" data-name=\"Mailinglist\"><span class=\"wpcf7-form-control wpcf7-checkbox\"><span class=\"wpcf7-list-item first last\"><input type=\"checkbox\" name=\"Mailinglist[]\" value=\"J&#039;accepte de recevoir par mail les informations des Jeunesses Musicales de Charleroi au sujet des stages et des activit\u00e9s.\" \/><span class=\"wpcf7-list-item-label\">J&#039;accepte de recevoir par mail les informations des Jeunesses Musicales de Charleroi au sujet des stages et des activit\u00e9s.<\/span><\/span><\/span><\/span>\n<\/p>\n<p><input class=\"wpcf7-form-control wpcf7-submit has-spinner\" type=\"submit\" value=\"Envoyer\" \/>\n<\/p><div class=\"wpcf7-response-output\" aria-hidden=\"true\"><\/div>\n<\/form>\n<\/div>\n\n","protected":false},"excerpt":{"rendered":"<p>Semaine 1 : Le tour du monde musical \u00ab\u00a0\u00c1 la d\u00e9couverte de la musique \u00e0 travers le monde ! De &hellip; <a href=\"https:\/\/www.jeunessesmusicales.be\/charleroimetropole\/stagesprintemps\/\" class=\"more-link\">Continue reading <span class=\"screen-reader-text\">Stage de Printemps | 2022<\/span><\/a><\/p>\n","protected":false},"author":16,"featured_media":1919,"parent":0,"menu_order":0,"comment_status":"closed","ping_status":"closed","template":"","meta":{"_acf_changed":false,"footnotes":""},"class_list":["post-1928","page","type-page","status-publish","has-post-thumbnail","hentry"],"acf":[],"_links":{"self":[{"href":"https:\/\/www.jeunessesmusicales.be\/charleroimetropole\/wp-json\/wp\/v2\/pages\/1928","targetHints":{"allow":["GET"]}}],"collection":[{"href":"https:\/\/www.jeunessesmusicales.be\/charleroimetropole\/wp-json\/wp\/v2\/pages"}],"about":[{"href":"https:\/\/www.jeunessesmusicales.be\/charleroimetropole\/wp-json\/wp\/v2\/types\/page"}],"author":[{"embeddable":true,"href":"https:\/\/www.jeunessesmusicales.be\/charleroimetropole\/wp-json\/wp\/v2\/users\/16"}],"replies":[{"embeddable":true,"href":"https:\/\/www.jeunessesmusicales.be\/charleroimetropole\/wp-json\/wp\/v2\/comments?post=1928"}],"version-history":[{"count":6,"href":"https:\/\/www.jeunessesmusicales.be\/charleroimetropole\/wp-json\/wp\/v2\/pages\/1928\/revisions"}],"predecessor-version":[{"id":1937,"href":"https:\/\/www.jeunessesmusicales.be\/charleroimetropole\/wp-json\/wp\/v2\/pages\/1928\/revisions\/1937"}],"wp:featuredmedia":[{"embeddable":true,"href":"https:\/\/www.jeunessesmusicales.be\/charleroimetropole\/wp-json\/wp\/v2\/media\/1919"}],"wp:attachment":[{"href":"https:\/\/www.jeunessesmusicales.be\/charleroimetropole\/wp-json\/wp\/v2\/media?parent=1928"}],"curies":[{"name":"wp","href":"https:\/\/api.w.org\/{rel}","templated":true}]}}