{"id":1987,"date":"2022-05-09T14:09:42","date_gmt":"2022-05-09T12:09:42","guid":{"rendered":"https:\/\/www.jeunessesmusicales.be\/charleroimetropole\/stagesprintemps-copy\/"},"modified":"2022-08-05T11:42:29","modified_gmt":"2022-08-05T09:42:29","slug":"stagesete2022","status":"publish","type":"page","link":"https:\/\/www.jeunessesmusicales.be\/charleroimetropole\/stagesete2022\/","title":{"rendered":"Stage d&rsquo;\u00e9t\u00e9"},"content":{"rendered":"<p style=\"text-align: left;\"><strong style=\"font-size: 35px;\"><img loading=\"lazy\" decoding=\"async\" class=\"alignnone wp-image-1868 \" src=\"https:\/\/www.jeunessesmusicales.be\/charleroimetropole\/wp-content\/uploads\/sites\/6\/2022\/01\/Calendrier-picto-1-269x300.png\" alt=\"\" width=\"50\" height=\"56\" srcset=\"https:\/\/www.jeunessesmusicales.be\/charleroimetropole\/wp-content\/uploads\/sites\/6\/2022\/01\/Calendrier-picto-1-269x300.png 269w, https:\/\/www.jeunessesmusicales.be\/charleroimetropole\/wp-content\/uploads\/sites\/6\/2022\/01\/Calendrier-picto-1-94x105.png 94w, https:\/\/www.jeunessesmusicales.be\/charleroimetropole\/wp-content\/uploads\/sites\/6\/2022\/01\/Calendrier-picto-1.png 310w\" sizes=\"auto, (max-width: 50px) 100vw, 50px\" \/> STAGES D&rsquo;\u00c9T\u00c9 <span style=\"color: #ef3740;\">2022<\/span><\/strong><\/p>\n<hr \/>\n<p style=\"text-align: left;\"><em><span style=\"color: #ef3740;\"><a rel=\"fancybox[1987]\" href=\"https:\/\/www.jeunessesmusicales.be\/charleroimetropole\/wp-content\/uploads\/sites\/6\/2022\/05\/Stage-Ete-1.jpg\" class=\"fancybox\"><img loading=\"lazy\" decoding=\"async\" class=\"alignnone wp-image-1992\" src=\"https:\/\/www.jeunessesmusicales.be\/charleroimetropole\/wp-content\/uploads\/sites\/6\/2022\/05\/Stage-Ete-1-212x300.jpg\" alt=\"\" width=\"297\" height=\"420\" srcset=\"https:\/\/www.jeunessesmusicales.be\/charleroimetropole\/wp-content\/uploads\/sites\/6\/2022\/05\/Stage-Ete-1-212x300.jpg 212w, https:\/\/www.jeunessesmusicales.be\/charleroimetropole\/wp-content\/uploads\/sites\/6\/2022\/05\/Stage-Ete-1-768x1086.jpg 768w, https:\/\/www.jeunessesmusicales.be\/charleroimetropole\/wp-content\/uploads\/sites\/6\/2022\/05\/Stage-Ete-1-724x1024.jpg 724w, https:\/\/www.jeunessesmusicales.be\/charleroimetropole\/wp-content\/uploads\/sites\/6\/2022\/05\/Stage-Ete-1-74x105.jpg 74w, https:\/\/www.jeunessesmusicales.be\/charleroimetropole\/wp-content\/uploads\/sites\/6\/2022\/05\/Stage-Ete-1.jpg 1358w\" sizes=\"auto, (max-width: 297px) 100vw, 297px\" \/><\/a><\/span><\/em><\/p>\n<p style=\"text-align: left;\"><em><span style=\"color: #ef3740;\">Du 04\/07 au 08\/07 : <strong>Firmin et le lutin de l&rsquo;arc en ciel (COMPLET)<br \/>\n<\/strong><\/span><\/em><em>\u201c Firmin le petit lutin est bien d\u00e9cid\u00e9 \u00e0 trouver le tr\u00e9sor <\/em><em>tout au bout de l\u2019arc en ciel. <\/em><em>Pour cela, il va devoir traverser les 6 couleurs qui le composent. Durant le stage, les enfants <\/em><em>vont chanter, danser, d\u00e9couvrir les instruments de musique jusqu\u2019\u00e0 la d\u00e9couverte du tr\u00e9sor ! \u201d<\/em><\/p>\n<p style=\"text-align: left;\"><strong>(Rendez-vous plus bas pour les inscriptions)<\/strong><\/p>\n<hr \/>\n<p style=\"text-align: left;\"><em><span style=\"color: #ef3740;\"><a rel=\"fancybox[1987]\" href=\"https:\/\/www.jeunessesmusicales.be\/charleroimetropole\/wp-content\/uploads\/sites\/6\/2022\/05\/Stage-Ete-2.jpg\" class=\"fancybox\"><img loading=\"lazy\" decoding=\"async\" class=\"alignnone wp-image-1993\" src=\"https:\/\/www.jeunessesmusicales.be\/charleroimetropole\/wp-content\/uploads\/sites\/6\/2022\/05\/Stage-Ete-2-212x300.jpg\" alt=\"\" width=\"296\" height=\"419\" srcset=\"https:\/\/www.jeunessesmusicales.be\/charleroimetropole\/wp-content\/uploads\/sites\/6\/2022\/05\/Stage-Ete-2-212x300.jpg 212w, https:\/\/www.jeunessesmusicales.be\/charleroimetropole\/wp-content\/uploads\/sites\/6\/2022\/05\/Stage-Ete-2-768x1086.jpg 768w, https:\/\/www.jeunessesmusicales.be\/charleroimetropole\/wp-content\/uploads\/sites\/6\/2022\/05\/Stage-Ete-2-724x1024.jpg 724w, https:\/\/www.jeunessesmusicales.be\/charleroimetropole\/wp-content\/uploads\/sites\/6\/2022\/05\/Stage-Ete-2-74x105.jpg 74w, https:\/\/www.jeunessesmusicales.be\/charleroimetropole\/wp-content\/uploads\/sites\/6\/2022\/05\/Stage-Ete-2.jpg 1358w\" sizes=\"auto, (max-width: 296px) 100vw, 296px\" \/><\/a><\/span><\/em><\/p>\n<p style=\"text-align: left;\"><em><span style=\"color: #ef3740;\">Du 11\/07 au 15\/07 :<strong> Copacabana (COMPLET)<\/strong><\/span><\/em><br \/>\n<em>\u201c \u00c0 la d\u00e9couverte de la Carioca style de musique qui vient <\/em><em>du nord du Br\u00e9sil. Manipulation <\/em><em>des instruments br\u00e9siliens, des jeux de rythmes pour aborder la musique. Une exploration <\/em><em>sonore du carnaval br\u00e9silien. \u201d<\/em><\/p>\n<p><strong>(Rendez-vous plus bas pour les inscriptions)<\/strong><\/p>\n<hr \/>\n<p style=\"text-align: left;\"><em><span style=\"color: #ef3740;\"><a rel=\"fancybox[1987]\" href=\"https:\/\/www.jeunessesmusicales.be\/charleroimetropole\/wp-content\/uploads\/sites\/6\/2022\/05\/Stage-Ete-3.jpg\" class=\"fancybox\"><img loading=\"lazy\" decoding=\"async\" class=\"alignnone wp-image-1994\" src=\"https:\/\/www.jeunessesmusicales.be\/charleroimetropole\/wp-content\/uploads\/sites\/6\/2022\/05\/Stage-Ete-3-212x300.jpg\" alt=\"\" width=\"297\" height=\"420\" srcset=\"https:\/\/www.jeunessesmusicales.be\/charleroimetropole\/wp-content\/uploads\/sites\/6\/2022\/05\/Stage-Ete-3-212x300.jpg 212w, https:\/\/www.jeunessesmusicales.be\/charleroimetropole\/wp-content\/uploads\/sites\/6\/2022\/05\/Stage-Ete-3-768x1086.jpg 768w, https:\/\/www.jeunessesmusicales.be\/charleroimetropole\/wp-content\/uploads\/sites\/6\/2022\/05\/Stage-Ete-3-724x1024.jpg 724w, https:\/\/www.jeunessesmusicales.be\/charleroimetropole\/wp-content\/uploads\/sites\/6\/2022\/05\/Stage-Ete-3-74x105.jpg 74w, https:\/\/www.jeunessesmusicales.be\/charleroimetropole\/wp-content\/uploads\/sites\/6\/2022\/05\/Stage-Ete-3.jpg 1358w\" sizes=\"auto, (max-width: 297px) 100vw, 297px\" \/><\/a><\/span><\/em><\/p>\n<p style=\"text-align: left;\"><em><span style=\"color: #ef3740;\">Du 11\/07 au 15\/07 : <strong>Victor est tomb\u00e9 du nid (COMPLET)<\/strong><\/span><\/em><br \/>\n<em>\u201cBoum ! Un court moment d&rsquo;inattention et Patatra ! Victor glisse hors de son nid, rebondit <\/em><em>sur les branches de l&rsquo;arbre et atterrit sur le sol. Ouille ! C&rsquo;est malin ! Il n&rsquo;aurait pas d\u00fb se pencher. <\/em><em>Comment faire pour remonter dans son nid, maintenant ? En attendant de trouver une solution, <\/em><em>on chante, on fait quelques petits pas de danse et on joue des instruments pour consoler Victor. \u201d<\/em><\/p>\n<p><strong>(Rendez-vous plus bas pour les inscriptions)<\/strong><\/p>\n<hr \/>\n<p style=\"text-align: left;\"><em><span style=\"color: #ef3740;\"><span style=\"color: #ef3740;\"><a rel=\"fancybox[1987]\" href=\"https:\/\/www.jeunessesmusicales.be\/charleroimetropole\/wp-content\/uploads\/sites\/6\/2022\/05\/Stage-Ete-4-1.jpg\" class=\"fancybox\"><img loading=\"lazy\" decoding=\"async\" class=\"wp-image-2018 alignnone\" src=\"https:\/\/www.jeunessesmusicales.be\/charleroimetropole\/wp-content\/uploads\/sites\/6\/2022\/05\/Stage-Ete-4-1-212x300.jpg\" alt=\"\" width=\"298\" height=\"422\" srcset=\"https:\/\/www.jeunessesmusicales.be\/charleroimetropole\/wp-content\/uploads\/sites\/6\/2022\/05\/Stage-Ete-4-1-212x300.jpg 212w, https:\/\/www.jeunessesmusicales.be\/charleroimetropole\/wp-content\/uploads\/sites\/6\/2022\/05\/Stage-Ete-4-1-768x1086.jpg 768w, https:\/\/www.jeunessesmusicales.be\/charleroimetropole\/wp-content\/uploads\/sites\/6\/2022\/05\/Stage-Ete-4-1-724x1024.jpg 724w, https:\/\/www.jeunessesmusicales.be\/charleroimetropole\/wp-content\/uploads\/sites\/6\/2022\/05\/Stage-Ete-4-1-74x105.jpg 74w, https:\/\/www.jeunessesmusicales.be\/charleroimetropole\/wp-content\/uploads\/sites\/6\/2022\/05\/Stage-Ete-4-1.jpg 1358w\" sizes=\"auto, (max-width: 298px) 100vw, 298px\" \/><\/a><\/span><\/span><\/em><\/p>\n<p style=\"text-align: left;\"><em><span style=\"color: #ef3740;\"><span style=\"color: #ef3740;\">Du 22\/08 au 26\/08 :<\/span><b style=\"color: #ef3740;\"> Concert des <\/b><span style=\"color: #ef3740;\"><b>petits<\/b><\/span><b style=\"color: #ef3740;\"> pots <strong>(COMPLET)<\/strong><\/b><\/span><\/em><br \/>\n<em>\u201c Pour ce stage pas besoin d\u2019instruments ni m\u00eame de conna\u00eetre la musique, tu as juste besoin <\/em><em>de tes deux mains et de beaucoup d\u2019attention. O\u00f9 quand jouer de la musique avec un simple <\/em><em>gobelet devient un jeu d\u2019enfant. Une initiation au rythme sans instrument, un moment ludique <\/em><em>autour des percussions. \u201c<\/em><\/p>\n<p><strong>(Rendez-vous plus bas pour les inscriptions)<\/strong><\/p>\n<hr \/>\n<p><span style=\"color: #ef3740;\"><strong>Prix :<br \/>\n<\/strong><\/span>95 \u20ac 1 enfant pour 1 stage d\u2019\u00e9t\u00e9<br \/>\n85 \u20ac \u00e0 partir de 2 enfants ou 2 stages d\u2019\u00e9t\u00e9<br \/>\n80 \u20ac \u00e0 partir de 3 enfants ou 3 stages d\u2019\u00e9t\u00e9<\/p>\n<p><span style=\"color: #ef3740;\"><strong>Lieu : <\/strong><\/span><strong>Rue L\u00e9opold 46 6041 Gosselies<\/strong> (GPS mettre rue des \u00e9coles 6041)<br \/>\n<span style=\"color: #ef3740;\"><strong><br \/>\nHoraire :<br \/>\n<\/strong><\/span>de 9h \u00e0 16h (Accueil \u00e0 partir de 8h30)<span style=\"color: #ef3740;\"><span style=\"color: #2d353a;\"><br \/>\n<\/span><\/span><strong><span style=\"color: #ef3740;\"><br \/>\nGarderie : <\/span>De 16h \u00e0 17h du lundi au jeudi (pas le vendredi)<\/strong><br \/>\n1.50\u20ac\/jour \u00e0 payer le premier jour de stage.<\/p>\n<p><span style=\"color: #ef3740;\"><strong>Paiement :<\/strong><\/span> Merci de payer la somme totale <strong>avant le 27\/06<\/strong>\u00a0sur le compte BE16 7320 3795 8474<br \/>\n<strong>(Attestation pour d\u00e9duction fiscale et remboursement mutuelle.)<\/strong><\/p>\n<h1><span style=\"color: #ef3740;\"><strong>Inscriptions :<\/strong><\/span><\/h1>\n<p>COMPLET !<\/p>\n","protected":false},"excerpt":{"rendered":"<p>STAGES D&rsquo;\u00c9T\u00c9 2022 Du 04\/07 au 08\/07 : Firmin et le lutin de l&rsquo;arc en ciel (COMPLET) \u201c Firmin le &hellip; <a href=\"https:\/\/www.jeunessesmusicales.be\/charleroimetropole\/stagesete2022\/\" class=\"more-link\">Continue reading <span class=\"screen-reader-text\">Stage d&rsquo;\u00e9t\u00e9<\/span><\/a><\/p>\n","protected":false},"author":16,"featured_media":1919,"parent":0,"menu_order":0,"comment_status":"closed","ping_status":"closed","template":"","meta":{"_acf_changed":false,"footnotes":""},"class_list":["post-1987","page","type-page","status-publish","has-post-thumbnail","hentry"],"acf":[],"_links":{"self":[{"href":"https:\/\/www.jeunessesmusicales.be\/charleroimetropole\/wp-json\/wp\/v2\/pages\/1987","targetHints":{"allow":["GET"]}}],"collection":[{"href":"https:\/\/www.jeunessesmusicales.be\/charleroimetropole\/wp-json\/wp\/v2\/pages"}],"about":[{"href":"https:\/\/www.jeunessesmusicales.be\/charleroimetropole\/wp-json\/wp\/v2\/types\/page"}],"author":[{"embeddable":true,"href":"https:\/\/www.jeunessesmusicales.be\/charleroimetropole\/wp-json\/wp\/v2\/users\/16"}],"replies":[{"embeddable":true,"href":"https:\/\/www.jeunessesmusicales.be\/charleroimetropole\/wp-json\/wp\/v2\/comments?post=1987"}],"version-history":[{"count":30,"href":"https:\/\/www.jeunessesmusicales.be\/charleroimetropole\/wp-json\/wp\/v2\/pages\/1987\/revisions"}],"predecessor-version":[{"id":2204,"href":"https:\/\/www.jeunessesmusicales.be\/charleroimetropole\/wp-json\/wp\/v2\/pages\/1987\/revisions\/2204"}],"wp:featuredmedia":[{"embeddable":true,"href":"https:\/\/www.jeunessesmusicales.be\/charleroimetropole\/wp-json\/wp\/v2\/media\/1919"}],"wp:attachment":[{"href":"https:\/\/www.jeunessesmusicales.be\/charleroimetropole\/wp-json\/wp\/v2\/media?parent=1987"}],"curies":[{"name":"wp","href":"https:\/\/api.w.org\/{rel}","templated":true}]}}