{"id":2023,"date":"2022-05-09T21:56:48","date_gmt":"2022-05-09T19:56:48","guid":{"rendered":"https:\/\/www.jeunessesmusicales.be\/charleroimetropole\/?page_id=2023"},"modified":"2024-11-18T14:06:49","modified_gmt":"2024-11-18T13:06:49","slug":"nous-recrutons","status":"publish","type":"page","link":"https:\/\/www.jeunessesmusicales.be\/charleroimetropole\/nous-recrutons\/","title":{"rendered":"Nous recrutons !"},"content":{"rendered":"<p class=\"p2\"><span style=\"text-decoration: underline; color: #ef3740;\"><b>PR\u00c9SENTATION G\u00c9N\u00c9RALE<span class=\"Apple-converted-space\">\u00a0<\/span><\/b><\/span><\/p>\n<p class=\"p2\">Cr\u00e9\u00e9es le 17 octobre 1940, \u00e0 l\u2019initiative de Marcel Cuvelier, directeur de la Soci\u00e9t\u00e9 Philharmonique de Bruxelles, les Jeunesses Musicales (JM) ont pour mission d\u2019initier tous les enfants et tous les jeunes \u00e0 toutes les musiques, en portant une attention toute particuli\u00e8re aux enfants et aux jeunes en difficult\u00e9 et aux musiques les plus difficiles d\u2019acc\u00e8s.<\/p>\n<p><span style=\"color: #ef3740;\"><em>Leurs objectifs sont essentiellement\u00a0:<\/em><\/span><span class=\"Apple-converted-space\"><span style=\"color: #ef3740;\"><em>\u00a0<\/em><\/span><\/span><\/p>\n<ul>\n<li>de diffuser, principalement parmi l\u2019enfance et la jeunesse, une culture musicale de qualit\u00e9, en faisant la plus large place possible \u00e0 l\u2019initiative et \u00e0 l\u2019expression des enfants et des jeunes ;<\/li>\n<li>de stimuler leur int\u00e9r\u00eat pour les diff\u00e9rentes esth\u00e9tiques musicales ;<\/li>\n<li>d\u2019\u0153uvrer pour que l\u2019acc\u00e8s \u00e0 la musique soit reconnu comme un droit de l\u2019homme.<\/li>\n<\/ul>\n<p class=\"p3\">Ces objectifs sont poursuivis en dehors de toutes discriminations raciale, politique, sociale, linguistique, religieuse et\/ou philosophique, dans le respect du code \u00e9thique et de communication adopt\u00e9 par le r\u00e9seau des Jeunesses Musicales International.<span class=\"Apple-converted-space\">\u00a0<\/span><\/p>\n<p class=\"p3\">Des moyens aussi nombreux que vari\u00e9s sont mis en \u0153uvre pour atteindre ces objectifs : concerts scolaires et familiaux, ateliers musicaux en milieu scolaire et extrascolaire, stages de vacances, concerts participatifs avec les orchestres philharmoniques, formations, r\u00e9alisations et publications de supports et d\u2019outils p\u00e9dagogiques, festivals, conf\u00e9rences, colloques, masterclasses, workshops, etc. Le projet conna\u00eet rapidement un vif succ\u00e8s au-del\u00e0 de nos fronti\u00e8res et se d\u00e9veloppe dans une soixantaine de pays, faisant aujourd\u2019hui des Jeunesses Musicales, non seulement une institution incontournable du paysage artistique et culturel de la F\u00e9d\u00e9ration Wallonie-Bruxelles, mais aussi la plus grande organisation mondiale de jeunesse consacr\u00e9e \u00e0 la musique selon l\u2019UNESCO.<\/p>\n<ul>\n<li>Retrouvez <a href=\"https:\/\/www.jeunessesmusicales.be\/charleroimetropole\/les-jeunesses-musicales-une-histoire-belge-devenue-mondiale-une-naissance-engagee\/\">ici l\u2019histoire des Jeunesses Musicales<\/a><\/li>\n<li><span class=\"s2\">Et <\/span><a href=\"https:\/\/www.jeunessesmusicales.be\/charleroimetropole\">ici le site des JM de Charleroi M\u00e9tropole avec toutes nos activit\u00e9s<span class=\"Apple-converted-space\">\u00a0<\/span><\/a><\/li>\n<\/ul>\n<hr \/>\n<blockquote>\n<h1 class=\"entry-title\"><span style=\"color: #ef3740;\">Un\u00b7e charg\u00e9\u00b7e de diffusion.<\/span><\/h1>\n<\/blockquote>\n<p class=\"p9\"><span style=\"text-decoration: underline;\"><span style=\"color: #ef3740; text-decoration: underline;\"><span class=\"s3\"><b>L<\/b><\/span><b>ES MISSIONS<span class=\"Apple-converted-space\">\u00a0<\/span><\/b><\/span><\/span><\/p>\n<p class=\"p3\">Sous la responsabilit\u00e9 de la directrice du centre et en \u00e9troite collaboration avec les membres de l\u2019\u00e9quipe et de la f\u00e9d\u00e9ration, en particulier avec l\u2019autre personne en charge de la diffusion, vous \u0153uvrerez \u00e0 la planification et \u00e0 l\u2019organisation des concerts dans les \u00e9coles et lieux culturels de l\u2019association.<span class=\"Apple-converted-space\">\u00a0<\/span><\/p>\n<p class=\"p3\"><i>Une r\u00e9partition claire des \u00e9coles et des structures ainsi que des t\u00e2ches dont vous aurez la responsabilit\u00e9 a \u00e9t\u00e9 \u00e9tablie pour garantir une bonne organisation d\u2019\u00e9quipe.<span class=\"Apple-converted-space\">\u00a0<\/span><\/i><\/p>\n<p class=\"p3\">En 2023, le Centre a organis\u00e9 plus d&rsquo;une centaine de concerts (en \u00e9cole fondamentale et secondaire, en \u00e9cole sp\u00e9cialis\u00e9e et pour le grand public). Deux personnes travaillent \u00e0 la diffusion des concerts au sein de l\u2019\u00e9quipe.<\/p>\n<p class=\"p3\"><span style=\"color: #ef3740;\"><strong><u>VOUS ASSUREREZ LES MISSIONS SUIVANTES :<\/u><\/strong><\/span><\/p>\n<ul>\n<li>participer \u00e0 la s\u00e9lection des concerts et spectacles musicaux pour la programmation musicale des JM aux c\u00f4t\u00e9s des charg\u00e9.e.s de diffusion des 7 autres centres r\u00e9gionaux des JM et de la direction artistique ;<span class=\"Apple-converted-space\">\u00a0<\/span><\/li>\n<li>r\u00e9pondre aux messages des repr\u00e9sentant.es des \u00e9coles, communes et lieux culturels qui souhaitent organiser des concerts et des journ\u00e9es musicales ou participer \u00e0 des sorties scolaires ;<span class=\"Apple-converted-space\">\u00a0<\/span><\/li>\n<li>contacter les \u00e9coles et lieux culturels ayant mis en place des concerts l\u2019ann\u00e9e pr\u00e9c\u00e9dente pour leur proposer d\u2019organiser de nouvelles activit\u00e9s sur l\u2019ann\u00e9e en cours et\/ou \u00e0 venir ;<span class=\"Apple-converted-space\">\u00a0<\/span><\/li>\n<li>les conseiller sur le(s) spectacle(s) le(s) plus adapt\u00e9(s) \u00e0 leur projet et au niveau\/\u00e0 l\u2019\u00e2ge des enfants qui vont assister \u00e0(aux) l\u2019activit\u00e9(s) ;<span class=\"Apple-converted-space\">\u00a0<\/span><\/li>\n<li>\u00e9tablir la programmation annuelle des sorties scolaires et des concerts propos\u00e9s aux familles ;<span class=\"Apple-converted-space\">\u00a0<\/span><\/li>\n<li>prendre et g\u00e9rer les r\u00e9servations pour les sorties scolaires organis\u00e9es par les JM ;<span class=\"Apple-converted-space\">\u00a0<\/span><\/li>\n<li>identifier des dates et horaires possibles pour le(s) concert(s) et v\u00e9rifier la disponibilit\u00e9 des artistes ;<span class=\"Apple-converted-space\">\u00a0<\/span><\/li>\n<li>envoyer les fiches de confirmation aux artistes et les fiches techniques des spectacles ;<span class=\"Apple-converted-space\">\u00a0<\/span><\/li>\n<li>envoyer et faire signer une convention au.\u00e0 la responsable de la structure demandeuse ainsi qu\u2019\u00e0 la direction du centre ;<span class=\"Apple-converted-space\">\u00a0<\/span><\/li>\n<li>enregistrer et classer les conventions et documents pertinents, remplir et tenir \u00e0 jour les fichiers et bases de donn\u00e9es pour la facturation des concerts et le suivi des projets ;<span class=\"Apple-converted-space\">\u00a0<\/span><\/li>\n<li>suivre la mise en oeuvre des activit\u00e9s (gestion des reports \u00e9ventuels etc.) ;<span class=\"Apple-converted-space\">\u00a0<\/span><\/li>\n<li>accueillir les artistes, les \u00e9l\u00e8ves et le public le jour des concerts et introduire les spectacles, animer les \u00e9changes apr\u00e8s les spectacles si besoin ;<span class=\"Apple-converted-space\">\u00a0<\/span><\/li>\n<li>\u00eatre garant de la qualit\u00e9 des activit\u00e9s propos\u00e9es et diffuser le formulaire d\u2019\u00e9valuation afin de recueillir les retours des structures ;<span class=\"Apple-converted-space\">\u00a0<\/span><\/li>\n<li>contribuer aux r\u00e9flexions sur les activit\u00e9s des JM en participant aux r\u00e9unions et aux formations des charg\u00e9.e.s de diffusion organis\u00e9es par la f\u00e9d\u00e9ration.<\/li>\n<\/ul>\n<p class=\"p2\"><span style=\"text-decoration: underline; color: #ef3740;\"><b>VOS QUALIT\u00c9S ET COMP\u00c9TENCES<span class=\"Apple-converted-space\"> :<\/span><\/b><\/span><\/p>\n<ul>\n<li>Ma\u00eetrise des outils MS Office, Google Suite et WordPress<span class=\"Apple-converted-space\">\u00a0<\/span><\/li>\n<li>Bonne organisation et rigueur<\/li>\n<li>Bonne communication orale et \u00e9crite<\/li>\n<li>Facilit\u00e9 de r\u00e9daction en fran\u00e7ais<\/li>\n<li>Excellente orthographe<\/li>\n<li>Bon contact social<\/li>\n<li>Autonomie et prise d\u2019initiative<\/li>\n<li>Bonne r\u00e9sistance au stress et capacit\u00e9 \u00e0 trouver des solutions<span class=\"Apple-converted-space\">\u00a0<\/span><\/li>\n<li>Capacit\u00e9 \u00e0 travailler en \u00e9quipe, bonne communication, solidarit\u00e9 et bienveillance<span class=\"Apple-converted-space\">\u00a0<\/span><\/li>\n<li>Int\u00e9r\u00eat pour la mission, la musique, la culture et pour les actions vers les jeunes<span class=\"Apple-converted-space\"><br \/>\n<span style=\"text-decoration: underline;\"><em>Petit plus utile :<\/em><\/span><\/span><\/li>\n<li><em>Connaissance des r\u00e9seaux sociaux et des outils de communication d\u00e9ploy\u00e9s par les op\u00e9rateurs culturels<\/em><\/li>\n<\/ul>\n<p class=\"p9\"><span style=\"text-decoration: underline; color: #ef3740;\"><span class=\"s3\"><b>D<\/b><\/span><b>IPL\u00d4MES ET<\/b><span class=\"s3\"><b>\/<\/b><\/span><b>OU TITRES :<\/b><\/span><\/p>\n<p class=\"p3\">Tout dipl\u00f4me pertinent pour l\u2019exercice des missions d\u00e9crites ci-dessus.<\/p>\n<p class=\"p9\"><span style=\"text-decoration: underline; color: #ef3740;\"><span class=\"s3\"><b>L<\/b><\/span><b>IEU DE TRAVAIL ET HORAIRES ET LIEU DE TRAVAIL<span class=\"Apple-converted-space\"> :<\/span><\/b><\/span><\/p>\n<p class=\"p3\">Poste \u00e0 mi-temps<em> (travail le weekend et en soir\u00e9e occasionnel)<span class=\"Apple-converted-space\">\u00a0 &#8211; Temps de travail peut \u00e9voluer.<\/span><\/em><\/p>\n<p class=\"p3\">Jeunesses Musicales de Charleroi M\u00e9tropole<br \/>\nRue L\u00e9opold, 49 &#8211; 6041 Gosselies<br \/>\nDe nombreux d\u00e9placements dans les \u00e9coles et centres culturels de la r\u00e9gion de Charleroi sont \u00e0 pr\u00e9voir.<\/p>\n<p>Entr\u00e9e en fonction d\u00e9s \u00e0 pr\u00e9sent (le plus t\u00f4t possible)<\/p>\n<p><strong><span style=\"text-decoration: underline;\"><span style=\"color: #ef3740; text-decoration: underline;\">COMMENT POSTULER :<\/span><\/span><\/strong><\/p>\n<p>Cv et lettre de motivation \u00e0 faire parvenir \u00e0 <a href=\"m.licitri@jeunessesmusicales.be\">m.licitri@jeunessesmusicales.be<\/a><span class=\"Apple-converted-space\"><br \/>\n<\/span>Entretiens pr\u00e9vus dans les locaux \u00e0 Gosselies.<\/p>\n<hr \/>\n<blockquote>\n<h1 class=\"entry-title\"><span style=\"color: #ef3740;\">Animateurs.trices avec sp\u00e9cialisation pour les percussions, le chant, la danse,&#8230;<\/span><\/h1>\n<\/blockquote>\n<p><strong><a rel=\"fancybox[2023]\" href=\"https:\/\/www.jeunessesmusicales.be\/charleroimetropole\/wp-content\/uploads\/sites\/6\/2022\/05\/Candidature-1.png\" class=\"fancybox\"><img loading=\"lazy\" decoding=\"async\" class=\"wp-image-2068 size-medium alignnone\" src=\"https:\/\/www.jeunessesmusicales.be\/charleroimetropole\/wp-content\/uploads\/sites\/6\/2022\/05\/Candidature-1-300x300.png\" alt=\"\" width=\"300\" height=\"300\" srcset=\"https:\/\/www.jeunessesmusicales.be\/charleroimetropole\/wp-content\/uploads\/sites\/6\/2022\/05\/Candidature-1-300x300.png 300w, https:\/\/www.jeunessesmusicales.be\/charleroimetropole\/wp-content\/uploads\/sites\/6\/2022\/05\/Candidature-1-150x150.png 150w, https:\/\/www.jeunessesmusicales.be\/charleroimetropole\/wp-content\/uploads\/sites\/6\/2022\/05\/Candidature-1-768x768.png 768w, https:\/\/www.jeunessesmusicales.be\/charleroimetropole\/wp-content\/uploads\/sites\/6\/2022\/05\/Candidature-1-105x105.png 105w, https:\/\/www.jeunessesmusicales.be\/charleroimetropole\/wp-content\/uploads\/sites\/6\/2022\/05\/Candidature-1-200x200.png 200w, https:\/\/www.jeunessesmusicales.be\/charleroimetropole\/wp-content\/uploads\/sites\/6\/2022\/05\/Candidature-1.png 1000w\" sizes=\"auto, (max-width: 300px) 100vw, 300px\" \/><\/a><\/strong><\/p>\n<p><u>Vous assurerez les missions suivantes\u00a0:<\/u><\/p>\n<ul>\n<li>Animer des ateliers d\u2019\u00e9veil musical en milieu scolaire<\/li>\n<li>Animer des ateliers d\u2019\u00e9veil musical en extrascolaire<\/li>\n<li>Stages musicaux<\/li>\n<li>Participer \u00e0 divers \u00e9v\u00e8nements organis\u00e9s par les JM ou en collaboration avec d\u2019autres organismes.<\/li>\n<\/ul>\n<p><u>Comp\u00e9tences requises\u00a0:<\/u><\/p>\n<ul>\n<li>Formation en p\u00e9dagogie musicale ou exp\u00e9rience \u00e9quivalente<\/li>\n<li>Tr\u00e8s bonnes notions de base<\/li>\n<li>Gestion de groupe (une exp\u00e9rience dans le domaine de l\u2019animation est un plus)<\/li>\n<li>La pratique d\u2019un instrument est un atout (mais pas obligatoire)<\/li>\n<\/ul>\n<p><u>Qualit\u00e9s requises\u00a0:<\/u><\/p>\n<ul>\n<li>Polyvalent<\/li>\n<li>Cr\u00e9atif<\/li>\n<li>Sens de l\u2019initiative<\/li>\n<li>Esprit d\u2019\u00e9quipe<\/li>\n<li>Capacit\u00e9 d\u2019adaptation<\/li>\n<\/ul>\n\n<div class=\"wpcf7 no-js\" id=\"wpcf7-f2063-o1\" lang=\"fr-FR\" dir=\"ltr\" data-wpcf7-id=\"2063\">\n<div class=\"screen-reader-response\"><p role=\"status\" aria-live=\"polite\" aria-atomic=\"true\"><\/p> <ul><\/ul><\/div>\n<form action=\"\/charleroimetropole\/wp-json\/wp\/v2\/pages\/2023#wpcf7-f2063-o1\" method=\"post\" class=\"wpcf7-form init\" aria-label=\"Formulaire de contact\" enctype=\"multipart\/form-data\" novalidate=\"novalidate\" data-status=\"init\">\n<fieldset class=\"hidden-fields-container\"><input type=\"hidden\" name=\"_wpcf7\" value=\"2063\" \/><input type=\"hidden\" name=\"_wpcf7_version\" value=\"6.1.5\" \/><input type=\"hidden\" name=\"_wpcf7_locale\" value=\"fr_FR\" \/><input type=\"hidden\" name=\"_wpcf7_unit_tag\" value=\"wpcf7-f2063-o1\" \/><input type=\"hidden\" name=\"_wpcf7_container_post\" value=\"0\" \/><input type=\"hidden\" name=\"_wpcf7_posted_data_hash\" value=\"\" \/>\n<\/fieldset>\n<p>\u2022 Votre nom :\n<\/p>\n<p><span class=\"wpcf7-form-control-wrap\" data-name=\"nom\"><input size=\"40\" maxlength=\"400\" class=\"wpcf7-form-control wpcf7-text wpcf7-validates-as-required\" aria-required=\"true\" aria-invalid=\"false\" value=\"\" type=\"text\" name=\"nom\" \/><\/span>\n<\/p>\n<p>\u2022 Votre pr\u00e9nom :\n<\/p>\n<p><span class=\"wpcf7-form-control-wrap\" data-name=\"prenom\"><input size=\"40\" maxlength=\"400\" class=\"wpcf7-form-control wpcf7-text wpcf7-validates-as-required\" aria-required=\"true\" aria-invalid=\"false\" value=\"\" type=\"text\" name=\"prenom\" \/><\/span>\n<\/p>\n<p>\u2022 Votre adresse e-mail :\n<\/p>\n<p><span class=\"wpcf7-form-control-wrap\" data-name=\"email\"><input size=\"40\" maxlength=\"400\" class=\"wpcf7-form-control wpcf7-email wpcf7-validates-as-required wpcf7-text wpcf7-validates-as-email\" aria-required=\"true\" aria-invalid=\"false\" value=\"\" type=\"email\" name=\"email\" \/><\/span>\n<\/p>\n<p>\u2022 Votre num\u00e9ro de t\u00e9l\u00e9phone :\n<\/p>\n<p><span class=\"wpcf7-form-control-wrap\" data-name=\"telephone\"><input size=\"40\" maxlength=\"400\" class=\"wpcf7-form-control wpcf7-tel wpcf7-validates-as-required wpcf7-text wpcf7-validates-as-tel\" aria-required=\"true\" aria-invalid=\"false\" value=\"\" type=\"tel\" name=\"telephone\" \/><\/span>\n<\/p>\n<p>\u2022 D\u00e9poser un CV :\n<\/p>\n<p><span class=\"wpcf7-form-control-wrap\" data-name=\"cv\"><input size=\"40\" class=\"wpcf7-form-control wpcf7-file wpcf7-validates-as-required\" accept=\"audio\/*,video\/*,image\/*\" aria-required=\"true\" aria-invalid=\"false\" type=\"file\" name=\"cv\" \/><\/span>\n<\/p>\n<p>\u2022 Veuillez d\u00e9crire vos motivations en quelques lignes :\n<\/p>\n<p><span class=\"wpcf7-form-control-wrap\" data-name=\"description\"><textarea cols=\"40\" rows=\"10\" maxlength=\"2000\" class=\"wpcf7-form-control wpcf7-textarea wpcf7-validates-as-required\" aria-required=\"true\" aria-invalid=\"false\" name=\"description\"><\/textarea><\/span>\n<\/p>\n<p><input class=\"wpcf7-form-control wpcf7-submit has-spinner\" type=\"submit\" value=\"Envoyer\" \/>\n<\/p><div class=\"wpcf7-response-output\" aria-hidden=\"true\"><\/div>\n<\/form>\n<\/div>\n\n<hr \/>\n<blockquote>\n<h1 class=\"entry-title\"><span style=\"color: #ef3740;\">Vos candidatures spontan\u00e9es sont les bienvenues.<\/span><\/h1>\n<\/blockquote>\n<p><strong><a rel=\"fancybox[2023]\" href=\"https:\/\/www.jeunessesmusicales.be\/charleroimetropole\/wp-content\/uploads\/sites\/6\/2022\/05\/Candidature-2.png\" class=\"fancybox\"><img loading=\"lazy\" decoding=\"async\" class=\"wp-image-2071 size-medium alignnone\" src=\"https:\/\/www.jeunessesmusicales.be\/charleroimetropole\/wp-content\/uploads\/sites\/6\/2022\/05\/Candidature-2-300x300.png\" alt=\"\" width=\"300\" height=\"300\" srcset=\"https:\/\/www.jeunessesmusicales.be\/charleroimetropole\/wp-content\/uploads\/sites\/6\/2022\/05\/Candidature-2-300x300.png 300w, https:\/\/www.jeunessesmusicales.be\/charleroimetropole\/wp-content\/uploads\/sites\/6\/2022\/05\/Candidature-2-150x150.png 150w, https:\/\/www.jeunessesmusicales.be\/charleroimetropole\/wp-content\/uploads\/sites\/6\/2022\/05\/Candidature-2-768x768.png 768w, https:\/\/www.jeunessesmusicales.be\/charleroimetropole\/wp-content\/uploads\/sites\/6\/2022\/05\/Candidature-2-105x105.png 105w, https:\/\/www.jeunessesmusicales.be\/charleroimetropole\/wp-content\/uploads\/sites\/6\/2022\/05\/Candidature-2-200x200.png 200w, https:\/\/www.jeunessesmusicales.be\/charleroimetropole\/wp-content\/uploads\/sites\/6\/2022\/05\/Candidature-2.png 1000w\" sizes=\"auto, (max-width: 300px) 100vw, 300px\" \/><\/a><\/strong><\/p>\n<p><strong>Formulaire de candidature spontan\u00e9e :<\/strong><\/p>\n\n<div class=\"wpcf7 no-js\" id=\"wpcf7-f2056-o2\" lang=\"fr-FR\" dir=\"ltr\" data-wpcf7-id=\"2056\">\n<div class=\"screen-reader-response\"><p role=\"status\" aria-live=\"polite\" aria-atomic=\"true\"><\/p> <ul><\/ul><\/div>\n<form action=\"\/charleroimetropole\/wp-json\/wp\/v2\/pages\/2023#wpcf7-f2056-o2\" method=\"post\" class=\"wpcf7-form init\" aria-label=\"Formulaire de contact\" enctype=\"multipart\/form-data\" novalidate=\"novalidate\" data-status=\"init\">\n<fieldset class=\"hidden-fields-container\"><input type=\"hidden\" name=\"_wpcf7\" value=\"2056\" \/><input type=\"hidden\" name=\"_wpcf7_version\" value=\"6.1.5\" \/><input type=\"hidden\" name=\"_wpcf7_locale\" value=\"fr_FR\" \/><input type=\"hidden\" name=\"_wpcf7_unit_tag\" value=\"wpcf7-f2056-o2\" \/><input type=\"hidden\" name=\"_wpcf7_container_post\" value=\"0\" \/><input type=\"hidden\" name=\"_wpcf7_posted_data_hash\" value=\"\" \/>\n<\/fieldset>\n<p>\u2022 Votre nom :\n<\/p>\n<p><span class=\"wpcf7-form-control-wrap\" data-name=\"nom\"><input size=\"40\" maxlength=\"400\" class=\"wpcf7-form-control wpcf7-text wpcf7-validates-as-required\" aria-required=\"true\" aria-invalid=\"false\" value=\"\" type=\"text\" name=\"nom\" \/><\/span>\n<\/p>\n<p>\u2022 Votre pr\u00e9nom :\n<\/p>\n<p><span class=\"wpcf7-form-control-wrap\" data-name=\"prenom\"><input size=\"40\" maxlength=\"400\" class=\"wpcf7-form-control wpcf7-text wpcf7-validates-as-required\" aria-required=\"true\" aria-invalid=\"false\" value=\"\" type=\"text\" name=\"prenom\" \/><\/span>\n<\/p>\n<p>\u2022 Votre adresse e-mail :\n<\/p>\n<p><span class=\"wpcf7-form-control-wrap\" data-name=\"email\"><input size=\"40\" maxlength=\"400\" class=\"wpcf7-form-control wpcf7-email wpcf7-validates-as-required wpcf7-text wpcf7-validates-as-email\" aria-required=\"true\" aria-invalid=\"false\" value=\"\" type=\"email\" name=\"email\" \/><\/span>\n<\/p>\n<p>\u2022 Votre num\u00e9ro de t\u00e9l\u00e9phone :\n<\/p>\n<p><span class=\"wpcf7-form-control-wrap\" data-name=\"telephone\"><input size=\"40\" maxlength=\"400\" class=\"wpcf7-form-control wpcf7-tel wpcf7-validates-as-required wpcf7-text wpcf7-validates-as-tel\" aria-required=\"true\" aria-invalid=\"false\" value=\"\" type=\"tel\" name=\"telephone\" \/><\/span>\n<\/p>\n<p>\u2022 D\u00e9poser un CV :\n<\/p>\n<p><span class=\"wpcf7-form-control-wrap\" data-name=\"cv\"><input size=\"40\" class=\"wpcf7-form-control wpcf7-file wpcf7-validates-as-required\" accept=\"audio\/*,video\/*,image\/*\" aria-required=\"true\" aria-invalid=\"false\" type=\"file\" name=\"cv\" \/><\/span>\n<\/p>\n<p>\u2022 Veuillez d\u00e9crire vos motivations en quelques lignes :\n<\/p>\n<p><span class=\"wpcf7-form-control-wrap\" data-name=\"description\"><textarea cols=\"40\" rows=\"10\" maxlength=\"2000\" class=\"wpcf7-form-control wpcf7-textarea wpcf7-validates-as-required\" aria-required=\"true\" aria-invalid=\"false\" name=\"description\"><\/textarea><\/span>\n<\/p>\n<p><input class=\"wpcf7-form-control wpcf7-submit has-spinner\" type=\"submit\" value=\"Envoyer\" \/>\n<\/p><div class=\"wpcf7-response-output\" aria-hidden=\"true\"><\/div>\n<\/form>\n<\/div>\n\n","protected":false},"excerpt":{"rendered":"<p>PR\u00c9SENTATION G\u00c9N\u00c9RALE\u00a0 Cr\u00e9\u00e9es le 17 octobre 1940, \u00e0 l\u2019initiative de Marcel Cuvelier, directeur de la Soci\u00e9t\u00e9 Philharmonique de Bruxelles, les &hellip; <a href=\"https:\/\/www.jeunessesmusicales.be\/charleroimetropole\/nous-recrutons\/\" class=\"more-link\">Continue reading <span class=\"screen-reader-text\">Nous recrutons !<\/span><\/a><\/p>\n","protected":false},"author":16,"featured_media":0,"parent":0,"menu_order":0,"comment_status":"closed","ping_status":"closed","template":"","meta":{"_acf_changed":false,"footnotes":""},"class_list":["post-2023","page","type-page","status-publish","hentry"],"acf":[],"_links":{"self":[{"href":"https:\/\/www.jeunessesmusicales.be\/charleroimetropole\/wp-json\/wp\/v2\/pages\/2023","targetHints":{"allow":["GET"]}}],"collection":[{"href":"https:\/\/www.jeunessesmusicales.be\/charleroimetropole\/wp-json\/wp\/v2\/pages"}],"about":[{"href":"https:\/\/www.jeunessesmusicales.be\/charleroimetropole\/wp-json\/wp\/v2\/types\/page"}],"author":[{"embeddable":true,"href":"https:\/\/www.jeunessesmusicales.be\/charleroimetropole\/wp-json\/wp\/v2\/users\/16"}],"replies":[{"embeddable":true,"href":"https:\/\/www.jeunessesmusicales.be\/charleroimetropole\/wp-json\/wp\/v2\/comments?post=2023"}],"version-history":[{"count":24,"href":"https:\/\/www.jeunessesmusicales.be\/charleroimetropole\/wp-json\/wp\/v2\/pages\/2023\/revisions"}],"predecessor-version":[{"id":2811,"href":"https:\/\/www.jeunessesmusicales.be\/charleroimetropole\/wp-json\/wp\/v2\/pages\/2023\/revisions\/2811"}],"wp:attachment":[{"href":"https:\/\/www.jeunessesmusicales.be\/charleroimetropole\/wp-json\/wp\/v2\/media?parent=2023"}],"curies":[{"name":"wp","href":"https:\/\/api.w.org\/{rel}","templated":true}]}}