{"id":2326,"date":"2022-09-22T15:43:23","date_gmt":"2022-09-22T13:43:23","guid":{"rendered":"https:\/\/www.jeunessesmusicales.be\/charleroimetropole\/?page_id=2326"},"modified":"2023-05-17T15:13:03","modified_gmt":"2023-05-17T13:13:03","slug":"organiser-un-stage-dans-mon-asbl","status":"publish","type":"page","link":"https:\/\/www.jeunessesmusicales.be\/charleroimetropole\/organiser-un-stage-dans-mon-asbl\/","title":{"rendered":"Organiser un stage dans mon ASBL !"},"content":{"rendered":"<div class=\"gmail_default\">Vous d\u00e9sirez organiser des stages dans<span style=\"color: #ef3740;\">\u00a0votre ATL, votre Centre Culturel ou encore Maison de Jeunes,&#8230;<\/span>\u00a0?<\/div>\n<div class=\"gmail_default\">\n<p>Et bien pourquoi pas des\u00a0<span style=\"color: #ef3740;\">stages musicaux<\/span>?<\/p>\n<p>Notre \u00e9quipe d&rsquo;animateurs se tient pr\u00e8s \u00e0 vous proposer des ateliers divers et vari\u00e9s qui raviront les plus petits comme les plus grands (de 3 ans \u00e0 18 ans). Par la\u00a0<span style=\"color: #ef3740;\">chanson<\/span>, la\u00a0<span style=\"color: #ef3740;\">danse\u00a0<\/span>et le\u00a0<span style=\"color: #ef3740;\">jeu<\/span>, les animateurs leur feront d\u00e9couvrir les mille et une possibilit\u00e9s de vivre la musique, tout en s&rsquo;amusant.<\/p>\n<p>Nous travaillons sur deux principaux axes que sont, &lsquo;\u00a0\u00bble travail individuel\u00a0\u00bb et \u00ab\u00a0le travail collectif\u00a0\u00bb au travers de pratiques tel que :<\/p>\n<p><span style=\"color: #ef3740;\"><b>\u2022 Jeux de rythmiques.<\/b><\/span><\/p>\n<p><span style=\"color: #ef3740;\"><b>\u2022 Jeux de perceptions auditives<\/b><\/span><\/p>\n<p><span style=\"color: #ef3740;\"><b>\u2022 Mouvements et espaces<\/b><\/span><\/p>\n<p><span style=\"color: #ef3740;\"><b>\u2022 Mouvements et rythmes<\/b><\/span><\/p>\n<p><span style=\"color: #ef3740;\"><b>\u2022 Mouvements et communications<\/b><\/span><\/p>\n<p><span style=\"color: #ef3740;\"><b>\u2022 La Voix<\/b><\/span><\/p>\n<p><span style=\"color: #ef3740;\"><b>\u2022 Comptines et chants<\/b><\/span><\/p>\n<p><span style=\"color: #ef3740;\"><b>\u2022 Manipulation d&rsquo;instruments de percussions<\/b><\/span><\/p>\n<p><span style=\"color: #ef3740;\"><b>\u2022 Jeux musicaux d&rsquo;orchestration<\/b><\/span><\/p>\n<p><span style=\"color: #ef3740;\"><b>\u2022 Jeux de danse et d&rsquo;auditions<\/b><\/span><\/p>\n<p>Nous pouvons \u00e9galement th\u00e9matiser vos stages en fonction, par exemple, de la saison ou des f\u00eates ou simplement \u00e0 votre demande.\u00a0<span style=\"color: #ef3740;\">Vous voulez aborder des th\u00e8mes tels que les com\u00e9dies musicales ou faire un voyage\u00a0musical autour du monde ? No problemo !<\/span> Comptez sur notre \u00e9quipe de passionn\u00e9s pour rendre votre stage dynamique et attractif.<\/p>\n<\/div>\n<div><a rel=\"fancybox[2326]\" href=\"https:\/\/www.jeunessesmusicales.be\/charleroimetropole\/wp-content\/uploads\/sites\/6\/2023\/05\/Tarfis-animamtions-extra-scol.-JM-Charleroi-23-24.jpg\" class=\"fancybox\"><img loading=\"lazy\" decoding=\"async\" class=\"aligncenter wp-image-2493 \" src=\"https:\/\/www.jeunessesmusicales.be\/charleroimetropole\/wp-content\/uploads\/sites\/6\/2023\/05\/Tarfis-animamtions-extra-scol.-JM-Charleroi-23-24-1024x724.jpg\" alt=\"\" width=\"814\" height=\"575\" srcset=\"https:\/\/www.jeunessesmusicales.be\/charleroimetropole\/wp-content\/uploads\/sites\/6\/2023\/05\/Tarfis-animamtions-extra-scol.-JM-Charleroi-23-24-1024x724.jpg 1024w, https:\/\/www.jeunessesmusicales.be\/charleroimetropole\/wp-content\/uploads\/sites\/6\/2023\/05\/Tarfis-animamtions-extra-scol.-JM-Charleroi-23-24-300x212.jpg 300w, https:\/\/www.jeunessesmusicales.be\/charleroimetropole\/wp-content\/uploads\/sites\/6\/2023\/05\/Tarfis-animamtions-extra-scol.-JM-Charleroi-23-24-768x543.jpg 768w, https:\/\/www.jeunessesmusicales.be\/charleroimetropole\/wp-content\/uploads\/sites\/6\/2023\/05\/Tarfis-animamtions-extra-scol.-JM-Charleroi-23-24-150x105.jpg 150w, https:\/\/www.jeunessesmusicales.be\/charleroimetropole\/wp-content\/uploads\/sites\/6\/2023\/05\/Tarfis-animamtions-extra-scol.-JM-Charleroi-23-24.jpg 1920w\" sizes=\"auto, (max-width: 814px) 100vw, 814px\" \/><\/a><\/div>\n<div><\/div>\n","protected":false},"excerpt":{"rendered":"<p>Vous d\u00e9sirez organiser des stages dans\u00a0votre ATL, votre Centre Culturel ou encore Maison de Jeunes,&#8230;\u00a0? Et bien pourquoi pas des\u00a0stages &hellip; <a href=\"https:\/\/www.jeunessesmusicales.be\/charleroimetropole\/organiser-un-stage-dans-mon-asbl\/\" class=\"more-link\">Continue reading <span class=\"screen-reader-text\">Organiser un stage dans mon ASBL !<\/span><\/a><\/p>\n","protected":false},"author":16,"featured_media":0,"parent":0,"menu_order":0,"comment_status":"closed","ping_status":"closed","template":"","meta":{"_acf_changed":false,"footnotes":""},"class_list":["post-2326","page","type-page","status-publish","hentry"],"acf":[],"_links":{"self":[{"href":"https:\/\/www.jeunessesmusicales.be\/charleroimetropole\/wp-json\/wp\/v2\/pages\/2326","targetHints":{"allow":["GET"]}}],"collection":[{"href":"https:\/\/www.jeunessesmusicales.be\/charleroimetropole\/wp-json\/wp\/v2\/pages"}],"about":[{"href":"https:\/\/www.jeunessesmusicales.be\/charleroimetropole\/wp-json\/wp\/v2\/types\/page"}],"author":[{"embeddable":true,"href":"https:\/\/www.jeunessesmusicales.be\/charleroimetropole\/wp-json\/wp\/v2\/users\/16"}],"replies":[{"embeddable":true,"href":"https:\/\/www.jeunessesmusicales.be\/charleroimetropole\/wp-json\/wp\/v2\/comments?post=2326"}],"version-history":[{"count":22,"href":"https:\/\/www.jeunessesmusicales.be\/charleroimetropole\/wp-json\/wp\/v2\/pages\/2326\/revisions"}],"predecessor-version":[{"id":2496,"href":"https:\/\/www.jeunessesmusicales.be\/charleroimetropole\/wp-json\/wp\/v2\/pages\/2326\/revisions\/2496"}],"wp:attachment":[{"href":"https:\/\/www.jeunessesmusicales.be\/charleroimetropole\/wp-json\/wp\/v2\/media?parent=2326"}],"curies":[{"name":"wp","href":"https:\/\/api.w.org\/{rel}","templated":true}]}}