{"id":48,"date":"2015-11-03T14:33:58","date_gmt":"2015-11-03T13:33:58","guid":{"rendered":"http:\/\/www.jeunessesmusicales.be\/charleroimetropole\/?page_id=48"},"modified":"2022-09-20T13:58:56","modified_gmt":"2022-09-20T11:58:56","slug":"concerts-publics","status":"publish","type":"page","link":"https:\/\/www.jeunessesmusicales.be\/charleroimetropole\/activites-tous-publics\/concerts-publics\/","title":{"rendered":"Concerts publics"},"content":{"rendered":"<h2><span style=\"color: #ef3740;\">LES CONCERTS JM POUR TOUS!<\/span><\/h2>\n<p><em>Les artistes s\u00e9lectionn\u00e9s chaque ann\u00e9e pour les tourn\u00e9es JM se produisent en milieu scolaire mais aussi dans des lieux publics prestigieux.<\/em><\/p>\n<p><em>Les JM de Charleroi\u00a0peuvent s\u2019appuyer sur des partenariats culturels de choix. Chacun d\u2019entre eux choisit parmi notre s\u00e9lection ce qui correspond le plus \u00e0 son public et ensemble nous mettons en place les diff\u00e9rents concerts de la saison.<\/em><\/p>\n<p><strong><em>Pour l\u2019organisation de vos concerts, n\u2019h\u00e9sitez pas \u00e0 prendre contact avec nous et \u00e0 nous faire part de vos desiderata et de vos possibilit\u00e9s: nous serons \u00e0 m\u00eame de vous faire une proposition ad\u00e9quate.<\/em><\/strong><\/p>\n<p><strong><em><a href=\"mailto:m.licitri@jeunessesmusicales.be\">m.licitri@jeunessesmusicales.be<\/a> \u2013 0496\/90.61.86<\/em><\/strong><\/p>\n<table style=\"border-collapse: collapse; width: 39.1205%; height: 11px;\">\n<tbody>\n<tr style=\"height: 23px;\">\n<td style=\"width: 499.984px; height: 23px;\"><span style=\"color: #ef3740;\"><a style=\"color: #ef3740;\" href=\"http:\/\/jeunessesmusicales.be\/blog\/category\/artistes\/saisons\/saison-22-23\/\" target=\"_blank\" rel=\"noopener noreferrer\">CONSULTEZ NOTRE LISTE D&rsquo;ARTISTES\/GROUPES EN LIGNE ICI<\/a><\/span><\/td>\n<\/tr>\n<\/tbody>\n<\/table>\n<p><span style=\"color: #ef3740;\"><span class=\"s1\"><b>Oui, j&rsquo;aimerais organiser un concert dans mon \u00e9tablissement.<br \/>\n<\/b><\/span><\/span><span style=\"color: #2d353a;\"><span class=\"s1\">Remplissez le formulaire <\/span><span style=\"color: #ef3740;\">ci-dessous je prendrais contacte avec vous dans les plus bref d\u00e9lais.<\/span><\/span><\/p>\n\n<div class=\"wpcf7 no-js\" id=\"wpcf7-f2251-o1\" lang=\"fr-FR\" dir=\"ltr\" data-wpcf7-id=\"2251\">\n<div class=\"screen-reader-response\"><p role=\"status\" aria-live=\"polite\" aria-atomic=\"true\"><\/p> <ul><\/ul><\/div>\n<form action=\"\/charleroimetropole\/wp-json\/wp\/v2\/pages\/48#wpcf7-f2251-o1\" method=\"post\" class=\"wpcf7-form init\" aria-label=\"Formulaire de contact\" novalidate=\"novalidate\" data-status=\"init\">\n<fieldset class=\"hidden-fields-container\"><input type=\"hidden\" name=\"_wpcf7\" value=\"2251\" \/><input type=\"hidden\" name=\"_wpcf7_version\" value=\"6.1.5\" \/><input type=\"hidden\" name=\"_wpcf7_locale\" value=\"fr_FR\" \/><input type=\"hidden\" name=\"_wpcf7_unit_tag\" value=\"wpcf7-f2251-o1\" \/><input type=\"hidden\" name=\"_wpcf7_container_post\" value=\"0\" \/><input type=\"hidden\" name=\"_wpcf7_posted_data_hash\" value=\"\" \/>\n<\/fieldset>\n<p><label> Nom de l'\u00e9tablissement<br \/>\n<span class=\"wpcf7-form-control-wrap\" data-name=\"nomecole\"><input size=\"40\" maxlength=\"400\" class=\"wpcf7-form-control wpcf7-text wpcf7-validates-as-required\" aria-required=\"true\" aria-invalid=\"false\" value=\"\" type=\"text\" name=\"nomecole\" \/><\/span> <\/label>\n<\/p>\n<p><label> Rue & num\u00e9ro<br \/>\n<span class=\"wpcf7-form-control-wrap\" data-name=\"ruenumero\"><input size=\"40\" maxlength=\"400\" class=\"wpcf7-form-control wpcf7-text wpcf7-validates-as-required\" aria-required=\"true\" aria-invalid=\"false\" value=\"\" type=\"text\" name=\"ruenumero\" \/><\/span> <\/label>\n<\/p>\n<p><label> Code postal<br \/>\n<span class=\"wpcf7-form-control-wrap\" data-name=\"codepostal\"><input size=\"40\" maxlength=\"400\" class=\"wpcf7-form-control wpcf7-text wpcf7-validates-as-required\" aria-required=\"true\" aria-invalid=\"false\" value=\"\" type=\"text\" name=\"codepostal\" \/><\/span> <\/label>\n<\/p>\n<p><label> Commune<br \/>\n<span class=\"wpcf7-form-control-wrap\" data-name=\"commune\"><input size=\"40\" maxlength=\"400\" class=\"wpcf7-form-control wpcf7-text wpcf7-validates-as-required\" aria-required=\"true\" aria-invalid=\"false\" value=\"\" type=\"text\" name=\"commune\" \/><\/span> <\/label>\n<\/p>\n<p><label> Personne de contact<br \/>\n<span class=\"wpcf7-form-control-wrap\" data-name=\"perscontact\"><input size=\"40\" maxlength=\"400\" class=\"wpcf7-form-control wpcf7-text wpcf7-validates-as-required\" aria-required=\"true\" aria-invalid=\"false\" value=\"\" type=\"text\" name=\"perscontact\" \/><\/span> <\/label>\n<\/p>\n<p><label> Adresse mail contact<br \/>\n<span class=\"wpcf7-form-control-wrap\" data-name=\"emailcontact\"><input size=\"40\" maxlength=\"400\" class=\"wpcf7-form-control wpcf7-email wpcf7-validates-as-required wpcf7-text wpcf7-validates-as-email\" aria-required=\"true\" aria-invalid=\"false\" value=\"\" type=\"email\" name=\"emailcontact\" \/><\/span> <\/label>\n<\/p>\n<p><label> Num\u00e9ro de t\u00e9l\u00e9phone\/GSM<br \/>\n<span class=\"wpcf7-form-control-wrap\" data-name=\"tel1\"><input size=\"40\" maxlength=\"400\" class=\"wpcf7-form-control wpcf7-tel wpcf7-validates-as-required wpcf7-text wpcf7-validates-as-tel\" aria-required=\"true\" aria-invalid=\"false\" value=\"\" type=\"tel\" name=\"tel1\" \/><\/span> <\/label>\n<\/p>\n<p><label> P\u00e9riode souhait\u00e9e<br \/>\n<span class=\"wpcf7-form-control-wrap\" data-name=\"periode\"><input size=\"40\" maxlength=\"400\" class=\"wpcf7-form-control wpcf7-text\" aria-invalid=\"false\" value=\"\" type=\"text\" name=\"periode\" \/><\/span> <\/label>\n<\/p>\n<p><span class=\"wpcf7-form-control-wrap\" data-name=\"spectacle\"><textarea cols=\"40\" rows=\"10\" maxlength=\"2000\" class=\"wpcf7-form-control wpcf7-textarea\" aria-invalid=\"false\" placeholder=\"Exemple : Biscotte Et Brioche\" name=\"spectacle\"><\/textarea><\/span>\n<\/p>\n<p><label> Questions<br \/>\n<span class=\"wpcf7-form-control-wrap\" data-name=\"remarques\"><textarea cols=\"40\" rows=\"10\" maxlength=\"2000\" class=\"wpcf7-form-control wpcf7-textarea\" aria-invalid=\"false\" name=\"remarques\"><\/textarea><\/span> <\/label>\n<\/p>\n<p><input class=\"wpcf7-form-control wpcf7-submit has-spinner\" type=\"submit\" value=\"Envoyer\" \/>\n<\/p><div class=\"wpcf7-response-output\" aria-hidden=\"true\"><\/div>\n<\/form>\n<\/div>\n\n","protected":false},"excerpt":{"rendered":"<p>LES CONCERTS JM POUR TOUS! Les artistes s\u00e9lectionn\u00e9s chaque ann\u00e9e pour les tourn\u00e9es JM se produisent en milieu scolaire mais &hellip; <a href=\"https:\/\/www.jeunessesmusicales.be\/charleroimetropole\/activites-tous-publics\/concerts-publics\/\" class=\"more-link\">Continue reading <span class=\"screen-reader-text\">Concerts publics<\/span><\/a><\/p>\n","protected":false},"author":9,"featured_media":0,"parent":44,"menu_order":0,"comment_status":"closed","ping_status":"closed","template":"","meta":{"_acf_changed":false,"footnotes":""},"class_list":["post-48","page","type-page","status-publish","hentry"],"acf":[],"_links":{"self":[{"href":"https:\/\/www.jeunessesmusicales.be\/charleroimetropole\/wp-json\/wp\/v2\/pages\/48","targetHints":{"allow":["GET"]}}],"collection":[{"href":"https:\/\/www.jeunessesmusicales.be\/charleroimetropole\/wp-json\/wp\/v2\/pages"}],"about":[{"href":"https:\/\/www.jeunessesmusicales.be\/charleroimetropole\/wp-json\/wp\/v2\/types\/page"}],"author":[{"embeddable":true,"href":"https:\/\/www.jeunessesmusicales.be\/charleroimetropole\/wp-json\/wp\/v2\/users\/9"}],"replies":[{"embeddable":true,"href":"https:\/\/www.jeunessesmusicales.be\/charleroimetropole\/wp-json\/wp\/v2\/comments?post=48"}],"version-history":[{"count":5,"href":"https:\/\/www.jeunessesmusicales.be\/charleroimetropole\/wp-json\/wp\/v2\/pages\/48\/revisions"}],"predecessor-version":[{"id":2252,"href":"https:\/\/www.jeunessesmusicales.be\/charleroimetropole\/wp-json\/wp\/v2\/pages\/48\/revisions\/2252"}],"up":[{"embeddable":true,"href":"https:\/\/www.jeunessesmusicales.be\/charleroimetropole\/wp-json\/wp\/v2\/pages\/44"}],"wp:attachment":[{"href":"https:\/\/www.jeunessesmusicales.be\/charleroimetropole\/wp-json\/wp\/v2\/media?parent=48"}],"curies":[{"name":"wp","href":"https:\/\/api.w.org\/{rel}","templated":true}]}}