{"id":133,"date":"2015-11-12T10:34:23","date_gmt":"2015-11-12T09:34:23","guid":{"rendered":"http:\/\/www.jeunessesmusicales.be\/liege\/?page_id=133"},"modified":"2016-01-14T15:05:58","modified_gmt":"2016-01-14T14:05:58","slug":"autres-concerts","status":"publish","type":"page","link":"https:\/\/www.jeunessesmusicales.be\/liege\/activites-a-lecole\/autres-concerts\/","title":{"rendered":"Autres propositions"},"content":{"rendered":"<p style=\"text-align: justify\"><a rel=\"fancybox[133]\" href=\"http:\/\/www.jeunessesmusicales.be\/liege\/activites-a-lecole\/autres-concerts\/header-autres-propositions\/\" rel=\"attachment wp-att-385\"><img loading=\"lazy\" decoding=\"async\" class=\"wp-image-385 aligncenter\" src=\"http:\/\/www.jeunessesmusicales.be\/liege\/wp-content\/uploads\/sites\/5\/2015\/11\/header-autres-propositions-300x40.jpg\" alt=\"header autres propositions\" width=\"780\" height=\"104\" \/ class=\"fancybox\" srcset=\"https:\/\/www.jeunessesmusicales.be\/liege\/wp-content\/uploads\/sites\/5\/2015\/11\/header-autres-propositions-300x40.jpg 300w, https:\/\/www.jeunessesmusicales.be\/liege\/wp-content\/uploads\/sites\/5\/2015\/11\/header-autres-propositions-150x20.jpg 150w, https:\/\/www.jeunessesmusicales.be\/liege\/wp-content\/uploads\/sites\/5\/2015\/11\/header-autres-propositions.jpg 780w\" sizes=\"auto, (max-width: 780px) 100vw, 780px\" \/><\/a>A c\u00f4t\u00e9 des propositions reprises dans la programmation g\u00e9n\u00e9rale, les jeunesses Musicales de Li\u00e8ge vous proposent diff\u00e9rents ateliers, r\u00e9p\u00e9titions, visites de l&rsquo;Op\u00e9ra&#8230; en collaboration avec plusieurs partenaires. La brochure compl\u00e8te est disponible dans la section <a href=\"http:\/\/www.jeunessesmusicales.be\/liege\/activites-a-lecole\/ateliers-a-lecole\/\" target=\"_blank\">ATELIERS<\/a> mais retrouvez ci-dessous quelques projets particuliers.<\/p>\n","protected":false},"excerpt":{"rendered":"<p>A c\u00f4t\u00e9 des propositions reprises dans la programmation g\u00e9n\u00e9rale, les jeunesses Musicales de Li\u00e8ge vous proposent diff\u00e9rents ateliers, r\u00e9p\u00e9titions, visites &hellip; <a href=\"https:\/\/www.jeunessesmusicales.be\/liege\/activites-a-lecole\/autres-concerts\/\" class=\"more-link\">Continue reading <span class=\"screen-reader-text\">Autres propositions<\/span><\/a><\/p>\n","protected":false},"author":9,"featured_media":0,"parent":33,"menu_order":0,"comment_status":"closed","ping_status":"closed","template":"","meta":{"_acf_changed":false,"footnotes":""},"class_list":["post-133","page","type-page","status-publish","hentry"],"acf":[],"_links":{"self":[{"href":"https:\/\/www.jeunessesmusicales.be\/liege\/wp-json\/wp\/v2\/pages\/133","targetHints":{"allow":["GET"]}}],"collection":[{"href":"https:\/\/www.jeunessesmusicales.be\/liege\/wp-json\/wp\/v2\/pages"}],"about":[{"href":"https:\/\/www.jeunessesmusicales.be\/liege\/wp-json\/wp\/v2\/types\/page"}],"author":[{"embeddable":true,"href":"https:\/\/www.jeunessesmusicales.be\/liege\/wp-json\/wp\/v2\/users\/9"}],"replies":[{"embeddable":true,"href":"https:\/\/www.jeunessesmusicales.be\/liege\/wp-json\/wp\/v2\/comments?post=133"}],"version-history":[{"count":7,"href":"https:\/\/www.jeunessesmusicales.be\/liege\/wp-json\/wp\/v2\/pages\/133\/revisions"}],"predecessor-version":[{"id":389,"href":"https:\/\/www.jeunessesmusicales.be\/liege\/wp-json\/wp\/v2\/pages\/133\/revisions\/389"}],"up":[{"embeddable":true,"href":"https:\/\/www.jeunessesmusicales.be\/liege\/wp-json\/wp\/v2\/pages\/33"}],"wp:attachment":[{"href":"https:\/\/www.jeunessesmusicales.be\/liege\/wp-json\/wp\/v2\/media?parent=133"}],"curies":[{"name":"wp","href":"https:\/\/api.w.org\/{rel}","templated":true}]}}