{"id":178,"date":"2015-11-13T13:50:16","date_gmt":"2015-11-13T12:50:16","guid":{"rendered":"http:\/\/www.jeunessesmusicales.be\/liege\/?page_id=178"},"modified":"2026-04-09T11:22:36","modified_gmt":"2026-04-09T09:22:36","slug":"12-ans-et-plus","status":"publish","type":"page","link":"https:\/\/www.jeunessesmusicales.be\/liege\/ecole-de-musique\/12-ans-et-plus\/","title":{"rendered":"Ecole des JM (12 ans et +)"},"content":{"rendered":"<h2 style=\"text-align: center;\" align=\"justify\"><strong>L&rsquo;\u00e9cole de musique des Jeunesses Musicales de Li\u00e8ge<\/strong><\/h2>\n<p style=\"text-align: center;\" align=\"justify\"><strong>APPRENDRE LA MUSIQUE EN LA JOUANT<\/strong><\/p>\n<p style=\"text-align: center;\" align=\"justify\"><a rel=\"fancybox[178]\" href=\"http:\/\/www.jeunessesmusicales.be\/liege\/ecole-de-musique\/12-ans-et-plus\/header-rbs-site-jm2\/\" rel=\"attachment wp-att-271\"><img loading=\"lazy\" decoding=\"async\" class=\"alignnone wp-image-271\" src=\"http:\/\/www.jeunessesmusicales.be\/liege\/wp-content\/uploads\/sites\/5\/2015\/11\/Header-RBS-Site-JM2-300x40.jpg\" alt=\"Header RBS Site JM2\" width=\"780\" height=\"104\" \/ class=\"fancybox\" srcset=\"https:\/\/www.jeunessesmusicales.be\/liege\/wp-content\/uploads\/sites\/5\/2015\/11\/Header-RBS-Site-JM2-300x40.jpg 300w, https:\/\/www.jeunessesmusicales.be\/liege\/wp-content\/uploads\/sites\/5\/2015\/11\/Header-RBS-Site-JM2-150x20.jpg 150w, https:\/\/www.jeunessesmusicales.be\/liege\/wp-content\/uploads\/sites\/5\/2015\/11\/Header-RBS-Site-JM2.jpg 780w\" sizes=\"auto, (max-width: 780px) 100vw, 780px\" \/><\/a><\/p>\n<div class=\"kvgmc6g5 cxmmr5t8 oygrvhab hcukyx3x c1et5uql ii04i59q\">\n<div dir=\"auto\" style=\"text-align: center;\">\n<h3 style=\"text-align: center;\"><strong style=\"color: #ef3740;\"><u>Inscriptions 26-27 :<\/u><\/strong><\/h3>\n<ul>\n<li style=\"font-weight: 400;\"><span style=\"color: #ef3740;\">R\u00e9inscriptions des <strong>anciens \u00e9l\u00e8ves<\/strong>\u00a0uniquement\u00a0: du mardi 26 mai au dimanche 14 juin.<\/span><\/li>\n<li style=\"font-weight: 400;\"><span style=\"color: #ef3740;\">Demande de changement d\u2019horaire : remplir le bulletin en ligne pour le 14 juin et nous contacter ensuite par t\u00e9l\u00e9phone entre le lundi 15 et le mercredi 24 juin.<\/span><\/li>\n<li style=\"font-weight: 400;\"><span style=\"color: #ef3740;\"><strong>Nouvelles inscriptions<\/strong>\u00a0en ligne \u00e0 partir du jeudi 25 juin 20h (les nouvelles demandes d\u2019inscription envoy\u00e9es avant cette date ne seront pas prises en compte)<\/span><\/li>\n<\/ul>\n<p>________________________________________________________<\/p>\n<p style=\"font-weight: 400;\"><span style=\"text-align: justify;\">Accessible d\u00e8s 12 ans, l\u2019\u00e9cole de musique des Jeunesses Musicales propose, \u00e0 Li\u00e8ge, des cours d\u2019instruments, de chant et d\u2019ensembles donn\u00e9s par une \u00e9quipe de professeurs sp\u00e9cialis\u00e9s dans les musiques actuelles.<\/span><\/p>\n<\/div>\n<\/div>\n<p align=\"justify\">L\u2019\u00e9tude de l\u2019instrument est individuelle mais tous les \u00e9l\u00e8ves sont invit\u00e9s, au cours de l\u2019ann\u00e9e, \u00e0 la pratique collective en ensemble, encadr\u00e9e par un professeur.<\/p>\n<p align=\"justify\">Instruments : Basse, Contrebasse, Batterie, Guitare \u00e9lectrique ou acoustique, Chant, Clavier, Violon, Saxophone, Clarinette, Fl\u00fbte, Trompette.<\/p>\n<p align=\"justify\">Les cours se donnent toutes les semaines, en cours individuels d\u2019une demi-heure et sont compl\u00e9t\u00e9s par un stage d\u2019ensemble d\u2019une semaine au carnaval ou \u00e0 P\u00e2ques.<\/p>\n<p align=\"justify\"><em>27 cours individuels (1\/2 heure par semaine) : Basse, Contrebasse, Clarinette, Batterie, Saxophone, Chant, fl\u00fbte,\u00a0 Chant + guitare, Guitare, Chant + piano, Piano\/Clavier, Chant + Compo, Violon Folk\/jazz, trompette.<\/em><\/p>\n<div style=\"text-align: center;\">\n<p><iframe loading=\"lazy\" title=\"Ecole de musique des Jeunesses Musicales de Li\u00e8ge - Teaser\" width=\"500\" height=\"281\" src=\"https:\/\/www.youtube.com\/embed\/g3iH78pRHFE?feature=oembed&#038;enablejsapi=1&#038;origin=https:\/\/www.jeunessesmusicales.be\" frameborder=\"0\" allow=\"accelerometer; autoplay; clipboard-write; encrypted-media; gyroscope; picture-in-picture; web-share\" referrerpolicy=\"strict-origin-when-cross-origin\" allowfullscreen><\/iframe><\/p>\n<\/div>\n<p align=\"justify\">Pas de cours d\u2019instruments lors des cong\u00e9s scolaires.<\/p>\n<p align=\"justify\"><a href=\"https:\/\/www.jeunessesmusicales.be\/liege\/wp-content\/uploads\/sites\/5\/2025\/08\/Calendrier-des-cours-12-ans-et-25-26.pdf\"><span style=\"color: #ef3740;\"><strong>&gt;&gt; ACCEDEZ AU CALENDRIER DES COURS &lt;&lt;<\/strong><\/span><\/a><\/p>\n<p><strong>Prix : <\/strong>cours d\u2019instruments + cours (stage) d\u2019ensembles : 435 \u20ac pour la saison compl\u00e8te ou 440 \u20ac payables en deux tranches de 220 \u20ac.<\/p>\n<p><strong>Lieu :<\/strong> rue de Londres, 24a \u00e0 4020 Li\u00e8ge<\/p>\n<p><strong>Infos : <\/strong>04 223 66 74 &#8211; <a href=\"mailto:jmlg@jeunessesmusicales.be\">jmlg@jeunessesmusicales.be<\/a><\/p>\n","protected":false},"excerpt":{"rendered":"<p>L&rsquo;\u00e9cole de musique des Jeunesses Musicales de Li\u00e8ge APPRENDRE LA MUSIQUE EN LA JOUANT Inscriptions 26-27 : R\u00e9inscriptions des anciens &hellip; <a href=\"https:\/\/www.jeunessesmusicales.be\/liege\/ecole-de-musique\/12-ans-et-plus\/\" class=\"more-link\">Continue reading <span class=\"screen-reader-text\">Ecole des JM (12 ans et +)<\/span><\/a><\/p>\n","protected":false},"author":13,"featured_media":0,"parent":187,"menu_order":0,"comment_status":"closed","ping_status":"closed","template":"","meta":{"_acf_changed":false,"footnotes":""},"class_list":["post-178","page","type-page","status-publish","hentry"],"acf":[],"_links":{"self":[{"href":"https:\/\/www.jeunessesmusicales.be\/liege\/wp-json\/wp\/v2\/pages\/178","targetHints":{"allow":["GET"]}}],"collection":[{"href":"https:\/\/www.jeunessesmusicales.be\/liege\/wp-json\/wp\/v2\/pages"}],"about":[{"href":"https:\/\/www.jeunessesmusicales.be\/liege\/wp-json\/wp\/v2\/types\/page"}],"author":[{"embeddable":true,"href":"https:\/\/www.jeunessesmusicales.be\/liege\/wp-json\/wp\/v2\/users\/13"}],"replies":[{"embeddable":true,"href":"https:\/\/www.jeunessesmusicales.be\/liege\/wp-json\/wp\/v2\/comments?post=178"}],"version-history":[{"count":98,"href":"https:\/\/www.jeunessesmusicales.be\/liege\/wp-json\/wp\/v2\/pages\/178\/revisions"}],"predecessor-version":[{"id":5424,"href":"https:\/\/www.jeunessesmusicales.be\/liege\/wp-json\/wp\/v2\/pages\/178\/revisions\/5424"}],"up":[{"embeddable":true,"href":"https:\/\/www.jeunessesmusicales.be\/liege\/wp-json\/wp\/v2\/pages\/187"}],"wp:attachment":[{"href":"https:\/\/www.jeunessesmusicales.be\/liege\/wp-json\/wp\/v2\/media?parent=178"}],"curies":[{"name":"wp","href":"https:\/\/api.w.org\/{rel}","templated":true}]}}