{"id":3044,"date":"2020-11-23T11:02:04","date_gmt":"2020-11-23T10:02:04","guid":{"rendered":"https:\/\/www.jeunessesmusicales.be\/liege\/?page_id=3044"},"modified":"2024-04-05T16:03:16","modified_gmt":"2024-04-05T14:03:16","slug":"les-concerts-a-lecole","status":"publish","type":"page","link":"https:\/\/www.jeunessesmusicales.be\/liege\/les-concerts-a-lecole\/","title":{"rendered":"Les concerts \u00e0 l&rsquo;\u00e9cole"},"content":{"rendered":"<h4 style=\"text-align: center;\"><span style=\"color: #ef3740;\"><strong>Vous d\u00e9sirez organiser un concert dans votre \u00e9cole?<br \/>\nPrenez contact avec notre charg\u00e9 de diffusion !<br \/>\n<a href=\"mailto:p.linck@jeunessesmusicales.be\">p.linck@jeunessesmusicales.be<\/a><\/strong><\/span><\/h4>\n<h2 class=\"p1\"><b>LES JM AU SERVICE <\/b><b>DE L\u2019\u00c9DUCATION CULTURELLE, ARTISTIQUE ET CITOYENNE <\/b><\/h2>\n<p class=\"p2\">Les Jeunesses Musicales veillent depuis 80 ans \u00e0 offrir aux jeunes l\u2019opportunit\u00e9 de s\u2019ouvrir au monde, d\u2019oser la culture et de d\u00e9couvrir leur citoyennet\u00e9 par le biais de la musique. Cette ann\u00e9e encore, elles renouvellent pleinement leurs engagements. Invitant les jeunes \u00e0 non seulement pratiquer la musique, \u00e0 rencontrer des artistes et des oeuvres de qualit\u00e9, mais \u00e9galement \u00e0 enrichir leurs connaissances culturelles et musicales, les JM viennent in\u00e9vitablement faire \u00e9cho tant aux attendus du Parcours \u00c9ducatif Culturel et Artistique des \u00e9l\u00e8ves (PECA) qu\u2019aux objectifs d\u2019en faire de vrais Citoyens Responsables Actifs Critiques et Solidaires (CRACS). Ces invitations prennent forme \u00e0 travers l\u2019action quotidienne des animateurs, des charg\u00e9s de diffusion, des m\u00e9diateurs culturels au sein des \u00e9coles et ce par l\u2019organisation de concerts, d\u2019ateliers sp\u00e9cifiques ou encore d\u2019ateliers d\u2019\u00e9veil musical.<\/p>\n<p class=\"p3\"><span style=\"color: #ef3740;\"><b>LES CONCERTS EN \u00c9COLE, <\/b><span class=\"s1\"><b>QUELS OBJECTIFS ? <\/b><\/span><\/span><\/p>\n<p class=\"p2\">Premi\u00e8rement, l\u2019objectif des concerts est de permettre la d\u00e9couverte d\u2019un large \u00e9ventail d\u2019expressions musicales d\u2019ici et d\u2019ailleurs, anciennes ou actuelles, et de sensibiliser les jeunes \u00e0 d\u2019autres cultures, modes de vie et r\u00e9alit\u00e9s sociales. Les spectacles sont souvent suivis d\u2019un \u00e9change avec les artistes qui constitue une base authentique et solide pour une d\u00e9marche culturelle, \u00e9ducative et citoyenne aupr\u00e8s des jeunes.<\/p>\n<p class=\"p2\">Deuxi\u00e8mement, en poussant les jeunes \u00e0 adopter un regard actif sur le monde \u00e0 travers la musique, les JM les aident \u00e0 d\u00e9velopper leur esprit critique, \u00e0 fa\u00e7onner leur sens de l\u2019esth\u00e9tisme, mais \u00e9galement \u00e0 forger leur propre perception d\u2019eux-m\u00eames.<\/p>\n<p class=\"p2\">Au travers de ces deux objectifs principaux, les Jeunesses Musicales contribuent \u00e0 l\u2019\u00e9panouissement des \u00e9l\u00e8ves et leur \u00e9closion en tant que citoyen responsable de ce monde.<\/p>\n<p class=\"p2\">Enfin, elles jouent un r\u00f4le primordial quant \u00e0 la reconnaissance professionnelle de jeunes talents et leur pl\u00e9nitude artistique.<\/p>\n<p class=\"p4\"><span style=\"color: #ef3740;\"><span class=\"s2\"><b>LE TRANSFERT EN CLASSE : <\/b><\/span><b>LES DOSSIERS P\u00c9DAGOGIQUES<\/b><\/span><\/p>\n<p class=\"p2\">L\u2019accompagnement p\u00e9dagogique fait partie int\u00e9grante de la d\u00e9marche artistique JM. Ainsi, pour chaque concert, un dossier p\u00e9dagogique ainsi que des extraits sonores et visuels du projet sont mis gratuitement \u00e0 la disposition des enseignants sur le site <a href=\"https:\/\/jeunessesmusicales.be\/dossiers-pedagogiques\/\">www.jeunessesmusicales.be<\/a><\/p>\n<p class=\"p2\">Le dossier p\u00e9dagogique invite non seulement les jeunes \u00e0 s\u2019exprimer, se poser des questions, \u00ab se mettre en projet d\u2019apprentissage \u00bb avant et apr\u00e8s le spectacle, mais invite aussi les enseignants \u00e0 transf\u00e9rer les d\u00e9couvertes du jour dans le programme suivi en classe sous les formes de projets interdisciplinaires ou d\u2019activit\u00e9s ponctuelles de croisement.<\/p>\n<p class=\"p2\">De plus, chaque sujet d\u00e9velopp\u00e9 dans les dossiers p\u00e9dagogiques est construit \u00e0 partir du message v\u00e9hicul\u00e9 par la d\u00e9marche artistique des artistes et donne aux jeunes une riche mati\u00e8re \u00e0 penser pouvant alimenter des cercles de r\u00e9flexions.<span class=\"s3\">9 <\/span><\/p>\n<p class=\"p3\"><span style=\"color: #ef3740;\"><b>ET POUR ALLER PLUS EN PROFONDEUR : <\/b><span class=\"s1\"><b>LES ATELIERS SP\u00c9CIFIQUES<\/b><\/span><\/span><\/p>\n<p class=\"p2\">Fortement engag\u00e9es dans une dynamique de parcours \u00e9ducatif culturel, artistique et citoyen, les Jeunesses Musicales proposent une grande diversit\u00e9 d\u2019ateliers sp\u00e9cifiques en lien ou non avec les concerts. Ils permettent de renforcer leur efficacit\u00e9 en s\u2019inscrivant concr\u00e8tement dans les projets et la vie de la classe. Ces ateliers visent l\u2019acquisition de Savoirs, Savoir-Faire, Comp\u00e9tences et Savoir-\u00catre en lien avec la d\u00e9marche artistique des artistes, les attendus du domaine musical, le tout en interdisciplinarit\u00e9 avec une vari\u00e9t\u00e9 de domaines d\u2019apprentissage.<\/p>\n<p class=\"p2\">Bien entendu, les JM ne cachent pas leur souhait de voir na\u00eetre chez les enseignants et les \u00e9l\u00e8ves le d\u00e9sir d\u2019oser la pratique musicale \u00e0 la suite d\u2019un concert. C\u2019est pourquoi elles proposent \u00e9galement des ateliers d\u2019\u00e9veil musical. Dans ce cadre, la priorit\u00e9 est de d\u00e9velopper rigoureusement les comp\u00e9tences d\u2019expression musicale attendues par le Pacte pour un Enseignement d\u2019Excellence.<\/p>\n<p class=\"p5\">Si la musique fa\u00e7onne le cerveau, elle est d\u2019abord source de plaisir pour grandir et s\u2019\u00e9panouir !<\/p>\n<p style=\"text-align: left;\"><a rel=\"fancybox[3044]\" href=\"https:\/\/jeunessesmusicales.be\/wp-content\/uploads\/2020\/08\/MINDMAP.jpg\" class=\"fancybox\"><img loading=\"lazy\" decoding=\"async\" class=\"alignnone size-full wp-image-4894\" src=\"https:\/\/jeunessesmusicales.be\/wp-content\/uploads\/2020\/08\/MINDMAP.jpg\" alt=\"\" width=\"00\" height=\"600\" \/><\/a><\/p>\n<p>&nbsp;<\/p>\n<p class=\"p7\"><span style=\"color: #ef3740;\"><strong>EN PRATIQUE<\/strong><\/span><\/p>\n<p style=\"text-align: center;\"><iframe loading=\"lazy\" src=\"https:\/\/www.youtube.com\/embed\/rl3Fn9yM4v8\" width=\"560\" height=\"315\" frameborder=\"0\" allowfullscreen=\"allowfullscreen\"><\/iframe><\/p>\n<ul>\n<li style=\"text-align: left;\">En milieu scolaire, le concert p\u00e9dagogique se d\u00e9roule le plus souvent au sein m\u00eame de l\u2019\u00e9tablissement, avec une organisation technique g\u00e9n\u00e9ralement autonome.<\/li>\n<li style=\"text-align: left;\">Sa dur\u00e9e est de 50 minutes.<\/li>\n<li style=\"text-align: left;\">La jauge recommand\u00e9e pour les auditeurs est de 120 \u00e0 150, selon les groupes (sauf dispositions particuli\u00e8res li\u00e9es aux sp\u00e9cificit\u00e9s du projet).<\/li>\n<li style=\"text-align: left;\">L\u2019activit\u00e9 requiert une bonne qualit\u00e9 d\u2019accueil. Nous vous invitons donc \u00e0 prendre connaissance des quelques r\u00e8gles d\u2019or ci-dessous.<\/li>\n<\/ul>\n<p><span style=\"color: #ef3740;\"><strong>LES QUELQUES R\u00c8GLES D\u2019OR D\u2019UN BON ACCUEIL <\/strong><\/span><\/p>\n<ul>\n<li>Les Jeunesses Musicales sont aid\u00e9es par les pouvoirs publics pour d\u00e9fendre un projet culturel, \u00e9ducatif et citoyen, particuli\u00e8rement (mais pas exclusivement) adapt\u00e9 au milieu scolaire.<\/li>\n<li>Les tourn\u00e9es JM ne constituent pas un \u00abproduit \u00e0 consommer passivement\u00bb. La s\u00e9lection des artistes a \u00e9t\u00e9 soigneusement pens\u00e9e et constitue la mise en \u0153uvre de ce projet apte \u00e0 rayonner le mieux possible.<\/li>\n<li>Chaque tourn\u00e9e se bonifie toujours d\u2019\u00eatre plac\u00e9e dans un cheminement p\u00e9dagogique global, vivant, dynamique et moderne et de recevoir l\u2019adh\u00e9sion active notamment suscit\u00e9e par les dossiers p\u00e9dagogiques.<\/li>\n<li>Merci de penser aussi aux aspects li\u00e9s \u00e0 l\u2019organisation : un lieu bien appropri\u00e9, propre et chauff\u00e9, un bon accueil des artistes, une collation bienvenue apr\u00e8s souvent un long voyage et avant une activit\u00e9 parfois bien exigeante, les aides \u00e0 l\u2019installation et au rangement, des loges si possible, un repas pour les artistes, etc.<\/li>\n<\/ul>\n<p style=\"text-align: center;\">\n<p style=\"text-align: center;\">\n","protected":false},"excerpt":{"rendered":"<p>Vous d\u00e9sirez organiser un concert dans votre \u00e9cole? Prenez contact avec notre charg\u00e9 de diffusion ! p.linck@jeunessesmusicales.be LES JM AU &hellip; <a href=\"https:\/\/www.jeunessesmusicales.be\/liege\/les-concerts-a-lecole\/\" class=\"more-link\">Continue reading <span class=\"screen-reader-text\">Les concerts \u00e0 l&rsquo;\u00e9cole<\/span><\/a><\/p>\n","protected":false},"author":13,"featured_media":0,"parent":0,"menu_order":0,"comment_status":"closed","ping_status":"closed","template":"","meta":{"_acf_changed":false,"footnotes":""},"class_list":["post-3044","page","type-page","status-publish","hentry"],"acf":[],"_links":{"self":[{"href":"https:\/\/www.jeunessesmusicales.be\/liege\/wp-json\/wp\/v2\/pages\/3044","targetHints":{"allow":["GET"]}}],"collection":[{"href":"https:\/\/www.jeunessesmusicales.be\/liege\/wp-json\/wp\/v2\/pages"}],"about":[{"href":"https:\/\/www.jeunessesmusicales.be\/liege\/wp-json\/wp\/v2\/types\/page"}],"author":[{"embeddable":true,"href":"https:\/\/www.jeunessesmusicales.be\/liege\/wp-json\/wp\/v2\/users\/13"}],"replies":[{"embeddable":true,"href":"https:\/\/www.jeunessesmusicales.be\/liege\/wp-json\/wp\/v2\/comments?post=3044"}],"version-history":[{"count":6,"href":"https:\/\/www.jeunessesmusicales.be\/liege\/wp-json\/wp\/v2\/pages\/3044\/revisions"}],"predecessor-version":[{"id":4456,"href":"https:\/\/www.jeunessesmusicales.be\/liege\/wp-json\/wp\/v2\/pages\/3044\/revisions\/4456"}],"wp:attachment":[{"href":"https:\/\/www.jeunessesmusicales.be\/liege\/wp-json\/wp\/v2\/media?parent=3044"}],"curies":[{"name":"wp","href":"https:\/\/api.w.org\/{rel}","templated":true}]}}