{"id":47,"date":"2015-11-03T14:22:02","date_gmt":"2015-11-03T13:22:02","guid":{"rendered":"http:\/\/www.jeunessesmusicales.be\/liege\/?page_id=47"},"modified":"2025-06-19T15:50:28","modified_gmt":"2025-06-19T13:50:28","slug":"stages","status":"publish","type":"page","link":"https:\/\/www.jeunessesmusicales.be\/liege\/stages\/","title":{"rendered":"Stages"},"content":{"rendered":"<p><strong>Important<\/strong> : il vous est d\u00e9sormais possible d&rsquo;utiliser les \u00ab\u00a0Ch\u00e8ques-culture\u00a0\u00bb de la Ville de Li\u00e8ge pour r\u00e9gler votre inscription \u00e0 nos activit\u00e9s.<br \/>\nRetrouvez toutes les modalit\u00e9s sur : <span class=\"d2edcug0 hpfvmrgz qv66sw1b c1et5uql lr9zc1uh a8c37x1j fe6kdd0r mau55g9w c8b282yb keod5gw0 nxhoafnm aigsh9s9 d3f4x2em iv3no6db jq4qci2q a3bd9o3v b1v8xokw oo9gr5id hzawbc8m\" dir=\"auto\"><a class=\"oajrlxb2 g5ia77u1 qu0x051f esr5mh6w e9989ue4 r7d6kgcz rq0escxv nhd2j8a9 nc684nl6 p7hjln8o kvgmc6g5 cxmmr5t8 oygrvhab hcukyx3x jb3vyjys rz4wbd8a qt6c0cv9 a8nywdso i1ao9s8h esuyzwwr f1sip0of lzcic4wl gpro0wi8 py34i1dx\" tabindex=\"0\" role=\"link\" href=\"http:\/\/www.liege.be\/cheques-culture?fbclid=IwAR3V-zV7f9krHS00-kVB3KfWe33q-9d0lXPKIPPzsT0ZUY0VdzN6C7kovKw\" target=\"_blank\" rel=\"nofollow noopener noreferrer\">www.liege.be\/cheques-culture<\/a><\/span><\/p>\n<p><b><span lang=\"FR\">Nous organisons \u00e9galement une s\u00e9rie de\u00a0<span class=\"il\">stages<\/span> en collaboration avec diff\u00e9rents partenaires en Province de Li\u00e8ge avec cette ann\u00e9e notamment des propositions \u00e0 Clavier, Herve, Lincent, Mortroux, Spa, Tinlot et Welkenraedt.<br \/>\nInfos et inscriptions <\/span><\/b>&gt;&gt; <a href=\"https:\/\/www.jeunessesmusicales.be\/liege\/stages-organises-par-nos-partenaires-en-province-de-liege\/\">ici<\/a> &lt;&lt;<\/p>\n<p style=\"text-align: center;\">\n","protected":false},"excerpt":{"rendered":"<p>Important : il vous est d\u00e9sormais possible d&rsquo;utiliser les \u00ab\u00a0Ch\u00e8ques-culture\u00a0\u00bb de la Ville de Li\u00e8ge pour r\u00e9gler votre inscription \u00e0 &hellip; <a href=\"https:\/\/www.jeunessesmusicales.be\/liege\/stages\/\" class=\"more-link\">Continue reading <span class=\"screen-reader-text\">Stages<\/span><\/a><\/p>\n","protected":false},"author":3,"featured_media":0,"parent":0,"menu_order":0,"comment_status":"closed","ping_status":"closed","template":"","meta":{"_acf_changed":false,"footnotes":""},"class_list":["post-47","page","type-page","status-publish","hentry"],"acf":[],"_links":{"self":[{"href":"https:\/\/www.jeunessesmusicales.be\/liege\/wp-json\/wp\/v2\/pages\/47","targetHints":{"allow":["GET"]}}],"collection":[{"href":"https:\/\/www.jeunessesmusicales.be\/liege\/wp-json\/wp\/v2\/pages"}],"about":[{"href":"https:\/\/www.jeunessesmusicales.be\/liege\/wp-json\/wp\/v2\/types\/page"}],"author":[{"embeddable":true,"href":"https:\/\/www.jeunessesmusicales.be\/liege\/wp-json\/wp\/v2\/users\/3"}],"replies":[{"embeddable":true,"href":"https:\/\/www.jeunessesmusicales.be\/liege\/wp-json\/wp\/v2\/comments?post=47"}],"version-history":[{"count":40,"href":"https:\/\/www.jeunessesmusicales.be\/liege\/wp-json\/wp\/v2\/pages\/47\/revisions"}],"predecessor-version":[{"id":5069,"href":"https:\/\/www.jeunessesmusicales.be\/liege\/wp-json\/wp\/v2\/pages\/47\/revisions\/5069"}],"wp:attachment":[{"href":"https:\/\/www.jeunessesmusicales.be\/liege\/wp-json\/wp\/v2\/media?parent=47"}],"curies":[{"name":"wp","href":"https:\/\/api.w.org\/{rel}","templated":true}]}}