{"id":5119,"date":"2025-09-01T10:57:56","date_gmt":"2025-09-01T08:57:56","guid":{"rendered":"https:\/\/www.jeunessesmusicales.be\/liege\/?page_id=5119"},"modified":"2025-09-01T11:03:59","modified_gmt":"2025-09-01T09:03:59","slug":"bulletin-de-reservation-visite-de-lopera-saison-2025-2026","status":"publish","type":"page","link":"https:\/\/www.jeunessesmusicales.be\/liege\/bulletin-de-reservation-visite-de-lopera-saison-2025-2026\/","title":{"rendered":"BULLETIN DE RESERVATION &#8211; VISITE DE L&rsquo;OPERA &#8211; SAISON 2025-2026"},"content":{"rendered":"<p>\u00b7 Les visites d\u00e9buteront \u00e0 partir du 10 octobre.<u><\/u><u><\/u><\/p>\n<p>\u00b7\u00a0\u00a0Cr\u00e9neaux disponibles\u00a0:\u00a010h00, 11h30 ou 13h00.<u><\/u><u><\/u><\/p>\n<p>\u00b7\u00a0\u00a0Les\u00a0visites ne sont pas organis\u00e9es tous les jours, le\u00a0calendrier est d\u00e9fini par l\u2019Op\u00e9ra<u><\/u><u><\/u><\/p>\n<p>\u00b7\u00a0\u00a0Tarif\u00a0:\u00a080 \u20ac par groupe (jusqu\u2019\u00e0 25 \u00e9l\u00e8ves maximum), il est possible de regrouper plusieurs classes si le total des \u00e9l\u00e8ves ne d\u00e9passe pas 25 \u00e9l\u00e8ves par groupe.<\/p>\n\n<div class=\"wpcf7 no-js\" id=\"wpcf7-f5118-o1\" lang=\"fr-FR\" dir=\"ltr\" data-wpcf7-id=\"5118\">\n<div class=\"screen-reader-response\"><p role=\"status\" aria-live=\"polite\" aria-atomic=\"true\"><\/p> <ul><\/ul><\/div>\n<form action=\"\/liege\/wp-json\/wp\/v2\/pages\/5119#wpcf7-f5118-o1\" method=\"post\" class=\"wpcf7-form init\" aria-label=\"Formulaire de contact\" novalidate=\"novalidate\" data-status=\"init\">\n<fieldset class=\"hidden-fields-container\"><input type=\"hidden\" name=\"_wpcf7\" value=\"5118\" \/><input type=\"hidden\" name=\"_wpcf7_version\" value=\"6.1.5\" \/><input type=\"hidden\" name=\"_wpcf7_locale\" value=\"fr_FR\" \/><input type=\"hidden\" name=\"_wpcf7_unit_tag\" value=\"wpcf7-f5118-o1\" \/><input type=\"hidden\" name=\"_wpcf7_container_post\" value=\"0\" \/><input type=\"hidden\" name=\"_wpcf7_posted_data_hash\" value=\"\" \/><input type=\"hidden\" name=\"_wpcf7_recaptcha_response\" value=\"\" \/>\n<\/fieldset>\n<p>Coordonn\u00e9es de l'\u00e9tablissement :\n<\/p>\n<p><label> Institution (obligatoire)<br \/>\n<span class=\"wpcf7-form-control-wrap\" data-name=\"Institution\"><input size=\"40\" maxlength=\"400\" class=\"wpcf7-form-control wpcf7-text wpcf7-validates-as-required\" aria-required=\"true\" aria-invalid=\"false\" value=\"\" type=\"text\" name=\"Institution\" \/><\/span> <\/label>\n<\/p>\n<p>Niveau :<br \/>\n<span class=\"wpcf7-form-control-wrap\" data-name=\"Niveau\"><select class=\"wpcf7-form-control wpcf7-select wpcf7-validates-as-required\" aria-required=\"true\" aria-invalid=\"false\" name=\"Niveau\"><option value=\"Fondamental maternelle et primaire\">Fondamental maternelle et primaire<\/option><option value=\"Fondamental sp\u00e9cialis\u00e9 maternelle et primaire\">Fondamental sp\u00e9cialis\u00e9 maternelle et primaire<\/option><option value=\"Secondaire\">Secondaire<\/option><option value=\"Secondaire sp\u00e9cialis\u00e9\">Secondaire sp\u00e9cialis\u00e9<\/option><option value=\"Socio-Culturel\">Socio-Culturel<\/option><option value=\"Autre\">Autre<\/option><\/select><\/span>\n<\/p>\n<p>R\u00e9seau :<br \/>\n<span class=\"wpcf7-form-control-wrap\" data-name=\"Reseau\"><select class=\"wpcf7-form-control wpcf7-select wpcf7-validates-as-required\" aria-required=\"true\" aria-invalid=\"false\" name=\"Reseau\"><option value=\"Communal\">Communal<\/option><option value=\"Libre\">Libre<\/option><option value=\"FWB\">FWB<\/option><option value=\"Associatif\">Associatif<\/option><option value=\"Provincial\">Provincial<\/option><\/select><\/span>\n<\/p>\n<p><label> Nom et pr\u00e9nom de la direction (obligatoire)<br \/>\n<span class=\"wpcf7-form-control-wrap\" data-name=\"Direction\"><input size=\"40\" maxlength=\"400\" class=\"wpcf7-form-control wpcf7-text wpcf7-validates-as-required\" aria-required=\"true\" aria-invalid=\"false\" value=\"\" type=\"text\" name=\"Direction\" \/><\/span> <\/label>\n<\/p>\n<p><label> Rue et num\u00e9ro de l'institution (obligatoire)<br \/>\n<span class=\"wpcf7-form-control-wrap\" data-name=\"adresse-institution\"><input size=\"40\" maxlength=\"400\" class=\"wpcf7-form-control wpcf7-text wpcf7-validates-as-required\" aria-required=\"true\" aria-invalid=\"false\" value=\"\" type=\"text\" name=\"adresse-institution\" \/><\/span> <\/label>\n<\/p>\n<p><label> Code postal de l'institution (obligatoire)<br \/>\n<span class=\"wpcf7-form-control-wrap\" data-name=\"codepostaldelinstitution\"><input class=\"wpcf7-form-control wpcf7-number wpcf7-validates-as-required wpcf7-validates-as-number\" aria-required=\"true\" aria-invalid=\"false\" value=\"\" type=\"number\" name=\"codepostaldelinstitution\" \/><\/span> <\/label>\n<\/p>\n<p><label> Localit\u00e9 de l'institution (obligatoire)<br \/>\n<span class=\"wpcf7-form-control-wrap\" data-name=\"localite-institution\"><input size=\"40\" maxlength=\"400\" class=\"wpcf7-form-control wpcf7-text wpcf7-validates-as-required\" aria-required=\"true\" aria-invalid=\"false\" value=\"\" type=\"text\" name=\"localite-institution\" \/><\/span> <\/label>\n<\/p>\n<p><label> Num\u00e9ro de T\u00e9l\u00e9phone (obligatoire)<br \/>\n<span class=\"wpcf7-form-control-wrap\" data-name=\"Telephone\"><input size=\"40\" maxlength=\"400\" class=\"wpcf7-form-control wpcf7-text wpcf7-validates-as-required\" aria-required=\"true\" aria-invalid=\"false\" value=\"\" type=\"text\" name=\"Telephone\" \/><\/span> <\/label>\n<\/p>\n<p>Coordonn\u00e9es de la personne charg\u00e9e de la commande :\n<\/p>\n<p><label> Nom et pr\u00e9nom (obligatoire)<br \/>\n<span class=\"wpcf7-form-control-wrap\" data-name=\"nom-contact\"><input size=\"40\" maxlength=\"400\" class=\"wpcf7-form-control wpcf7-text wpcf7-validates-as-required\" aria-required=\"true\" aria-invalid=\"false\" value=\"\" type=\"text\" name=\"nom-contact\" \/><\/span> <\/label>\n<\/p>\n<p><label> Num\u00e9ro de GSM (obligatoire)<br \/>\n<span class=\"wpcf7-form-control-wrap\" data-name=\"gsm-contact\"><input size=\"40\" maxlength=\"400\" class=\"wpcf7-form-control wpcf7-text wpcf7-validates-as-required\" aria-required=\"true\" aria-invalid=\"false\" value=\"\" type=\"text\" name=\"gsm-contact\" \/><\/span> <\/label>\n<\/p>\n<p><label> Adresse e-mail de la personne de contact (obligatoire)<br \/>\n<span class=\"wpcf7-form-control-wrap\" data-name=\"email-contact\"><input size=\"40\" maxlength=\"400\" class=\"wpcf7-form-control wpcf7-email wpcf7-validates-as-required wpcf7-text wpcf7-validates-as-email\" aria-required=\"true\" aria-invalid=\"false\" value=\"\" type=\"email\" name=\"email-contact\" \/><\/span> <\/label>\n<\/p>\n<p>Facturation communale? (obligatoire)<br \/>\n<span class=\"wpcf7-form-control-wrap\" data-name=\"facturationcommunale\"><span class=\"wpcf7-form-control wpcf7-checkbox wpcf7-validates-as-required\"><span class=\"wpcf7-list-item first\"><input type=\"checkbox\" name=\"facturationcommunale[]\" value=\"oui\" \/><span class=\"wpcf7-list-item-label\">oui<\/span><\/span><span class=\"wpcf7-list-item last\"><input type=\"checkbox\" name=\"facturationcommunale[]\" value=\"non\" \/><span class=\"wpcf7-list-item-label\">non<\/span><\/span><\/span><\/span>\n<\/p>\n<p><label> Nom et pr\u00e9nom de facturation (si diff\u00e9rents de l'institution)<br \/>\n<span class=\"wpcf7-form-control-wrap\" data-name=\"nom-facturation\"><input size=\"40\" maxlength=\"400\" class=\"wpcf7-form-control wpcf7-text\" aria-invalid=\"false\" value=\"\" type=\"text\" name=\"nom-facturation\" \/><\/span> <\/label>\n<\/p>\n<p><label> Adresse de facturation (si diff\u00e9rente de l'institution)<br \/>\n<span class=\"wpcf7-form-control-wrap\" data-name=\"adresse-facturation\"><input size=\"40\" maxlength=\"400\" class=\"wpcf7-form-control wpcf7-text\" aria-invalid=\"false\" value=\"\" type=\"text\" name=\"adresse-facturation\" \/><\/span> <\/label>\n<\/p>\n<p><label> Pr\u00e9f\u00e9rence jours et p\u00e9riode pour la visite<br \/>\n<span class=\"wpcf7-form-control-wrap\" data-name=\"jours-souhaites\"><input size=\"40\" maxlength=\"400\" class=\"wpcf7-form-control wpcf7-text\" aria-invalid=\"false\" value=\"\" type=\"text\" name=\"jours-souhaites\" \/><\/span> <\/label>\n<\/p>\n<p><label> Nombre de classes (obligatoire)<br \/>\n<span class=\"wpcf7-form-control-wrap\" data-name=\"nombre-classes\"><input size=\"40\" maxlength=\"400\" class=\"wpcf7-form-control wpcf7-text wpcf7-validates-as-required\" aria-required=\"true\" aria-invalid=\"false\" value=\"\" type=\"text\" name=\"nombre-classes\" \/><\/span> <\/label>\n<\/p>\n<p><label> Classe 1 : Titulaire \/ Classe \/ Nombre d'\u00e9l\u00e8ves (obligatoire)<br \/>\n<span class=\"wpcf7-form-control-wrap\" data-name=\"classe1\"><input size=\"40\" maxlength=\"400\" class=\"wpcf7-form-control wpcf7-text wpcf7-validates-as-required\" aria-required=\"true\" aria-invalid=\"false\" value=\"\" type=\"text\" name=\"classe1\" \/><\/span> <\/label>\n<\/p>\n<p><label> Adresse e-mail du titulaire<br \/>\n<span class=\"wpcf7-form-control-wrap\" data-name=\"email-titulaire1\"><input size=\"40\" maxlength=\"400\" class=\"wpcf7-form-control wpcf7-text\" aria-invalid=\"false\" value=\"\" type=\"text\" name=\"email-titulaire1\" \/><\/span> <\/label>\n<\/p>\n<p><label> Num\u00e9ro de GSM du titulaire<br \/>\n<span class=\"wpcf7-form-control-wrap\" data-name=\"gsm-titulaire1\"><input size=\"40\" maxlength=\"400\" class=\"wpcf7-form-control wpcf7-text\" aria-invalid=\"false\" value=\"\" type=\"text\" name=\"gsm-titulaire1\" \/><\/span> <\/label>\n<\/p>\n<p><label> Classe 2 : Titulaire \/ Classe \/ Nombre d'\u00e9l\u00e8ves<br \/>\n<span class=\"wpcf7-form-control-wrap\" data-name=\"classe2\"><input size=\"40\" maxlength=\"400\" class=\"wpcf7-form-control wpcf7-text\" aria-invalid=\"false\" value=\"\" type=\"text\" name=\"classe2\" \/><\/span> <\/label>\n<\/p>\n<p><label> Adresse e-mail du titulaire<br \/>\n<span class=\"wpcf7-form-control-wrap\" data-name=\"email-titulaire2\"><input size=\"40\" maxlength=\"400\" class=\"wpcf7-form-control wpcf7-text\" aria-invalid=\"false\" value=\"\" type=\"text\" name=\"email-titulaire2\" \/><\/span> <\/label>\n<\/p>\n<p><label> Num\u00e9ro de GSM du titulaire<br \/>\n<span class=\"wpcf7-form-control-wrap\" data-name=\"gsm-titulaire2\"><input size=\"40\" maxlength=\"400\" class=\"wpcf7-form-control wpcf7-text\" aria-invalid=\"false\" value=\"\" type=\"text\" name=\"gsm-titulaire2\" \/><\/span> <\/label>\n<\/p>\n<p><label> Classe 3 : Titulaire \/ Classe \/ Nombre d'\u00e9l\u00e8ves<br \/>\n<span class=\"wpcf7-form-control-wrap\" data-name=\"classe3\"><input size=\"40\" maxlength=\"400\" class=\"wpcf7-form-control wpcf7-text\" aria-invalid=\"false\" value=\"\" type=\"text\" name=\"classe3\" \/><\/span> <\/label>\n<\/p>\n<p><label> Adresse e-mail du titulaire<br \/>\n<span class=\"wpcf7-form-control-wrap\" data-name=\"email-titulaire3\"><input size=\"40\" maxlength=\"400\" class=\"wpcf7-form-control wpcf7-text\" aria-invalid=\"false\" value=\"\" type=\"text\" name=\"email-titulaire3\" \/><\/span> <\/label>\n<\/p>\n<p><label> Num\u00e9ro de GSM du titulaire<br \/>\n<span class=\"wpcf7-form-control-wrap\" data-name=\"gsm-titulaire3\"><input size=\"40\" maxlength=\"400\" class=\"wpcf7-form-control wpcf7-text\" aria-invalid=\"false\" value=\"\" type=\"text\" name=\"gsm-titulaire3\" \/><\/span> <\/label>\n<\/p>\n<p><label> Classe 4 : Titulaire \/ Classe \/ Nombre d'\u00e9l\u00e8ves<br \/>\n<span class=\"wpcf7-form-control-wrap\" data-name=\"classe4\"><input size=\"40\" maxlength=\"400\" class=\"wpcf7-form-control wpcf7-text\" aria-invalid=\"false\" value=\"\" type=\"text\" name=\"classe4\" \/><\/span> <\/label>\n<\/p>\n<p><label> Adresse e-mail du titulaire<br \/>\n<span class=\"wpcf7-form-control-wrap\" data-name=\"email-titulaire4\"><input size=\"40\" maxlength=\"400\" class=\"wpcf7-form-control wpcf7-text\" aria-invalid=\"false\" value=\"\" type=\"text\" name=\"email-titulaire4\" \/><\/span> <\/label>\n<\/p>\n<p><label> Num\u00e9ro de GSM du titulaire<br \/>\n<span class=\"wpcf7-form-control-wrap\" data-name=\"gsm-titulaire4\"><input size=\"40\" maxlength=\"400\" class=\"wpcf7-form-control wpcf7-text\" aria-invalid=\"false\" value=\"\" type=\"text\" name=\"gsm-titulaire4\" \/><\/span> <\/label>\n<\/p>\n<p>Dans le cas o\u00f9 vous souhaitez inscrire d'autres classes, veuillez utiliser le cadre \"Remarques\" ci-dessous.\n<\/p>\n<p><label> Remarques<br \/>\n<span class=\"wpcf7-form-control-wrap\" data-name=\"message\"><textarea cols=\"40\" rows=\"10\" maxlength=\"2000\" class=\"wpcf7-form-control wpcf7-textarea\" aria-invalid=\"false\" name=\"message\"><\/textarea><\/span> <\/label>\n<\/p>\n<p><input class=\"wpcf7-form-control wpcf7-submit has-spinner\" type=\"submit\" value=\"Envoyer\" \/>\n<\/p><div class=\"wpcf7-response-output\" aria-hidden=\"true\"><\/div>\n<\/form>\n<\/div>\n\n","protected":false},"excerpt":{"rendered":"<p>\u00b7 Les visites d\u00e9buteront \u00e0 partir du 10 octobre. \u00b7\u00a0\u00a0Cr\u00e9neaux disponibles\u00a0:\u00a010h00, 11h30 ou 13h00. \u00b7\u00a0\u00a0Les\u00a0visites ne sont pas organis\u00e9es tous &hellip; <a href=\"https:\/\/www.jeunessesmusicales.be\/liege\/bulletin-de-reservation-visite-de-lopera-saison-2025-2026\/\" class=\"more-link\">Continue reading <span class=\"screen-reader-text\">BULLETIN DE RESERVATION &#8211; VISITE DE L&rsquo;OPERA &#8211; SAISON 2025-2026<\/span><\/a><\/p>\n","protected":false},"author":13,"featured_media":0,"parent":0,"menu_order":0,"comment_status":"closed","ping_status":"closed","template":"","meta":{"_acf_changed":false,"footnotes":""},"class_list":["post-5119","page","type-page","status-publish","hentry"],"acf":[],"_links":{"self":[{"href":"https:\/\/www.jeunessesmusicales.be\/liege\/wp-json\/wp\/v2\/pages\/5119","targetHints":{"allow":["GET"]}}],"collection":[{"href":"https:\/\/www.jeunessesmusicales.be\/liege\/wp-json\/wp\/v2\/pages"}],"about":[{"href":"https:\/\/www.jeunessesmusicales.be\/liege\/wp-json\/wp\/v2\/types\/page"}],"author":[{"embeddable":true,"href":"https:\/\/www.jeunessesmusicales.be\/liege\/wp-json\/wp\/v2\/users\/13"}],"replies":[{"embeddable":true,"href":"https:\/\/www.jeunessesmusicales.be\/liege\/wp-json\/wp\/v2\/comments?post=5119"}],"version-history":[{"count":4,"href":"https:\/\/www.jeunessesmusicales.be\/liege\/wp-json\/wp\/v2\/pages\/5119\/revisions"}],"predecessor-version":[{"id":5125,"href":"https:\/\/www.jeunessesmusicales.be\/liege\/wp-json\/wp\/v2\/pages\/5119\/revisions\/5125"}],"wp:attachment":[{"href":"https:\/\/www.jeunessesmusicales.be\/liege\/wp-json\/wp\/v2\/media?parent=5119"}],"curies":[{"name":"wp","href":"https:\/\/api.w.org\/{rel}","templated":true}]}}