{"id":57,"date":"2015-11-03T14:23:25","date_gmt":"2015-11-03T13:23:25","guid":{"rendered":"http:\/\/www.jeunessesmusicales.be\/liege\/?page_id=57"},"modified":"2024-01-17T11:01:42","modified_gmt":"2024-01-17T10:01:42","slug":"les-jeunesses-musicales","status":"publish","type":"page","link":"https:\/\/www.jeunessesmusicales.be\/liege\/infos-pratiques\/les-jeunesses-musicales\/","title":{"rendered":"A propos de nous"},"content":{"rendered":"<p style=\"text-align: justify;\"><a rel=\"fancybox[57]\" href=\"http:\/\/www.jeunessesmusicales.be\/liege\/infos-pratiques\/les-jeunesses-musicales\/header-a-propos\/\" rel=\"attachment wp-att-285\"><img loading=\"lazy\" decoding=\"async\" class=\"alignnone wp-image-285\" src=\"http:\/\/www.jeunessesmusicales.be\/liege\/wp-content\/uploads\/sites\/5\/2015\/11\/Header-a-propos-300x40.jpg\" alt=\"Header a propos\" width=\"780\" height=\"104\" \/ class=\"fancybox\" srcset=\"https:\/\/www.jeunessesmusicales.be\/liege\/wp-content\/uploads\/sites\/5\/2015\/11\/Header-a-propos-300x40.jpg 300w, https:\/\/www.jeunessesmusicales.be\/liege\/wp-content\/uploads\/sites\/5\/2015\/11\/Header-a-propos-150x20.jpg 150w, https:\/\/www.jeunessesmusicales.be\/liege\/wp-content\/uploads\/sites\/5\/2015\/11\/Header-a-propos.jpg 780w\" sizes=\"auto, (max-width: 780px) 100vw, 780px\" \/><\/a><\/p>\n<p style=\"text-align: justify;\">De plus en plus actives dans toute la r\u00e9gion li\u00e9geoise, les Jeunesses Musicales de la Province de Li\u00e8ge r\u00e9partissent leurs activit\u00e9s entre diff\u00e9rents secteurs.<br \/>\nA l\u2019instar de tous les centres JM, le centre li\u00e9geois met en place, dans les \u00e9coles de la province, des concerts\/animations donn\u00e9s par les groupes figurant dans les tourn\u00e9es JM., mais aussi des ateliers. De plus, les JM Li\u00e8ge prennent part \u00e0 l\u2019organisation de nombreux concerts publics et \u00e9v\u00e9nements d\u2019envergure.<\/p>\n<p style=\"font-weight: 400;\"><strong><u>En quelques chiffres pour l\u2019ann\u00e9e 2022 :<\/u><\/strong><\/p>\n<p style=\"font-weight: 400;\">5.313 s\u00e9ances d\u2019ateliers musicaux \u00e0 l\u2019\u00e9cole (+ 279 en cr\u00e8ches) pour + de 18.000 \u00e9l\u00e8ves;<br \/>\n257 concerts scolaires pour 32.527 \u00e9l\u00e8ves \u2013 172 pour le fondamental &#8211;\u00a085 pour le secondaire\u00a0;<br \/>\n1 \u00e9cole de musique pour 321 \u00e9l\u00e8ves (2022\/2023)<br \/>\n44 stages durant les vacances scolaires, 1.354 heures d\u2019animations, pour 450 participants\u00a0;<br \/>\n87 concerts publics en production ou partenariat pour 14.222 spectateurs.<\/p>\n<p>&nbsp;<\/p>\n","protected":false},"excerpt":{"rendered":"<p>De plus en plus actives dans toute la r\u00e9gion li\u00e9geoise, les Jeunesses Musicales de la Province de Li\u00e8ge r\u00e9partissent leurs &hellip; <a href=\"https:\/\/www.jeunessesmusicales.be\/liege\/infos-pratiques\/les-jeunesses-musicales\/\" class=\"more-link\">Continue reading <span class=\"screen-reader-text\">A propos de nous<\/span><\/a><\/p>\n","protected":false},"author":3,"featured_media":0,"parent":53,"menu_order":0,"comment_status":"closed","ping_status":"closed","template":"","meta":{"_acf_changed":false,"footnotes":""},"class_list":["post-57","page","type-page","status-publish","hentry"],"acf":[],"_links":{"self":[{"href":"https:\/\/www.jeunessesmusicales.be\/liege\/wp-json\/wp\/v2\/pages\/57","targetHints":{"allow":["GET"]}}],"collection":[{"href":"https:\/\/www.jeunessesmusicales.be\/liege\/wp-json\/wp\/v2\/pages"}],"about":[{"href":"https:\/\/www.jeunessesmusicales.be\/liege\/wp-json\/wp\/v2\/types\/page"}],"author":[{"embeddable":true,"href":"https:\/\/www.jeunessesmusicales.be\/liege\/wp-json\/wp\/v2\/users\/3"}],"replies":[{"embeddable":true,"href":"https:\/\/www.jeunessesmusicales.be\/liege\/wp-json\/wp\/v2\/comments?post=57"}],"version-history":[{"count":8,"href":"https:\/\/www.jeunessesmusicales.be\/liege\/wp-json\/wp\/v2\/pages\/57\/revisions"}],"predecessor-version":[{"id":4352,"href":"https:\/\/www.jeunessesmusicales.be\/liege\/wp-json\/wp\/v2\/pages\/57\/revisions\/4352"}],"up":[{"embeddable":true,"href":"https:\/\/www.jeunessesmusicales.be\/liege\/wp-json\/wp\/v2\/pages\/53"}],"wp:attachment":[{"href":"https:\/\/www.jeunessesmusicales.be\/liege\/wp-json\/wp\/v2\/media?parent=57"}],"curies":[{"name":"wp","href":"https:\/\/api.w.org\/{rel}","templated":true}]}}