{"id":1473,"date":"2023-05-03T16:02:01","date_gmt":"2023-05-03T14:02:01","guid":{"rendered":"https:\/\/www.jeunessesmusicales.be\/luxembourgbelge\/?page_id=1473"},"modified":"2024-11-13T17:06:59","modified_gmt":"2024-11-13T16:06:59","slug":"emploi","status":"publish","type":"page","link":"https:\/\/www.jeunessesmusicales.be\/luxembourgbelge\/emploi\/","title":{"rendered":"Emploi"},"content":{"rendered":"\r\n<h2 class=\"wp-block-heading\"><em>En cas de postes \u00e0 pourvoir, vous pouvez les retrouver sur le site web <a href=\"https:\/\/www.culture.be\/vous-cherchez\/emploi-stage\/\"><span style=\"text-decoration: underline;\">culture.be<\/span><\/a>.<\/em><\/h2>\r\n\r\n\r\n\r\n<p>&nbsp;<\/p>\r\n\r\n\r\n\r\n<div class=\"wp-block-spacer\" aria-hidden=\"true\">\u00a0<\/div>\r\n\r\n\r\n\r\n<div>\r\n<div>\u00a0<\/div>\r\n<div>\u00a0<\/div>\r\n<\/div>\r\n<div>\u00a0<\/div>\r\n<div>\u00a0<\/div>\r\n<div>\r\n<h3 class=\"wp-block-heading\">Vous avez un autre profil ?<\/h3>\r\n<p><em>Vous pensez que votre profil pourrait nous int\u00e9resser ?\u00a0<br \/><\/em>Faites nous parvenir <strong>votre candidature spontan\u00e9e <\/strong>(CV &amp; lettre de motivation) <strong>\u00e0 <\/strong><a href=\"mailto:jmlb@jeunessesmusicales.be\"><strong>jmlb@jeunessesmusicales.be<\/strong><\/a>.<br \/>Si votre profil nous int\u00e9resse et que nous cherchons une personne comme vous pour compl\u00e9ter notre \u00e9quipe, nous vous recontacterons !<\/p>\r\n<\/div>\r\n<p>&nbsp;<\/p>\r\n<p>&nbsp;<\/p>\r\n<p>&nbsp;<\/p>\r\n","protected":false},"excerpt":{"rendered":"<p>En cas de postes \u00e0 pourvoir, vous pouvez les retrouver sur le site web culture.be. &nbsp; \u00a0 \u00a0 \u00a0 \u00a0 &hellip; <a href=\"https:\/\/www.jeunessesmusicales.be\/luxembourgbelge\/emploi\/\" class=\"more-link\">Continue reading <span class=\"screen-reader-text\">Emploi<\/span><\/a><\/p>\n","protected":false},"author":44,"featured_media":0,"parent":0,"menu_order":0,"comment_status":"closed","ping_status":"closed","template":"","meta":{"_acf_changed":false,"footnotes":""},"class_list":["post-1473","page","type-page","status-publish","hentry"],"acf":[],"_links":{"self":[{"href":"https:\/\/www.jeunessesmusicales.be\/luxembourgbelge\/wp-json\/wp\/v2\/pages\/1473","targetHints":{"allow":["GET"]}}],"collection":[{"href":"https:\/\/www.jeunessesmusicales.be\/luxembourgbelge\/wp-json\/wp\/v2\/pages"}],"about":[{"href":"https:\/\/www.jeunessesmusicales.be\/luxembourgbelge\/wp-json\/wp\/v2\/types\/page"}],"author":[{"embeddable":true,"href":"https:\/\/www.jeunessesmusicales.be\/luxembourgbelge\/wp-json\/wp\/v2\/users\/44"}],"replies":[{"embeddable":true,"href":"https:\/\/www.jeunessesmusicales.be\/luxembourgbelge\/wp-json\/wp\/v2\/comments?post=1473"}],"version-history":[{"count":11,"href":"https:\/\/www.jeunessesmusicales.be\/luxembourgbelge\/wp-json\/wp\/v2\/pages\/1473\/revisions"}],"predecessor-version":[{"id":1782,"href":"https:\/\/www.jeunessesmusicales.be\/luxembourgbelge\/wp-json\/wp\/v2\/pages\/1473\/revisions\/1782"}],"wp:attachment":[{"href":"https:\/\/www.jeunessesmusicales.be\/luxembourgbelge\/wp-json\/wp\/v2\/media?parent=1473"}],"curies":[{"name":"wp","href":"https:\/\/api.w.org\/{rel}","templated":true}]}}