{"id":1848,"date":"2025-02-14T11:40:55","date_gmt":"2025-02-14T10:40:55","guid":{"rendered":"https:\/\/www.jeunessesmusicales.be\/luxembourgbelge\/?page_id=1848"},"modified":"2025-02-14T11:41:04","modified_gmt":"2025-02-14T10:41:04","slug":"presentation-de-la-programmation-jm-2025%c2%b72026","status":"publish","type":"page","link":"https:\/\/www.jeunessesmusicales.be\/luxembourgbelge\/presentation-de-la-programmation-jm-2025%c2%b72026\/","title":{"rendered":"Pr\u00e9sentation de la programmation JM 2025\u00b72026"},"content":{"rendered":"<h1><strong>D\u00e9couvrez en avant-premi\u00e8re la saison musicale JM 2025\/2026<\/strong><\/h1>\n<p>Vous \u00eates invit\u00e9\u00b7e \u00e0 un \u00e9v\u00e9nement unique : la pr\u00e9sentation de notre nouvelle saison musicale 2025\/2026. Professionnel.les des secteurs de l\u2019enseignement et culturel ? Rejoignez-nous le <strong>mardi 1er avril 2025<\/strong>, d\u00e8s <strong>8h30<\/strong>, au <strong>Centre culturel de Ciney<\/strong>.<\/p>\n<p><strong>\u2013 Avant-premi\u00e8re artistique<\/strong> : Assistez \u00e0 des performances live des artistes qui feront vibrer la prochaine saison.<br \/>\n<strong>\u2013 \u00c9changes enrichissants<\/strong> : Rencontrez nos \u00e9quipes et nos partenaires pour des discussions autour de projets futurs.<br \/>\n<strong>\u2013 Inspiration garantie<\/strong> : Explorez une programmation vari\u00e9e m\u00ealant traditions musicales et cr\u00e9ations innovantes.<\/p>\n<h2><strong>Programme de la journ\u00e9e<br \/>\n<\/strong><\/h2>\n<p><strong>Matin\u00e9e<\/strong><\/p>\n<ul>\n<li><strong>8h30<\/strong> : Accueil et caf\u00e9<\/li>\n<li><strong>9h00<\/strong> : Pr\u00e9sentation des artistes et de la programmation<\/li>\n<li><strong>9h15 \u2013 12h45<\/strong> : Performances live<\/li>\n<\/ul>\n<p><strong>D\u00e9jeuner<\/strong><\/p>\n<ul>\n<li><strong>12h45 \u2013 14h00<\/strong> : Pause d\u00e9jeuner et r\u00e9seautage<\/li>\n<\/ul>\n<p><strong>Apr\u00e8s-midi<\/strong><\/p>\n<ul>\n<li><strong>14h00 \u2013 17h15<\/strong> : Performances live<\/li>\n<li><strong>17h30<\/strong> : Cl\u00f4ture<\/li>\n<\/ul>\n<h2><strong>Inscription et infos pratiques<br \/>\n<\/strong><\/h2>\n<p><strong>Lieu<\/strong> : Centre culturel de Ciney<br \/>\n<strong>Date et heure<\/strong> : Mardi 1er avril, \u00e0 partir de 8h30<\/p>\n<p><strong>Inscription obligatoire<\/strong> : Remplissez le formulaire en ligne ici : <a href=\"https:\/\/mailchi.mp\/jeunessesmusicales\/inscriptionsaisonjm2526\">https:\/\/mailchi.mp\/jeunessesmusicales\/inscriptionsaisonjm2526<\/a><\/p>\n<div class=\"mcnTextBlock\">\n<div class=\"mcnTextBlockInner\">\n<div>\n<div class=\"mcnTextContent\">\n<div>\n<table>\n<tbody>\n<tr>\n<td>\n<div class=\"mcnTextBlock\">\n<div class=\"mcnTextBlockInner\">\n<div>\n<div class=\"mcnTextContent\">\n<div>Important :<br \/>\n<em>\u2013 <strong>Une inscription = une place r\u00e9serv\u00e9e. <\/strong>Si vous venez accompagn\u00e9\u00b7e, chaque invit\u00e9\u00b7e doit \u00e9galement s\u2019inscrire. <\/em><br \/>\n<em>Afin de mieux organiser l\u2019accueil de tous les participants : <\/em><br \/>\n<em>\u2013 <strong>R\u00e9servation navette<\/strong> obligatoire : accueil \u00e0 partir de 8h30, d\u00e9but de la pr\u00e9sentation \u00e0\u00a09h00. Une navette TEC depuis la gare sera organis\u00e9e \u00e0 partir de 8h00 \u2013 si vous souhaitez l\u2019utiliser, <strong>merci de nous en informer par <a href=\"mailto:tournees@jeunessesmusicales.be?subject=R%C3%A9servation%20navette%20&amp;body=Bonjour%2C%20%0A%0AJe%20souhaite%20utiliser%20une%20navette%20de%20la%20TEC%20depuis%20la%20gare%20vers%20la%20salle.%20%0A%0AMerci%0A%0A\" target=\"_blank\" rel=\"noopener\">e-mail<\/a><\/strong> apr\u00e8s votre inscription.\u00a0<\/em><br \/>\n<em>\u2013 Si vous avez des<strong> restrictions alimentaires <\/strong>ou des allergies, <\/em><em><strong>merci de nous en informer par<\/strong> <strong><a href=\"mailto:v.maillet@jeunessesmusicales.be\" target=\"_blank\" rel=\"noopener\">e-mail <\/a><\/strong>apr\u00e8s votre inscription.<\/em><\/div>\n<\/div>\n<\/div>\n<\/div>\n<\/div>\n<\/td>\n<\/tr>\n<\/tbody>\n<\/table>\n<\/div>\n<\/div>\n<\/div>\n<\/div>\n<\/div>\n<p>Pour toute question :<br \/>\n<strong>Contact<\/strong> : Fr\u00e9d\u00e9rique Siccard, Adjointe \u00e0 la direction : <a rel=\"noopener\">f.siccard@jeunessesmusicales.be<\/a><\/p>\n<h3>\u00a0<strong>Rejoignez-nous pour une exp\u00e9rience musicale inoubliable !<\/strong><\/h3>\n","protected":false},"excerpt":{"rendered":"<p>D\u00e9couvrez en avant-premi\u00e8re la saison musicale JM 2025\/2026 Vous \u00eates invit\u00e9\u00b7e \u00e0 un \u00e9v\u00e9nement unique : la pr\u00e9sentation de notre &hellip; <a href=\"https:\/\/www.jeunessesmusicales.be\/luxembourgbelge\/presentation-de-la-programmation-jm-2025%c2%b72026\/\" class=\"more-link\">Continue reading <span class=\"screen-reader-text\">Pr\u00e9sentation de la programmation JM 2025\u00b72026<\/span><\/a><\/p>\n","protected":false},"author":44,"featured_media":0,"parent":0,"menu_order":0,"comment_status":"closed","ping_status":"closed","template":"","meta":{"_acf_changed":false,"footnotes":""},"class_list":["post-1848","page","type-page","status-publish","hentry"],"acf":[],"_links":{"self":[{"href":"https:\/\/www.jeunessesmusicales.be\/luxembourgbelge\/wp-json\/wp\/v2\/pages\/1848","targetHints":{"allow":["GET"]}}],"collection":[{"href":"https:\/\/www.jeunessesmusicales.be\/luxembourgbelge\/wp-json\/wp\/v2\/pages"}],"about":[{"href":"https:\/\/www.jeunessesmusicales.be\/luxembourgbelge\/wp-json\/wp\/v2\/types\/page"}],"author":[{"embeddable":true,"href":"https:\/\/www.jeunessesmusicales.be\/luxembourgbelge\/wp-json\/wp\/v2\/users\/44"}],"replies":[{"embeddable":true,"href":"https:\/\/www.jeunessesmusicales.be\/luxembourgbelge\/wp-json\/wp\/v2\/comments?post=1848"}],"version-history":[{"count":1,"href":"https:\/\/www.jeunessesmusicales.be\/luxembourgbelge\/wp-json\/wp\/v2\/pages\/1848\/revisions"}],"predecessor-version":[{"id":1849,"href":"https:\/\/www.jeunessesmusicales.be\/luxembourgbelge\/wp-json\/wp\/v2\/pages\/1848\/revisions\/1849"}],"wp:attachment":[{"href":"https:\/\/www.jeunessesmusicales.be\/luxembourgbelge\/wp-json\/wp\/v2\/media?parent=1848"}],"curies":[{"name":"wp","href":"https:\/\/api.w.org\/{rel}","templated":true}]}}