{"id":1960,"date":"2025-06-10T13:39:48","date_gmt":"2025-06-10T11:39:48","guid":{"rendered":"https:\/\/www.jeunessesmusicales.be\/luxembourgbelge\/?page_id=1960"},"modified":"2025-06-10T14:07:22","modified_gmt":"2025-06-10T12:07:22","slug":"stage-les-musiques-du-monde-a-lacademie-de-musique-darlon","status":"publish","type":"page","link":"https:\/\/www.jeunessesmusicales.be\/luxembourgbelge\/stage-les-musiques-du-monde-a-lacademie-de-musique-darlon\/","title":{"rendered":"Stage \u00ab\u00a0Les Musiques du monde\u00a0\u00bb \u00e0 l&rsquo;Acad\u00e9mie de Musique d&rsquo;Arlon"},"content":{"rendered":"<h4><strong>Du 11 au 14 ao\u00fbt 2025 pour les enfants de 3 \u00e0 5 ans<\/strong><\/h4>\n<p>Pendant la semaine, les enfants partent \u00e0 la d\u00e9couverte des musiques du monde de fa\u00e7on ludique et progressive. Ils peuvent ainsi d\u00e9velopper leur sens musical gr\u00e2ce \u00e0 la pratique de diff\u00e9rentes activit\u00e9s : chant, d\u00e9couverte des instruments, rythme et arts plastiques.<\/p>\n<p>Ce stage est anim\u00e9 par Lionel Brack, animateur professionnel des Jeunesses Musicales du Luxembourg Belge.<\/p>\n<p>Prix : 80\u20ac \/ enfant<\/p>\n<p>Dates et horaires : Du 11 au 14 ao\u00fbt 2025\u00a0 de 09h30 \u00e0 16h (garderie possible d\u00e9s 08h30 et jusque 17h30)<\/p>\n<p>Lieu : Acad\u00e9mie de Musique d&rsquo;Arlon, place des Chasseurs Ardennais 10, 6700 Arlon (La salle se trouve au 3\u00e8me \u00e9tage)<\/p>\n<p>Inscription via ce lien :\u00a0<a href=\"https:\/\/docs.google.com\/forms\/d\/e\/1FAIpQLSdvl6N1WYoqiELsLgHUdjKqbfPaLgUz0xJFC33VnHhn5UKokw\/viewform?usp=dialog\" target=\"_blank\" rel=\"noopener\">inscription stage du 11 au 14 ao\u00fbt\u00a0<\/a><\/p>\n<p><a rel=\"fancybox[1960]\" href=\"https:\/\/www.jeunessesmusicales.be\/luxembourgbelge\/wp-content\/uploads\/sites\/4\/2025\/06\/Stage-du-11-au-14-aout.jpg\" class=\"fancybox\"><img loading=\"lazy\" decoding=\"async\" class=\"alignnone size-medium wp-image-1964\" src=\"https:\/\/www.jeunessesmusicales.be\/luxembourgbelge\/wp-content\/uploads\/sites\/4\/2025\/06\/Stage-du-11-au-14-aout-212x300.jpg\" alt=\"\" width=\"212\" height=\"300\" srcset=\"https:\/\/www.jeunessesmusicales.be\/luxembourgbelge\/wp-content\/uploads\/sites\/4\/2025\/06\/Stage-du-11-au-14-aout-212x300.jpg 212w, https:\/\/www.jeunessesmusicales.be\/luxembourgbelge\/wp-content\/uploads\/sites\/4\/2025\/06\/Stage-du-11-au-14-aout-724x1024.jpg 724w, https:\/\/www.jeunessesmusicales.be\/luxembourgbelge\/wp-content\/uploads\/sites\/4\/2025\/06\/Stage-du-11-au-14-aout-768x1087.jpg 768w, https:\/\/www.jeunessesmusicales.be\/luxembourgbelge\/wp-content\/uploads\/sites\/4\/2025\/06\/Stage-du-11-au-14-aout-1086x1536.jpg 1086w, https:\/\/www.jeunessesmusicales.be\/luxembourgbelge\/wp-content\/uploads\/sites\/4\/2025\/06\/Stage-du-11-au-14-aout-74x105.jpg 74w, https:\/\/www.jeunessesmusicales.be\/luxembourgbelge\/wp-content\/uploads\/sites\/4\/2025\/06\/Stage-du-11-au-14-aout.jpg 1357w\" sizes=\"auto, (max-width: 212px) 100vw, 212px\" \/><\/a><\/p>\n","protected":false},"excerpt":{"rendered":"<p>Du 11 au 14 ao\u00fbt 2025 pour les enfants de 3 \u00e0 5 ans Pendant la semaine, les enfants partent &hellip; <a href=\"https:\/\/www.jeunessesmusicales.be\/luxembourgbelge\/stage-les-musiques-du-monde-a-lacademie-de-musique-darlon\/\" class=\"more-link\">Continue reading <span class=\"screen-reader-text\">Stage \u00ab\u00a0Les Musiques du monde\u00a0\u00bb \u00e0 l&rsquo;Acad\u00e9mie de Musique d&rsquo;Arlon<\/span><\/a><\/p>\n","protected":false},"author":51,"featured_media":1964,"parent":0,"menu_order":0,"comment_status":"closed","ping_status":"closed","template":"","meta":{"_acf_changed":false,"footnotes":""},"class_list":["post-1960","page","type-page","status-publish","has-post-thumbnail","hentry"],"acf":[],"_links":{"self":[{"href":"https:\/\/www.jeunessesmusicales.be\/luxembourgbelge\/wp-json\/wp\/v2\/pages\/1960","targetHints":{"allow":["GET"]}}],"collection":[{"href":"https:\/\/www.jeunessesmusicales.be\/luxembourgbelge\/wp-json\/wp\/v2\/pages"}],"about":[{"href":"https:\/\/www.jeunessesmusicales.be\/luxembourgbelge\/wp-json\/wp\/v2\/types\/page"}],"author":[{"embeddable":true,"href":"https:\/\/www.jeunessesmusicales.be\/luxembourgbelge\/wp-json\/wp\/v2\/users\/51"}],"replies":[{"embeddable":true,"href":"https:\/\/www.jeunessesmusicales.be\/luxembourgbelge\/wp-json\/wp\/v2\/comments?post=1960"}],"version-history":[{"count":5,"href":"https:\/\/www.jeunessesmusicales.be\/luxembourgbelge\/wp-json\/wp\/v2\/pages\/1960\/revisions"}],"predecessor-version":[{"id":1975,"href":"https:\/\/www.jeunessesmusicales.be\/luxembourgbelge\/wp-json\/wp\/v2\/pages\/1960\/revisions\/1975"}],"wp:featuredmedia":[{"embeddable":true,"href":"https:\/\/www.jeunessesmusicales.be\/luxembourgbelge\/wp-json\/wp\/v2\/media\/1964"}],"wp:attachment":[{"href":"https:\/\/www.jeunessesmusicales.be\/luxembourgbelge\/wp-json\/wp\/v2\/media?parent=1960"}],"curies":[{"name":"wp","href":"https:\/\/api.w.org\/{rel}","templated":true}]}}