{"id":2,"date":"2015-09-28T07:56:05","date_gmt":"2015-09-28T06:56:05","guid":{"rendered":"http:\/\/www.jeunessesmusicales.be\/luxembourgbelge\/?page_id=2"},"modified":"2026-03-20T14:03:09","modified_gmt":"2026-03-20T13:03:09","slug":"page-d-exemple","status":"publish","type":"page","link":"https:\/\/www.jeunessesmusicales.be\/luxembourgbelge\/","title":{"rendered":"Accueil"},"content":{"rendered":"<h2><img loading=\"lazy\" decoding=\"async\" class=\"an1\" src=\"https:\/\/fonts.gstatic.com\/s\/e\/notoemoji\/15.0\/1f4cc\/72.png\" alt=\"\" width=\"32\" height=\"32\" data-emoji=\"\" aria-label=\"\" \/> \u00c0 la une de nos activit\u00e9s &amp; collaborations<\/h2>\n<ul>\n<li>\n<h4><strong>Stages<\/strong> pendant les vacances scolaires : Nous organisons des stages pendant les cong\u00e9s scolaires en collaboration avec diff\u00e9rents organismes culturels. Vous trouvez toutes les informations\u00a0 et les inscriptions : <a href=\"https:\/\/www.jeunessesmusicales.be\/luxembourgbelge\/activites-tous-publics\/stages\/\" target=\"_blank\" rel=\"noopener\">infos et inscription au stage<\/a><\/h4>\n<\/li>\n<li>\n<h4><strong>Stage Kids Against The Machine 2026 du 06\/07 au 10\/07 : \u00ab\u00a0GOD SAVE THE KIDS!\u00a0\u00bb<\/strong> -&gt;<a href=\"https:\/\/www.jeunessesmusicales.be\/luxembourgbelge\/kids-against-the-machine-2026\/\"> les inscriptions sont ouvertes!<\/a><\/h4>\n<\/li>\n<li>\n<h4><strong>Inscriptions aux ateliers d&rsquo;\u00e9veil musical<\/strong> dans les \u00e9coles: vous pouvez d\u00e9s \u00e0 pr\u00e9sent demander des cycles d&rsquo;atelier d&rsquo;\u00e9veil musical. Vous trouvez toutes les informations et le formulaire d&rsquo;inscription :\u00a0<a href=\"https:\/\/www.jeunessesmusicales.be\/luxembourgbelge\/ateliers-a-lecole\/\" target=\"_blank\" rel=\"noopener\">ateliers d&rsquo;\u00e9veil musical<\/a><\/h4>\n<\/li>\n<li>\n<h4><a href=\"https:\/\/www.jeunessesmusicales.be\/luxembourgbelge\/activites-tous-publics\/concerts-publics\/\"><strong>Nos concerts publics!<\/strong><\/a> Dans toute la province, nos collaborations avec des acteurs culturels proposent des concerts publics en soir\u00e9e et en semaine, pour les petits et les grands enfants!<\/h4>\n<\/li>\n<li>\n<h4><strong>La Chanterie<\/strong> des Jeunesses Musicales <strong>\u00e0 Bellefontaine<\/strong> : une activit\u00e9 musicale et ludique pour enfants, petits et grands tous les mercredis en extrascolaire \u00e0 Bellefontaine. Inscriptions pour l&rsquo;ann\u00e9e 26-27 \u00e0 para\u00eetre en mai 27.<\/h4>\n<\/li>\n<\/ul>\n<div>\n<h4 class=\"entry-title\"><span style=\"font-size: 35px;\">Les Jeunesses Musicales au Luxembourg belge, c&rsquo;est quoi ?<\/span><\/h4>\n<\/div>\n<p style=\"text-align: center;\">Vous \u00eates <strong>directrice\/teur.s, enseignant.e.s, accueillant.s<\/strong> scolaires et vous souhaitez amener plus de <strong>musique \u00e0 l&rsquo;\u00e9cole<\/strong> ? Nous proposons <strong>en milieu scolaire<\/strong> : <em>\u00e9veil musical, ateliers d&rsquo;animations th\u00e9matiques, concerts p\u00e9dagogiques<\/em>&#8230;<\/p>\n<p style=\"text-align: center;\"><img loading=\"lazy\" decoding=\"async\" class=\"size-medium wp-image-1338 alignleft\" src=\"https:\/\/www.jeunessesmusicales.be\/luxembourgbelge\/wp-content\/uploads\/sites\/4\/2023\/01\/Nos-concerts-p\u00e9dagogiques-300x300.png\" alt=\"\" width=\"300\" height=\"300\" srcset=\"https:\/\/www.jeunessesmusicales.be\/luxembourgbelge\/wp-content\/uploads\/sites\/4\/2023\/01\/Nos-concerts-p\u00e9dagogiques-300x300.png 300w, https:\/\/www.jeunessesmusicales.be\/luxembourgbelge\/wp-content\/uploads\/sites\/4\/2023\/01\/Nos-concerts-p\u00e9dagogiques-150x150.png 150w, https:\/\/www.jeunessesmusicales.be\/luxembourgbelge\/wp-content\/uploads\/sites\/4\/2023\/01\/Nos-concerts-p\u00e9dagogiques-768x768.png 768w, https:\/\/www.jeunessesmusicales.be\/luxembourgbelge\/wp-content\/uploads\/sites\/4\/2023\/01\/Nos-concerts-p\u00e9dagogiques-1024x1024.png 1024w, https:\/\/www.jeunessesmusicales.be\/luxembourgbelge\/wp-content\/uploads\/sites\/4\/2023\/01\/Nos-concerts-p\u00e9dagogiques-105x105.png 105w, https:\/\/www.jeunessesmusicales.be\/luxembourgbelge\/wp-content\/uploads\/sites\/4\/2023\/01\/Nos-concerts-p\u00e9dagogiques-200x200.png 200w, https:\/\/www.jeunessesmusicales.be\/luxembourgbelge\/wp-content\/uploads\/sites\/4\/2023\/01\/Nos-concerts-p\u00e9dagogiques.png 1080w\" sizes=\"auto, (max-width: 300px) 100vw, 300px\" \/><\/p>\n<p>&nbsp;<\/p>\n<p style=\"text-align: left;\">L&rsquo;organisation et la diffusion de <strong>concerts dans les \u00e9coles<\/strong> de la province qui le souhaitent.<\/p>\n<p>En tant que directrice\/teur.s, enseignant.e.s, accueillant.s scolaires, vous souhaitez accueillir un projet musical ou des artistes en concerts ?<\/p>\n<p><a href=\"https:\/\/www.jeunessesmusicales.be\/luxembourgbelge\/activites-a-lecole\/concerts-a-lecole\/\"><em>D\u00e9couvrez le <strong>programme complet<\/strong> des <strong>concerts p\u00e9dagogiques<\/strong> pour l&rsquo;ann\u00e9e 2025-2026 !<\/em><\/a><\/p>\n<p>&nbsp;<\/p>\n<p><a rel=\"fancybox[2]\" href=\"https:\/\/www.jeunessesmusicales.be\/luxembourgbelge\/wp-content\/uploads\/sites\/4\/2023\/01\/Nos-animations.png\" class=\"fancybox\"><img loading=\"lazy\" decoding=\"async\" class=\"size-medium wp-image-1334 alignright\" src=\"https:\/\/www.jeunessesmusicales.be\/luxembourgbelge\/wp-content\/uploads\/sites\/4\/2023\/01\/Nos-animations-300x300.png\" alt=\"\" width=\"300\" height=\"300\" srcset=\"https:\/\/www.jeunessesmusicales.be\/luxembourgbelge\/wp-content\/uploads\/sites\/4\/2023\/01\/Nos-animations-300x300.png 300w, https:\/\/www.jeunessesmusicales.be\/luxembourgbelge\/wp-content\/uploads\/sites\/4\/2023\/01\/Nos-animations-150x150.png 150w, https:\/\/www.jeunessesmusicales.be\/luxembourgbelge\/wp-content\/uploads\/sites\/4\/2023\/01\/Nos-animations-768x768.png 768w, https:\/\/www.jeunessesmusicales.be\/luxembourgbelge\/wp-content\/uploads\/sites\/4\/2023\/01\/Nos-animations-1024x1024.png 1024w, https:\/\/www.jeunessesmusicales.be\/luxembourgbelge\/wp-content\/uploads\/sites\/4\/2023\/01\/Nos-animations-105x105.png 105w, https:\/\/www.jeunessesmusicales.be\/luxembourgbelge\/wp-content\/uploads\/sites\/4\/2023\/01\/Nos-animations-200x200.png 200w, https:\/\/www.jeunessesmusicales.be\/luxembourgbelge\/wp-content\/uploads\/sites\/4\/2023\/01\/Nos-animations.png 1080w\" sizes=\"auto, (max-width: 300px) 100vw, 300px\" \/><\/a><\/p>\n<p>&nbsp;<\/p>\n<p>&nbsp;<\/p>\n<p style=\"text-align: right;\">La coordination d&rsquo;<strong>animations musicales dans les \u00e9coles\u00a0<\/strong>pour de la province qui le d\u00e9sirent.<\/p>\n<p style=\"text-align: right;\">En tant qu&rsquo;enseignant.e.s, directrice\/teur.s, accueillant.s scolaires, vous aimeriez proposer \u00e0 vos \u00e9l\u00e8ves de l&rsquo;animation musicale ou de l&rsquo;\u00e9veil ?<\/p>\n<p>Les inscriptions pour les s\u00e9ances d&rsquo;\u00e9veil 2025-2026 sont ouvertes d\u00e8s \u00e0 pr\u00e9sent : <a href=\"https:\/\/www.jeunessesmusicales.be\/luxembourgbelge\/ateliers-a-lecole\/\">infos et inscription pour les ateliers d&rsquo;\u00e9veil musical<\/a><\/p>\n<p>&nbsp;<\/p>\n<p><a rel=\"fancybox[2]\" href=\"https:\/\/www.jeunessesmusicales.be\/luxembourgbelge\/wp-content\/uploads\/sites\/4\/2023\/01\/Nos-stages-activit\u00e9s.png\" class=\"fancybox\"><img loading=\"lazy\" decoding=\"async\" class=\"size-medium wp-image-1336 alignleft\" src=\"https:\/\/www.jeunessesmusicales.be\/luxembourgbelge\/wp-content\/uploads\/sites\/4\/2023\/01\/Nos-stages-activit\u00e9s-300x300.png\" alt=\"\" width=\"300\" height=\"300\" srcset=\"https:\/\/www.jeunessesmusicales.be\/luxembourgbelge\/wp-content\/uploads\/sites\/4\/2023\/01\/Nos-stages-activit\u00e9s-300x300.png 300w, https:\/\/www.jeunessesmusicales.be\/luxembourgbelge\/wp-content\/uploads\/sites\/4\/2023\/01\/Nos-stages-activit\u00e9s-150x150.png 150w, https:\/\/www.jeunessesmusicales.be\/luxembourgbelge\/wp-content\/uploads\/sites\/4\/2023\/01\/Nos-stages-activit\u00e9s-768x768.png 768w, https:\/\/www.jeunessesmusicales.be\/luxembourgbelge\/wp-content\/uploads\/sites\/4\/2023\/01\/Nos-stages-activit\u00e9s-1024x1024.png 1024w, https:\/\/www.jeunessesmusicales.be\/luxembourgbelge\/wp-content\/uploads\/sites\/4\/2023\/01\/Nos-stages-activit\u00e9s-105x105.png 105w, https:\/\/www.jeunessesmusicales.be\/luxembourgbelge\/wp-content\/uploads\/sites\/4\/2023\/01\/Nos-stages-activit\u00e9s-200x200.png 200w, https:\/\/www.jeunessesmusicales.be\/luxembourgbelge\/wp-content\/uploads\/sites\/4\/2023\/01\/Nos-stages-activit\u00e9s.png 1080w\" sizes=\"auto, (max-width: 300px) 100vw, 300px\" \/><\/a><\/p>\n<p>&nbsp;<\/p>\n<p>Vous \u00eates <strong>parent.s, p\u00e8re, m\u00e8re <\/strong>\u00e0 la recherche d&rsquo;une activit\u00e9 extrascolaire en <strong>musique <\/strong>?<\/p>\n<p>D\u00e9couvrez \u00e9galement <strong>nos stages et activit\u00e9s extrascolaires<\/strong> organis\u00e9s \u00e0 travers la province de Luxembourg durant les <strong>cong\u00e9s scolaires<\/strong>.<\/p>\n<p><a href=\"https:\/\/www.jeunessesmusicales.be\/luxembourgbelge\/activites-tous-publics\/stages\/\"><em>Suivez notre actualit\u00e9 sur ce site et sur les r\u00e9seaux sociaux pour vous tenir inform\u00e9.e.s des derni\u00e8res propositions de <strong>stages &amp; ateliers extrascolaires<\/strong> en musique !\u00a0<\/em><\/a><\/p>\n<p>&nbsp;<\/p>\n<p>&nbsp;<\/p>\n<p>&nbsp;<\/p>\n<p>&nbsp;<\/p>\n<h3 style=\"text-align: center;\"><a href=\"https:\/\/www.jeunessesmusicales.be\/luxembourgbelge\/infos-pratiques\/a-propos-des-jmlb\/\">Retrouvez les missions et l&rsquo;historique des Jeunesses Musicales dans la province de Luxembourg par ici !<\/a><\/h3>\n","protected":false},"excerpt":{"rendered":"<p>\u00c0 la une de nos activit\u00e9s &amp; collaborations Stages pendant les vacances scolaires : Nous organisons des stages pendant les &hellip; <a href=\"https:\/\/www.jeunessesmusicales.be\/luxembourgbelge\/\" class=\"more-link\">Continue reading <span class=\"screen-reader-text\">Accueil<\/span><\/a><\/p>\n","protected":false},"author":1,"featured_media":0,"parent":0,"menu_order":0,"comment_status":"closed","ping_status":"closed","template":"","meta":{"_acf_changed":false,"footnotes":""},"class_list":["post-2","page","type-page","status-publish","hentry"],"acf":[],"_links":{"self":[{"href":"https:\/\/www.jeunessesmusicales.be\/luxembourgbelge\/wp-json\/wp\/v2\/pages\/2","targetHints":{"allow":["GET"]}}],"collection":[{"href":"https:\/\/www.jeunessesmusicales.be\/luxembourgbelge\/wp-json\/wp\/v2\/pages"}],"about":[{"href":"https:\/\/www.jeunessesmusicales.be\/luxembourgbelge\/wp-json\/wp\/v2\/types\/page"}],"author":[{"embeddable":true,"href":"https:\/\/www.jeunessesmusicales.be\/luxembourgbelge\/wp-json\/wp\/v2\/users\/1"}],"replies":[{"embeddable":true,"href":"https:\/\/www.jeunessesmusicales.be\/luxembourgbelge\/wp-json\/wp\/v2\/comments?post=2"}],"version-history":[{"count":105,"href":"https:\/\/www.jeunessesmusicales.be\/luxembourgbelge\/wp-json\/wp\/v2\/pages\/2\/revisions"}],"predecessor-version":[{"id":2136,"href":"https:\/\/www.jeunessesmusicales.be\/luxembourgbelge\/wp-json\/wp\/v2\/pages\/2\/revisions\/2136"}],"wp:attachment":[{"href":"https:\/\/www.jeunessesmusicales.be\/luxembourgbelge\/wp-json\/wp\/v2\/media?parent=2"}],"curies":[{"name":"wp","href":"https:\/\/api.w.org\/{rel}","templated":true}]}}