{"id":200,"date":"2016-01-05T11:28:02","date_gmt":"2016-01-05T10:28:02","guid":{"rendered":"http:\/\/www.jeunessesmusicales.be\/luxembourgbelge\/page-d-exemple-2\/"},"modified":"2026-01-14T09:37:16","modified_gmt":"2026-01-14T08:37:16","slug":"jmlb-en-un-coup-d-oeil","status":"publish","type":"page","link":"https:\/\/www.jeunessesmusicales.be\/luxembourgbelge\/jmlb-en-un-coup-d-oeil\/","title":{"rendered":"Les JMLB en un coup d&rsquo;oeil"},"content":{"rendered":"<p>Les Jeunesses Musicales dans la Province de Luxembourg, un programme d\u2019actions visant l\u2019\u00e9veil \u00a0des jeunes \u00e0 la musique et par la musique, la promotion de la musique parmi les jeunes et la promotion des jeunes musiciens.<\/p>\n<h4><span style=\"color: #ef3740;\"><strong><a rel=\"fancybox[200]\" href=\"http:\/\/www.jeunessesmusicales.be\/luxembourgbelge\/wp-content\/uploads\/sites\/4\/2015\/12\/lahage16.jpg\" rel=\"attachment wp-att-173\" class=\"fancybox\"><img loading=\"lazy\" decoding=\"async\" class=\" wp-image-173 alignleft\" src=\"http:\/\/www.jeunessesmusicales.be\/luxembourgbelge\/wp-content\/uploads\/sites\/4\/2015\/12\/lahage16-200x300.jpg\" alt=\"\u00a9 Elise Bernard\" width=\"149\" height=\"214\" \/><\/a>L\u2019atelier d\u2019\u00e9veil \u00e0 l\u2019expression musicale\u00a0des JM\u00a0<\/strong><\/span><\/h4>\n<p>s\u2019adresse aux enfants d\u00e8s le plus jeune \u00e2ge. Il consiste en cycles de s\u00e9ances progressives abordant de mani\u00e8re ludique la musique, le chant, le rythme, le mouvement &amp; la danse, l\u2019\u00e9coute, les d\u00e9couvertes vivantes des instruments et plus globalement tout ce qui se rapporte \u00e0 l\u2019expression musicale. Si le milieu scolaire constitue l\u2019endroit prioritaire concern\u00e9 par ces ateliers d\u2019\u00e9veil musical, d\u2019autres lieux peuvent cependant \u00eatre investis : cr\u00e8ches, accueils extra-scolaires, etc.<\/p>\n<p><a href=\"https:\/\/www.jeunessesmusicales.be\/luxembourgbelge\/activites-a-lecole\/ateliers-a-lecole\/\"><strong>En savoir plus<\/strong><\/a><\/p>\n<h4><span style=\"color: #ef3740;\"><strong>Le concert p\u00e9dagogique<\/strong><\/span><\/h4>\n<p>est une autre composante essentielle de l\u2019activit\u00e9 des JM. D\u2019une dur\u00e9e de 50 minutes, il propose dans les milieux scolaires essentiellement \u00e0 des publics jeunes, une rencontre vivante sur un th\u00e8me musical ou culturel assur\u00e9 par des groupes d\u2019artistes pr\u00e9alablement s\u00e9lectionn\u00e9s avec le plus grand soin par les JM.<\/p>\n<p><a href=\"https:\/\/www.jeunessesmusicales.be\/luxembourgbelge\/activites-a-lecole\/concerts-a-lecole\/\"><strong>En savoir plus<\/strong><\/a><\/p>\n<h4><span style=\"color: #ef3740;\"><strong><a rel=\"fancybox[200]\" href=\"http:\/\/www.jeunessesmusicales.be\/luxembourgbelge\/wp-content\/uploads\/sites\/4\/2015\/12\/Kiss-Drive-30-mai-2014-Pause-Culture-1.jpg\" rel=\"attachment wp-att-167\" class=\"fancybox\"><img loading=\"lazy\" decoding=\"async\" class=\"size-medium wp-image-167 alignleft\" src=\"http:\/\/www.jeunessesmusicales.be\/luxembourgbelge\/wp-content\/uploads\/sites\/4\/2015\/12\/Kiss-Drive-30-mai-2014-Pause-Culture-1-300x199.jpg\" alt=\"Kiss&amp; Drive - 30 mai 2014 - Pause Culture 1\" width=\"300\" height=\"199\" srcset=\"https:\/\/www.jeunessesmusicales.be\/luxembourgbelge\/wp-content\/uploads\/sites\/4\/2015\/12\/Kiss-Drive-30-mai-2014-Pause-Culture-1-300x199.jpg 300w, https:\/\/www.jeunessesmusicales.be\/luxembourgbelge\/wp-content\/uploads\/sites\/4\/2015\/12\/Kiss-Drive-30-mai-2014-Pause-Culture-1-1024x679.jpg 1024w, https:\/\/www.jeunessesmusicales.be\/luxembourgbelge\/wp-content\/uploads\/sites\/4\/2015\/12\/Kiss-Drive-30-mai-2014-Pause-Culture-1-150x99.jpg 150w\" sizes=\"auto, (max-width: 300px) 100vw, 300px\" \/><\/a>Des concerts publics\u00a0<\/strong><\/span><\/h4>\n<p>prolongent r\u00e9guli\u00e8rement la d\u00e9marche des tourn\u00e9es p\u00e9dagogiques, souvent en partenariat avec d\u2019autres op\u00e9rateurs culturels : les centres culturels, les associations culturelles, les structures d\u2019animation, etc.<\/p>\n<p><a href=\"https:\/\/www.jeunessesmusicales.be\/luxembourgbelge\/activites-tous-publics\/concerts-publics\/\"><strong>En savoir plus<\/strong><\/a><\/p>\n<h4><\/h4>\n<h4><strong><span style=\"color: #ef3740;\">Des formations<\/span> <\/strong><\/h4>\n<p>prest\u00e9es\u00a0par l\u2019\u00e9quipe des animateurs JM \u00a0s\u2019ajoutent aux ateliers musicaux. Elles s\u2019adressent surtout \u00e0 des professionnels (pr\u00e9sents ou futurs) de l\u2019enfance.<\/p>\n<h4><span style=\"color: #ef3740;\"><strong><a rel=\"fancybox[200]\" href=\"https:\/\/www.jeunessesmusicales.be\/luxembourgbelge\/wp-content\/uploads\/sites\/4\/2026\/01\/Photo-KATM.jpg\" class=\"fancybox\"><img loading=\"lazy\" decoding=\"async\" class=\"size-medium wp-image-2090 alignleft\" src=\"https:\/\/www.jeunessesmusicales.be\/luxembourgbelge\/wp-content\/uploads\/sites\/4\/2026\/01\/Photo-KATM-300x254.jpg\" alt=\"\" width=\"300\" height=\"254\" srcset=\"https:\/\/www.jeunessesmusicales.be\/luxembourgbelge\/wp-content\/uploads\/sites\/4\/2026\/01\/Photo-KATM-300x254.jpg 300w, https:\/\/www.jeunessesmusicales.be\/luxembourgbelge\/wp-content\/uploads\/sites\/4\/2026\/01\/Photo-KATM-768x650.jpg 768w, https:\/\/www.jeunessesmusicales.be\/luxembourgbelge\/wp-content\/uploads\/sites\/4\/2026\/01\/Photo-KATM-124x105.jpg 124w, https:\/\/www.jeunessesmusicales.be\/luxembourgbelge\/wp-content\/uploads\/sites\/4\/2026\/01\/Photo-KATM.jpg 1024w\" sizes=\"auto, (max-width: 300px) 100vw, 300px\" \/><\/a>Divers stages &amp; ateliers musicaux<\/strong><\/span><\/h4>\n<p>sont assur\u00e9s pendant les cong\u00e9s scolaires \u00e0 la demande de partenaires ext\u00e9rieurs. \u00a0De plus, <strong>notre stage Kids Against The Machine<\/strong> revient pour sa deuxi\u00e8me \u00e9dition <strong>du 06 au 11 juillet 2026 au Centre Culturel d&rsquo;Izel<\/strong>.<\/p>\n<p><a href=\"https:\/\/www.jeunessesmusicales.be\/luxembourgbelge\/activites-tous-publics\/stages\/\"><strong>En savoir plus<\/strong><\/a><\/p>\n<p>&nbsp;<\/p>\n<p><strong>\u00a0<\/strong><\/p>\n","protected":false},"excerpt":{"rendered":"<p>Les Jeunesses Musicales dans la Province de Luxembourg, un programme d\u2019actions visant l\u2019\u00e9veil \u00a0des jeunes \u00e0 la musique et par &hellip; <a href=\"https:\/\/www.jeunessesmusicales.be\/luxembourgbelge\/jmlb-en-un-coup-d-oeil\/\" class=\"more-link\">Continue reading <span class=\"screen-reader-text\">Les JMLB en un coup d&rsquo;oeil<\/span><\/a><\/p>\n","protected":false},"author":1,"featured_media":0,"parent":0,"menu_order":0,"comment_status":"closed","ping_status":"closed","template":"","meta":{"_acf_changed":false,"footnotes":""},"class_list":["post-200","page","type-page","status-publish","hentry"],"acf":[],"_links":{"self":[{"href":"https:\/\/www.jeunessesmusicales.be\/luxembourgbelge\/wp-json\/wp\/v2\/pages\/200","targetHints":{"allow":["GET"]}}],"collection":[{"href":"https:\/\/www.jeunessesmusicales.be\/luxembourgbelge\/wp-json\/wp\/v2\/pages"}],"about":[{"href":"https:\/\/www.jeunessesmusicales.be\/luxembourgbelge\/wp-json\/wp\/v2\/types\/page"}],"author":[{"embeddable":true,"href":"https:\/\/www.jeunessesmusicales.be\/luxembourgbelge\/wp-json\/wp\/v2\/users\/1"}],"replies":[{"embeddable":true,"href":"https:\/\/www.jeunessesmusicales.be\/luxembourgbelge\/wp-json\/wp\/v2\/comments?post=200"}],"version-history":[{"count":17,"href":"https:\/\/www.jeunessesmusicales.be\/luxembourgbelge\/wp-json\/wp\/v2\/pages\/200\/revisions"}],"predecessor-version":[{"id":2091,"href":"https:\/\/www.jeunessesmusicales.be\/luxembourgbelge\/wp-json\/wp\/v2\/pages\/200\/revisions\/2091"}],"wp:attachment":[{"href":"https:\/\/www.jeunessesmusicales.be\/luxembourgbelge\/wp-json\/wp\/v2\/media?parent=200"}],"curies":[{"name":"wp","href":"https:\/\/api.w.org\/{rel}","templated":true}]}}