{"id":2044,"date":"2025-11-18T12:19:42","date_gmt":"2025-11-18T11:19:42","guid":{"rendered":"https:\/\/www.jeunessesmusicales.be\/luxembourgbelge\/?page_id=2044"},"modified":"2025-11-24T15:04:40","modified_gmt":"2025-11-24T14:04:40","slug":"concert-classique-de-fin-dannee-ensemble-satellite-eglise-de-tintigny-dimanche-21-12-25-16h","status":"publish","type":"page","link":"https:\/\/www.jeunessesmusicales.be\/luxembourgbelge\/concert-classique-de-fin-dannee-ensemble-satellite-eglise-de-tintigny-dimanche-21-12-25-16h\/","title":{"rendered":"Concert classique de fin d&rsquo;ann\u00e9e &#8211; Ensemble Satellite &#8211; Eglise de Tintigny &#8211; dimanche 21\/12\/25, 16h"},"content":{"rendered":"<p>MUSIQUE CLASSIQUE DU XX\u00c8ME SI\u00c8CLE \/ TRIO \u00c0 CORDES<\/p>\n<p><em>Odes \u00e0 la libert\u00e9 pour trio \u00e0 cordes<\/em><\/p>\n<p><a rel=\"fancybox[2044]\" href=\"https:\/\/www.jeunessesmusicales.be\/luxembourgbelge\/wp-content\/uploads\/sites\/4\/2025\/11\/Concert-classique-de-fin-dannee8.jpg\" class=\"fancybox\"><img loading=\"lazy\" decoding=\"async\" class=\"wp-image-2061 alignleft\" src=\"https:\/\/www.jeunessesmusicales.be\/luxembourgbelge\/wp-content\/uploads\/sites\/4\/2025\/11\/Concert-classique-de-fin-dannee8-212x300.jpg\" alt=\"\" width=\"495\" height=\"701\" srcset=\"https:\/\/www.jeunessesmusicales.be\/luxembourgbelge\/wp-content\/uploads\/sites\/4\/2025\/11\/Concert-classique-de-fin-dannee8-212x300.jpg 212w, https:\/\/www.jeunessesmusicales.be\/luxembourgbelge\/wp-content\/uploads\/sites\/4\/2025\/11\/Concert-classique-de-fin-dannee8-724x1024.jpg 724w, https:\/\/www.jeunessesmusicales.be\/luxembourgbelge\/wp-content\/uploads\/sites\/4\/2025\/11\/Concert-classique-de-fin-dannee8-768x1086.jpg 768w, https:\/\/www.jeunessesmusicales.be\/luxembourgbelge\/wp-content\/uploads\/sites\/4\/2025\/11\/Concert-classique-de-fin-dannee8-1086x1536.jpg 1086w, https:\/\/www.jeunessesmusicales.be\/luxembourgbelge\/wp-content\/uploads\/sites\/4\/2025\/11\/Concert-classique-de-fin-dannee8-74x105.jpg 74w, https:\/\/www.jeunessesmusicales.be\/luxembourgbelge\/wp-content\/uploads\/sites\/4\/2025\/11\/Concert-classique-de-fin-dannee8.jpg 1358w\" sizes=\"auto, (max-width: 495px) 100vw, 495px\" \/><\/a><em>Lia Manch\u00f3n Mart\u00ednez,<\/em><em>Violon<\/em><br \/>\n<em>Coline Meulemans, <\/em><em>Alto<\/em><br \/>\n<em>Marc Mart\u00edn Nogueroles,<\/em><em>Violoncelle<\/em><\/p>\n<p>Gravitant autour d&rsquo;un r\u00e9pertoire aussi vari\u00e9 qu&rsquo;\u00e9toil\u00e9, Satellite se met sous les doigts une constellation de<br \/>\nstyles et de modes de jeu diff\u00e9rents, et invite ainsi son public \u00e0 voyager dans l&rsquo;espace sonore des instruments<br \/>\n\u00e0 cordes. Laur\u00e9at du prix Supernova 2025, l\u2019ensemble est fort d\u2019une solide exp\u00e9rience sc\u00e9nique, s\u2019\u00e9tant<br \/>\nproduit \u00e0 Bozar et lors des festivals Ars Musica, Propulse Musiq3 ou Klarafestival.<\/p>\n<p>Ce nouveau programme est d\u00e9di\u00e9 aux compositeurs et compositrices ayant continu\u00e9 \u00e0 \u00e9crire de la musique sous des r\u00e9gimes politiques r\u00e9pressifs et autoritaires : que ce soit Mario Castelnuovo-Tedesco, exil\u00e9 aux \u00c9tats-Unis pour fuir le fascisme, Sofia Goubaidul\u00efna, r\u00e9sistante au gouvernement sovi\u00e9tique qui jugeait sa musique \u00ab irresponsable \u00bb, Gideon Klein, d\u00e9port\u00e9 au camp de Theresienstadt avant d&rsquo;\u00eatre extermin\u00e9 \u00e0 Auschwitz, Irene Britton Smith, compositrice afro-am\u00e9ricaine ayant v\u00e9cu au moment de la s\u00e9gr\u00e9gation raciale aux \u00c9tats-Unis ou encore Mieczys\u0142aw Weinberg, emprisonn\u00e9 \u00e0 cause de la politique antis\u00e9mite du gouvernement de Staline\u2026 La d\u00e9couverte de ces artistes et de leurs trios \u00e0 cordes ne vous laissera certainement pas indiff\u00e9rents car, si le cadre de composition est sombre, brutal et empreint de souffrances, la musique, elle, est r\u00e9solument vivante et lumineuse, v\u00e9ritable ode \u00e0 la r\u00e9sistance et \u00e0 la libert\u00e9.<\/p>\n<p><a href=\"https:\/\/www.billetweb.fr\/concert-classique-de-fin-dannee-ensemble-satellite\">Billetterie<\/a><\/p>\n<p><a href=\"https:\/\/www.billetweb.fr\/concert-classique-de-fin-dannee-ensemble-satellite\">https:\/\/www.billetweb.fr\/concert-classique-de-fin-dannee-ensemble-satellite<\/a><\/p>\n<p>Contact: jmlb@jeunessesmusicales.be<\/p>\n<p><a rel=\"fancybox[2044]\" href=\"https:\/\/www.jeunessesmusicales.be\/luxembourgbelge\/wp-content\/uploads\/sites\/4\/2025\/11\/QR-concert-fin-dannee-2025.png\" class=\"fancybox\"><img loading=\"lazy\" decoding=\"async\" class=\"alignnone wp-image-2063\" src=\"https:\/\/www.jeunessesmusicales.be\/luxembourgbelge\/wp-content\/uploads\/sites\/4\/2025\/11\/QR-concert-fin-dannee-2025-300x300.png\" alt=\"\" width=\"138\" height=\"138\" srcset=\"https:\/\/www.jeunessesmusicales.be\/luxembourgbelge\/wp-content\/uploads\/sites\/4\/2025\/11\/QR-concert-fin-dannee-2025-300x300.png 300w, https:\/\/www.jeunessesmusicales.be\/luxembourgbelge\/wp-content\/uploads\/sites\/4\/2025\/11\/QR-concert-fin-dannee-2025-150x150.png 150w, https:\/\/www.jeunessesmusicales.be\/luxembourgbelge\/wp-content\/uploads\/sites\/4\/2025\/11\/QR-concert-fin-dannee-2025-105x105.png 105w, https:\/\/www.jeunessesmusicales.be\/luxembourgbelge\/wp-content\/uploads\/sites\/4\/2025\/11\/QR-concert-fin-dannee-2025.png 350w, https:\/\/www.jeunessesmusicales.be\/luxembourgbelge\/wp-content\/uploads\/sites\/4\/2025\/11\/QR-concert-fin-dannee-2025-200x200.png 200w\" sizes=\"auto, (max-width: 138px) 100vw, 138px\" \/><\/a><\/p>\n<p>&nbsp;<\/p>\n<p>&nbsp;<\/p>\n","protected":false},"excerpt":{"rendered":"<p>MUSIQUE CLASSIQUE DU XX\u00c8ME SI\u00c8CLE \/ TRIO \u00c0 CORDES Odes \u00e0 la libert\u00e9 pour trio \u00e0 cordes Lia Manch\u00f3n Mart\u00ednez,Violon &hellip; <a href=\"https:\/\/www.jeunessesmusicales.be\/luxembourgbelge\/concert-classique-de-fin-dannee-ensemble-satellite-eglise-de-tintigny-dimanche-21-12-25-16h\/\" class=\"more-link\">Continue reading <span class=\"screen-reader-text\">Concert classique de fin d&rsquo;ann\u00e9e &#8211; Ensemble Satellite &#8211; Eglise de Tintigny &#8211; dimanche 21\/12\/25, 16h<\/span><\/a><\/p>\n","protected":false},"author":50,"featured_media":0,"parent":0,"menu_order":0,"comment_status":"closed","ping_status":"closed","template":"","meta":{"_acf_changed":false,"footnotes":""},"class_list":["post-2044","page","type-page","status-publish","hentry"],"acf":[],"_links":{"self":[{"href":"https:\/\/www.jeunessesmusicales.be\/luxembourgbelge\/wp-json\/wp\/v2\/pages\/2044","targetHints":{"allow":["GET"]}}],"collection":[{"href":"https:\/\/www.jeunessesmusicales.be\/luxembourgbelge\/wp-json\/wp\/v2\/pages"}],"about":[{"href":"https:\/\/www.jeunessesmusicales.be\/luxembourgbelge\/wp-json\/wp\/v2\/types\/page"}],"author":[{"embeddable":true,"href":"https:\/\/www.jeunessesmusicales.be\/luxembourgbelge\/wp-json\/wp\/v2\/users\/50"}],"replies":[{"embeddable":true,"href":"https:\/\/www.jeunessesmusicales.be\/luxembourgbelge\/wp-json\/wp\/v2\/comments?post=2044"}],"version-history":[{"count":7,"href":"https:\/\/www.jeunessesmusicales.be\/luxembourgbelge\/wp-json\/wp\/v2\/pages\/2044\/revisions"}],"predecessor-version":[{"id":2065,"href":"https:\/\/www.jeunessesmusicales.be\/luxembourgbelge\/wp-json\/wp\/v2\/pages\/2044\/revisions\/2065"}],"wp:attachment":[{"href":"https:\/\/www.jeunessesmusicales.be\/luxembourgbelge\/wp-json\/wp\/v2\/media?parent=2044"}],"curies":[{"name":"wp","href":"https:\/\/api.w.org\/{rel}","templated":true}]}}