{"id":2053,"date":"2025-11-13T11:35:05","date_gmt":"2025-11-13T10:35:05","guid":{"rendered":"https:\/\/www.jeunessesmusicales.be\/luxembourgbelge\/?page_id=2053"},"modified":"2025-12-01T13:22:45","modified_gmt":"2025-12-01T12:22:45","slug":"concert-anniversaire-odes-aux-lendemains-dialogue-entre-memoire-et-devenir","status":"publish","type":"page","link":"https:\/\/www.jeunessesmusicales.be\/luxembourgbelge\/concert-anniversaire-odes-aux-lendemains-dialogue-entre-memoire-et-devenir\/","title":{"rendered":"Concert anniversaire \u00ab\u00a0Odes aux lendemains\u00a0\u00bb &#8211; Dialogue entre m\u00e9moire et devenir\u00a0\u00bb"},"content":{"rendered":"<p>Port\u00e9 par <strong>140 adolescents<\/strong> venus de huit \u00e9coles de Wallonie et de Bruxelles, en collaboration avec <strong>l&rsquo;Orchestre Philarmonique Royal de Li\u00e8ge<\/strong>, ce projet collectif transforme les voix d&rsquo;une g\u00e9n\u00e9ration qui r\u00eave, s&rsquo;indigne et esp\u00e8re. La sc\u00e8ne devient un espace de partage et d&rsquo;\u00e9lan ; <strong>entre chants, slams, rap et musique symphonique, entre classique et contemporain<\/strong>, se tisse un dialogue entre h\u00e9ritage et invention, entre m\u00e9moire et devenir. <a rel=\"fancybox[2053]\" href=\"https:\/\/www.jeunessesmusicales.be\/luxembourgbelge\/wp-content\/uploads\/sites\/4\/2025\/11\/Pagesite.png\" class=\"fancybox\"><img loading=\"lazy\" decoding=\"async\" class=\"size-medium wp-image-2054 alignright\" src=\"https:\/\/www.jeunessesmusicales.be\/luxembourgbelge\/wp-content\/uploads\/sites\/4\/2025\/11\/Pagesite-300x207.png\" alt=\"\" width=\"300\" height=\"207\" srcset=\"https:\/\/www.jeunessesmusicales.be\/luxembourgbelge\/wp-content\/uploads\/sites\/4\/2025\/11\/Pagesite-300x207.png 300w, https:\/\/www.jeunessesmusicales.be\/luxembourgbelge\/wp-content\/uploads\/sites\/4\/2025\/11\/Pagesite-1024x705.png 1024w, https:\/\/www.jeunessesmusicales.be\/luxembourgbelge\/wp-content\/uploads\/sites\/4\/2025\/11\/Pagesite-768x529.png 768w, https:\/\/www.jeunessesmusicales.be\/luxembourgbelge\/wp-content\/uploads\/sites\/4\/2025\/11\/Pagesite-1536x1058.png 1536w, https:\/\/www.jeunessesmusicales.be\/luxembourgbelge\/wp-content\/uploads\/sites\/4\/2025\/11\/Pagesite-150x103.png 150w, https:\/\/www.jeunessesmusicales.be\/luxembourgbelge\/wp-content\/uploads\/sites\/4\/2025\/11\/Pagesite.png 1920w\" sizes=\"auto, (max-width: 300px) 100vw, 300px\" \/><\/a><\/p>\n<p>Aujourd&rsquo;hui, 85 ans plus tard, \u00e0 l&rsquo;heure o\u00f9 le monde cherche plus que jamais des horizons de paix et de sens, <strong>les Jeunesses Musicales<\/strong> c\u00e9l\u00e8brent cet anniversaire par une \u00ab\u00a0Odes aux lendemains\u00a0\u00bb : <strong>un spectacle vibrant, r\u00e9solument tourn\u00e9e vers la vie et la jeunesse<\/strong>. N\u00e9es \u00e0 Bruxelles en 1940, en plein c\u0153ur d&rsquo;un monde en tumulte, les Jeunesses Musicales ont fait jaillir une flamme d&rsquo;espoir : celle de la musique comme langage universel, souffle de libert\u00e9 et promesse de coh\u00e9sion. Depuis cette flamme n&rsquo;a cess\u00e9 de grandir, d&rsquo;\u00e9clairer les consciences et de rapprocher les personnes, affirmant avec force la puissance de la musique pour unir, apaiser et inspirer.<\/p>\n<p>Pour encadrer ce projet, les jeunes sont guid\u00e9 depuis f\u00e9vrier par<strong> huit musicien-es intervenant-es<\/strong> de Jeunesses Musicale, le compositeur <strong>Gwena\u00ebl Mario Grisi<\/strong>, la cheffe de ch\u0153ur <strong>Amandine Lambert<\/strong> et le metteur en sc\u00e8ne <strong>Fabrice Murgia<\/strong>. L&rsquo;OPRL est dirig\u00e9 par <strong>Laurent Zufferey<\/strong>.<\/p>\n<p>&nbsp;<\/p>\n<p><strong>4 REPRESENTATIONS\/TICKETS :<\/strong><\/p>\n<ul>\n<li style=\"list-style-type: none;\">\n<ul style=\"list-style-type: circle;\">\n<li><strong>Jeudi 11 d\u00e9cembre 2025<\/strong> (20h) &#8211; <strong>Salle Philarmonique &#8211; Li\u00e8ge<\/strong> &#8211; <span style=\"color: #ef3740;\"><a style=\"color: #ef3740;\" href=\"https:\/\/shop.utick.net\/?pos=OPRL&amp;module=ACTIVITYSERIEDETAILS&amp;s=BD49DA39-FEB3-FF19-6629-877B515462B2&amp;_gl=1*17gtrjl*_ga*NTY4NzkxNzYwLjE3MjE5MDc5MDM.*_ga_T4DRWQD43M*czE3NTYxMTYwMzckbzQwJGcxJHQxNzU2MTE2ODA0JGo0NiRsMCRoMA..\" target=\"_blank\" rel=\"noopener\">Infos et r\u00e9servations ici<\/a><\/span><\/li>\n<li><strong>Vendredi 12 d\u00e9cembre 2025<\/strong> (18h30) &#8211; <strong>Flagey &#8211; Bruxelles<\/strong> &#8211; <a href=\"https:\/\/www.flagey.be\/fr\/activity\/12786-ode-aux-lendemains-oprl-x-85-ans-de-jeunesses-musicales\" target=\"_blank\" rel=\"noopener\"><span style=\"color: #ef3740;\">Infos et r\u00e9servations ici<\/span><\/a><\/li>\n<li><strong>Samedi 13 d\u00e9cembre 2025<\/strong> (18h) &#8211; <strong>Palais des Beaux-Arts &#8211; Charleroi<\/strong> &#8211; <span style=\"color: #ef3740;\"><a style=\"color: #ef3740;\" href=\"https:\/\/www.pba.be\/spectacle\/ode-aux-lendemains\/\" target=\"_blank\" rel=\"noopener\">Infos et r\u00e9servations ici<\/a><\/span><\/li>\n<li><strong>Dimanche 14 d\u00e9cembre 2025<\/strong> (16h) &#8211; <strong>Concert Hall &#8211; Namur<\/strong> &#8211; <span style=\"color: #ef3740;\"><a style=\"color: #ef3740;\" href=\"https:\/\/shop.utick.net\/?module=ACTIVITYSERIEDETAILS&amp;pos=Namur%20Concert%20Hall%2025-26&amp;s=93E2162F-8B7D-F196-209F-3283A388EAF3\" target=\"_blank\" rel=\"noopener\">Infos et r\u00e9servations ici<\/a><\/span><\/li>\n<\/ul>\n<\/li>\n<\/ul>\n","protected":false},"excerpt":{"rendered":"<p>Port\u00e9 par 140 adolescents venus de huit \u00e9coles de Wallonie et de Bruxelles, en collaboration avec l&rsquo;Orchestre Philarmonique Royal de &hellip; <a href=\"https:\/\/www.jeunessesmusicales.be\/luxembourgbelge\/concert-anniversaire-odes-aux-lendemains-dialogue-entre-memoire-et-devenir\/\" class=\"more-link\">Continue reading <span class=\"screen-reader-text\">Concert anniversaire \u00ab\u00a0Odes aux lendemains\u00a0\u00bb &#8211; Dialogue entre m\u00e9moire et devenir\u00a0\u00bb<\/span><\/a><\/p>\n","protected":false},"author":51,"featured_media":0,"parent":0,"menu_order":0,"comment_status":"closed","ping_status":"closed","template":"","meta":{"_acf_changed":false,"footnotes":""},"class_list":["post-2053","page","type-page","status-publish","hentry"],"acf":[],"_links":{"self":[{"href":"https:\/\/www.jeunessesmusicales.be\/luxembourgbelge\/wp-json\/wp\/v2\/pages\/2053","targetHints":{"allow":["GET"]}}],"collection":[{"href":"https:\/\/www.jeunessesmusicales.be\/luxembourgbelge\/wp-json\/wp\/v2\/pages"}],"about":[{"href":"https:\/\/www.jeunessesmusicales.be\/luxembourgbelge\/wp-json\/wp\/v2\/types\/page"}],"author":[{"embeddable":true,"href":"https:\/\/www.jeunessesmusicales.be\/luxembourgbelge\/wp-json\/wp\/v2\/users\/51"}],"replies":[{"embeddable":true,"href":"https:\/\/www.jeunessesmusicales.be\/luxembourgbelge\/wp-json\/wp\/v2\/comments?post=2053"}],"version-history":[{"count":4,"href":"https:\/\/www.jeunessesmusicales.be\/luxembourgbelge\/wp-json\/wp\/v2\/pages\/2053\/revisions"}],"predecessor-version":[{"id":2069,"href":"https:\/\/www.jeunessesmusicales.be\/luxembourgbelge\/wp-json\/wp\/v2\/pages\/2053\/revisions\/2069"}],"wp:attachment":[{"href":"https:\/\/www.jeunessesmusicales.be\/luxembourgbelge\/wp-json\/wp\/v2\/media?parent=2053"}],"curies":[{"name":"wp","href":"https:\/\/api.w.org\/{rel}","templated":true}]}}