{"id":2133,"date":"2026-03-20T14:02:14","date_gmt":"2026-03-20T13:02:14","guid":{"rendered":"https:\/\/www.jeunessesmusicales.be\/luxembourgbelge\/?page_id=2133"},"modified":"2026-03-20T14:02:14","modified_gmt":"2026-03-20T13:02:14","slug":"kids-against-the-machine-2026","status":"publish","type":"page","link":"https:\/\/www.jeunessesmusicales.be\/luxembourgbelge\/kids-against-the-machine-2026\/","title":{"rendered":"Kids Against the Machine 2026"},"content":{"rendered":"<h4><strong>Stage \u00ab\u00a0Kids Against The Machine\u00a0\u00bb du 06 au 11 juillet 2026 au Centre Culturel d\u2019Izel:<\/strong><\/h4>\n<h3><em><strong>\u00ab\u00a0GOD SAVE THE KIDS\u00a0\u00bb<a class=\"fancybox\" rel=\"fancybox[2133]\" href=\"https:\/\/www.jeunessesmusicales.be\/luxembourgbelge\/wp-content\/uploads\/sites\/4\/2026\/03\/KATM-26-god-save-the-kids-IA.jpg\" rel=\"fancybox[49]\" class=\"fancybox\"><img loading=\"lazy\" decoding=\"async\" class=\" wp-image-2130 alignright\" src=\"https:\/\/www.jeunessesmusicales.be\/luxembourgbelge\/wp-content\/uploads\/sites\/4\/2026\/03\/KATM-26-god-save-the-kids-IA-212x300.jpg\" sizes=\"auto, (max-width: 212px) 100vw, 212px\" srcset=\"https:\/\/www.jeunessesmusicales.be\/luxembourgbelge\/wp-content\/uploads\/sites\/4\/2026\/03\/KATM-26-god-save-the-kids-IA-212x300.jpg 212w, https:\/\/www.jeunessesmusicales.be\/luxembourgbelge\/wp-content\/uploads\/sites\/4\/2026\/03\/KATM-26-god-save-the-kids-IA-724x1024.jpg 724w, https:\/\/www.jeunessesmusicales.be\/luxembourgbelge\/wp-content\/uploads\/sites\/4\/2026\/03\/KATM-26-god-save-the-kids-IA-768x1087.jpg 768w, https:\/\/www.jeunessesmusicales.be\/luxembourgbelge\/wp-content\/uploads\/sites\/4\/2026\/03\/KATM-26-god-save-the-kids-IA-1086x1536.jpg 1086w, https:\/\/www.jeunessesmusicales.be\/luxembourgbelge\/wp-content\/uploads\/sites\/4\/2026\/03\/KATM-26-god-save-the-kids-IA-74x105.jpg 74w, https:\/\/www.jeunessesmusicales.be\/luxembourgbelge\/wp-content\/uploads\/sites\/4\/2026\/03\/KATM-26-god-save-the-kids-IA.jpg 1357w\" alt=\"\" width=\"345\" height=\"488\" \/><\/a><\/strong><\/em><\/h3>\n<p>Cet \u00e9t\u00e9, vos enfants embarquent pour <strong>un voyage musical et artistique en Angleterre<\/strong>\u2026 sans quitter Izel !<\/p>\n<p><img loading=\"lazy\" decoding=\"async\" class=\"an1\" draggable=\"false\" src=\"https:\/\/fonts.gstatic.com\/s\/e\/notoemoji\/17.0\/1f4c5\/72.png\" alt=\"\" width=\"37\" height=\"37\" data-emoji=\"\" aria-label=\"\" \/> <strong>Quand :<\/strong> 7-11 juillet 2026<br \/>\n<img loading=\"lazy\" decoding=\"async\" class=\"an1\" draggable=\"false\" src=\"https:\/\/fonts.gstatic.com\/s\/e\/notoemoji\/17.0\/1f4cd\/72.png\" alt=\"\" width=\"37\" height=\"37\" data-emoji=\"\" aria-label=\"\" \/> <strong>O\u00f9 :<\/strong> Centre culturel de Izel, avenue Germain Gilson, 48, 6810 Chiny<br \/>\n<img loading=\"lazy\" decoding=\"async\" class=\"an1\" draggable=\"false\" src=\"https:\/\/fonts.gstatic.com\/s\/e\/notoemoji\/17.0\/1f558\/72.png\" alt=\"\" width=\"35\" height=\"35\" data-emoji=\"\" aria-label=\"\" \/> <strong>Horaires :<\/strong> 9h-16h (garderie 8h-17h)<br \/>\n<img loading=\"lazy\" decoding=\"async\" class=\"an1\" draggable=\"false\" src=\"https:\/\/fonts.gstatic.com\/s\/e\/notoemoji\/17.0\/1f466\/72.png\" alt=\"\" width=\"41\" height=\"41\" data-emoji=\"\" aria-label=\"\" \/><img loading=\"lazy\" decoding=\"async\" class=\"an1\" draggable=\"false\" src=\"https:\/\/fonts.gstatic.com\/s\/e\/notoemoji\/17.0\/1f467\/72.png\" alt=\"\" width=\"40\" height=\"40\" data-emoji=\"\" aria-label=\"\" \/> <strong>Pour les 5-14 ans<\/strong><a class=\"fancybox\" rel=\"fancybox[2133]\" href=\"https:\/\/www.jeunessesmusicales.be\/luxembourgbelge\/wp-content\/uploads\/sites\/4\/2026\/03\/KATM-26-god-save-the-kids-IA.jpg\" rel=\"fancybox[49]\" class=\"fancybox\"><br \/>\n<\/a><\/p>\n<p>Au programme :<\/p>\n<ul>\n<li>Explorer la musique anglaise de tous les temps :\u00a0<img loading=\"lazy\" decoding=\"async\" class=\"an1\" draggable=\"false\" src=\"https:\/\/fonts.gstatic.com\/s\/e\/notoemoji\/17.0\/1f3b8\/72.png\" alt=\"\" width=\"41\" height=\"41\" data-emoji=\"\" aria-label=\"\" \/>Ce stage permettra aux enfants de d\u00e9couvrir la richesse des sc\u00e8nes anglaises, de la pop contagieuse des ann\u00e9es 60 \u00e0 la britpop des ann\u00e9es 90, des explorations sonores de Bowie et Radiohead aux ambiances trip-hop de Bristol etc etc\u2026\u00a0 Et si ce petit pays avait vraiment chang\u00e9 la musique du monde ? Audace, m\u00e9lodie, innovation et identit\u00e9 seront nos mots d\u2019ordre pour explorer cet univers unique<\/li>\n<li>Cr\u00e9er et inventer en atelier artistique : cabines t\u00e9l\u00e9phoniques, Union Jack, univers de Banksy, personnages imaginaires\u2026 <img loading=\"lazy\" decoding=\"async\" class=\"an1\" draggable=\"false\" src=\"https:\/\/fonts.gstatic.com\/s\/e\/notoemoji\/17.0\/1f3a8\/72.png\" alt=\"\" width=\"37\" height=\"37\" data-emoji=\"\" aria-label=\"\" \/><\/li>\n<li>D\u00e9couvrir l\u2019histoire et la culture qui ont chang\u00e9 la musique pour toujours <img loading=\"lazy\" decoding=\"async\" class=\"an1\" draggable=\"false\" src=\"https:\/\/fonts.gstatic.com\/s\/e\/notoemoji\/17.0\/1f30d\/72.png\" alt=\"\" width=\"40\" height=\"40\" data-emoji=\"\" aria-label=\"\" \/><\/li>\n<\/ul>\n<p><img loading=\"lazy\" decoding=\"async\" class=\"an1\" draggable=\"false\" src=\"https:\/\/fonts.gstatic.com\/s\/e\/notoemoji\/17.0\/1f4b0\/72.png\" alt=\"\" width=\"42\" height=\"42\" data-emoji=\"\" aria-label=\"\" \/> <strong>Tarifs :<\/strong> 130\u20ac\/enfant | 110\u20ac d\u00e8s le 2e<\/p>\n<p><img loading=\"lazy\" decoding=\"async\" class=\"an1\" draggable=\"false\" src=\"https:\/\/fonts.gstatic.com\/s\/e\/notoemoji\/17.0\/1f3b6\/72.png\" alt=\"\" width=\"38\" height=\"38\" data-emoji=\"\" aria-label=\"\" \/> <strong>Cl\u00f4ture en beaut\u00e9 :<\/strong> le samedi 11 juillet, vos artistes pr\u00e9senteront leurs cr\u00e9ations sur sc\u00e8ne lors du <strong>festival familial KazKabane<\/strong>.<\/p>\n<ul>\n<li>2 entr\u00e9es offertes par famille pour le concert<\/li>\n<li>Acc\u00e8s en avant-premi\u00e8re \u00e0 la billetterie du festival<\/li>\n<\/ul>\n<p><img loading=\"lazy\" decoding=\"async\" class=\"an1\" draggable=\"false\" src=\"https:\/\/fonts.gstatic.com\/s\/e\/notoemoji\/17.0\/1f4cc\/72.png\" alt=\"\" width=\"37\" height=\"37\" data-emoji=\"\" aria-label=\"\" \/> <strong>Inscription :<\/strong> un formulaire par enfant <a href=\"https:\/\/forms.gle\/hRCp6saUQGytgKcs6\" target=\"_blank\" rel=\"noopener\" data-saferedirecturl=\"https:\/\/www.google.com\/url?q=https:\/\/forms.gle\/hRCp6saUQGytgKcs6&amp;source=gmail&amp;ust=1774097630565000&amp;usg=AOvVaw0rzcdY0H1v-xy5MuWorn0B\">CLIQUEZ ICI<\/a><\/p>\n<p>Pour toute question : <strong><a rel=\"noopener\">jmlb@jeunessesmusicales.be<\/a><\/strong><\/p>\n<p>Pr\u00eats pour une semaine de sons, couleurs et cr\u00e9ativit\u00e9 ?<\/p>\n","protected":false},"excerpt":{"rendered":"<p>Stage \u00ab\u00a0Kids Against The Machine\u00a0\u00bb du 06 au 11 juillet 2026 au Centre Culturel d\u2019Izel: \u00ab\u00a0GOD SAVE THE KIDS\u00a0\u00bb Cet &hellip; <a href=\"https:\/\/www.jeunessesmusicales.be\/luxembourgbelge\/kids-against-the-machine-2026\/\" class=\"more-link\">Continue reading <span class=\"screen-reader-text\">Kids Against the Machine 2026<\/span><\/a><\/p>\n","protected":false},"author":50,"featured_media":0,"parent":0,"menu_order":0,"comment_status":"closed","ping_status":"closed","template":"","meta":{"_acf_changed":false,"footnotes":""},"class_list":["post-2133","page","type-page","status-publish","hentry"],"acf":[],"_links":{"self":[{"href":"https:\/\/www.jeunessesmusicales.be\/luxembourgbelge\/wp-json\/wp\/v2\/pages\/2133","targetHints":{"allow":["GET"]}}],"collection":[{"href":"https:\/\/www.jeunessesmusicales.be\/luxembourgbelge\/wp-json\/wp\/v2\/pages"}],"about":[{"href":"https:\/\/www.jeunessesmusicales.be\/luxembourgbelge\/wp-json\/wp\/v2\/types\/page"}],"author":[{"embeddable":true,"href":"https:\/\/www.jeunessesmusicales.be\/luxembourgbelge\/wp-json\/wp\/v2\/users\/50"}],"replies":[{"embeddable":true,"href":"https:\/\/www.jeunessesmusicales.be\/luxembourgbelge\/wp-json\/wp\/v2\/comments?post=2133"}],"version-history":[{"count":1,"href":"https:\/\/www.jeunessesmusicales.be\/luxembourgbelge\/wp-json\/wp\/v2\/pages\/2133\/revisions"}],"predecessor-version":[{"id":2135,"href":"https:\/\/www.jeunessesmusicales.be\/luxembourgbelge\/wp-json\/wp\/v2\/pages\/2133\/revisions\/2135"}],"wp:attachment":[{"href":"https:\/\/www.jeunessesmusicales.be\/luxembourgbelge\/wp-json\/wp\/v2\/media?parent=2133"}],"curies":[{"name":"wp","href":"https:\/\/api.w.org\/{rel}","templated":true}]}}