{"id":2145,"date":"2026-04-14T15:03:36","date_gmt":"2026-04-14T13:03:36","guid":{"rendered":"https:\/\/www.jeunessesmusicales.be\/luxembourgbelge\/?page_id=2145"},"modified":"2026-04-14T15:03:36","modified_gmt":"2026-04-14T13:03:36","slug":"ateliers-dartistes-concerts","status":"publish","type":"page","link":"https:\/\/www.jeunessesmusicales.be\/luxembourgbelge\/ateliers-dartistes-concerts\/","title":{"rendered":"Ateliers d&rsquo;artistes + Concerts"},"content":{"rendered":"<p class=\"isSelectedEnd\">D\u00e9couvrez des ateliers artistiques vivants, o\u00f9 musique, corps et imagination se rencontrent\u2026 et o\u00f9 chaque participant devient cr\u00e9ateur.<\/p>\n<p class=\"isSelectedEnd\"><strong>Pour les plus jeunes (M1\u2013M3)<\/strong><\/p>\n<ul data-spread=\"false\">\n<li><a href=\"https:\/\/jeunessesmusicales.be\/blog\/artistes\/metambu-toboggan-casse\/\"><strong>Metambu \u2013 \u201cToboggan cass\u00e9\u201d<\/strong><\/a> : \u00e9veil musical et arts plastiques autour du spectacle, entre pop-up et percussions.<\/li>\n<li><a href=\"https:\/\/jeunessesmusicales.be\/blog\/artistes\/m%cf%83al-collectif-flow\/\"><strong>Meal \u2013 \u201cFlow\u201d<\/strong><\/a> : improviser en danse contemporaine, affiner son \u00e9coute et habiter le mouvement.<\/li>\n<\/ul>\n<p class=\"isSelectedEnd\"><strong>Pour le fondamental (P1\u2013P6)<\/strong><\/p>\n<ul data-spread=\"false\">\n<li><a href=\"https:\/\/jeunessesmusicales.be\/blog\/artistes\/entre-2-silences-polyphonies-poetiques-monde\/\"><strong>Entre 2 Silences<\/strong><\/a> : explorer le corps et la voix, apprentissage de chants folkloriques.<\/li>\n<li><a href=\"https:\/\/jeunessesmusicales.be\/blog\/artistes\/kaluze-au-gre-des-gens\/\"><strong>Kaluze<\/strong><\/a> : fabriquer ses propres instruments \u00e0 partir de bambou et de PVC \u2014 du son brut, entre les mains.<\/li>\n<li><a href=\"https:\/\/jeunessesmusicales.be\/blog\/artistes\/les-grandes-moustaches\/\"><strong>Les Grandes Moustaches \u2013 \u201cMusiques Bavardes\u201d<\/strong><\/a> : inventer un conte musical, m\u00ealer mots et m\u00e9lodies.<\/li>\n<li><a href=\"https:\/\/jeunessesmusicales.be\/blog\/artistes\/piwi-leman-ptit-bal-orignals\/\"><strong>Piwi Leman \u2013 \u201cLe p\u2019tit Bal des Originals\u201d<\/strong><\/a> : \u00e9crire, slamer, bricoler des instruments\u2026 et faire vibrer ses id\u00e9es.<\/li>\n<li><a href=\"https:\/\/jeunessesmusicales.be\/blog\/artistes\/zouratie-kone-waati-groove-griotique\/\"><strong>Zourati\u00e9 Kon\u00e9 \u2013 \u201cWaati\u201d<\/strong><\/a> : Atelier des rythmes en d\u00e9butant par les rythmes de l&rsquo;Afrique de l&rsquo;Ouest, focalis\u00e9 sur la musique et la danse. M\u00e9thodologie qui privil\u00e9gie la transmission via l&rsquo;oralit\u00e9 et la mise en place des rituels.Les enfants pourront jouer des multiples instruments de la tradition musicale ouest-africaine, dans un environnement s\u00e9curis\u00e9 et amusant.<\/li>\n<li><a href=\"https:\/\/jeunessesmusicales.be\/blog\/artistes\/victor-somma-minimal-dreams\/\"><strong>Victor Somma \u2013 \u201cMinimal Dreams\u201d<\/strong><\/a> : Ateliers d\u2019exp\u00e9riences de d\u00e9couverte musicale collective pour enfants, adolescents, ou publics sp\u00e9cifiques (groupes psychiatriques). Ils visent avant tout \u00e0 vivre la musique comme une exp\u00e9rience partag\u00e9e, sans pr\u00e9requis. Pour un public scolaire, atelier participatif autour du corps, de la voix et du son, o\u00f9 les participants explorent le rythme, le souffle et la cr\u00e9ation sonore en interaction avec le dispositif \u00e9lectronique (loop system) et les \u00e9l\u00e9ments de Minimal Dreams.<\/li>\n<\/ul>\n<p>A para\u00eetre prochainement: les <strong>ateliers d&rsquo;artistes pour le secondaire.<\/strong><\/p>\n<p>Des ateliers pens\u00e9s comme des terrains de jeu artistiques : on y exp\u00e9rimente, on y cr\u00e9e, on y partage\u2026 toujours avec le plaisir d\u2019explorer ensemble.<\/p>\n","protected":false},"excerpt":{"rendered":"<p>D\u00e9couvrez des ateliers artistiques vivants, o\u00f9 musique, corps et imagination se rencontrent\u2026 et o\u00f9 chaque participant devient cr\u00e9ateur. Pour les &hellip; <a href=\"https:\/\/www.jeunessesmusicales.be\/luxembourgbelge\/ateliers-dartistes-concerts\/\" class=\"more-link\">Continue reading <span class=\"screen-reader-text\">Ateliers d&rsquo;artistes + Concerts<\/span><\/a><\/p>\n","protected":false},"author":50,"featured_media":0,"parent":0,"menu_order":0,"comment_status":"closed","ping_status":"closed","template":"","meta":{"_acf_changed":false,"footnotes":""},"class_list":["post-2145","page","type-page","status-publish","hentry"],"acf":[],"_links":{"self":[{"href":"https:\/\/www.jeunessesmusicales.be\/luxembourgbelge\/wp-json\/wp\/v2\/pages\/2145","targetHints":{"allow":["GET"]}}],"collection":[{"href":"https:\/\/www.jeunessesmusicales.be\/luxembourgbelge\/wp-json\/wp\/v2\/pages"}],"about":[{"href":"https:\/\/www.jeunessesmusicales.be\/luxembourgbelge\/wp-json\/wp\/v2\/types\/page"}],"author":[{"embeddable":true,"href":"https:\/\/www.jeunessesmusicales.be\/luxembourgbelge\/wp-json\/wp\/v2\/users\/50"}],"replies":[{"embeddable":true,"href":"https:\/\/www.jeunessesmusicales.be\/luxembourgbelge\/wp-json\/wp\/v2\/comments?post=2145"}],"version-history":[{"count":1,"href":"https:\/\/www.jeunessesmusicales.be\/luxembourgbelge\/wp-json\/wp\/v2\/pages\/2145\/revisions"}],"predecessor-version":[{"id":2147,"href":"https:\/\/www.jeunessesmusicales.be\/luxembourgbelge\/wp-json\/wp\/v2\/pages\/2145\/revisions\/2147"}],"wp:attachment":[{"href":"https:\/\/www.jeunessesmusicales.be\/luxembourgbelge\/wp-json\/wp\/v2\/media?parent=2145"}],"curies":[{"name":"wp","href":"https:\/\/api.w.org\/{rel}","templated":true}]}}