{"id":39,"date":"2015-11-03T14:11:08","date_gmt":"2015-11-03T13:11:08","guid":{"rendered":"http:\/\/www.jeunessesmusicales.be\/luxembourgbelge\/?page_id=39"},"modified":"2025-09-23T12:16:11","modified_gmt":"2025-09-23T10:16:11","slug":"concerts-a-lecole","status":"publish","type":"page","link":"https:\/\/www.jeunessesmusicales.be\/luxembourgbelge\/concerts-a-lecole\/","title":{"rendered":"Concerts p\u00e9dagogiques"},"content":{"rendered":"<h3><span style=\"color: #ef3740;\"><em>Amener la musique dans les \u00e9coles, c&rsquo;est notre devise !<\/em><\/span><\/h3>\n<p><em>Parmi les nombreuses activit\u00e9s propos\u00e9es par les JM, les tourn\u00e9es occupent une place toute particuli\u00e8re. <\/em><\/p>\n<p><em>Les artistes qui les r\u00e9alisent sont choisis pour leur qualit\u00e9 artistique, la pertinence de leur projet et leur capacit\u00e9 de communication et d\u2019\u00e9changes avec un public scolaire.<\/em><\/p>\n<p>&nbsp;<\/p>\n<h3><strong>Retrouvez les artistes &amp; projets musicaux disponibles : <\/strong><\/h3>\n<p><strong><a href=\"https:\/\/jeunessesmusicales.be\/blog\/category\/artistes\/saisons\/saison-25-26\/\" target=\"_blank\" rel=\"noopener\">Consulter la brochure des JM 2025-2026 en ligne<\/a> &#8211; <a href=\"https:\/\/jeunessesmusicales.be\/wp-content\/uploads\/2025\/04\/JM_Brochure_2025-2026.pdf\" target=\"_blank\" rel=\"noopener\">brochure 25\/26 en PDF<\/a><\/strong><\/p>\n<p>Contactez notre charg\u00e9e de diffusion pour <strong>programmer un concert dans votre \u00e9cole :<\/strong><\/p>\n<p>m.graff@jeunessesmusicales.be<\/p>\n<p><strong>Objectifs des Tourn\u00e9es Jeunesses Musicales :<\/strong><\/p>\n<ul>\n<li>Permettre la d\u00e9couverte d\u2019un large \u00e9ventail d\u2019expression(s) musicale(s) d\u2019ici et d\u2019ailleurs, anciennes ou contemporaines\u2026<\/li>\n<li>Sensibiliser le public le plus large (et particuli\u00e8rement les jeunes) \u00e0 d\u2019autres cultures, modes de vie, traditions, r\u00e9alit\u00e9s sociales\u2026 gr\u00e2ce \u00e0 une rencontre vivante \u00e0 dimension humaine.<\/li>\n<li>Etre un outil performant adapt\u00e9 \u00e0 toute d\u00e9marche culturelle, qu\u2019elle soit port\u00e9e par un enseignant, une \u00e9quipe \u00e9ducative, une structure culturelle, un mouvement associatif\u2026<\/li>\n<li>Contribuer \u00e0 l\u2019\u00e9panouissement artistique et \u00e0 la reconnaissance professionnelle de jeunes talents puisque les jeunes artistes y d\u00e9tiennent une place prioritaire.<\/li>\n<li>Proposer au jeune un regard actif sur le monde de la musique et l\u2019aider \u00e0 d\u00e9velopper son sens critique.<\/li>\n<\/ul>\n<p>&nbsp;<\/p>\n<p><strong>La brochure annuelle des Tourn\u00e9es JM\u00a0:<\/strong><\/p>\n<p>Vous trouverez donc\u00a0ci-dessus la brochure pr\u00e9sentant les groupes s\u00e9lectionn\u00e9s pour cette nouvelle saison ainsi que quelques prolongations des saisons pass\u00e9es\u00a0: classique, folk, trad, musique du monde, chanson fran\u00e7aise, hip-hop, spectacles et contes, rock, jazz\u2026vous y d\u00e9couvrirez un choix abondant et des formules s\u2019adressant selon les indications, \u00e0 des publics divers et diff\u00e9rents.<\/p>\n<p>Ce catalogue ne proc\u00e8de en rien d\u2019une d\u00e9marche (souvent commerciale) d\u2019agence d\u2019artistes, mais constitue l\u2019\u00e9l\u00e9ment d\u2019une action culturelle que les J.M. veulent accessible au plus grand nombre, souple, mobile, avec un minimum de contraintes techniques ou autre et au meilleur tarif. Pour chaque tourn\u00e9e, un dossier p\u00e9dagogique sera disponible avant la venue des artistes\u00a0: il concerne le projet de l\u2019animation, l\u2019\u00e9vocation de pistes p\u00e9dagogiques, quelques \u00e9l\u00e9ments biographiques et discographiques.<\/p>\n<p>&nbsp;<\/p>\n<p><strong>Les Tourn\u00e9es JM en pratique\u00a0:<\/strong><\/p>\n<ul>\n<li>En milieu scolaire, le concert p\u00e9dagogique se d\u00e9roule le plus souvent au sein m\u00eame de l\u2019\u00e9tablissement (sauf dispositions particuli\u00e8res)\u00a0avec une organisation technique g\u00e9n\u00e9ralement autonome\u00a0;<\/li>\n<li>Sa dur\u00e9e est de 50 minutes (soit une heure habituelle de cours)\u00a0;<\/li>\n<li>La jauge recommand\u00e9e pour les auditeurs est de 120 \u00e0 150 \u00e9l\u00e8ves (selon les groupes \u2013 plus de pr\u00e9cisions sur la feuille \u00ab\u00a0Tarifs\u00a0\u00bb)\u00a0;<\/li>\n<li>L\u2019activit\u00e9 requiert une bonne qualit\u00e9 d\u2019accueil. Nous vous invitons donc \u00e0 lire les quelques r\u00e8gles ci-dessous.<\/li>\n<\/ul>\n<p>&nbsp;<\/p>\n<p><strong>Pour un bon usage des Tourn\u00e9es JM : rappels de quelques r\u00e8gles d&rsquo;or, \u2026\u00a0\u00a0\u00a0\u00a0\u00a0\u00a0\u00a0\u00a0\u00a0\u00a0\u00a0\u00a0\u00a0\u00a0\u00a0\u00a0\u00a0\u00a0\u00a0\u00a0\u00a0\u00a0\u00a0\u00a0\u00a0\u00a0\u00a0\u00a0\u00a0\u00a0\u00a0\u00a0\u00a0\u00a0\u00a0\u00a0\u00a0\u00a0\u00a0\u00a0\u00a0\u00a0\u00a0\u00a0\u00a0\u00a0\u00a0\u00a0\u00a0\u00a0\u00a0\u00a0\u00a0\u00a0\u00a0\u00a0 <\/strong><\/p>\n<ul>\n<li>Les JM sont aid\u00e9es par les pouvoirs publics pour <strong>d\u00e9fendre un projet culturel et p\u00e9dagogique<\/strong>, particuli\u00e8rement (mais pas exclusivement) adapt\u00e9 au (x) milieu(x) scolaire(s).<\/li>\n<li>Les \u00ab\u00a0Tourn\u00e9es\u00a0\u00bb ne constituent pas un \u00ab\u00a0produit\u00a0\u00bb \u00e0 consommer passivement. La s\u00e9lection des artistes a \u00e9t\u00e9 soigneusement pens\u00e9e et constitue la mise en oeuvre de ce projet apte \u00e0 rayonner le mieux possible.<\/li>\n<li>Chaque tourn\u00e9e se bonifie toujours d&rsquo;\u00eatre plac\u00e9e dans un cheminement p\u00e9dagogique global, vivant, dynamique et moderne. Et de recevoir l&rsquo;adh\u00e9sion active notamment suscit\u00e9e par des dossiers p\u00e9dagogiques.<\/li>\n<li>De mani\u00e8re concr\u00e8te, pour b\u00e9n\u00e9ficier du tarif \u00ab concerts scolaires \u00bb, il est n\u00e9cessaire de r\u00e9server un minimum de deux s\u00e9ances dans un m\u00eame lieu par jour.<\/li>\n<\/ul>\n<p>&nbsp;<\/p>\n<p>Merci aussi de penser aux aspects li\u00e9s \u00e0 l&rsquo;organisation : un lieu bien appropri\u00e9, propre et chauff\u00e9, bon accueil des artistes, collation d&rsquo;usage apr\u00e8s souvent un long voyage et avant une activit\u00e9 parfois bien exigeante, aides \u00e0 l&rsquo;installation et au rangement, loges si possibles, accueil des artistes pour le repas \u2026<\/p>\n<p>&nbsp;<\/p>\n<h4><span style=\"color: #344149;\">Retrouvez \u00e9galement : <\/span><\/h4>\n<h4><a href=\"https:\/\/www.jeunessesmusicales.be\/luxembourgbelge\/activites-a-lecole\/ateliers-a-lecole\/\"><span style=\"color: #344149;\">\u2022 nos <strong>ateliers d&rsquo;\u00e9veil musical \u00e0 l&rsquo;\u00e9cole<\/strong><\/span><\/a><\/h4>\n<h4><a href=\"https:\/\/www.jeunessesmusicales.be\/luxembourgbelge\/activites-tous-publics\/concerts-publics\/\"><span style=\"color: #344149;\">\u2022 nos <strong>concerts publics <\/strong>organis\u00e9s \u00e0 travers la province du Luxembourg<\/span><\/a><\/h4>\n","protected":false},"excerpt":{"rendered":"<p>Amener la musique dans les \u00e9coles, c&rsquo;est notre devise ! Parmi les nombreuses activit\u00e9s propos\u00e9es par les JM, les tourn\u00e9es &hellip; <a href=\"https:\/\/www.jeunessesmusicales.be\/luxembourgbelge\/concerts-a-lecole\/\" class=\"more-link\">Continue reading <span class=\"screen-reader-text\">Concerts p\u00e9dagogiques<\/span><\/a><\/p>\n","protected":false},"author":3,"featured_media":0,"parent":0,"menu_order":0,"comment_status":"closed","ping_status":"closed","template":"","meta":{"_acf_changed":false,"footnotes":""},"class_list":["post-39","page","type-page","status-publish","hentry"],"acf":[],"_links":{"self":[{"href":"https:\/\/www.jeunessesmusicales.be\/luxembourgbelge\/wp-json\/wp\/v2\/pages\/39","targetHints":{"allow":["GET"]}}],"collection":[{"href":"https:\/\/www.jeunessesmusicales.be\/luxembourgbelge\/wp-json\/wp\/v2\/pages"}],"about":[{"href":"https:\/\/www.jeunessesmusicales.be\/luxembourgbelge\/wp-json\/wp\/v2\/types\/page"}],"author":[{"embeddable":true,"href":"https:\/\/www.jeunessesmusicales.be\/luxembourgbelge\/wp-json\/wp\/v2\/users\/3"}],"replies":[{"embeddable":true,"href":"https:\/\/www.jeunessesmusicales.be\/luxembourgbelge\/wp-json\/wp\/v2\/comments?post=39"}],"version-history":[{"count":28,"href":"https:\/\/www.jeunessesmusicales.be\/luxembourgbelge\/wp-json\/wp\/v2\/pages\/39\/revisions"}],"predecessor-version":[{"id":2018,"href":"https:\/\/www.jeunessesmusicales.be\/luxembourgbelge\/wp-json\/wp\/v2\/pages\/39\/revisions\/2018"}],"wp:attachment":[{"href":"https:\/\/www.jeunessesmusicales.be\/luxembourgbelge\/wp-json\/wp\/v2\/media?parent=39"}],"curies":[{"name":"wp","href":"https:\/\/api.w.org\/{rel}","templated":true}]}}