{"id":45,"date":"2015-11-03T14:11:54","date_gmt":"2015-11-03T13:11:54","guid":{"rendered":"http:\/\/www.jeunessesmusicales.be\/luxembourgbelge\/?page_id=45"},"modified":"2025-06-02T09:44:45","modified_gmt":"2025-06-02T07:44:45","slug":"chanterie","status":"publish","type":"page","link":"https:\/\/www.jeunessesmusicales.be\/luxembourgbelge\/activites-tous-publics\/chanterie\/","title":{"rendered":"La Chanterie des Jeunesses Musicales \u00e0 Bellefontaine"},"content":{"rendered":"<h3>Une activit\u00e9 musicale et ludique pour enfants, petits et grands tous les mercredis \u00e0 Bellefontaine<\/h3>\n<p><em><strong>Pour l&rsquo;ann\u00e9e prochaine 2025<\/strong><\/em><em><strong>-2026 :<\/strong><span class=\"x193iq5w xeuugli x13faqbe x1vvkbs x1xmvt09 x6prxxf xvq8zen xo1l8bm xzsf02u\"><br \/>\n<\/span><\/em><\/p>\n<p><strong>REPRISE DES ATELIERS LE <span style=\"color: #ef3740;\"><span style=\"text-decoration: underline;\">10 <\/span><u>SEPTEMBRE 2025<\/u><\/span><\/strong><\/p>\n<p><a rel=\"fancybox[45]\" href=\"https:\/\/www.jeunessesmusicales.be\/luxembourgbelge\/wp-content\/uploads\/sites\/4\/2022\/07\/IMG_20210623_171900-copie.jpg\" class=\"fancybox\"><img loading=\"lazy\" decoding=\"async\" class=\"wp-image-1216 alignleft\" src=\"https:\/\/www.jeunessesmusicales.be\/luxembourgbelge\/wp-content\/uploads\/sites\/4\/2022\/07\/IMG_20210623_171900-copie.jpg\" alt=\"\" width=\"381\" height=\"203\" srcset=\"https:\/\/www.jeunessesmusicales.be\/luxembourgbelge\/wp-content\/uploads\/sites\/4\/2022\/07\/IMG_20210623_171900-copie.jpg 1920w, https:\/\/www.jeunessesmusicales.be\/luxembourgbelge\/wp-content\/uploads\/sites\/4\/2022\/07\/IMG_20210623_171900-copie-300x160.jpg 300w, https:\/\/www.jeunessesmusicales.be\/luxembourgbelge\/wp-content\/uploads\/sites\/4\/2022\/07\/IMG_20210623_171900-copie-768x409.jpg 768w, https:\/\/www.jeunessesmusicales.be\/luxembourgbelge\/wp-content\/uploads\/sites\/4\/2022\/07\/IMG_20210623_171900-copie-1024x546.jpg 1024w, https:\/\/www.jeunessesmusicales.be\/luxembourgbelge\/wp-content\/uploads\/sites\/4\/2022\/07\/IMG_20210623_171900-copie-150x80.jpg 150w\" sizes=\"auto, (max-width: 381px) 100vw, 381px\" \/><\/a>Yoann GRUDZIEN vous donne rendez-vous chaque mercredi (hors cong\u00e9s scolaires) \u00e0 la Chanterie des Jeunesses Musicales. Dans ces ateliers ludiques, o\u00f9 l\u2019enfant d\u00e9veloppera ses capacit\u00e9s d\u2019\u00e9coute et d\u2019expression , la pratique de groupe sera largement privil\u00e9gi\u00e9e, et la notion, de jeu et de plaisir omnipr\u00e9sente.<\/p>\n<p>Chanter dans diff\u00e9rentes langues autour d\u2019un r\u00e9pertoire de chants du monde. Jouer de sa voix et de son corps \u00e0 travers des jeux d\u2019improvisations vocales et de relaxation. Associer le rythme \u00e0 travers le travail d\u2019accompagnement musical gr\u00e2ce aux percussions corporelles et divers instruments de musique : La Chanterie des Jeunesses Musicales se veut un lieu d\u2019exploration du monde sonore qui a pour simple but \u00abd\u2019ouvrir les oreilles\u00bb de nos plus jeunes enfants.<\/p>\n<p>Lieu : \u00c9cole communale de BELLEFONTAINE 6730 Tintigny<br \/>\nLa salle de Musique &#8211; au dessus de l\u2019\u00e9cole\/ entr\u00e9e sous le pr\u00e9au<\/p>\n<p>Groupe 1 : de <span style=\"color: #2d353a;\">16h20<\/span> \u00e0 17h &#8211; 1\u00e8re et 2\u00e8me maternelle<\/p>\n<p>Groupe 2 : de 17h \u00e0 18h &#8211; 3\u00e8me maternelle, 1\u00e8re et 2\u00e8me primaire<\/p>\n<p>Groupe 3 : de 18h \u00e0 19h &#8211; 3\u00e8me primaire jusqu\u2019\u00e0 12 ans<\/p>\n<p><strong>Cotisation annuelle : 80 \u20ac \/ enfant<\/strong><\/p>\n<p>Possibilit\u00e9 d&rsquo;essayer une s\u00e9ance gratuitement !<\/p>\n<p><strong><span style=\"color: #ef3740;\"><a style=\"color: #ef3740;\" href=\"https:\/\/docs.google.com\/forms\/d\/e\/1FAIpQLSec89MNYpv0NluwadmTP38w-13raTI-pyQo63SJMVqQaX0JMA\/viewform?usp=dialog\" target=\"_blank\" rel=\"noopener noreferrer\">Formulaire d&rsquo;inscription 2025-2026 <\/a><\/span><\/strong><span style=\"color: #ef3740;\"><a style=\"color: #ef3740;\" href=\"https:\/\/docs.google.com\/forms\/d\/e\/1FAIpQLSec89MNYpv0NluwadmTP38w-13raTI-pyQo63SJMVqQaX0JMA\/viewform?usp=dialog\" target=\"_blank\" rel=\"noopener noreferrer\">(cliquer ici pour inscrire votre enfant)<\/a><\/span><\/p>\n<p><strong>ATTENTION, le nombre de places \u00e9tant limit\u00e9, les inscriptions seront valid\u00e9es d\u00e8s r\u00e9ception de votre paiement. Nous prendrons encore les inscriptions apr\u00e8s septembre dans la mesure des places disponibles. \u00a0<\/strong><\/p>\n<p>&nbsp;<\/p>\n<p>Organis\u00e9 par les Jeunesses Musicales du Luxembourg belge &#8211;\u00a0Rue Camille Joset, 1C &#8211; 6730 Rossignol<br \/>\n&#8211; 063\/41.22.81 &#8211;\u00a0jmlb@jeunessesmusicales.be<\/p>\n<p>Avec le soutien de la Commune de Tintigny<\/p>\n","protected":false},"excerpt":{"rendered":"<p>Une activit\u00e9 musicale et ludique pour enfants, petits et grands tous les mercredis \u00e0 Bellefontaine Pour l&rsquo;ann\u00e9e prochaine 2025-2026 : &hellip; <a href=\"https:\/\/www.jeunessesmusicales.be\/luxembourgbelge\/activites-tous-publics\/chanterie\/\" class=\"more-link\">Continue reading <span class=\"screen-reader-text\">La Chanterie des Jeunesses Musicales \u00e0 Bellefontaine<\/span><\/a><\/p>\n","protected":false},"author":3,"featured_media":934,"parent":43,"menu_order":0,"comment_status":"closed","ping_status":"closed","template":"","meta":{"_acf_changed":false,"footnotes":""},"class_list":["post-45","page","type-page","status-publish","has-post-thumbnail","hentry"],"acf":[],"_links":{"self":[{"href":"https:\/\/www.jeunessesmusicales.be\/luxembourgbelge\/wp-json\/wp\/v2\/pages\/45","targetHints":{"allow":["GET"]}}],"collection":[{"href":"https:\/\/www.jeunessesmusicales.be\/luxembourgbelge\/wp-json\/wp\/v2\/pages"}],"about":[{"href":"https:\/\/www.jeunessesmusicales.be\/luxembourgbelge\/wp-json\/wp\/v2\/types\/page"}],"author":[{"embeddable":true,"href":"https:\/\/www.jeunessesmusicales.be\/luxembourgbelge\/wp-json\/wp\/v2\/users\/3"}],"replies":[{"embeddable":true,"href":"https:\/\/www.jeunessesmusicales.be\/luxembourgbelge\/wp-json\/wp\/v2\/comments?post=45"}],"version-history":[{"count":40,"href":"https:\/\/www.jeunessesmusicales.be\/luxembourgbelge\/wp-json\/wp\/v2\/pages\/45\/revisions"}],"predecessor-version":[{"id":1955,"href":"https:\/\/www.jeunessesmusicales.be\/luxembourgbelge\/wp-json\/wp\/v2\/pages\/45\/revisions\/1955"}],"up":[{"embeddable":true,"href":"https:\/\/www.jeunessesmusicales.be\/luxembourgbelge\/wp-json\/wp\/v2\/pages\/43"}],"wp:featuredmedia":[{"embeddable":true,"href":"https:\/\/www.jeunessesmusicales.be\/luxembourgbelge\/wp-json\/wp\/v2\/media\/934"}],"wp:attachment":[{"href":"https:\/\/www.jeunessesmusicales.be\/luxembourgbelge\/wp-json\/wp\/v2\/media?parent=45"}],"curies":[{"name":"wp","href":"https:\/\/api.w.org\/{rel}","templated":true}]}}